{"id":1493,"date":"2021-08-28T12:15:10","date_gmt":"2021-08-28T10:15:10","guid":{"rendered":"https:\/\/alquileres.pulsoweb.es\/product\/jumeirah-port-soller\/"},"modified":"2025-04-02T17:01:23","modified_gmt":"2025-04-02T15:01:23","slug":"jumeirah-port-soller","status":"publish","type":"product","link":"https:\/\/balufy.com\/en\/product\/jumeirah-port-soller\/","title":{"rendered":"Jumeirah Port Soller"},"content":{"rendered":"<p><strong>A spectacular cliff-top oasis with panoramic views and a magnificent spa.<\/strong><\/p>\n<p><strong>ROOMS AND SUITES<\/strong><\/p>\n<p>Superior room with Tramuntana mountain views \"Comfort and style in an intimate space\".<\/p>\n<p>Deluxe room with Tramuntana mountain view \"French balcony with mountain view\".<\/p>\n<p>Deluxe Room with Mediterranean Sea View \"Intimate Terrace with Sea View\".<\/p>\n<p>Premium room with Tramuntana mountain views \"Spacious deluxe rooms with mountain views\".<\/p>\n<p>Premium Room with Mediterranean Sea View \"Fascinating sea views, large terrace with outdoor seating\".<\/p>\n<p>Junior Suite with views to the Tramuntana Mountain \"Open space suite with breathtaking views to the mountain and the bay, large terrace with chill out lounge\".<\/p>\n<p>Premium Room with Mediterranean Sea View \"Fascinating sea views, large terrace with outdoor seating\".<\/p>\n<p>Lighthouse Suite with private terrace \"Enjoy enchanting mountain and sea views in this elegant duplex; generous indoor and outdoor spaces with outdoor jacuzzi and jacuzzi en suite\".<\/p>\n<p>Observatory Suite \"Magnificent views and an exceptional space\".<\/p>\n<p>Villa Mar Blau \"The pleasure of island life\".<\/p>\n<p><strong>BIENESTARE<\/strong>\u00a0ideal environment for de-stressing and revitalisation<\/p>\n<p>Discover the benefits of wellness with our revitalising facilities and treatments - your mind and body will thank you for it.<\/p>\n<p><strong>Relax and renew yourself at Talise Spa<\/strong><\/p>\n<p>Enjoy a treatment or relax in the whirlpool at this award-winning, cliff-top spa.<\/p>\n<p><strong>Sa Talaia pool bar<\/strong><\/p>\n<p>Enjoy light snacks inspired by locally produced ingredients after a refreshing swim in the pool.<\/p>\n<p><a href=\"https:\/\/balufy.com\/en\/listing\/sa-talaia-pool-bar\/\">https:\/\/balufy.com\/listing\/bar-de-piscina-sa-talaia\/<\/a><\/p>\n<p><strong>Sunset Lounge<\/strong><\/p>\n<p>Enjoy Asian-inspired delicacies while taking in the breathtaking views of the Tramontana mountain range.<\/p>\n<p><a href=\"https:\/\/balufy.com\/en\/listing\/sunset-lounge\/\">https:\/\/balufy.com\/listing\/sunset-lounge\/<\/a><\/p>\n<p><strong>Cap Roig Brasserie<\/strong><\/p>\n<p>Dishes inspired by local gastronomy and served on an open-air terrace with stunning views of the Mediterranean.<\/p>\n<p><a href=\"https:\/\/balufy.com\/en\/listing\/cap-roig-brasserie\/\">https:\/\/balufy.com\/listing\/cap-roig-brasserie\/<\/a><\/p>\n<p><strong>Es Fanals by Javier Soriano<\/strong><\/p>\n<p>Enjoy a sophisticated dining experience from an award-winning chef, with seasonal Spanish dishes and an evocative open kitchen.<\/p>\n<p><a href=\"https:\/\/balufy.com\/en\/listing\/es-fanals-by-javier-soriano\/\">https:\/\/balufy.com\/listing\/es-fanals-de-javier-soriano\/<\/a><\/p>\n<p><strong>Infinity pool bar<\/strong><\/p>\n<p>Refreshing drinks and small dishes by the hotel's spectacular swimming pool<\/p>\n<p><a href=\"https:\/\/balufy.com\/en\/listing\/infinity-pool-bar\/\">https:\/\/balufy.com\/listing\/bar-de-piscina-infinita\/<\/a><\/p>","protected":false},"excerpt":{"rendered":"<p>Un espectacular oasis en lo alto de un acantilado, con vistas panor\u00e1micas y un magn\u00edfico spa HABITACIONES Y SUITES Habitaci\u00f3n Superior con vistas a la monta\u00f1a Tramuntana \u00abComodidad y estilo en un espacio \u00edntimo\u00bb Habitaci\u00f3n Deluxe con vistas a la monta\u00f1a Tramuntana \u00abBalc\u00f3n franc\u00e9s con vistas a la monta\u00f1a\u00bb Habitaci\u00f3n Deluxe con vistas al mar [&hellip;]<\/p>","protected":false},"featured_media":0,"template":"","meta":[],"product_brand":[],"product_cat":[20],"product_tag":[],"class_list":{"0":"post-1493","1":"product","2":"type-product","3":"status-publish","5":"product_cat-listeo-booking","7":"first","8":"instock","9":"virtual","10":"sold-individually","11":"purchasable","12":"product-type-listing_booking"},"yoast_head":"<!-- This site is optimized with the Yoast SEO plugin v27.3 - https:\/\/yoast.com\/product\/yoast-seo-wordpress\/ -->\n<title>Jumeirah Port Soller - Balufy - The taste of Experience<\/title>\n<meta name=\"robots\" content=\"index, follow, max-snippet:-1, max-image-preview:large, max-video-preview:-1\" \/>\n<link rel=\"canonical\" href=\"https:\/\/balufy.com\/en\/product\/jumeirah-port-soller\/\" \/>\n<meta property=\"og:locale\" content=\"en_GB\" \/>\n<meta property=\"og:type\" content=\"article\" \/>\n<meta property=\"og:title\" content=\"Jumeirah Port Soller - Balufy - The taste of Experience\" \/>\n<meta property=\"og:description\" content=\"Un espectacular oasis en lo alto de un acantilado, con vistas panor\u00e1micas y un magn\u00edfico spa HABITACIONES Y SUITES Habitaci\u00f3n Superior con vistas a la monta\u00f1a Tramuntana \u00abComodidad y estilo en un espacio \u00edntimo\u00bb Habitaci\u00f3n Deluxe con vistas a la monta\u00f1a Tramuntana \u00abBalc\u00f3n franc\u00e9s con vistas a la monta\u00f1a\u00bb Habitaci\u00f3n Deluxe con vistas al mar [&hellip;]\" \/>\n<meta property=\"og:url\" content=\"https:\/\/balufy.com\/en\/product\/jumeirah-port-soller\/\" \/>\n<meta property=\"og:site_name\" content=\"Balufy - The taste of Experience\" \/>\n<meta property=\"article:publisher\" content=\"https:\/\/www.facebook.com\/Balufy-102705001596047\" \/>\n<meta property=\"article:modified_time\" content=\"2025-04-02T15:01:23+00:00\" \/>\n<meta name=\"twitter:card\" content=\"summary_large_image\" \/>\n<meta name=\"twitter:label1\" content=\"Estimated reading time\" \/>\n\t<meta name=\"twitter:data1\" content=\"2 minutes\" \/>\n<script type=\"application\/ld+json\" class=\"yoast-schema-graph\">{\"@context\":\"https:\\\/\\\/schema.org\",\"@graph\":[{\"@type\":\"WebPage\",\"@id\":\"https:\\\/\\\/balufy.com\\\/en\\\/product\\\/jumeirah-port-soller\\\/\",\"url\":\"https:\\\/\\\/balufy.com\\\/en\\\/product\\\/jumeirah-port-soller\\\/\",\"name\":\"Jumeirah Port Soller - Balufy - The taste of Experience\",\"isPartOf\":{\"@id\":\"https:\\\/\\\/balufy.com\\\/es\\\/#website\"},\"datePublished\":\"2021-08-28T10:15:10+00:00\",\"dateModified\":\"2025-04-02T15:01:23+00:00\",\"breadcrumb\":{\"@id\":\"https:\\\/\\\/balufy.com\\\/en\\\/product\\\/jumeirah-port-soller\\\/#breadcrumb\"},\"inLanguage\":\"en-GB\",\"potentialAction\":[{\"@type\":\"ReadAction\",\"target\":[\"https:\\\/\\\/balufy.com\\\/en\\\/product\\\/jumeirah-port-soller\\\/\"]}]},{\"@type\":\"BreadcrumbList\",\"@id\":\"https:\\\/\\\/balufy.com\\\/en\\\/product\\\/jumeirah-port-soller\\\/#breadcrumb\",\"itemListElement\":[{\"@type\":\"ListItem\",\"position\":1,\"name\":\"Portada\",\"item\":\"https:\\\/\\\/balufy.com\\\/\"},{\"@type\":\"ListItem\",\"position\":2,\"name\":\"Shop\",\"item\":\"https:\\\/\\\/balufy.com\\\/es\\\/shop\\\/\"},{\"@type\":\"ListItem\",\"position\":3,\"name\":\"Jumeirah Port Soller\"}]},{\"@type\":\"WebSite\",\"@id\":\"https:\\\/\\\/balufy.com\\\/es\\\/#website\",\"url\":\"https:\\\/\\\/balufy.com\\\/es\\\/\",\"name\":\"Balufy - Taste of experience\",\"description\":\"Balufy\",\"publisher\":{\"@id\":\"https:\\\/\\\/balufy.com\\\/es\\\/#organization\"},\"potentialAction\":[{\"@type\":\"SearchAction\",\"target\":{\"@type\":\"EntryPoint\",\"urlTemplate\":\"https:\\\/\\\/balufy.com\\\/es\\\/?s={search_term_string}\"},\"query-input\":{\"@type\":\"PropertyValueSpecification\",\"valueRequired\":true,\"valueName\":\"search_term_string\"}}],\"inLanguage\":\"en-GB\"},{\"@type\":\"Organization\",\"@id\":\"https:\\\/\\\/balufy.com\\\/es\\\/#organization\",\"name\":\"Balufy\",\"url\":\"https:\\\/\\\/balufy.com\\\/es\\\/\",\"logo\":{\"@type\":\"ImageObject\",\"inLanguage\":\"en-GB\",\"@id\":\"https:\\\/\\\/balufy.com\\\/es\\\/#\\\/schema\\\/logo\\\/image\\\/\",\"url\":\"https:\\\/\\\/balufy.com\\\/wp-content\\\/uploads\\\/2022\\\/06\\\/LOGO_PNG.png\",\"contentUrl\":\"https:\\\/\\\/balufy.com\\\/wp-content\\\/uploads\\\/2022\\\/06\\\/LOGO_PNG.png\",\"width\":1366,\"height\":768,\"caption\":\"Balufy\"},\"image\":{\"@id\":\"https:\\\/\\\/balufy.com\\\/es\\\/#\\\/schema\\\/logo\\\/image\\\/\"},\"sameAs\":[\"https:\\\/\\\/www.facebook.com\\\/Balufy-102705001596047\",\"https:\\\/\\\/www.instagram.com\\\/balufy_oficial\\\/\"]}]}<\/script>\n<!-- \/ Yoast SEO plugin. -->","yoast_head_json":{"title":"Jumeirah Port Soller - Balufy - The taste of Experience","robots":{"index":"index","follow":"follow","max-snippet":"max-snippet:-1","max-image-preview":"max-image-preview:large","max-video-preview":"max-video-preview:-1"},"canonical":"https:\/\/balufy.com\/en\/product\/jumeirah-port-soller\/","og_locale":"en_GB","og_type":"article","og_title":"Jumeirah Port Soller - Balufy - The taste of Experience","og_description":"Un espectacular oasis en lo alto de un acantilado, con vistas panor\u00e1micas y un magn\u00edfico spa HABITACIONES Y SUITES Habitaci\u00f3n Superior con vistas a la monta\u00f1a Tramuntana \u00abComodidad y estilo en un espacio \u00edntimo\u00bb Habitaci\u00f3n Deluxe con vistas a la monta\u00f1a Tramuntana \u00abBalc\u00f3n franc\u00e9s con vistas a la monta\u00f1a\u00bb Habitaci\u00f3n Deluxe con vistas al mar [&hellip;]","og_url":"https:\/\/balufy.com\/en\/product\/jumeirah-port-soller\/","og_site_name":"Balufy - The taste of Experience","article_publisher":"https:\/\/www.facebook.com\/Balufy-102705001596047","article_modified_time":"2025-04-02T15:01:23+00:00","twitter_card":"summary_large_image","twitter_misc":{"Estimated reading time":"2 minutes"},"schema":{"@context":"https:\/\/schema.org","@graph":[{"@type":"WebPage","@id":"https:\/\/balufy.com\/en\/product\/jumeirah-port-soller\/","url":"https:\/\/balufy.com\/en\/product\/jumeirah-port-soller\/","name":"Jumeirah Port Soller - Balufy - The taste of Experience","isPartOf":{"@id":"https:\/\/balufy.com\/es\/#website"},"datePublished":"2021-08-28T10:15:10+00:00","dateModified":"2025-04-02T15:01:23+00:00","breadcrumb":{"@id":"https:\/\/balufy.com\/en\/product\/jumeirah-port-soller\/#breadcrumb"},"inLanguage":"en-GB","potentialAction":[{"@type":"ReadAction","target":["https:\/\/balufy.com\/en\/product\/jumeirah-port-soller\/"]}]},{"@type":"BreadcrumbList","@id":"https:\/\/balufy.com\/en\/product\/jumeirah-port-soller\/#breadcrumb","itemListElement":[{"@type":"ListItem","position":1,"name":"Portada","item":"https:\/\/balufy.com\/"},{"@type":"ListItem","position":2,"name":"Shop","item":"https:\/\/balufy.com\/es\/shop\/"},{"@type":"ListItem","position":3,"name":"Jumeirah Port Soller"}]},{"@type":"WebSite","@id":"https:\/\/balufy.com\/es\/#website","url":"https:\/\/balufy.com\/es\/","name":"Balufy - Taste of experience","description":"Balufy","publisher":{"@id":"https:\/\/balufy.com\/es\/#organization"},"potentialAction":[{"@type":"SearchAction","target":{"@type":"EntryPoint","urlTemplate":"https:\/\/balufy.com\/es\/?s={search_term_string}"},"query-input":{"@type":"PropertyValueSpecification","valueRequired":true,"valueName":"search_term_string"}}],"inLanguage":"en-GB"},{"@type":"Organization","@id":"https:\/\/balufy.com\/es\/#organization","name":"Balufy","url":"https:\/\/balufy.com\/es\/","logo":{"@type":"ImageObject","inLanguage":"en-GB","@id":"https:\/\/balufy.com\/es\/#\/schema\/logo\/image\/","url":"https:\/\/balufy.com\/wp-content\/uploads\/2022\/06\/LOGO_PNG.png","contentUrl":"https:\/\/balufy.com\/wp-content\/uploads\/2022\/06\/LOGO_PNG.png","width":1366,"height":768,"caption":"Balufy"},"image":{"@id":"https:\/\/balufy.com\/es\/#\/schema\/logo\/image\/"},"sameAs":["https:\/\/www.facebook.com\/Balufy-102705001596047","https:\/\/www.instagram.com\/balufy_oficial\/"]}]}},"_links":{"self":[{"href":"https:\/\/balufy.com\/en\/wp-json\/wp\/v2\/product\/1493","targetHints":{"allow":["GET"]}}],"collection":[{"href":"https:\/\/balufy.com\/en\/wp-json\/wp\/v2\/product"}],"about":[{"href":"https:\/\/balufy.com\/en\/wp-json\/wp\/v2\/types\/product"}],"version-history":[{"count":0,"href":"https:\/\/balufy.com\/en\/wp-json\/wp\/v2\/product\/1493\/revisions"}],"wp:attachment":[{"href":"https:\/\/balufy.com\/en\/wp-json\/wp\/v2\/media?parent=1493"}],"wp:term":[{"taxonomy":"product_brand","embeddable":true,"href":"https:\/\/balufy.com\/en\/wp-json\/wp\/v2\/product_brand?post=1493"},{"taxonomy":"product_cat","embeddable":true,"href":"https:\/\/balufy.com\/en\/wp-json\/wp\/v2\/product_cat?post=1493"},{"taxonomy":"product_tag","embeddable":true,"href":"https:\/\/balufy.com\/en\/wp-json\/wp\/v2\/product_tag?post=1493"}],"curies":[{"name":"wp","href":"https:\/\/api.w.org\/{rel}","templated":true}]}}