{"id":1572,"date":"2021-08-29T11:42:57","date_gmt":"2021-08-29T09:42:57","guid":{"rendered":"https:\/\/alquileres.pulsoweb.es\/product\/mar-de-nudos\/"},"modified":"2025-04-02T17:40:53","modified_gmt":"2025-04-02T15:40:53","slug":"sea-of-knots","status":"publish","type":"product","link":"https:\/\/balufy.com\/en\/product\/sea-of-knots\/","title":{"rendered":"Sea of Knots"},"content":{"rendered":"<p>Mar de Nudos, for the seafarers who live in the city. Who know that every second is reason enough to celebrate. Who sit around a table to toast. To everything or nothing, what difference does it make. Positive people who dare to live. People with the Mediterranean in their soul, who flood everything with their joy. Are you coming?<\/p>\n<p>Everything sparkles in this seaside establishment: from the boats moored on the quay and the open-air terrace to the lighting and the tasteful arrangement of the tables. A vibrant atmosphere, with a menu of modern Mediterranean and Japanese cuisine.<\/p>\n<p>&nbsp;<\/p>","protected":false},"excerpt":{"rendered":"<p>Mar de Nudos, para la gente de mar que vive en la ciudad. Que sabe que cada segundo es motivo suficiente para celebrar. Que se sienta alrededor de una mesa para brindar. Por todo o por nada, qu\u00e9 m\u00e1s da. Gente positiva que se atreve con la vida. Gente con el Mediterr\u00e1neo en el alma, [&hellip;]<\/p>","protected":false},"featured_media":0,"template":"","meta":[],"product_brand":[],"product_cat":[20],"product_tag":[],"class_list":{"0":"post-1572","1":"product","2":"type-product","3":"status-publish","5":"product_cat-listeo-booking","7":"first","8":"instock","9":"virtual","10":"sold-individually","11":"purchasable","12":"product-type-listing_booking"},"yoast_head":"<!-- This site is optimized with the Yoast SEO plugin v27.3 - https:\/\/yoast.com\/product\/yoast-seo-wordpress\/ -->\n<title>Mar de Nudos - Balufy - The taste of Experience<\/title>\n<meta name=\"robots\" content=\"index, follow, max-snippet:-1, max-image-preview:large, max-video-preview:-1\" \/>\n<link rel=\"canonical\" href=\"https:\/\/balufy.com\/en\/product\/sea-of-knots\/\" \/>\n<meta property=\"og:locale\" content=\"en_GB\" \/>\n<meta property=\"og:type\" content=\"article\" \/>\n<meta property=\"og:title\" content=\"Mar de Nudos - Balufy - The taste of Experience\" \/>\n<meta property=\"og:description\" content=\"Mar de Nudos, para la gente de mar que vive en la ciudad. Que sabe que cada segundo es motivo suficiente para celebrar. Que se sienta alrededor de una mesa para brindar. Por todo o por nada, qu\u00e9 m\u00e1s da. Gente positiva que se atreve con la vida. Gente con el Mediterr\u00e1neo en el alma, [&hellip;]\" \/>\n<meta property=\"og:url\" content=\"https:\/\/balufy.com\/en\/product\/sea-of-knots\/\" \/>\n<meta property=\"og:site_name\" content=\"Balufy - The taste of Experience\" \/>\n<meta property=\"article:publisher\" content=\"https:\/\/www.facebook.com\/Balufy-102705001596047\" \/>\n<meta property=\"article:modified_time\" content=\"2025-04-02T15:40:53+00:00\" \/>\n<meta name=\"twitter:card\" content=\"summary_large_image\" \/>\n<meta name=\"twitter:label1\" content=\"Estimated reading time\" \/>\n\t<meta name=\"twitter:data1\" content=\"1 minute\" \/>\n<script type=\"application\/ld+json\" class=\"yoast-schema-graph\">{\"@context\":\"https:\\\/\\\/schema.org\",\"@graph\":[{\"@type\":\"WebPage\",\"@id\":\"https:\\\/\\\/balufy.com\\\/es\\\/producto\\\/mar-de-nudos\\\/\",\"url\":\"https:\\\/\\\/balufy.com\\\/es\\\/producto\\\/mar-de-nudos\\\/\",\"name\":\"Mar de Nudos - Balufy - The taste of Experience\",\"isPartOf\":{\"@id\":\"https:\\\/\\\/balufy.com\\\/es\\\/#website\"},\"datePublished\":\"2021-08-29T09:42:57+00:00\",\"dateModified\":\"2025-04-02T15:40:53+00:00\",\"breadcrumb\":{\"@id\":\"https:\\\/\\\/balufy.com\\\/es\\\/producto\\\/mar-de-nudos\\\/#breadcrumb\"},\"inLanguage\":\"en-GB\",\"potentialAction\":[{\"@type\":\"ReadAction\",\"target\":[\"https:\\\/\\\/balufy.com\\\/es\\\/producto\\\/mar-de-nudos\\\/\"]}]},{\"@type\":\"BreadcrumbList\",\"@id\":\"https:\\\/\\\/balufy.com\\\/es\\\/producto\\\/mar-de-nudos\\\/#breadcrumb\",\"itemListElement\":[{\"@type\":\"ListItem\",\"position\":1,\"name\":\"Portada\",\"item\":\"https:\\\/\\\/balufy.com\\\/\"},{\"@type\":\"ListItem\",\"position\":2,\"name\":\"Shop\",\"item\":\"https:\\\/\\\/balufy.com\\\/es\\\/shop\\\/\"},{\"@type\":\"ListItem\",\"position\":3,\"name\":\"Mar de Nudos\"}]},{\"@type\":\"WebSite\",\"@id\":\"https:\\\/\\\/balufy.com\\\/es\\\/#website\",\"url\":\"https:\\\/\\\/balufy.com\\\/es\\\/\",\"name\":\"Balufy - Taste of experience\",\"description\":\"Balufy\",\"publisher\":{\"@id\":\"https:\\\/\\\/balufy.com\\\/es\\\/#organization\"},\"potentialAction\":[{\"@type\":\"SearchAction\",\"target\":{\"@type\":\"EntryPoint\",\"urlTemplate\":\"https:\\\/\\\/balufy.com\\\/es\\\/?s={search_term_string}\"},\"query-input\":{\"@type\":\"PropertyValueSpecification\",\"valueRequired\":true,\"valueName\":\"search_term_string\"}}],\"inLanguage\":\"en-GB\"},{\"@type\":\"Organization\",\"@id\":\"https:\\\/\\\/balufy.com\\\/es\\\/#organization\",\"name\":\"Balufy\",\"url\":\"https:\\\/\\\/balufy.com\\\/es\\\/\",\"logo\":{\"@type\":\"ImageObject\",\"inLanguage\":\"en-GB\",\"@id\":\"https:\\\/\\\/balufy.com\\\/es\\\/#\\\/schema\\\/logo\\\/image\\\/\",\"url\":\"https:\\\/\\\/balufy.com\\\/wp-content\\\/uploads\\\/2022\\\/06\\\/LOGO_PNG.png\",\"contentUrl\":\"https:\\\/\\\/balufy.com\\\/wp-content\\\/uploads\\\/2022\\\/06\\\/LOGO_PNG.png\",\"width\":1366,\"height\":768,\"caption\":\"Balufy\"},\"image\":{\"@id\":\"https:\\\/\\\/balufy.com\\\/es\\\/#\\\/schema\\\/logo\\\/image\\\/\"},\"sameAs\":[\"https:\\\/\\\/www.facebook.com\\\/Balufy-102705001596047\",\"https:\\\/\\\/www.instagram.com\\\/balufy_oficial\\\/\"]}]}<\/script>\n<!-- \/ Yoast SEO plugin. -->","yoast_head_json":{"title":"Sea of Knots - Balufy - The taste of Experience","robots":{"index":"index","follow":"follow","max-snippet":"max-snippet:-1","max-image-preview":"max-image-preview:large","max-video-preview":"max-video-preview:-1"},"canonical":"https:\/\/balufy.com\/en\/product\/sea-of-knots\/","og_locale":"en_GB","og_type":"article","og_title":"Mar de Nudos - Balufy - The taste of Experience","og_description":"Mar de Nudos, para la gente de mar que vive en la ciudad. Que sabe que cada segundo es motivo suficiente para celebrar. Que se sienta alrededor de una mesa para brindar. Por todo o por nada, qu\u00e9 m\u00e1s da. Gente positiva que se atreve con la vida. Gente con el Mediterr\u00e1neo en el alma, [&hellip;]","og_url":"https:\/\/balufy.com\/en\/product\/sea-of-knots\/","og_site_name":"Balufy - The taste of Experience","article_publisher":"https:\/\/www.facebook.com\/Balufy-102705001596047","article_modified_time":"2025-04-02T15:40:53+00:00","twitter_card":"summary_large_image","twitter_misc":{"Estimated reading time":"1 minute"},"schema":{"@context":"https:\/\/schema.org","@graph":[{"@type":"WebPage","@id":"https:\/\/balufy.com\/es\/producto\/mar-de-nudos\/","url":"https:\/\/balufy.com\/es\/producto\/mar-de-nudos\/","name":"Sea of Knots - Balufy - The taste of Experience","isPartOf":{"@id":"https:\/\/balufy.com\/es\/#website"},"datePublished":"2021-08-29T09:42:57+00:00","dateModified":"2025-04-02T15:40:53+00:00","breadcrumb":{"@id":"https:\/\/balufy.com\/es\/producto\/mar-de-nudos\/#breadcrumb"},"inLanguage":"en-GB","potentialAction":[{"@type":"ReadAction","target":["https:\/\/balufy.com\/es\/producto\/mar-de-nudos\/"]}]},{"@type":"BreadcrumbList","@id":"https:\/\/balufy.com\/es\/producto\/mar-de-nudos\/#breadcrumb","itemListElement":[{"@type":"ListItem","position":1,"name":"Portada","item":"https:\/\/balufy.com\/"},{"@type":"ListItem","position":2,"name":"Shop","item":"https:\/\/balufy.com\/es\/shop\/"},{"@type":"ListItem","position":3,"name":"Mar de Nudos"}]},{"@type":"WebSite","@id":"https:\/\/balufy.com\/es\/#website","url":"https:\/\/balufy.com\/es\/","name":"Balufy - Taste of experience","description":"Balufy","publisher":{"@id":"https:\/\/balufy.com\/es\/#organization"},"potentialAction":[{"@type":"SearchAction","target":{"@type":"EntryPoint","urlTemplate":"https:\/\/balufy.com\/es\/?s={search_term_string}"},"query-input":{"@type":"PropertyValueSpecification","valueRequired":true,"valueName":"search_term_string"}}],"inLanguage":"en-GB"},{"@type":"Organization","@id":"https:\/\/balufy.com\/es\/#organization","name":"Balufy","url":"https:\/\/balufy.com\/es\/","logo":{"@type":"ImageObject","inLanguage":"en-GB","@id":"https:\/\/balufy.com\/es\/#\/schema\/logo\/image\/","url":"https:\/\/balufy.com\/wp-content\/uploads\/2022\/06\/LOGO_PNG.png","contentUrl":"https:\/\/balufy.com\/wp-content\/uploads\/2022\/06\/LOGO_PNG.png","width":1366,"height":768,"caption":"Balufy"},"image":{"@id":"https:\/\/balufy.com\/es\/#\/schema\/logo\/image\/"},"sameAs":["https:\/\/www.facebook.com\/Balufy-102705001596047","https:\/\/www.instagram.com\/balufy_oficial\/"]}]}},"_links":{"self":[{"href":"https:\/\/balufy.com\/en\/wp-json\/wp\/v2\/product\/1572","targetHints":{"allow":["GET"]}}],"collection":[{"href":"https:\/\/balufy.com\/en\/wp-json\/wp\/v2\/product"}],"about":[{"href":"https:\/\/balufy.com\/en\/wp-json\/wp\/v2\/types\/product"}],"version-history":[{"count":0,"href":"https:\/\/balufy.com\/en\/wp-json\/wp\/v2\/product\/1572\/revisions"}],"wp:attachment":[{"href":"https:\/\/balufy.com\/en\/wp-json\/wp\/v2\/media?parent=1572"}],"wp:term":[{"taxonomy":"product_brand","embeddable":true,"href":"https:\/\/balufy.com\/en\/wp-json\/wp\/v2\/product_brand?post=1572"},{"taxonomy":"product_cat","embeddable":true,"href":"https:\/\/balufy.com\/en\/wp-json\/wp\/v2\/product_cat?post=1572"},{"taxonomy":"product_tag","embeddable":true,"href":"https:\/\/balufy.com\/en\/wp-json\/wp\/v2\/product_tag?post=1572"}],"curies":[{"name":"wp","href":"https:\/\/api.w.org\/{rel}","templated":true}]}}