{"id":1580,"date":"2021-08-29T12:50:11","date_gmt":"2021-08-29T10:50:11","guid":{"rendered":"https:\/\/alquileres.pulsoweb.es\/product\/49-steps-bar-grill\/"},"modified":"2022-08-26T22:04:27","modified_gmt":"2022-08-26T20:04:27","slug":"49-steps-bar-grill","status":"publish","type":"product","link":"https:\/\/balufy.com\/en\/product\/49-steps-bar-grill\/","title":{"rendered":"49 Steps Bar &amp; Grill"},"content":{"rendered":"<p><strong>Restaurant and terrace located in the heart of the port of Moll Vell with the best views over the bay and the centre of Palma.<\/strong><\/p>\n<p>Casual atmosphere, good music, selection of national and international wines, which you can accompany with a gastronomic offer that stands out for its freshness and flavour.<\/p>\n<p>Try our Raw Bar in the Sky Lounge while you enjoy the sunset. An urban oasis in the heart of Palma that will make your visit the best moment of the day.<\/p>\n<p>A cool-chic atmosphere in which a large-scale, open-plan kitchen, a passion for the flavour of the Mediterranean and the proximity to the old town of Palma de Mallorca stand out.<\/p>\n<p>Enjoy a unique sunset on the island with extraordinary views of the Bay of Palma. Discover our Raw Bar menu, inspired by Asian fusion.<\/p>\n<p>Book your table NOW !<\/p>\n<p>Sky Lounge:<br \/>\nFrom Monday to Sunday from 18:00 to 1:00<br \/>\nGastro Bar:<br \/>\nFrom Monday to Sunday from 18:30 to 1:00<br \/>\nKitchen from 18:30 to 22:30<\/p>","protected":false},"excerpt":{"rendered":"<p>Restaurante y terraza ubicados en el coraz\u00f3n del puerto de Moll Vell con las mejores vistas sobre la bah\u00eda y el centro de Palma. Ambiente desenfadado, buena m\u00fasica, selecci\u00f3n de vinos nacionales e internacionales, que podr\u00e1s acompa\u00f1ar de una oferta gastron\u00f3mica que destaca por su frescura y sabor. Prueba nuestro Raw Bar en el Sky [&hellip;]<\/p>","protected":false},"featured_media":0,"template":"","meta":[],"product_brand":[],"product_cat":[20],"product_tag":[],"class_list":{"0":"post-1580","1":"product","2":"type-product","3":"status-publish","5":"product_cat-listeo-booking","7":"first","8":"instock","9":"virtual","10":"sold-individually","11":"purchasable","12":"product-type-listing_booking"},"yoast_head":"<!-- This site is optimized with the Yoast SEO plugin v27.3 - https:\/\/yoast.com\/product\/yoast-seo-wordpress\/ -->\n<title>49 Steps Bar &amp; Grill - Balufy - The taste of Experience<\/title>\n<meta name=\"robots\" content=\"index, follow, max-snippet:-1, max-image-preview:large, max-video-preview:-1\" \/>\n<link rel=\"canonical\" href=\"https:\/\/balufy.com\/en\/product\/49-steps-bar-grill\/\" \/>\n<meta property=\"og:locale\" content=\"en_GB\" \/>\n<meta property=\"og:type\" content=\"article\" \/>\n<meta property=\"og:title\" content=\"49 Steps Bar &amp; Grill - Balufy - The taste of Experience\" \/>\n<meta property=\"og:description\" content=\"Restaurante y terraza ubicados en el coraz\u00f3n del puerto de Moll Vell con las mejores vistas sobre la bah\u00eda y el centro de Palma. Ambiente desenfadado, buena m\u00fasica, selecci\u00f3n de vinos nacionales e internacionales, que podr\u00e1s acompa\u00f1ar de una oferta gastron\u00f3mica que destaca por su frescura y sabor. Prueba nuestro Raw Bar en el Sky [&hellip;]\" \/>\n<meta property=\"og:url\" content=\"https:\/\/balufy.com\/en\/product\/49-steps-bar-grill\/\" \/>\n<meta property=\"og:site_name\" content=\"Balufy - The taste of Experience\" \/>\n<meta property=\"article:publisher\" content=\"https:\/\/www.facebook.com\/Balufy-102705001596047\" \/>\n<meta property=\"article:modified_time\" content=\"2022-08-26T20:04:27+00:00\" \/>\n<meta name=\"twitter:card\" content=\"summary_large_image\" \/>\n<meta name=\"twitter:label1\" content=\"Estimated reading time\" \/>\n\t<meta name=\"twitter:data1\" content=\"1 minute\" \/>\n<script type=\"application\/ld+json\" class=\"yoast-schema-graph\">{\"@context\":\"https:\\\/\\\/schema.org\",\"@graph\":[{\"@type\":\"WebPage\",\"@id\":\"https:\\\/\\\/balufy.com\\\/de\\\/produkt\\\/49-steps-bar-grill\\\/\",\"url\":\"https:\\\/\\\/balufy.com\\\/de\\\/produkt\\\/49-steps-bar-grill\\\/\",\"name\":\"49 Steps Bar & Grill - Balufy - The taste of Experience\",\"isPartOf\":{\"@id\":\"https:\\\/\\\/balufy.com\\\/es\\\/#website\"},\"datePublished\":\"2021-08-29T10:50:11+00:00\",\"dateModified\":\"2022-08-26T20:04:27+00:00\",\"breadcrumb\":{\"@id\":\"https:\\\/\\\/balufy.com\\\/de\\\/produkt\\\/49-steps-bar-grill\\\/#breadcrumb\"},\"inLanguage\":\"en-GB\",\"potentialAction\":[{\"@type\":\"ReadAction\",\"target\":[\"https:\\\/\\\/balufy.com\\\/de\\\/produkt\\\/49-steps-bar-grill\\\/\"]}]},{\"@type\":\"BreadcrumbList\",\"@id\":\"https:\\\/\\\/balufy.com\\\/de\\\/produkt\\\/49-steps-bar-grill\\\/#breadcrumb\",\"itemListElement\":[{\"@type\":\"ListItem\",\"position\":1,\"name\":\"Portada\",\"item\":\"https:\\\/\\\/balufy.com\\\/\"},{\"@type\":\"ListItem\",\"position\":2,\"name\":\"Shop\",\"item\":\"https:\\\/\\\/balufy.com\\\/es\\\/shop\\\/\"},{\"@type\":\"ListItem\",\"position\":3,\"name\":\"49 Steps Bar &#038; Grill\"}]},{\"@type\":\"WebSite\",\"@id\":\"https:\\\/\\\/balufy.com\\\/es\\\/#website\",\"url\":\"https:\\\/\\\/balufy.com\\\/es\\\/\",\"name\":\"Balufy - Taste of experience\",\"description\":\"Balufy\",\"publisher\":{\"@id\":\"https:\\\/\\\/balufy.com\\\/es\\\/#organization\"},\"potentialAction\":[{\"@type\":\"SearchAction\",\"target\":{\"@type\":\"EntryPoint\",\"urlTemplate\":\"https:\\\/\\\/balufy.com\\\/es\\\/?s={search_term_string}\"},\"query-input\":{\"@type\":\"PropertyValueSpecification\",\"valueRequired\":true,\"valueName\":\"search_term_string\"}}],\"inLanguage\":\"en-GB\"},{\"@type\":\"Organization\",\"@id\":\"https:\\\/\\\/balufy.com\\\/es\\\/#organization\",\"name\":\"Balufy\",\"url\":\"https:\\\/\\\/balufy.com\\\/es\\\/\",\"logo\":{\"@type\":\"ImageObject\",\"inLanguage\":\"en-GB\",\"@id\":\"https:\\\/\\\/balufy.com\\\/es\\\/#\\\/schema\\\/logo\\\/image\\\/\",\"url\":\"https:\\\/\\\/balufy.com\\\/wp-content\\\/uploads\\\/2022\\\/06\\\/LOGO_PNG.png\",\"contentUrl\":\"https:\\\/\\\/balufy.com\\\/wp-content\\\/uploads\\\/2022\\\/06\\\/LOGO_PNG.png\",\"width\":1366,\"height\":768,\"caption\":\"Balufy\"},\"image\":{\"@id\":\"https:\\\/\\\/balufy.com\\\/es\\\/#\\\/schema\\\/logo\\\/image\\\/\"},\"sameAs\":[\"https:\\\/\\\/www.facebook.com\\\/Balufy-102705001596047\",\"https:\\\/\\\/www.instagram.com\\\/balufy_oficial\\\/\"]}]}<\/script>\n<!-- \/ Yoast SEO plugin. -->","yoast_head_json":{"title":"49 Steps Bar &amp; Grill - Balufy - The taste of Experience","robots":{"index":"index","follow":"follow","max-snippet":"max-snippet:-1","max-image-preview":"max-image-preview:large","max-video-preview":"max-video-preview:-1"},"canonical":"https:\/\/balufy.com\/en\/product\/49-steps-bar-grill\/","og_locale":"en_GB","og_type":"article","og_title":"49 Steps Bar & Grill - Balufy - The taste of Experience","og_description":"Restaurante y terraza ubicados en el coraz\u00f3n del puerto de Moll Vell con las mejores vistas sobre la bah\u00eda y el centro de Palma. Ambiente desenfadado, buena m\u00fasica, selecci\u00f3n de vinos nacionales e internacionales, que podr\u00e1s acompa\u00f1ar de una oferta gastron\u00f3mica que destaca por su frescura y sabor. Prueba nuestro Raw Bar en el Sky [&hellip;]","og_url":"https:\/\/balufy.com\/en\/product\/49-steps-bar-grill\/","og_site_name":"Balufy - The taste of Experience","article_publisher":"https:\/\/www.facebook.com\/Balufy-102705001596047","article_modified_time":"2022-08-26T20:04:27+00:00","twitter_card":"summary_large_image","twitter_misc":{"Estimated reading time":"1 minute"},"schema":{"@context":"https:\/\/schema.org","@graph":[{"@type":"WebPage","@id":"https:\/\/balufy.com\/de\/produkt\/49-steps-bar-grill\/","url":"https:\/\/balufy.com\/de\/produkt\/49-steps-bar-grill\/","name":"49 Steps Bar &amp; Grill - Balufy - The taste of Experience","isPartOf":{"@id":"https:\/\/balufy.com\/es\/#website"},"datePublished":"2021-08-29T10:50:11+00:00","dateModified":"2022-08-26T20:04:27+00:00","breadcrumb":{"@id":"https:\/\/balufy.com\/de\/produkt\/49-steps-bar-grill\/#breadcrumb"},"inLanguage":"en-GB","potentialAction":[{"@type":"ReadAction","target":["https:\/\/balufy.com\/de\/produkt\/49-steps-bar-grill\/"]}]},{"@type":"BreadcrumbList","@id":"https:\/\/balufy.com\/de\/produkt\/49-steps-bar-grill\/#breadcrumb","itemListElement":[{"@type":"ListItem","position":1,"name":"Portada","item":"https:\/\/balufy.com\/"},{"@type":"ListItem","position":2,"name":"Shop","item":"https:\/\/balufy.com\/es\/shop\/"},{"@type":"ListItem","position":3,"name":"49 Steps Bar &#038; Grill"}]},{"@type":"WebSite","@id":"https:\/\/balufy.com\/es\/#website","url":"https:\/\/balufy.com\/es\/","name":"Balufy - Taste of experience","description":"Balufy","publisher":{"@id":"https:\/\/balufy.com\/es\/#organization"},"potentialAction":[{"@type":"SearchAction","target":{"@type":"EntryPoint","urlTemplate":"https:\/\/balufy.com\/es\/?s={search_term_string}"},"query-input":{"@type":"PropertyValueSpecification","valueRequired":true,"valueName":"search_term_string"}}],"inLanguage":"en-GB"},{"@type":"Organization","@id":"https:\/\/balufy.com\/es\/#organization","name":"Balufy","url":"https:\/\/balufy.com\/es\/","logo":{"@type":"ImageObject","inLanguage":"en-GB","@id":"https:\/\/balufy.com\/es\/#\/schema\/logo\/image\/","url":"https:\/\/balufy.com\/wp-content\/uploads\/2022\/06\/LOGO_PNG.png","contentUrl":"https:\/\/balufy.com\/wp-content\/uploads\/2022\/06\/LOGO_PNG.png","width":1366,"height":768,"caption":"Balufy"},"image":{"@id":"https:\/\/balufy.com\/es\/#\/schema\/logo\/image\/"},"sameAs":["https:\/\/www.facebook.com\/Balufy-102705001596047","https:\/\/www.instagram.com\/balufy_oficial\/"]}]}},"_links":{"self":[{"href":"https:\/\/balufy.com\/en\/wp-json\/wp\/v2\/product\/1580","targetHints":{"allow":["GET"]}}],"collection":[{"href":"https:\/\/balufy.com\/en\/wp-json\/wp\/v2\/product"}],"about":[{"href":"https:\/\/balufy.com\/en\/wp-json\/wp\/v2\/types\/product"}],"version-history":[{"count":0,"href":"https:\/\/balufy.com\/en\/wp-json\/wp\/v2\/product\/1580\/revisions"}],"wp:attachment":[{"href":"https:\/\/balufy.com\/en\/wp-json\/wp\/v2\/media?parent=1580"}],"wp:term":[{"taxonomy":"product_brand","embeddable":true,"href":"https:\/\/balufy.com\/en\/wp-json\/wp\/v2\/product_brand?post=1580"},{"taxonomy":"product_cat","embeddable":true,"href":"https:\/\/balufy.com\/en\/wp-json\/wp\/v2\/product_cat?post=1580"},{"taxonomy":"product_tag","embeddable":true,"href":"https:\/\/balufy.com\/en\/wp-json\/wp\/v2\/product_tag?post=1580"}],"curies":[{"name":"wp","href":"https:\/\/api.w.org\/{rel}","templated":true}]}}