{"id":1629,"date":"2021-08-29T14:21:12","date_gmt":"2021-08-29T12:21:12","guid":{"rendered":"https:\/\/alquileres.pulsoweb.es\/product\/can-eduardo\/"},"modified":"2025-04-02T17:38:21","modified_gmt":"2025-04-02T15:38:21","slug":"can-eduardo","status":"publish","type":"product","link":"https:\/\/balufy.com\/en\/product\/can-eduardo\/","title":{"rendered":"Can Eduardo"},"content":{"rendered":"<p>OUR HISTORY<br \/>\nULTIMATE DINING EXPERIENCE LIKE NO OTHER<\/p>\n<p>With a 75-year tradition, Ca n' Eduardo is located on the promenade, next to the sea, with unbeatable views of the Cathedral and the bay of Palma.<\/p>\n<p>Our speciality is fresh fish and seafood, which are brought directly from the auction rooms then, in addition to our suggestions and paellas of all kinds, especially the Lobster Paella, we also offer a wide range of seafood dishes, stews and rice dishes.<\/p>\n<p><strong>OurMENUS<\/strong><br \/>\nIn this section you can enjoy our full menu, browse through our menu, we have several alternatives to present.<\/p>\n<p>We hope you enjoy the delights of our chef.<\/p>","protected":false},"excerpt":{"rendered":"<p>NUESTRA HISTORIA \u00daLTIMA EXPERIENCIA GASTRON\u00d3MICA COMO NING\u00daN OTRO Con una tradici\u00f3n de 75 a\u00f1os, Ca n\u00b4 Eduardo se encuentra en el paseo mar\u00edtimo, junto al mar, con unas vistas inmejorables a la Catedral y la bah\u00eda de Palma. Nuestra especialidad es el pescado fresco y el marisco, que se traen directamente de las salas de [&hellip;]<\/p>","protected":false},"featured_media":0,"template":"","meta":[],"product_brand":[],"product_cat":[20],"product_tag":[],"class_list":{"0":"post-1629","1":"product","2":"type-product","3":"status-publish","5":"product_cat-listeo-booking","7":"first","8":"instock","9":"virtual","10":"sold-individually","11":"purchasable","12":"product-type-listing_booking"},"yoast_head":"<!-- This site is optimized with the Yoast SEO plugin v27.3 - https:\/\/yoast.com\/product\/yoast-seo-wordpress\/ -->\n<title>Can Eduardo - Balufy<\/title>\n<meta name=\"robots\" content=\"index, follow, max-snippet:-1, max-image-preview:large, max-video-preview:-1\" \/>\n<link rel=\"canonical\" href=\"https:\/\/balufy.com\/en\/product\/can-eduardo\/\" \/>\n<meta property=\"og:locale\" content=\"en_GB\" \/>\n<meta property=\"og:type\" content=\"article\" \/>\n<meta property=\"og:title\" content=\"Can Eduardo - Balufy\" \/>\n<meta property=\"og:description\" content=\"NUESTRA HISTORIA \u00daLTIMA EXPERIENCIA GASTRON\u00d3MICA COMO NING\u00daN OTRO Con una tradici\u00f3n de 75 a\u00f1os, Ca n\u00b4 Eduardo se encuentra en el paseo mar\u00edtimo, junto al mar, con unas vistas inmejorables a la Catedral y la bah\u00eda de Palma. Nuestra especialidad es el pescado fresco y el marisco, que se traen directamente de las salas de [&hellip;]\" \/>\n<meta property=\"og:url\" content=\"https:\/\/balufy.com\/en\/product\/can-eduardo\/\" \/>\n<meta property=\"og:site_name\" content=\"Balufy\" \/>\n<meta property=\"article:publisher\" content=\"https:\/\/www.facebook.com\/Balufy-102705001596047\" \/>\n<meta property=\"article:modified_time\" content=\"2025-04-02T15:38:21+00:00\" \/>\n<meta name=\"twitter:card\" content=\"summary_large_image\" \/>\n<meta name=\"twitter:label1\" content=\"Estimated reading time\" \/>\n\t<meta name=\"twitter:data1\" content=\"1 minute\" \/>\n<script type=\"application\/ld+json\" class=\"yoast-schema-graph\">{\"@context\":\"https:\\\/\\\/schema.org\",\"@graph\":[{\"@type\":\"WebPage\",\"@id\":\"https:\\\/\\\/balufy.com\\\/es\\\/producto\\\/can-eduardo\\\/\",\"url\":\"https:\\\/\\\/balufy.com\\\/es\\\/producto\\\/can-eduardo\\\/\",\"name\":\"Can Eduardo - Balufy\",\"isPartOf\":{\"@id\":\"https:\\\/\\\/balufy.com\\\/es\\\/#website\"},\"datePublished\":\"2021-08-29T12:21:12+00:00\",\"dateModified\":\"2025-04-02T15:38:21+00:00\",\"breadcrumb\":{\"@id\":\"https:\\\/\\\/balufy.com\\\/es\\\/producto\\\/can-eduardo\\\/#breadcrumb\"},\"inLanguage\":\"en-GB\",\"potentialAction\":[{\"@type\":\"ReadAction\",\"target\":[\"https:\\\/\\\/balufy.com\\\/es\\\/producto\\\/can-eduardo\\\/\"]}]},{\"@type\":\"BreadcrumbList\",\"@id\":\"https:\\\/\\\/balufy.com\\\/es\\\/producto\\\/can-eduardo\\\/#breadcrumb\",\"itemListElement\":[{\"@type\":\"ListItem\",\"position\":1,\"name\":\"Portada\",\"item\":\"https:\\\/\\\/balufy.com\\\/\"},{\"@type\":\"ListItem\",\"position\":2,\"name\":\"Shop\",\"item\":\"https:\\\/\\\/balufy.com\\\/es\\\/shop\\\/\"},{\"@type\":\"ListItem\",\"position\":3,\"name\":\"Can Eduardo\"}]},{\"@type\":\"WebSite\",\"@id\":\"https:\\\/\\\/balufy.com\\\/es\\\/#website\",\"url\":\"https:\\\/\\\/balufy.com\\\/es\\\/\",\"name\":\"Balufy - Taste of experience\",\"description\":\"Balufy\",\"publisher\":{\"@id\":\"https:\\\/\\\/balufy.com\\\/es\\\/#organization\"},\"potentialAction\":[{\"@type\":\"SearchAction\",\"target\":{\"@type\":\"EntryPoint\",\"urlTemplate\":\"https:\\\/\\\/balufy.com\\\/es\\\/?s={search_term_string}\"},\"query-input\":{\"@type\":\"PropertyValueSpecification\",\"valueRequired\":true,\"valueName\":\"search_term_string\"}}],\"inLanguage\":\"en-GB\"},{\"@type\":\"Organization\",\"@id\":\"https:\\\/\\\/balufy.com\\\/es\\\/#organization\",\"name\":\"Balufy\",\"url\":\"https:\\\/\\\/balufy.com\\\/es\\\/\",\"logo\":{\"@type\":\"ImageObject\",\"inLanguage\":\"en-GB\",\"@id\":\"https:\\\/\\\/balufy.com\\\/es\\\/#\\\/schema\\\/logo\\\/image\\\/\",\"url\":\"https:\\\/\\\/balufy.com\\\/wp-content\\\/uploads\\\/2022\\\/06\\\/LOGO_PNG.png\",\"contentUrl\":\"https:\\\/\\\/balufy.com\\\/wp-content\\\/uploads\\\/2022\\\/06\\\/LOGO_PNG.png\",\"width\":1366,\"height\":768,\"caption\":\"Balufy\"},\"image\":{\"@id\":\"https:\\\/\\\/balufy.com\\\/es\\\/#\\\/schema\\\/logo\\\/image\\\/\"},\"sameAs\":[\"https:\\\/\\\/www.facebook.com\\\/Balufy-102705001596047\",\"https:\\\/\\\/www.instagram.com\\\/balufy_oficial\\\/\"]}]}<\/script>\n<!-- \/ Yoast SEO plugin. -->","yoast_head_json":{"title":"Can Eduardo - Balufy","robots":{"index":"index","follow":"follow","max-snippet":"max-snippet:-1","max-image-preview":"max-image-preview:large","max-video-preview":"max-video-preview:-1"},"canonical":"https:\/\/balufy.com\/en\/product\/can-eduardo\/","og_locale":"en_GB","og_type":"article","og_title":"Can Eduardo - Balufy","og_description":"NUESTRA HISTORIA \u00daLTIMA EXPERIENCIA GASTRON\u00d3MICA COMO NING\u00daN OTRO Con una tradici\u00f3n de 75 a\u00f1os, Ca n\u00b4 Eduardo se encuentra en el paseo mar\u00edtimo, junto al mar, con unas vistas inmejorables a la Catedral y la bah\u00eda de Palma. Nuestra especialidad es el pescado fresco y el marisco, que se traen directamente de las salas de [&hellip;]","og_url":"https:\/\/balufy.com\/en\/product\/can-eduardo\/","og_site_name":"Balufy","article_publisher":"https:\/\/www.facebook.com\/Balufy-102705001596047","article_modified_time":"2025-04-02T15:38:21+00:00","twitter_card":"summary_large_image","twitter_misc":{"Estimated reading time":"1 minute"},"schema":{"@context":"https:\/\/schema.org","@graph":[{"@type":"WebPage","@id":"https:\/\/balufy.com\/es\/producto\/can-eduardo\/","url":"https:\/\/balufy.com\/es\/producto\/can-eduardo\/","name":"Can Eduardo - Balufy","isPartOf":{"@id":"https:\/\/balufy.com\/es\/#website"},"datePublished":"2021-08-29T12:21:12+00:00","dateModified":"2025-04-02T15:38:21+00:00","breadcrumb":{"@id":"https:\/\/balufy.com\/es\/producto\/can-eduardo\/#breadcrumb"},"inLanguage":"en-GB","potentialAction":[{"@type":"ReadAction","target":["https:\/\/balufy.com\/es\/producto\/can-eduardo\/"]}]},{"@type":"BreadcrumbList","@id":"https:\/\/balufy.com\/es\/producto\/can-eduardo\/#breadcrumb","itemListElement":[{"@type":"ListItem","position":1,"name":"Portada","item":"https:\/\/balufy.com\/"},{"@type":"ListItem","position":2,"name":"Shop","item":"https:\/\/balufy.com\/es\/shop\/"},{"@type":"ListItem","position":3,"name":"Can Eduardo"}]},{"@type":"WebSite","@id":"https:\/\/balufy.com\/es\/#website","url":"https:\/\/balufy.com\/es\/","name":"Balufy - Taste of experience","description":"Balufy","publisher":{"@id":"https:\/\/balufy.com\/es\/#organization"},"potentialAction":[{"@type":"SearchAction","target":{"@type":"EntryPoint","urlTemplate":"https:\/\/balufy.com\/es\/?s={search_term_string}"},"query-input":{"@type":"PropertyValueSpecification","valueRequired":true,"valueName":"search_term_string"}}],"inLanguage":"en-GB"},{"@type":"Organization","@id":"https:\/\/balufy.com\/es\/#organization","name":"Balufy","url":"https:\/\/balufy.com\/es\/","logo":{"@type":"ImageObject","inLanguage":"en-GB","@id":"https:\/\/balufy.com\/es\/#\/schema\/logo\/image\/","url":"https:\/\/balufy.com\/wp-content\/uploads\/2022\/06\/LOGO_PNG.png","contentUrl":"https:\/\/balufy.com\/wp-content\/uploads\/2022\/06\/LOGO_PNG.png","width":1366,"height":768,"caption":"Balufy"},"image":{"@id":"https:\/\/balufy.com\/es\/#\/schema\/logo\/image\/"},"sameAs":["https:\/\/www.facebook.com\/Balufy-102705001596047","https:\/\/www.instagram.com\/balufy_oficial\/"]}]}},"_links":{"self":[{"href":"https:\/\/balufy.com\/en\/wp-json\/wp\/v2\/product\/1629","targetHints":{"allow":["GET"]}}],"collection":[{"href":"https:\/\/balufy.com\/en\/wp-json\/wp\/v2\/product"}],"about":[{"href":"https:\/\/balufy.com\/en\/wp-json\/wp\/v2\/types\/product"}],"version-history":[{"count":0,"href":"https:\/\/balufy.com\/en\/wp-json\/wp\/v2\/product\/1629\/revisions"}],"wp:attachment":[{"href":"https:\/\/balufy.com\/en\/wp-json\/wp\/v2\/media?parent=1629"}],"wp:term":[{"taxonomy":"product_brand","embeddable":true,"href":"https:\/\/balufy.com\/en\/wp-json\/wp\/v2\/product_brand?post=1629"},{"taxonomy":"product_cat","embeddable":true,"href":"https:\/\/balufy.com\/en\/wp-json\/wp\/v2\/product_cat?post=1629"},{"taxonomy":"product_tag","embeddable":true,"href":"https:\/\/balufy.com\/en\/wp-json\/wp\/v2\/product_tag?post=1629"}],"curies":[{"name":"wp","href":"https:\/\/api.w.org\/{rel}","templated":true}]}}