{"id":1725,"date":"2021-08-31T08:46:12","date_gmt":"2021-08-31T06:46:12","guid":{"rendered":"https:\/\/alquileres.pulsoweb.es\/product\/princess-72\/"},"modified":"2022-09-23T14:52:23","modified_gmt":"2022-09-23T12:52:23","slug":"princess-72","status":"publish","type":"product","link":"https:\/\/balufy.com\/en\/product\/princess-72\/","title":{"rendered":"Princess 72"},"content":{"rendered":"<p><strong>The best holidays of your life start here ...<\/strong><br \/>\nWe are proud to offer our <strong>Princess 72<\/strong> 2014 for rent from the beautiful Cala d'or in Mallorca, where the sun always shines!<\/p>\n<p>The boat has 4 cabins and a crew cabin for our skipper and staff. The boat is equipped with the latest electronics and upholstery after being refitted in late 2018, including fin stabilisers, Williams Sportjet 395 2018 tender and Seabob 2018.<\/p>\n<p>The boat can comfortably sleep 8 and has room for 12 on board during the day. The combination of the beautiful and spacious sundecks, our attentive staff and Mallorca's stunning scenery and climate will ensure that you and your family have the best holiday of your life.<\/p>\n<p>Non-stop fun or breathtaking relaxation - the choice is yours!<\/p>\n<p><strong>Specification<\/strong><br \/>\nLOA: 22.35 m \/ 73 ft 3 in.<br \/>\nBeam: 5.49 m \/ 18 ft<br \/>\nDraft: 1.68 m \/ 5 ft 6 in.<br \/>\nEngines: 2 x Caterpillar 1800Hp<br \/>\nCruising speed: 20 knots<br \/>\nMaximum speed: 34 knots<br \/>\nExtras<\/p>\n<p>Fin stabilisation Air conditioning<br \/>\nComplete professional kitchen<br \/>\nTV everywhere<br \/>\nHigh\/low bathing platform.<br \/>\nPortuguese arch<br \/>\nBimini<br \/>\nFixed and freestanding sun loungers<br \/>\nTenders and toys<br \/>\nWilliams Sportjet 395 tender<br \/>\nSeabob<br \/>\nSnorkelling<br \/>\nPaddle surfing<br \/>\nFishing on request<br \/>\nDiving on request<\/p>\n<p><strong>What is included<\/strong> Mooring in Cala d'Or Mallorca Professional captain and crew<\/p>\n<p><strong> What is not included<\/strong> Fuel - Alcoholic beverages - Food - Berthing charges outside Cala d'Or<\/p>","protected":false},"excerpt":{"rendered":"<p>Las mejores vacaciones de tu vida comienzan aqu\u00ed &#8230; Estamos orgullosos de ofrecer nuestro Princess 72 2014 en alquiler desde la hermosa Cala d&#8217;or en Mallorca, \u00a1donde el sol siempre brilla! El barco cuenta con 4 camarotes y un camarote de tripulaci\u00f3n para nuestro patr\u00f3n y personal. El barco est\u00e1 equipado con lo \u00faltimo en [&hellip;]<\/p>","protected":false},"featured_media":0,"template":"","meta":[],"product_brand":[],"product_cat":[20],"product_tag":[],"class_list":{"0":"post-1725","1":"product","2":"type-product","3":"status-publish","5":"product_cat-listeo-booking","7":"first","8":"instock","9":"virtual","10":"sold-individually","11":"purchasable","12":"product-type-listing_booking"},"yoast_head":"<!-- This site is optimized with the Yoast SEO plugin v27.3 - https:\/\/yoast.com\/product\/yoast-seo-wordpress\/ -->\n<title>Princess 72 - Balufy - The taste of Experience<\/title>\n<meta name=\"robots\" content=\"index, follow, max-snippet:-1, max-image-preview:large, max-video-preview:-1\" \/>\n<link rel=\"canonical\" href=\"https:\/\/balufy.com\/en\/product\/princess-72\/\" \/>\n<meta property=\"og:locale\" content=\"en_GB\" \/>\n<meta property=\"og:type\" content=\"article\" \/>\n<meta property=\"og:title\" content=\"Princess 72 - Balufy - The taste of Experience\" \/>\n<meta property=\"og:description\" content=\"Las mejores vacaciones de tu vida comienzan aqu\u00ed &#8230; Estamos orgullosos de ofrecer nuestro Princess 72 2014 en alquiler desde la hermosa Cala d&#8217;or en Mallorca, \u00a1donde el sol siempre brilla! El barco cuenta con 4 camarotes y un camarote de tripulaci\u00f3n para nuestro patr\u00f3n y personal. El barco est\u00e1 equipado con lo \u00faltimo en [&hellip;]\" \/>\n<meta property=\"og:url\" content=\"https:\/\/balufy.com\/en\/product\/princess-72\/\" \/>\n<meta property=\"og:site_name\" content=\"Balufy - The taste of Experience\" \/>\n<meta property=\"article:publisher\" content=\"https:\/\/www.facebook.com\/Balufy-102705001596047\" \/>\n<meta property=\"article:modified_time\" content=\"2022-09-23T12:52:23+00:00\" \/>\n<meta name=\"twitter:card\" content=\"summary_large_image\" \/>\n<meta name=\"twitter:label1\" content=\"Estimated reading time\" \/>\n\t<meta name=\"twitter:data1\" content=\"1 minute\" \/>\n<script type=\"application\/ld+json\" class=\"yoast-schema-graph\">{\"@context\":\"https:\\\/\\\/schema.org\",\"@graph\":[{\"@type\":\"WebPage\",\"@id\":\"https:\\\/\\\/balufy.com\\\/de\\\/produkt\\\/prinzessin-72\\\/\",\"url\":\"https:\\\/\\\/balufy.com\\\/de\\\/produkt\\\/prinzessin-72\\\/\",\"name\":\"Princess 72 - Balufy - The taste of Experience\",\"isPartOf\":{\"@id\":\"https:\\\/\\\/balufy.com\\\/es\\\/#website\"},\"datePublished\":\"2021-08-31T06:46:12+00:00\",\"dateModified\":\"2022-09-23T12:52:23+00:00\",\"breadcrumb\":{\"@id\":\"https:\\\/\\\/balufy.com\\\/de\\\/produkt\\\/prinzessin-72\\\/#breadcrumb\"},\"inLanguage\":\"en-GB\",\"potentialAction\":[{\"@type\":\"ReadAction\",\"target\":[\"https:\\\/\\\/balufy.com\\\/de\\\/produkt\\\/prinzessin-72\\\/\"]}]},{\"@type\":\"BreadcrumbList\",\"@id\":\"https:\\\/\\\/balufy.com\\\/de\\\/produkt\\\/prinzessin-72\\\/#breadcrumb\",\"itemListElement\":[{\"@type\":\"ListItem\",\"position\":1,\"name\":\"Portada\",\"item\":\"https:\\\/\\\/balufy.com\\\/\"},{\"@type\":\"ListItem\",\"position\":2,\"name\":\"Shop\",\"item\":\"https:\\\/\\\/balufy.com\\\/es\\\/shop\\\/\"},{\"@type\":\"ListItem\",\"position\":3,\"name\":\"Princess 72\"}]},{\"@type\":\"WebSite\",\"@id\":\"https:\\\/\\\/balufy.com\\\/es\\\/#website\",\"url\":\"https:\\\/\\\/balufy.com\\\/es\\\/\",\"name\":\"Balufy - Taste of experience\",\"description\":\"Balufy\",\"publisher\":{\"@id\":\"https:\\\/\\\/balufy.com\\\/es\\\/#organization\"},\"potentialAction\":[{\"@type\":\"SearchAction\",\"target\":{\"@type\":\"EntryPoint\",\"urlTemplate\":\"https:\\\/\\\/balufy.com\\\/es\\\/?s={search_term_string}\"},\"query-input\":{\"@type\":\"PropertyValueSpecification\",\"valueRequired\":true,\"valueName\":\"search_term_string\"}}],\"inLanguage\":\"en-GB\"},{\"@type\":\"Organization\",\"@id\":\"https:\\\/\\\/balufy.com\\\/es\\\/#organization\",\"name\":\"Balufy\",\"url\":\"https:\\\/\\\/balufy.com\\\/es\\\/\",\"logo\":{\"@type\":\"ImageObject\",\"inLanguage\":\"en-GB\",\"@id\":\"https:\\\/\\\/balufy.com\\\/es\\\/#\\\/schema\\\/logo\\\/image\\\/\",\"url\":\"https:\\\/\\\/balufy.com\\\/wp-content\\\/uploads\\\/2022\\\/06\\\/LOGO_PNG.png\",\"contentUrl\":\"https:\\\/\\\/balufy.com\\\/wp-content\\\/uploads\\\/2022\\\/06\\\/LOGO_PNG.png\",\"width\":1366,\"height\":768,\"caption\":\"Balufy\"},\"image\":{\"@id\":\"https:\\\/\\\/balufy.com\\\/es\\\/#\\\/schema\\\/logo\\\/image\\\/\"},\"sameAs\":[\"https:\\\/\\\/www.facebook.com\\\/Balufy-102705001596047\",\"https:\\\/\\\/www.instagram.com\\\/balufy_oficial\\\/\"]}]}<\/script>\n<!-- \/ Yoast SEO plugin. -->","yoast_head_json":{"title":"Princess 72 - Balufy - The taste of Experience","robots":{"index":"index","follow":"follow","max-snippet":"max-snippet:-1","max-image-preview":"max-image-preview:large","max-video-preview":"max-video-preview:-1"},"canonical":"https:\/\/balufy.com\/en\/product\/princess-72\/","og_locale":"en_GB","og_type":"article","og_title":"Princess 72 - Balufy - The taste of Experience","og_description":"Las mejores vacaciones de tu vida comienzan aqu\u00ed &#8230; Estamos orgullosos de ofrecer nuestro Princess 72 2014 en alquiler desde la hermosa Cala d&#8217;or en Mallorca, \u00a1donde el sol siempre brilla! El barco cuenta con 4 camarotes y un camarote de tripulaci\u00f3n para nuestro patr\u00f3n y personal. El barco est\u00e1 equipado con lo \u00faltimo en [&hellip;]","og_url":"https:\/\/balufy.com\/en\/product\/princess-72\/","og_site_name":"Balufy - The taste of Experience","article_publisher":"https:\/\/www.facebook.com\/Balufy-102705001596047","article_modified_time":"2022-09-23T12:52:23+00:00","twitter_card":"summary_large_image","twitter_misc":{"Estimated reading time":"1 minute"},"schema":{"@context":"https:\/\/schema.org","@graph":[{"@type":"WebPage","@id":"https:\/\/balufy.com\/de\/produkt\/prinzessin-72\/","url":"https:\/\/balufy.com\/de\/produkt\/prinzessin-72\/","name":"Princess 72 - Balufy - The taste of Experience","isPartOf":{"@id":"https:\/\/balufy.com\/es\/#website"},"datePublished":"2021-08-31T06:46:12+00:00","dateModified":"2022-09-23T12:52:23+00:00","breadcrumb":{"@id":"https:\/\/balufy.com\/de\/produkt\/prinzessin-72\/#breadcrumb"},"inLanguage":"en-GB","potentialAction":[{"@type":"ReadAction","target":["https:\/\/balufy.com\/de\/produkt\/prinzessin-72\/"]}]},{"@type":"BreadcrumbList","@id":"https:\/\/balufy.com\/de\/produkt\/prinzessin-72\/#breadcrumb","itemListElement":[{"@type":"ListItem","position":1,"name":"Portada","item":"https:\/\/balufy.com\/"},{"@type":"ListItem","position":2,"name":"Shop","item":"https:\/\/balufy.com\/es\/shop\/"},{"@type":"ListItem","position":3,"name":"Princess 72"}]},{"@type":"WebSite","@id":"https:\/\/balufy.com\/es\/#website","url":"https:\/\/balufy.com\/es\/","name":"Balufy - Taste of experience","description":"Balufy","publisher":{"@id":"https:\/\/balufy.com\/es\/#organization"},"potentialAction":[{"@type":"SearchAction","target":{"@type":"EntryPoint","urlTemplate":"https:\/\/balufy.com\/es\/?s={search_term_string}"},"query-input":{"@type":"PropertyValueSpecification","valueRequired":true,"valueName":"search_term_string"}}],"inLanguage":"en-GB"},{"@type":"Organization","@id":"https:\/\/balufy.com\/es\/#organization","name":"Balufy","url":"https:\/\/balufy.com\/es\/","logo":{"@type":"ImageObject","inLanguage":"en-GB","@id":"https:\/\/balufy.com\/es\/#\/schema\/logo\/image\/","url":"https:\/\/balufy.com\/wp-content\/uploads\/2022\/06\/LOGO_PNG.png","contentUrl":"https:\/\/balufy.com\/wp-content\/uploads\/2022\/06\/LOGO_PNG.png","width":1366,"height":768,"caption":"Balufy"},"image":{"@id":"https:\/\/balufy.com\/es\/#\/schema\/logo\/image\/"},"sameAs":["https:\/\/www.facebook.com\/Balufy-102705001596047","https:\/\/www.instagram.com\/balufy_oficial\/"]}]}},"_links":{"self":[{"href":"https:\/\/balufy.com\/en\/wp-json\/wp\/v2\/product\/1725","targetHints":{"allow":["GET"]}}],"collection":[{"href":"https:\/\/balufy.com\/en\/wp-json\/wp\/v2\/product"}],"about":[{"href":"https:\/\/balufy.com\/en\/wp-json\/wp\/v2\/types\/product"}],"version-history":[{"count":0,"href":"https:\/\/balufy.com\/en\/wp-json\/wp\/v2\/product\/1725\/revisions"}],"wp:attachment":[{"href":"https:\/\/balufy.com\/en\/wp-json\/wp\/v2\/media?parent=1725"}],"wp:term":[{"taxonomy":"product_brand","embeddable":true,"href":"https:\/\/balufy.com\/en\/wp-json\/wp\/v2\/product_brand?post=1725"},{"taxonomy":"product_cat","embeddable":true,"href":"https:\/\/balufy.com\/en\/wp-json\/wp\/v2\/product_cat?post=1725"},{"taxonomy":"product_tag","embeddable":true,"href":"https:\/\/balufy.com\/en\/wp-json\/wp\/v2\/product_tag?post=1725"}],"curies":[{"name":"wp","href":"https:\/\/api.w.org\/{rel}","templated":true}]}}