{"id":1754,"date":"2021-08-31T09:33:25","date_gmt":"2021-08-31T07:33:25","guid":{"rendered":"https:\/\/alquileres.pulsoweb.es\/product\/villa-los-biutres-bon-aire\/"},"modified":"2025-04-02T16:53:46","modified_gmt":"2025-04-02T14:53:46","slug":"villa-los-biutres-bon-aire","status":"publish","type":"product","link":"https:\/\/balufy.com\/en\/product\/villa-los-biutres-bon-aire\/","title":{"rendered":"Villa Bon Aire"},"content":{"rendered":"<p>The villa in Alcudia has 9 bedrooms and capacity for 20 people.<br \/>\nAccommodation of 2,900 m\u00b2.<br \/>\nThe accommodation is equipped with the following things: garden, garden furniture, fenced plot, terrace, barbecue, fireplace, iron, internet (wifi), hair dryer, balcony, tennis court, gym, sauna, jacuzzi, spa, central heating, air conditioning, private swimming pool, private heated swimming pool, garage (16 seats) in the same building, tv, satellite (Languages: Spanish, English, German).<br \/>\nIn the induction independent kitchen, refrigerator, microwave, oven, freezer, washing machine, dryer, dishwasher, dishes\/cutlery, kitchen utensils, coffee machine, deep fryer, toaster, kettle and juicer are provided.<\/p>\n<p>Pet allowed: yes<br \/>\nSmoking allowed: no<\/p>\n<p>&nbsp;<\/p>\n<p>Once you have finalised your accommodation booking, you can book a wide range of personalised premium services to enhance your stay, such as:<\/p>\n<p>Airport transport<\/p>\n<p>In-house staff<\/p>\n<p>Home delivery of groceries<\/p>\n<p>In-house chef and catering<\/p>\n<p>Helicopter, jets, private yachts<\/p>\n<p>Private guided tour<\/p>\n<p>Personal trainers<\/p>\n<p>Beauty and wellness therapists<\/p>","protected":false},"excerpt":{"rendered":"<p>La villa en Alc\u00fadia posee 9 dormitorio(s) y capacidad para 20 personas. Alojamiento de 2.900 m\u00b2. Dispone de jard\u00edn, mobiliario jard\u00edn, parcela vallada, terraza, barbacoa, chimenea, plancha, acceso\u00a0internet (wifi), secador, balc\u00f3n, pista de tenis, gimnasio, sauna, jacuzzi, spa, calefacci\u00f3n\u00a0central, aire\u00a0acondicionado, piscina privada, piscina climatizada privada, garaje (16 plazas) en mismo edificio, Televisi\u00f3n, sat\u00e9lite (Idiomas: Espa\u00f1ol, [&hellip;]<\/p>","protected":false},"featured_media":0,"template":"","meta":[],"product_brand":[],"product_cat":[20],"product_tag":[],"class_list":{"0":"post-1754","1":"product","2":"type-product","3":"status-publish","5":"product_cat-listeo-booking","7":"first","8":"instock","9":"virtual","10":"sold-individually","11":"purchasable","12":"product-type-listing_booking"},"yoast_head":"<!-- This site is optimized with the Yoast SEO plugin v27.3 - https:\/\/yoast.com\/product\/yoast-seo-wordpress\/ -->\n<title>Villa Bon Aire - Balufy - The taste of Experience<\/title>\n<meta name=\"robots\" content=\"index, follow, max-snippet:-1, max-image-preview:large, max-video-preview:-1\" \/>\n<link rel=\"canonical\" href=\"https:\/\/balufy.com\/en\/product\/villa-los-biutres-bon-aire\/\" \/>\n<meta property=\"og:locale\" content=\"en_GB\" \/>\n<meta property=\"og:type\" content=\"article\" \/>\n<meta property=\"og:title\" content=\"Villa Bon Aire - Balufy - The taste of Experience\" \/>\n<meta property=\"og:description\" content=\"La villa en Alc\u00fadia posee 9 dormitorio(s) y capacidad para 20 personas. Alojamiento de 2.900 m\u00b2. Dispone de jard\u00edn, mobiliario jard\u00edn, parcela vallada, terraza, barbacoa, chimenea, plancha, acceso\u00a0internet (wifi), secador, balc\u00f3n, pista de tenis, gimnasio, sauna, jacuzzi, spa, calefacci\u00f3n\u00a0central, aire\u00a0acondicionado, piscina privada, piscina climatizada privada, garaje (16 plazas) en mismo edificio, Televisi\u00f3n, sat\u00e9lite (Idiomas: Espa\u00f1ol, [&hellip;]\" \/>\n<meta property=\"og:url\" content=\"https:\/\/balufy.com\/en\/product\/villa-los-biutres-bon-aire\/\" \/>\n<meta property=\"og:site_name\" content=\"Balufy - The taste of Experience\" \/>\n<meta property=\"article:publisher\" content=\"https:\/\/www.facebook.com\/Balufy-102705001596047\" \/>\n<meta property=\"article:modified_time\" content=\"2025-04-02T14:53:46+00:00\" \/>\n<meta name=\"twitter:card\" content=\"summary_large_image\" \/>\n<meta name=\"twitter:label1\" content=\"Estimated reading time\" \/>\n\t<meta name=\"twitter:data1\" content=\"1 minute\" \/>\n<script type=\"application\/ld+json\" class=\"yoast-schema-graph\">{\"@context\":\"https:\\\/\\\/schema.org\",\"@graph\":[{\"@type\":\"WebPage\",\"@id\":\"https:\\\/\\\/balufy.com\\\/en\\\/product\\\/villa-los-biutres-bon-aire\\\/\",\"url\":\"https:\\\/\\\/balufy.com\\\/en\\\/product\\\/villa-los-biutres-bon-aire\\\/\",\"name\":\"Villa Bon Aire - Balufy - The taste of Experience\",\"isPartOf\":{\"@id\":\"https:\\\/\\\/balufy.com\\\/es\\\/#website\"},\"datePublished\":\"2021-08-31T07:33:25+00:00\",\"dateModified\":\"2025-04-02T14:53:46+00:00\",\"breadcrumb\":{\"@id\":\"https:\\\/\\\/balufy.com\\\/en\\\/product\\\/villa-los-biutres-bon-aire\\\/#breadcrumb\"},\"inLanguage\":\"en-GB\",\"potentialAction\":[{\"@type\":\"ReadAction\",\"target\":[\"https:\\\/\\\/balufy.com\\\/en\\\/product\\\/villa-los-biutres-bon-aire\\\/\"]}]},{\"@type\":\"BreadcrumbList\",\"@id\":\"https:\\\/\\\/balufy.com\\\/en\\\/product\\\/villa-los-biutres-bon-aire\\\/#breadcrumb\",\"itemListElement\":[{\"@type\":\"ListItem\",\"position\":1,\"name\":\"Portada\",\"item\":\"https:\\\/\\\/balufy.com\\\/\"},{\"@type\":\"ListItem\",\"position\":2,\"name\":\"Shop\",\"item\":\"https:\\\/\\\/balufy.com\\\/es\\\/shop\\\/\"},{\"@type\":\"ListItem\",\"position\":3,\"name\":\"Villa Bon Aire\"}]},{\"@type\":\"WebSite\",\"@id\":\"https:\\\/\\\/balufy.com\\\/es\\\/#website\",\"url\":\"https:\\\/\\\/balufy.com\\\/es\\\/\",\"name\":\"Balufy - Taste of experience\",\"description\":\"Balufy\",\"publisher\":{\"@id\":\"https:\\\/\\\/balufy.com\\\/es\\\/#organization\"},\"potentialAction\":[{\"@type\":\"SearchAction\",\"target\":{\"@type\":\"EntryPoint\",\"urlTemplate\":\"https:\\\/\\\/balufy.com\\\/es\\\/?s={search_term_string}\"},\"query-input\":{\"@type\":\"PropertyValueSpecification\",\"valueRequired\":true,\"valueName\":\"search_term_string\"}}],\"inLanguage\":\"en-GB\"},{\"@type\":\"Organization\",\"@id\":\"https:\\\/\\\/balufy.com\\\/es\\\/#organization\",\"name\":\"Balufy\",\"url\":\"https:\\\/\\\/balufy.com\\\/es\\\/\",\"logo\":{\"@type\":\"ImageObject\",\"inLanguage\":\"en-GB\",\"@id\":\"https:\\\/\\\/balufy.com\\\/es\\\/#\\\/schema\\\/logo\\\/image\\\/\",\"url\":\"https:\\\/\\\/balufy.com\\\/wp-content\\\/uploads\\\/2022\\\/06\\\/LOGO_PNG.png\",\"contentUrl\":\"https:\\\/\\\/balufy.com\\\/wp-content\\\/uploads\\\/2022\\\/06\\\/LOGO_PNG.png\",\"width\":1366,\"height\":768,\"caption\":\"Balufy\"},\"image\":{\"@id\":\"https:\\\/\\\/balufy.com\\\/es\\\/#\\\/schema\\\/logo\\\/image\\\/\"},\"sameAs\":[\"https:\\\/\\\/www.facebook.com\\\/Balufy-102705001596047\",\"https:\\\/\\\/www.instagram.com\\\/balufy_oficial\\\/\"]}]}<\/script>\n<!-- \/ Yoast SEO plugin. -->","yoast_head_json":{"title":"Villa Bon Aire - Balufy - The taste of Experience","robots":{"index":"index","follow":"follow","max-snippet":"max-snippet:-1","max-image-preview":"max-image-preview:large","max-video-preview":"max-video-preview:-1"},"canonical":"https:\/\/balufy.com\/en\/product\/villa-los-biutres-bon-aire\/","og_locale":"en_GB","og_type":"article","og_title":"Villa Bon Aire - Balufy - The taste of Experience","og_description":"La villa en Alc\u00fadia posee 9 dormitorio(s) y capacidad para 20 personas. Alojamiento de 2.900 m\u00b2. Dispone de jard\u00edn, mobiliario jard\u00edn, parcela vallada, terraza, barbacoa, chimenea, plancha, acceso\u00a0internet (wifi), secador, balc\u00f3n, pista de tenis, gimnasio, sauna, jacuzzi, spa, calefacci\u00f3n\u00a0central, aire\u00a0acondicionado, piscina privada, piscina climatizada privada, garaje (16 plazas) en mismo edificio, Televisi\u00f3n, sat\u00e9lite (Idiomas: Espa\u00f1ol, [&hellip;]","og_url":"https:\/\/balufy.com\/en\/product\/villa-los-biutres-bon-aire\/","og_site_name":"Balufy - The taste of Experience","article_publisher":"https:\/\/www.facebook.com\/Balufy-102705001596047","article_modified_time":"2025-04-02T14:53:46+00:00","twitter_card":"summary_large_image","twitter_misc":{"Estimated reading time":"1 minute"},"schema":{"@context":"https:\/\/schema.org","@graph":[{"@type":"WebPage","@id":"https:\/\/balufy.com\/en\/product\/villa-los-biutres-bon-aire\/","url":"https:\/\/balufy.com\/en\/product\/villa-los-biutres-bon-aire\/","name":"Villa Bon Aire - Balufy - The taste of Experience","isPartOf":{"@id":"https:\/\/balufy.com\/es\/#website"},"datePublished":"2021-08-31T07:33:25+00:00","dateModified":"2025-04-02T14:53:46+00:00","breadcrumb":{"@id":"https:\/\/balufy.com\/en\/product\/villa-los-biutres-bon-aire\/#breadcrumb"},"inLanguage":"en-GB","potentialAction":[{"@type":"ReadAction","target":["https:\/\/balufy.com\/en\/product\/villa-los-biutres-bon-aire\/"]}]},{"@type":"BreadcrumbList","@id":"https:\/\/balufy.com\/en\/product\/villa-los-biutres-bon-aire\/#breadcrumb","itemListElement":[{"@type":"ListItem","position":1,"name":"Portada","item":"https:\/\/balufy.com\/"},{"@type":"ListItem","position":2,"name":"Shop","item":"https:\/\/balufy.com\/es\/shop\/"},{"@type":"ListItem","position":3,"name":"Villa Bon Aire"}]},{"@type":"WebSite","@id":"https:\/\/balufy.com\/es\/#website","url":"https:\/\/balufy.com\/es\/","name":"Balufy - Taste of experience","description":"Balufy","publisher":{"@id":"https:\/\/balufy.com\/es\/#organization"},"potentialAction":[{"@type":"SearchAction","target":{"@type":"EntryPoint","urlTemplate":"https:\/\/balufy.com\/es\/?s={search_term_string}"},"query-input":{"@type":"PropertyValueSpecification","valueRequired":true,"valueName":"search_term_string"}}],"inLanguage":"en-GB"},{"@type":"Organization","@id":"https:\/\/balufy.com\/es\/#organization","name":"Balufy","url":"https:\/\/balufy.com\/es\/","logo":{"@type":"ImageObject","inLanguage":"en-GB","@id":"https:\/\/balufy.com\/es\/#\/schema\/logo\/image\/","url":"https:\/\/balufy.com\/wp-content\/uploads\/2022\/06\/LOGO_PNG.png","contentUrl":"https:\/\/balufy.com\/wp-content\/uploads\/2022\/06\/LOGO_PNG.png","width":1366,"height":768,"caption":"Balufy"},"image":{"@id":"https:\/\/balufy.com\/es\/#\/schema\/logo\/image\/"},"sameAs":["https:\/\/www.facebook.com\/Balufy-102705001596047","https:\/\/www.instagram.com\/balufy_oficial\/"]}]}},"_links":{"self":[{"href":"https:\/\/balufy.com\/en\/wp-json\/wp\/v2\/product\/1754","targetHints":{"allow":["GET"]}}],"collection":[{"href":"https:\/\/balufy.com\/en\/wp-json\/wp\/v2\/product"}],"about":[{"href":"https:\/\/balufy.com\/en\/wp-json\/wp\/v2\/types\/product"}],"version-history":[{"count":0,"href":"https:\/\/balufy.com\/en\/wp-json\/wp\/v2\/product\/1754\/revisions"}],"wp:attachment":[{"href":"https:\/\/balufy.com\/en\/wp-json\/wp\/v2\/media?parent=1754"}],"wp:term":[{"taxonomy":"product_brand","embeddable":true,"href":"https:\/\/balufy.com\/en\/wp-json\/wp\/v2\/product_brand?post=1754"},{"taxonomy":"product_cat","embeddable":true,"href":"https:\/\/balufy.com\/en\/wp-json\/wp\/v2\/product_cat?post=1754"},{"taxonomy":"product_tag","embeddable":true,"href":"https:\/\/balufy.com\/en\/wp-json\/wp\/v2\/product_tag?post=1754"}],"curies":[{"name":"wp","href":"https:\/\/api.w.org\/{rel}","templated":true}]}}