{"id":1963,"date":"2021-09-05T09:57:04","date_gmt":"2021-09-05T07:57:04","guid":{"rendered":"https:\/\/balufy.com\/product\/balneario-illetas-beach-club\/"},"modified":"2025-04-02T17:24:49","modified_gmt":"2025-04-02T15:24:49","slug":"balneario-illetas-beach-club","status":"publish","type":"product","link":"https:\/\/balufy.com\/en\/product\/balneario-illetas-beach-club\/","title":{"rendered":"Balneario Illetas - Beach Club"},"content":{"rendered":"<p><strong>A LEISURE EXPERIENCE IN MALLORCA<\/strong><br \/>\nA place with a history that continues to add reasons to fall in love<\/p>\n<p>Born in the 1950s, with an original project by the architect Francisco Casas Llompart, Balneario Illetas has been able to reinvent itself year after year, adapting to the new times and maintaining its essence.<\/p>\n<p>The space has all the ingredients you need to enjoy a unique day by the sea. From breakfast or brunch by the beach, healthy baths in its crystal clear waters, lunch with the ones you love the most or a special dinner watching the lights of the bay of Palma, all surrounded by pine trees and sand. That place is Balneario Illetas, a meeting place for tourists and residents looking for a pleasant place to relax and enjoy all it has to offer.<\/p>\n<p><strong>RESTAURANT IN ILLETAS WITH SEA VIEWS<\/strong><br \/>\nBalneario Illetas: gastronomic corners that really appeal to you<br \/>\nA complete wellness experience, attentive service and quality products are some of the hallmarks that distinguish Balneario Illetas.<\/p>\n<p><strong>BEACH CLUB IN MALLORCA<\/strong><br \/>\nBalneario Illetas, a setting where you can enjoy unique surroundings<br \/>\nSummer by the sea is perfect and so is Balneario Illetas; an essential place to enjoy an unforgettable summer.<\/p>\n<p><strong>EVENTS AT OUR BEACH CLUB IN MALLORCA<\/strong><br \/>\nAn unforgettable event deserves a unique space<br \/>\nA team of professionals with extensive experience in turning events into unforgettable moments.<\/p>","protected":false},"excerpt":{"rendered":"<p>UNA EXPERIENCIA DE OCIO EN MALLORCA Un lugar con historia que sigue sumando razones para enamorar Nacido en la d\u00e9cada de los 50, con un proyecto original del arquitecto Francisco Casas Llompart, Balneario Illetas, ha sabido reinventarse a\u00f1o tras a\u00f1o, adapt\u00e1ndose a los nuevos tiempos y manteniendo su esencia. El espacio cuenta con todos los [&hellip;]<\/p>","protected":false},"featured_media":0,"template":"","meta":[],"product_brand":[],"product_cat":[20],"product_tag":[],"class_list":{"0":"post-1963","1":"product","2":"type-product","3":"status-publish","5":"product_cat-listeo-booking","7":"first","8":"instock","9":"virtual","10":"sold-individually","11":"purchasable","12":"product-type-listing_booking"},"yoast_head":"<!-- This site is optimized with the Yoast SEO plugin v27.3 - https:\/\/yoast.com\/product\/yoast-seo-wordpress\/ -->\n<title>Balneario Illetas - Beach Club - Balufy - The taste of Experience<\/title>\n<meta name=\"robots\" content=\"index, follow, max-snippet:-1, max-image-preview:large, max-video-preview:-1\" \/>\n<link rel=\"canonical\" href=\"https:\/\/balufy.com\/en\/product\/balneario-illetas-beach-club\/\" \/>\n<meta property=\"og:locale\" content=\"en_GB\" \/>\n<meta property=\"og:type\" content=\"article\" \/>\n<meta property=\"og:title\" content=\"Balneario Illetas - Beach Club - Balufy - The taste of Experience\" \/>\n<meta property=\"og:description\" content=\"UNA EXPERIENCIA DE OCIO EN MALLORCA Un lugar con historia que sigue sumando razones para enamorar Nacido en la d\u00e9cada de los 50, con un proyecto original del arquitecto Francisco Casas Llompart, Balneario Illetas, ha sabido reinventarse a\u00f1o tras a\u00f1o, adapt\u00e1ndose a los nuevos tiempos y manteniendo su esencia. El espacio cuenta con todos los [&hellip;]\" \/>\n<meta property=\"og:url\" content=\"https:\/\/balufy.com\/en\/product\/balneario-illetas-beach-club\/\" \/>\n<meta property=\"og:site_name\" content=\"Balufy - The taste of Experience\" \/>\n<meta property=\"article:publisher\" content=\"https:\/\/www.facebook.com\/Balufy-102705001596047\" \/>\n<meta property=\"article:modified_time\" content=\"2025-04-02T15:24:49+00:00\" \/>\n<meta name=\"twitter:card\" content=\"summary_large_image\" \/>\n<meta name=\"twitter:label1\" content=\"Estimated reading time\" \/>\n\t<meta name=\"twitter:data1\" content=\"1 minute\" \/>\n<script type=\"application\/ld+json\" class=\"yoast-schema-graph\">{\"@context\":\"https:\\\/\\\/schema.org\",\"@graph\":[{\"@type\":\"WebPage\",\"@id\":\"https:\\\/\\\/balufy.com\\\/en\\\/product\\\/balneario-illetas-beach-club\\\/\",\"url\":\"https:\\\/\\\/balufy.com\\\/en\\\/product\\\/balneario-illetas-beach-club\\\/\",\"name\":\"Balneario Illetas - Beach Club - Balufy - The taste of Experience\",\"isPartOf\":{\"@id\":\"https:\\\/\\\/balufy.com\\\/es\\\/#website\"},\"datePublished\":\"2021-09-05T07:57:04+00:00\",\"dateModified\":\"2025-04-02T15:24:49+00:00\",\"breadcrumb\":{\"@id\":\"https:\\\/\\\/balufy.com\\\/en\\\/product\\\/balneario-illetas-beach-club\\\/#breadcrumb\"},\"inLanguage\":\"en-GB\",\"potentialAction\":[{\"@type\":\"ReadAction\",\"target\":[\"https:\\\/\\\/balufy.com\\\/en\\\/product\\\/balneario-illetas-beach-club\\\/\"]}]},{\"@type\":\"BreadcrumbList\",\"@id\":\"https:\\\/\\\/balufy.com\\\/en\\\/product\\\/balneario-illetas-beach-club\\\/#breadcrumb\",\"itemListElement\":[{\"@type\":\"ListItem\",\"position\":1,\"name\":\"Portada\",\"item\":\"https:\\\/\\\/balufy.com\\\/\"},{\"@type\":\"ListItem\",\"position\":2,\"name\":\"Shop\",\"item\":\"https:\\\/\\\/balufy.com\\\/es\\\/shop\\\/\"},{\"@type\":\"ListItem\",\"position\":3,\"name\":\"Balneario Illetas &#8211; Beach Club\"}]},{\"@type\":\"WebSite\",\"@id\":\"https:\\\/\\\/balufy.com\\\/es\\\/#website\",\"url\":\"https:\\\/\\\/balufy.com\\\/es\\\/\",\"name\":\"Balufy - Taste of experience\",\"description\":\"Balufy\",\"publisher\":{\"@id\":\"https:\\\/\\\/balufy.com\\\/es\\\/#organization\"},\"potentialAction\":[{\"@type\":\"SearchAction\",\"target\":{\"@type\":\"EntryPoint\",\"urlTemplate\":\"https:\\\/\\\/balufy.com\\\/es\\\/?s={search_term_string}\"},\"query-input\":{\"@type\":\"PropertyValueSpecification\",\"valueRequired\":true,\"valueName\":\"search_term_string\"}}],\"inLanguage\":\"en-GB\"},{\"@type\":\"Organization\",\"@id\":\"https:\\\/\\\/balufy.com\\\/es\\\/#organization\",\"name\":\"Balufy\",\"url\":\"https:\\\/\\\/balufy.com\\\/es\\\/\",\"logo\":{\"@type\":\"ImageObject\",\"inLanguage\":\"en-GB\",\"@id\":\"https:\\\/\\\/balufy.com\\\/es\\\/#\\\/schema\\\/logo\\\/image\\\/\",\"url\":\"https:\\\/\\\/balufy.com\\\/wp-content\\\/uploads\\\/2022\\\/06\\\/LOGO_PNG.png\",\"contentUrl\":\"https:\\\/\\\/balufy.com\\\/wp-content\\\/uploads\\\/2022\\\/06\\\/LOGO_PNG.png\",\"width\":1366,\"height\":768,\"caption\":\"Balufy\"},\"image\":{\"@id\":\"https:\\\/\\\/balufy.com\\\/es\\\/#\\\/schema\\\/logo\\\/image\\\/\"},\"sameAs\":[\"https:\\\/\\\/www.facebook.com\\\/Balufy-102705001596047\",\"https:\\\/\\\/www.instagram.com\\\/balufy_oficial\\\/\"]}]}<\/script>\n<!-- \/ Yoast SEO plugin. -->","yoast_head_json":{"title":"Balneario Illetas - Beach Club - Balufy - The taste of Experience","robots":{"index":"index","follow":"follow","max-snippet":"max-snippet:-1","max-image-preview":"max-image-preview:large","max-video-preview":"max-video-preview:-1"},"canonical":"https:\/\/balufy.com\/en\/product\/balneario-illetas-beach-club\/","og_locale":"en_GB","og_type":"article","og_title":"Balneario Illetas - Beach Club - Balufy - The taste of Experience","og_description":"UNA EXPERIENCIA DE OCIO EN MALLORCA Un lugar con historia que sigue sumando razones para enamorar Nacido en la d\u00e9cada de los 50, con un proyecto original del arquitecto Francisco Casas Llompart, Balneario Illetas, ha sabido reinventarse a\u00f1o tras a\u00f1o, adapt\u00e1ndose a los nuevos tiempos y manteniendo su esencia. El espacio cuenta con todos los [&hellip;]","og_url":"https:\/\/balufy.com\/en\/product\/balneario-illetas-beach-club\/","og_site_name":"Balufy - The taste of Experience","article_publisher":"https:\/\/www.facebook.com\/Balufy-102705001596047","article_modified_time":"2025-04-02T15:24:49+00:00","twitter_card":"summary_large_image","twitter_misc":{"Estimated reading time":"1 minute"},"schema":{"@context":"https:\/\/schema.org","@graph":[{"@type":"WebPage","@id":"https:\/\/balufy.com\/en\/product\/balneario-illetas-beach-club\/","url":"https:\/\/balufy.com\/en\/product\/balneario-illetas-beach-club\/","name":"Balneario Illetas - Beach Club - Balufy - The taste of Experience","isPartOf":{"@id":"https:\/\/balufy.com\/es\/#website"},"datePublished":"2021-09-05T07:57:04+00:00","dateModified":"2025-04-02T15:24:49+00:00","breadcrumb":{"@id":"https:\/\/balufy.com\/en\/product\/balneario-illetas-beach-club\/#breadcrumb"},"inLanguage":"en-GB","potentialAction":[{"@type":"ReadAction","target":["https:\/\/balufy.com\/en\/product\/balneario-illetas-beach-club\/"]}]},{"@type":"BreadcrumbList","@id":"https:\/\/balufy.com\/en\/product\/balneario-illetas-beach-club\/#breadcrumb","itemListElement":[{"@type":"ListItem","position":1,"name":"Portada","item":"https:\/\/balufy.com\/"},{"@type":"ListItem","position":2,"name":"Shop","item":"https:\/\/balufy.com\/es\/shop\/"},{"@type":"ListItem","position":3,"name":"Balneario Illetas &#8211; Beach Club"}]},{"@type":"WebSite","@id":"https:\/\/balufy.com\/es\/#website","url":"https:\/\/balufy.com\/es\/","name":"Balufy - Taste of experience","description":"Balufy","publisher":{"@id":"https:\/\/balufy.com\/es\/#organization"},"potentialAction":[{"@type":"SearchAction","target":{"@type":"EntryPoint","urlTemplate":"https:\/\/balufy.com\/es\/?s={search_term_string}"},"query-input":{"@type":"PropertyValueSpecification","valueRequired":true,"valueName":"search_term_string"}}],"inLanguage":"en-GB"},{"@type":"Organization","@id":"https:\/\/balufy.com\/es\/#organization","name":"Balufy","url":"https:\/\/balufy.com\/es\/","logo":{"@type":"ImageObject","inLanguage":"en-GB","@id":"https:\/\/balufy.com\/es\/#\/schema\/logo\/image\/","url":"https:\/\/balufy.com\/wp-content\/uploads\/2022\/06\/LOGO_PNG.png","contentUrl":"https:\/\/balufy.com\/wp-content\/uploads\/2022\/06\/LOGO_PNG.png","width":1366,"height":768,"caption":"Balufy"},"image":{"@id":"https:\/\/balufy.com\/es\/#\/schema\/logo\/image\/"},"sameAs":["https:\/\/www.facebook.com\/Balufy-102705001596047","https:\/\/www.instagram.com\/balufy_oficial\/"]}]}},"_links":{"self":[{"href":"https:\/\/balufy.com\/en\/wp-json\/wp\/v2\/product\/1963","targetHints":{"allow":["GET"]}}],"collection":[{"href":"https:\/\/balufy.com\/en\/wp-json\/wp\/v2\/product"}],"about":[{"href":"https:\/\/balufy.com\/en\/wp-json\/wp\/v2\/types\/product"}],"version-history":[{"count":0,"href":"https:\/\/balufy.com\/en\/wp-json\/wp\/v2\/product\/1963\/revisions"}],"wp:attachment":[{"href":"https:\/\/balufy.com\/en\/wp-json\/wp\/v2\/media?parent=1963"}],"wp:term":[{"taxonomy":"product_brand","embeddable":true,"href":"https:\/\/balufy.com\/en\/wp-json\/wp\/v2\/product_brand?post=1963"},{"taxonomy":"product_cat","embeddable":true,"href":"https:\/\/balufy.com\/en\/wp-json\/wp\/v2\/product_cat?post=1963"},{"taxonomy":"product_tag","embeddable":true,"href":"https:\/\/balufy.com\/en\/wp-json\/wp\/v2\/product_tag?post=1963"}],"curies":[{"name":"wp","href":"https:\/\/api.w.org\/{rel}","templated":true}]}}