{"id":2627,"date":"2022-09-23T20:04:45","date_gmt":"2022-09-23T18:04:45","guid":{"rendered":"https:\/\/balufy.com\/product\/can-bou-petit-finca-mallorquina\/"},"modified":"2025-07-01T16:12:45","modified_gmt":"2025-07-01T14:12:45","slug":"can-bou-petit-finca-mallorquina","status":"publish","type":"product","link":"https:\/\/balufy.com\/en\/product\/can-bou-petit-finca-mallorquina\/","title":{"rendered":"Ca'n bou petit Mallorcan country estate"},"content":{"rendered":"<p>5 DOUBLE ROOMS FOR 10 PEOPLE. POSSIBILITY FOR UP TO 2 MORE PEOPLE WITH 2 OPTIONAL SINGLE ROOMS NOT INCLUDED IN THE ORIGINAL PRICE. ESPECIALLY FOR LARGE FAMILIES OR LARGE GROUPS. ASK THE OWNER FOR AVAILABILITY AND ADDITIONAL PRICES. RENT SATURDAY TO SATURDAY IN JUNE, JULY, AUGUST AND SEPTEMBER.<\/p>\n<p>With a new interior decoration, new beds, new sofas and completely renovated furniture, Ca'n Bou Petit is located only 4 km from Puerto Pollen\u00e7a, 6 km from Cala San Vicente and 2 km from the town of Pollen\u00e7a. There are a few places to visit. In the north there is a pretty village with white sandy beaches to visit and swim. In Pollen\u00e7a there is a golf course at 4 km and another one at 12 km. If you prefer water sports, in Puerto Pollen\u00e7a there is a sailing school and boat and sail hire. There are also excursions that explore the beautiful beaches and coves in the area. These tours are highly recommended. If you want to dive, there are few dive centres. Whether in the town of Pollen\u00e7a, Puerto Pollensa or Cala San Vicente, there are very good restaurants to eat, so fresh fish from the bay or grilled meat. The owners are happy to recommend some if you wish. The owners speak English (a little). 50 metres away, we have another villa for 6 people (REF: El reconet de n'Aina 448 266) which is ideal for large families who may need more rooms.<\/p>\n<p>We also have another villa only one kilometre away from ca'n bou petit, name CA NA POLIDA for 6 persons REF: 1067882<\/p>\n<p>Very quiet and good neighbours: ideal house for large families or groups of friends.<\/p>\n<p>Totally closed to vehicular traffic.<\/p>\n<p>There are ceiling fans in all rooms, air conditioning.<\/p>\n<p>Very quiet and with good neighbours. No annoying activity around.<\/p>\n<p>Arrival package on request (different packages): Cleaning (midweek and weekly) inc. cot andh \/ chair on request. Satellite TV with USB. M \/ wave. W \/ machine. D \/ washing machine. F \/ freezer. Garden and terrace with furniture. Sun loungers. Built-in barbecue. Pool table. Ample parking. Private swimming pool (9. 5m x 4. 5m; depth 1m - 2m). Fresh water<\/p>\n<p>Distance to Pollen\u00e7a 2 km<\/p>\n<p>Puerto Pollen\u00e7a beach 6 km<\/p>\n<p>Nearest facilities 2 km<\/p>\n<p><strong>Cancellation policies<\/strong><\/p>\n<p>You will be refunded 100 % of the amount paid if you cancel at least 60 days prior to check-in.<br \/>\nYou will be refunded 50 % of the amount paid (excluding service fee) if you cancel at least 30 days prior to check-in.<br \/>\nNo refund if you cancel less than 30 days before arrival.<\/p>","protected":false},"excerpt":{"rendered":"<p>5 HABITACIONES DOBLES PARA 10 PERSONAS. POSIBILIDAD HASTA 2 PERSONAS M\u00c1S CON 2 HABITACIONES INDIVIDUALES OPCIONALES NO INCLUIDAS EN EL PRECIO ORIGINAL. ESPECIAL PARA FAMILIAS NUMEROSAS O GRUPOS GRANDES. PREGUNTE AL PROPIETARIO DISPONIBILIDAD Y PRECIOS ADICIONALES. ALQUILER S\u00c1BADO A S\u00c1BADO EN JUNIO, JULIO, AGOSTO Y SEPTEMBRE. Con una nueva decoraci\u00f3n interior, con camas nuevas, sof\u00e1s [&hellip;]<\/p>","protected":false},"featured_media":0,"template":"","meta":[],"product_brand":[],"product_cat":[20],"product_tag":[],"class_list":{"0":"post-2627","1":"product","2":"type-product","3":"status-publish","5":"product_cat-listeo-booking","7":"first","8":"instock","9":"virtual","10":"sold-individually","11":"purchasable","12":"product-type-listing_booking"},"yoast_head":"<!-- This site is optimized with the Yoast SEO plugin v27.3 - https:\/\/yoast.com\/product\/yoast-seo-wordpress\/ -->\n<title>Ca&#039;n bou petit Finca mallorquina - Balufy - The taste of Experience<\/title>\n<meta name=\"robots\" content=\"index, follow, max-snippet:-1, max-image-preview:large, max-video-preview:-1\" \/>\n<link rel=\"canonical\" href=\"https:\/\/balufy.com\/en\/product\/can-bou-petit-finca-mallorquina\/\" \/>\n<meta property=\"og:locale\" content=\"en_GB\" \/>\n<meta property=\"og:type\" content=\"article\" \/>\n<meta property=\"og:title\" content=\"Ca&#039;n bou petit Finca mallorquina - Balufy - The taste of Experience\" \/>\n<meta property=\"og:description\" content=\"5 HABITACIONES DOBLES PARA 10 PERSONAS. POSIBILIDAD HASTA 2 PERSONAS M\u00c1S CON 2 HABITACIONES INDIVIDUALES OPCIONALES NO INCLUIDAS EN EL PRECIO ORIGINAL. ESPECIAL PARA FAMILIAS NUMEROSAS O GRUPOS GRANDES. PREGUNTE AL PROPIETARIO DISPONIBILIDAD Y PRECIOS ADICIONALES. ALQUILER S\u00c1BADO A S\u00c1BADO EN JUNIO, JULIO, AGOSTO Y SEPTEMBRE. Con una nueva decoraci\u00f3n interior, con camas nuevas, sof\u00e1s [&hellip;]\" \/>\n<meta property=\"og:url\" content=\"https:\/\/balufy.com\/en\/product\/can-bou-petit-finca-mallorquina\/\" \/>\n<meta property=\"og:site_name\" content=\"Balufy - The taste of Experience\" \/>\n<meta property=\"article:publisher\" content=\"https:\/\/www.facebook.com\/Balufy-102705001596047\" \/>\n<meta property=\"article:modified_time\" content=\"2025-07-01T14:12:45+00:00\" \/>\n<meta name=\"twitter:card\" content=\"summary_large_image\" \/>\n<meta name=\"twitter:label1\" content=\"Estimated reading time\" \/>\n\t<meta name=\"twitter:data1\" content=\"2 minutes\" \/>\n<script type=\"application\/ld+json\" class=\"yoast-schema-graph\">{\"@context\":\"https:\\\/\\\/schema.org\",\"@graph\":[{\"@type\":\"WebPage\",\"@id\":\"https:\\\/\\\/balufy.com\\\/en\\\/product\\\/can-bou-petit-finca-mallorquina\\\/\",\"url\":\"https:\\\/\\\/balufy.com\\\/en\\\/product\\\/can-bou-petit-finca-mallorquina\\\/\",\"name\":\"Ca'n bou petit Finca mallorquina - Balufy - The taste of Experience\",\"isPartOf\":{\"@id\":\"https:\\\/\\\/balufy.com\\\/es\\\/#website\"},\"datePublished\":\"2022-09-23T18:04:45+00:00\",\"dateModified\":\"2025-07-01T14:12:45+00:00\",\"breadcrumb\":{\"@id\":\"https:\\\/\\\/balufy.com\\\/en\\\/product\\\/can-bou-petit-finca-mallorquina\\\/#breadcrumb\"},\"inLanguage\":\"en-GB\",\"potentialAction\":[{\"@type\":\"ReadAction\",\"target\":[\"https:\\\/\\\/balufy.com\\\/en\\\/product\\\/can-bou-petit-finca-mallorquina\\\/\"]}]},{\"@type\":\"BreadcrumbList\",\"@id\":\"https:\\\/\\\/balufy.com\\\/en\\\/product\\\/can-bou-petit-finca-mallorquina\\\/#breadcrumb\",\"itemListElement\":[{\"@type\":\"ListItem\",\"position\":1,\"name\":\"Portada\",\"item\":\"https:\\\/\\\/balufy.com\\\/\"},{\"@type\":\"ListItem\",\"position\":2,\"name\":\"Shop\",\"item\":\"https:\\\/\\\/balufy.com\\\/es\\\/shop\\\/\"},{\"@type\":\"ListItem\",\"position\":3,\"name\":\"Ca&#8217;n bou petit Finca mallorquina\"}]},{\"@type\":\"WebSite\",\"@id\":\"https:\\\/\\\/balufy.com\\\/es\\\/#website\",\"url\":\"https:\\\/\\\/balufy.com\\\/es\\\/\",\"name\":\"Balufy - Taste of experience\",\"description\":\"Balufy\",\"publisher\":{\"@id\":\"https:\\\/\\\/balufy.com\\\/es\\\/#organization\"},\"potentialAction\":[{\"@type\":\"SearchAction\",\"target\":{\"@type\":\"EntryPoint\",\"urlTemplate\":\"https:\\\/\\\/balufy.com\\\/es\\\/?s={search_term_string}\"},\"query-input\":{\"@type\":\"PropertyValueSpecification\",\"valueRequired\":true,\"valueName\":\"search_term_string\"}}],\"inLanguage\":\"en-GB\"},{\"@type\":\"Organization\",\"@id\":\"https:\\\/\\\/balufy.com\\\/es\\\/#organization\",\"name\":\"Balufy\",\"url\":\"https:\\\/\\\/balufy.com\\\/es\\\/\",\"logo\":{\"@type\":\"ImageObject\",\"inLanguage\":\"en-GB\",\"@id\":\"https:\\\/\\\/balufy.com\\\/es\\\/#\\\/schema\\\/logo\\\/image\\\/\",\"url\":\"https:\\\/\\\/balufy.com\\\/wp-content\\\/uploads\\\/2022\\\/06\\\/LOGO_PNG.png\",\"contentUrl\":\"https:\\\/\\\/balufy.com\\\/wp-content\\\/uploads\\\/2022\\\/06\\\/LOGO_PNG.png\",\"width\":1366,\"height\":768,\"caption\":\"Balufy\"},\"image\":{\"@id\":\"https:\\\/\\\/balufy.com\\\/es\\\/#\\\/schema\\\/logo\\\/image\\\/\"},\"sameAs\":[\"https:\\\/\\\/www.facebook.com\\\/Balufy-102705001596047\",\"https:\\\/\\\/www.instagram.com\\\/balufy_oficial\\\/\"]}]}<\/script>\n<!-- \/ Yoast SEO plugin. -->","yoast_head_json":{"title":"Ca'n bou petit Mallorcan Finca - Balufy - The taste of Experience","robots":{"index":"index","follow":"follow","max-snippet":"max-snippet:-1","max-image-preview":"max-image-preview:large","max-video-preview":"max-video-preview:-1"},"canonical":"https:\/\/balufy.com\/en\/product\/can-bou-petit-finca-mallorquina\/","og_locale":"en_GB","og_type":"article","og_title":"Ca'n bou petit Finca mallorquina - Balufy - The taste of Experience","og_description":"5 HABITACIONES DOBLES PARA 10 PERSONAS. POSIBILIDAD HASTA 2 PERSONAS M\u00c1S CON 2 HABITACIONES INDIVIDUALES OPCIONALES NO INCLUIDAS EN EL PRECIO ORIGINAL. ESPECIAL PARA FAMILIAS NUMEROSAS O GRUPOS GRANDES. PREGUNTE AL PROPIETARIO DISPONIBILIDAD Y PRECIOS ADICIONALES. ALQUILER S\u00c1BADO A S\u00c1BADO EN JUNIO, JULIO, AGOSTO Y SEPTEMBRE. Con una nueva decoraci\u00f3n interior, con camas nuevas, sof\u00e1s [&hellip;]","og_url":"https:\/\/balufy.com\/en\/product\/can-bou-petit-finca-mallorquina\/","og_site_name":"Balufy - The taste of Experience","article_publisher":"https:\/\/www.facebook.com\/Balufy-102705001596047","article_modified_time":"2025-07-01T14:12:45+00:00","twitter_card":"summary_large_image","twitter_misc":{"Estimated reading time":"2 minutes"},"schema":{"@context":"https:\/\/schema.org","@graph":[{"@type":"WebPage","@id":"https:\/\/balufy.com\/en\/product\/can-bou-petit-finca-mallorquina\/","url":"https:\/\/balufy.com\/en\/product\/can-bou-petit-finca-mallorquina\/","name":"Ca'n bou petit Mallorcan Finca - Balufy - The taste of Experience","isPartOf":{"@id":"https:\/\/balufy.com\/es\/#website"},"datePublished":"2022-09-23T18:04:45+00:00","dateModified":"2025-07-01T14:12:45+00:00","breadcrumb":{"@id":"https:\/\/balufy.com\/en\/product\/can-bou-petit-finca-mallorquina\/#breadcrumb"},"inLanguage":"en-GB","potentialAction":[{"@type":"ReadAction","target":["https:\/\/balufy.com\/en\/product\/can-bou-petit-finca-mallorquina\/"]}]},{"@type":"BreadcrumbList","@id":"https:\/\/balufy.com\/en\/product\/can-bou-petit-finca-mallorquina\/#breadcrumb","itemListElement":[{"@type":"ListItem","position":1,"name":"Portada","item":"https:\/\/balufy.com\/"},{"@type":"ListItem","position":2,"name":"Shop","item":"https:\/\/balufy.com\/es\/shop\/"},{"@type":"ListItem","position":3,"name":"Ca&#8217;n bou petit Finca mallorquina"}]},{"@type":"WebSite","@id":"https:\/\/balufy.com\/es\/#website","url":"https:\/\/balufy.com\/es\/","name":"Balufy - Taste of experience","description":"Balufy","publisher":{"@id":"https:\/\/balufy.com\/es\/#organization"},"potentialAction":[{"@type":"SearchAction","target":{"@type":"EntryPoint","urlTemplate":"https:\/\/balufy.com\/es\/?s={search_term_string}"},"query-input":{"@type":"PropertyValueSpecification","valueRequired":true,"valueName":"search_term_string"}}],"inLanguage":"en-GB"},{"@type":"Organization","@id":"https:\/\/balufy.com\/es\/#organization","name":"Balufy","url":"https:\/\/balufy.com\/es\/","logo":{"@type":"ImageObject","inLanguage":"en-GB","@id":"https:\/\/balufy.com\/es\/#\/schema\/logo\/image\/","url":"https:\/\/balufy.com\/wp-content\/uploads\/2022\/06\/LOGO_PNG.png","contentUrl":"https:\/\/balufy.com\/wp-content\/uploads\/2022\/06\/LOGO_PNG.png","width":1366,"height":768,"caption":"Balufy"},"image":{"@id":"https:\/\/balufy.com\/es\/#\/schema\/logo\/image\/"},"sameAs":["https:\/\/www.facebook.com\/Balufy-102705001596047","https:\/\/www.instagram.com\/balufy_oficial\/"]}]}},"_links":{"self":[{"href":"https:\/\/balufy.com\/en\/wp-json\/wp\/v2\/product\/2627","targetHints":{"allow":["GET"]}}],"collection":[{"href":"https:\/\/balufy.com\/en\/wp-json\/wp\/v2\/product"}],"about":[{"href":"https:\/\/balufy.com\/en\/wp-json\/wp\/v2\/types\/product"}],"version-history":[{"count":0,"href":"https:\/\/balufy.com\/en\/wp-json\/wp\/v2\/product\/2627\/revisions"}],"wp:attachment":[{"href":"https:\/\/balufy.com\/en\/wp-json\/wp\/v2\/media?parent=2627"}],"wp:term":[{"taxonomy":"product_brand","embeddable":true,"href":"https:\/\/balufy.com\/en\/wp-json\/wp\/v2\/product_brand?post=2627"},{"taxonomy":"product_cat","embeddable":true,"href":"https:\/\/balufy.com\/en\/wp-json\/wp\/v2\/product_cat?post=2627"},{"taxonomy":"product_tag","embeddable":true,"href":"https:\/\/balufy.com\/en\/wp-json\/wp\/v2\/product_tag?post=2627"}],"curies":[{"name":"wp","href":"https:\/\/api.w.org\/{rel}","templated":true}]}}