{"id":2770,"date":"2024-04-11T17:53:17","date_gmt":"2024-04-11T15:53:17","guid":{"rendered":"https:\/\/balufy.com\/product\/lamborghini-huracan-spyder\/"},"modified":"2024-04-11T18:02:14","modified_gmt":"2024-04-11T16:02:14","slug":"lamborghini-huracan-spyder","status":"publish","type":"product","link":"https:\/\/balufy.com\/en\/product\/lamborghini-huracan-spyder\/","title":{"rendered":"LAMBORGHINI HURACAN SPYDER"},"content":{"rendered":"<p>Want to experience a thrilling and vibrant driving experience? Rent a Lamborghini Hurac\u00e1n Spyder and feel how speed and design go hand in hand.<\/p>\n<p>This open-top supercar combines elegant looks with spectacular performance. Its 610 hp V10 engine and acceleration from 0-100 km\/h in just 3.4 seconds will make you feel the speed and adrenaline rush like never before. Power, however, is not the only thing that makes the Lamborghini Hurac\u00e1n Spyder stand out. Its performance and aerodynamic design with aggressive lines give it a unique aesthetic that will become the centre of attention. And the retractable roof allows you to enjoy the winding mountain roads or your drive through the big city with an unparalleled sense of freedom.<\/p>\n<p><strong>An open-top supercar for a great experience<\/strong><br \/>\nWith the Lamborghini Hurac\u00e1n Spyder Convertible you will experience a driving experience like no other. Ready to feel an instant connection with the road? With its precise steering and sport suspension that offers an agile and stable ride, every corner becomes a unique opportunity to enjoy the exceptional handling and stability of this super sports car.<\/p>\n<p><strong>Our Lamborghini Hurac\u00e1n Spyder Rental Service<\/strong><br \/>\nRent a Lamborghini Hurac\u00e1n Spyder with <strong>BALUFY<\/strong> is a hassle-free, fast and convenient process. We work to offer the best service at attractive prices so that you can drive the latest innovations on the market. We guarantee the model we propose, although the internal components or engine power may vary. If this happens, we will send you all the specifications before confirming the reservation.<\/p>\n<p>Our offer includes mileage, insurance, daily rental and all additional payments except warranty. In addition, our Lamborghini Hurac\u00e1n Spyder rental service also includes the delivery of the vehicle to the address indicated and the possibility of returning it to another city, if required. All you need to rent a car is a valid driving licence and meet the minimum age and driving experience requirements.<\/p>\n<p>We offer you the most flexible prices on the market and special discounts for our regular customers. In addition, when renting a Lamborghini Hurac\u00e1n Spyder with <strong>BALUFY<\/strong>You will have access to our support service around the clock so that you can contact us whenever you need to.<\/p>\n<p>Our aim is for you to enjoy your car without any worries, that's why we make it easy for you to book your luxury vehicle through our website, email or WhatsApp. We don't charge commission and there are no hidden fees! You can check the terms and conditions of the rental contract here.<\/p>\n<p><strong>Your car wherever you want<\/strong><br \/>\nRent a Lamborghini Hurac\u00e1n Spyder with <strong>BALUFY<\/strong> no worries, we take care of everything. We will deliver the vehicle to the place and time of your choice, with all the specifications and guaranteeing total confidentiality. In addition, if necessary, you can return the car in another city without any problem. The rental process is simple, all you need is a driving licence, be 25 years old and have at least 2 years of driving experience, all you have to do is enjoy the road!<\/p>\n<p>Don't miss this opportunity to make your dreams come true. Rent a Lamborghini Hurac\u00e1n Spyder and live an unforgettable experience. Contact us and we will calculate the exact rental price.<\/p>\n<p><strong>Rental conditions<\/strong><br \/>\nIf you are thinking of renting with BALUFY you should know the conditions of our high-end car rental service to make sure you meet them before you can live an unforgettable experience on the road.<\/p>\n<p>Be 25 years old.<br \/>\nDriving licence with a minimum of 2 years in force.<br \/>\nYou must have a bank card.<br \/>\nWe accept different payment methods FIAT and CRYPTO.<br \/>\nCheck the location of the vehicle. Transfer not included in the price.<br \/>\nCheck the price of the transfer of the vehicle to your home, hotel or other locations.<br \/>\nPlease check the cancellation policy with the commercial agent.<br \/>\nWe reserve the right to provide the service.<br \/>\nIt is necessary to pay the rental fee and the deposit before the service is provided.<br \/>\nConsult discount for multiple days.<br \/>\nCheck the minimum number of days required for booking (depending on the season) with the sales agent.<\/p>\n<p>&nbsp;<\/p>","protected":false},"excerpt":{"rendered":"<p>\u00bfQuieres vivir una experiencia de conducci\u00f3n emocionante y vibrante? Alquila un Lamborghini Hurac\u00e1n Spyder y siente como la velocidad y el dise\u00f1o van de la mano. Este superdeportivo descapotable combina una apariencia elegante con un rendimiento espectacular. Su motor V10 de 610 caballos y una aceleraci\u00f3n de 0 a 100 km\/h en solo 3.4 segundos [&hellip;]<\/p>","protected":false},"featured_media":0,"template":"","meta":[],"product_brand":[],"product_cat":[20],"product_tag":[],"class_list":{"0":"post-2770","1":"product","2":"type-product","3":"status-publish","5":"product_cat-listeo-booking","7":"first","8":"instock","9":"virtual","10":"sold-individually","11":"purchasable","12":"product-type-listing_booking"},"yoast_head":"<!-- This site is optimized with the Yoast SEO plugin v27.3 - https:\/\/yoast.com\/product\/yoast-seo-wordpress\/ -->\n<title>LAMBORGHINI HURAC\u00c1N SPYDER - Balufy - The taste of Experience<\/title>\n<meta name=\"robots\" content=\"index, follow, max-snippet:-1, max-image-preview:large, max-video-preview:-1\" \/>\n<link rel=\"canonical\" href=\"https:\/\/balufy.com\/en\/product\/lamborghini-huracan-spyder\/\" \/>\n<meta property=\"og:locale\" content=\"en_GB\" \/>\n<meta property=\"og:type\" content=\"article\" \/>\n<meta property=\"og:title\" content=\"LAMBORGHINI HURAC\u00c1N SPYDER - Balufy - The taste of Experience\" \/>\n<meta property=\"og:description\" content=\"\u00bfQuieres vivir una experiencia de conducci\u00f3n emocionante y vibrante? Alquila un Lamborghini Hurac\u00e1n Spyder y siente como la velocidad y el dise\u00f1o van de la mano. Este superdeportivo descapotable combina una apariencia elegante con un rendimiento espectacular. Su motor V10 de 610 caballos y una aceleraci\u00f3n de 0 a 100 km\/h en solo 3.4 segundos [&hellip;]\" \/>\n<meta property=\"og:url\" content=\"https:\/\/balufy.com\/en\/product\/lamborghini-huracan-spyder\/\" \/>\n<meta property=\"og:site_name\" content=\"Balufy - The taste of Experience\" \/>\n<meta property=\"article:publisher\" content=\"https:\/\/www.facebook.com\/Balufy-102705001596047\" \/>\n<meta property=\"article:modified_time\" content=\"2024-04-11T16:02:14+00:00\" \/>\n<meta name=\"twitter:card\" content=\"summary_large_image\" \/>\n<meta name=\"twitter:label1\" content=\"Estimated reading time\" \/>\n\t<meta name=\"twitter:data1\" content=\"4 minutes\" \/>\n<script type=\"application\/ld+json\" class=\"yoast-schema-graph\">{\"@context\":\"https:\\\/\\\/schema.org\",\"@graph\":[{\"@type\":\"WebPage\",\"@id\":\"https:\\\/\\\/balufy.com\\\/en\\\/product\\\/lamborghini-huracan-spyder\\\/\",\"url\":\"https:\\\/\\\/balufy.com\\\/en\\\/product\\\/lamborghini-huracan-spyder\\\/\",\"name\":\"LAMBORGHINI HURAC\u00c1N SPYDER - Balufy - The taste of Experience\",\"isPartOf\":{\"@id\":\"https:\\\/\\\/balufy.com\\\/es\\\/#website\"},\"datePublished\":\"2024-04-11T15:53:17+00:00\",\"dateModified\":\"2024-04-11T16:02:14+00:00\",\"breadcrumb\":{\"@id\":\"https:\\\/\\\/balufy.com\\\/en\\\/product\\\/lamborghini-huracan-spyder\\\/#breadcrumb\"},\"inLanguage\":\"en-GB\",\"potentialAction\":[{\"@type\":\"ReadAction\",\"target\":[\"https:\\\/\\\/balufy.com\\\/en\\\/product\\\/lamborghini-huracan-spyder\\\/\"]}]},{\"@type\":\"BreadcrumbList\",\"@id\":\"https:\\\/\\\/balufy.com\\\/en\\\/product\\\/lamborghini-huracan-spyder\\\/#breadcrumb\",\"itemListElement\":[{\"@type\":\"ListItem\",\"position\":1,\"name\":\"Portada\",\"item\":\"https:\\\/\\\/balufy.com\\\/\"},{\"@type\":\"ListItem\",\"position\":2,\"name\":\"Shop\",\"item\":\"https:\\\/\\\/balufy.com\\\/es\\\/shop\\\/\"},{\"@type\":\"ListItem\",\"position\":3,\"name\":\"LAMBORGHINI HURAC\u00c1N SPYDER\"}]},{\"@type\":\"WebSite\",\"@id\":\"https:\\\/\\\/balufy.com\\\/es\\\/#website\",\"url\":\"https:\\\/\\\/balufy.com\\\/es\\\/\",\"name\":\"Balufy - Taste of experience\",\"description\":\"Balufy\",\"publisher\":{\"@id\":\"https:\\\/\\\/balufy.com\\\/es\\\/#organization\"},\"potentialAction\":[{\"@type\":\"SearchAction\",\"target\":{\"@type\":\"EntryPoint\",\"urlTemplate\":\"https:\\\/\\\/balufy.com\\\/es\\\/?s={search_term_string}\"},\"query-input\":{\"@type\":\"PropertyValueSpecification\",\"valueRequired\":true,\"valueName\":\"search_term_string\"}}],\"inLanguage\":\"en-GB\"},{\"@type\":\"Organization\",\"@id\":\"https:\\\/\\\/balufy.com\\\/es\\\/#organization\",\"name\":\"Balufy\",\"url\":\"https:\\\/\\\/balufy.com\\\/es\\\/\",\"logo\":{\"@type\":\"ImageObject\",\"inLanguage\":\"en-GB\",\"@id\":\"https:\\\/\\\/balufy.com\\\/es\\\/#\\\/schema\\\/logo\\\/image\\\/\",\"url\":\"https:\\\/\\\/balufy.com\\\/wp-content\\\/uploads\\\/2022\\\/06\\\/LOGO_PNG.png\",\"contentUrl\":\"https:\\\/\\\/balufy.com\\\/wp-content\\\/uploads\\\/2022\\\/06\\\/LOGO_PNG.png\",\"width\":1366,\"height\":768,\"caption\":\"Balufy\"},\"image\":{\"@id\":\"https:\\\/\\\/balufy.com\\\/es\\\/#\\\/schema\\\/logo\\\/image\\\/\"},\"sameAs\":[\"https:\\\/\\\/www.facebook.com\\\/Balufy-102705001596047\",\"https:\\\/\\\/www.instagram.com\\\/balufy_oficial\\\/\"]}]}<\/script>\n<!-- \/ Yoast SEO plugin. -->","yoast_head_json":{"title":"LAMBORGHINI HURACAN SPYDER - Balufy - The taste of Experience","robots":{"index":"index","follow":"follow","max-snippet":"max-snippet:-1","max-image-preview":"max-image-preview:large","max-video-preview":"max-video-preview:-1"},"canonical":"https:\/\/balufy.com\/en\/product\/lamborghini-huracan-spyder\/","og_locale":"en_GB","og_type":"article","og_title":"LAMBORGHINI HURAC\u00c1N SPYDER - Balufy - The taste of Experience","og_description":"\u00bfQuieres vivir una experiencia de conducci\u00f3n emocionante y vibrante? Alquila un Lamborghini Hurac\u00e1n Spyder y siente como la velocidad y el dise\u00f1o van de la mano. Este superdeportivo descapotable combina una apariencia elegante con un rendimiento espectacular. Su motor V10 de 610 caballos y una aceleraci\u00f3n de 0 a 100 km\/h en solo 3.4 segundos [&hellip;]","og_url":"https:\/\/balufy.com\/en\/product\/lamborghini-huracan-spyder\/","og_site_name":"Balufy - The taste of Experience","article_publisher":"https:\/\/www.facebook.com\/Balufy-102705001596047","article_modified_time":"2024-04-11T16:02:14+00:00","twitter_card":"summary_large_image","twitter_misc":{"Estimated reading time":"4 minutes"},"schema":{"@context":"https:\/\/schema.org","@graph":[{"@type":"WebPage","@id":"https:\/\/balufy.com\/en\/product\/lamborghini-huracan-spyder\/","url":"https:\/\/balufy.com\/en\/product\/lamborghini-huracan-spyder\/","name":"LAMBORGHINI HURACAN SPYDER - Balufy - The taste of Experience","isPartOf":{"@id":"https:\/\/balufy.com\/es\/#website"},"datePublished":"2024-04-11T15:53:17+00:00","dateModified":"2024-04-11T16:02:14+00:00","breadcrumb":{"@id":"https:\/\/balufy.com\/en\/product\/lamborghini-huracan-spyder\/#breadcrumb"},"inLanguage":"en-GB","potentialAction":[{"@type":"ReadAction","target":["https:\/\/balufy.com\/en\/product\/lamborghini-huracan-spyder\/"]}]},{"@type":"BreadcrumbList","@id":"https:\/\/balufy.com\/en\/product\/lamborghini-huracan-spyder\/#breadcrumb","itemListElement":[{"@type":"ListItem","position":1,"name":"Portada","item":"https:\/\/balufy.com\/"},{"@type":"ListItem","position":2,"name":"Shop","item":"https:\/\/balufy.com\/es\/shop\/"},{"@type":"ListItem","position":3,"name":"LAMBORGHINI HURAC\u00c1N SPYDER"}]},{"@type":"WebSite","@id":"https:\/\/balufy.com\/es\/#website","url":"https:\/\/balufy.com\/es\/","name":"Balufy - Taste of experience","description":"Balufy","publisher":{"@id":"https:\/\/balufy.com\/es\/#organization"},"potentialAction":[{"@type":"SearchAction","target":{"@type":"EntryPoint","urlTemplate":"https:\/\/balufy.com\/es\/?s={search_term_string}"},"query-input":{"@type":"PropertyValueSpecification","valueRequired":true,"valueName":"search_term_string"}}],"inLanguage":"en-GB"},{"@type":"Organization","@id":"https:\/\/balufy.com\/es\/#organization","name":"Balufy","url":"https:\/\/balufy.com\/es\/","logo":{"@type":"ImageObject","inLanguage":"en-GB","@id":"https:\/\/balufy.com\/es\/#\/schema\/logo\/image\/","url":"https:\/\/balufy.com\/wp-content\/uploads\/2022\/06\/LOGO_PNG.png","contentUrl":"https:\/\/balufy.com\/wp-content\/uploads\/2022\/06\/LOGO_PNG.png","width":1366,"height":768,"caption":"Balufy"},"image":{"@id":"https:\/\/balufy.com\/es\/#\/schema\/logo\/image\/"},"sameAs":["https:\/\/www.facebook.com\/Balufy-102705001596047","https:\/\/www.instagram.com\/balufy_oficial\/"]}]}},"_links":{"self":[{"href":"https:\/\/balufy.com\/en\/wp-json\/wp\/v2\/product\/2770","targetHints":{"allow":["GET"]}}],"collection":[{"href":"https:\/\/balufy.com\/en\/wp-json\/wp\/v2\/product"}],"about":[{"href":"https:\/\/balufy.com\/en\/wp-json\/wp\/v2\/types\/product"}],"version-history":[{"count":0,"href":"https:\/\/balufy.com\/en\/wp-json\/wp\/v2\/product\/2770\/revisions"}],"wp:attachment":[{"href":"https:\/\/balufy.com\/en\/wp-json\/wp\/v2\/media?parent=2770"}],"wp:term":[{"taxonomy":"product_brand","embeddable":true,"href":"https:\/\/balufy.com\/en\/wp-json\/wp\/v2\/product_brand?post=2770"},{"taxonomy":"product_cat","embeddable":true,"href":"https:\/\/balufy.com\/en\/wp-json\/wp\/v2\/product_cat?post=2770"},{"taxonomy":"product_tag","embeddable":true,"href":"https:\/\/balufy.com\/en\/wp-json\/wp\/v2\/product_tag?post=2770"}],"curies":[{"name":"wp","href":"https:\/\/api.w.org\/{rel}","templated":true}]}}