{"id":2777,"date":"2024-04-11T18:00:03","date_gmt":"2024-04-11T16:00:03","guid":{"rendered":"https:\/\/balufy.com\/product\/lamborghini-huracan-coupe\/"},"modified":"2024-04-11T18:02:16","modified_gmt":"2024-04-11T16:02:16","slug":"lamborghini-huracan-coupe","status":"publish","type":"product","link":"https:\/\/balufy.com\/en\/product\/lamborghini-huracan-coupe\/","title":{"rendered":"LAMBORGHINI HURACAN COUP\u00c9"},"content":{"rendered":"<p>Is one of your dreams to drive a Lamborghini? Now is your chance to make it come true. Rent a Lamborghini Hurac\u00e1n Coup\u00e9 and live the experience of driving a high-end supercar on dream roads.<\/p>\n<p>The Lamborghini Hurac\u00e1n Coup\u00e9 is powered by a 5.2-litre V10 engine that generates an incredible 610 horsepower. Accelerating from 0-100 km\/h in just 3.2 seconds, you'll feel the thrill of acceleration and speed in your own skin. The Lamborghini Hurac\u00e1n Coup\u00e9 stands out not only for its power but also for its elegant design and luxurious interior that will provide you with a pleasant and comfortable driving experience.<\/p>\n<p><strong>A supercar for a great experience<\/strong><br \/>\nReady to be the protagonist of an unforgettable experience? Feel the acceleration, speed and absolute control of the Lamborghini Hurac\u00e1n Coup\u00e9 as you drive on the open road or in the city.<br \/>\nEnjoy the elegance and exclusivity that only a Lamborghini can offer and don't miss the opportunity to feel the stability and quick response of this iconic Italian supercar.<\/p>\n<p><strong>Our Lamborghini Hurac\u00e1n Coup\u00e9 Rental Service<\/strong><br \/>\nRent a Lamborghini Hurac\u00e1n Coup\u00e9 with <strong>BALUFY<\/strong> and live the experience of a lifetime. We offer you a simple, fast and convenient process. We always guarantee the proposed model, even if the internal components or engine power may vary. Should any differences arise, we will send you the full specifications before confirming your booking.<\/p>\n<p>We strive to provide you with the best service at attractive prices so that you can enjoy the latest developments in the industry. Our offer includes mileage, insurance, daily rental and all necessary payments except warranty. In addition, our Lamborghini Hurac\u00e1n Coup\u00e9 rental service also provides you with the delivery of the vehicle to the address indicated and the option to return it to another city if you need to. Don't worry, all you need is a valid driving licence and to meet the minimum age and driving experience requirements.<\/p>\n<p>We want you to make the most of this experience, so we offer you the most flexible prices on the market and exclusive discounts for our regular customers. What's more, when you rent a Lamborghini Hurac\u00e1n Coup\u00e9 with<strong> BALUFY<\/strong>We want you to have a carefree experience, so we make it easy for you: you can book your luxury car online, via email or WhatsApp. We want you to have a carefree experience, so we make it easy for you: you can book your luxury car online, via email or WhatsApp, we don't charge commission or hidden fees! If you would like to check the terms and conditions of the rental contract, you can do so here.<\/p>\n<p><strong>Your car wherever you want<\/strong><br \/>\nDon't worry about the logistical details. Rent a Lamborghini Hurac\u00e1n Coup\u00e9 and we'll take care of everything. We'll deliver the vehicle to the place and time of your choice, making sure it meets all the specifications you need and maintaining complete confidentiality. You will also have the option to return the car in another city if necessary. To rent a car, all you need is a driving licence, a minimum age of 25 years and at least 2 years driving experience - all you have to do is get behind the wheel and enjoy the road!<\/p>\n<p>Don't miss this opportunity and make your dreams come true. Rent a Lamborghini Hurac\u00e1n Coup\u00e9 and live an unforgettable experience. Contact us and we will calculate the exact rental price.<\/p>\n<p><strong>Rental conditions<\/strong><br \/>\nIf you are thinking of renting with BALUFY you should know the conditions of our high-end car rental service to make sure you meet them before you can live an unforgettable experience on the road.<\/p>\n<p>Be 25 years old.<br \/>\nDriving licence with a minimum of 2 years in force.<br \/>\nYou must have a bank card.<br \/>\nWe accept different payment methods FIAT and CRYPTO.<br \/>\nCheck the location of the vehicle. Transfer not included in the price.<br \/>\nCheck the price of the transfer of the vehicle to your home, hotel or other locations.<br \/>\nPlease check the cancellation policy with the commercial agent.<br \/>\nWe reserve the right to provide the service.<br \/>\nIt is necessary to pay the rental fee and the deposit before the service is provided.<br \/>\nConsult discount for multiple days.<br \/>\nCheck the minimum number of days required for booking (depending on the season) with the sales agent.<\/p>","protected":false},"excerpt":{"rendered":"<p>\u00bfUno de tus sue\u00f1os es conducir un Lamborghini? Ahora es tu oportunidad de hacerlo realidad. Alquila un Lamborghini Hurac\u00e1n Coup\u00e9 y vive la experiencia de conducir un superdeportivo de alta gama por carreteras de ensue\u00f1o. El Lamborghini Hurac\u00e1n Coup\u00e9 cuenta con un motor V10 de 5.2 litros que genera una potencia incre\u00edble de 610 caballos [&hellip;]<\/p>","protected":false},"featured_media":0,"template":"","meta":[],"product_brand":[],"product_cat":[20],"product_tag":[],"class_list":{"0":"post-2777","1":"product","2":"type-product","3":"status-publish","5":"product_cat-listeo-booking","7":"first","8":"instock","9":"virtual","10":"sold-individually","11":"purchasable","12":"product-type-listing_booking"},"yoast_head":"<!-- This site is optimized with the Yoast SEO plugin v27.3 - https:\/\/yoast.com\/product\/yoast-seo-wordpress\/ -->\n<title>LAMBORGHINI HURAC\u00c1N COUP\u00c9 - Balufy - The taste of Experience<\/title>\n<meta name=\"robots\" content=\"index, follow, max-snippet:-1, max-image-preview:large, max-video-preview:-1\" \/>\n<link rel=\"canonical\" href=\"https:\/\/balufy.com\/en\/product\/lamborghini-huracan-coupe\/\" \/>\n<meta property=\"og:locale\" content=\"en_GB\" \/>\n<meta property=\"og:type\" content=\"article\" \/>\n<meta property=\"og:title\" content=\"LAMBORGHINI HURAC\u00c1N COUP\u00c9 - Balufy - The taste of Experience\" \/>\n<meta property=\"og:description\" content=\"\u00bfUno de tus sue\u00f1os es conducir un Lamborghini? Ahora es tu oportunidad de hacerlo realidad. Alquila un Lamborghini Hurac\u00e1n Coup\u00e9 y vive la experiencia de conducir un superdeportivo de alta gama por carreteras de ensue\u00f1o. El Lamborghini Hurac\u00e1n Coup\u00e9 cuenta con un motor V10 de 5.2 litros que genera una potencia incre\u00edble de 610 caballos [&hellip;]\" \/>\n<meta property=\"og:url\" content=\"https:\/\/balufy.com\/en\/product\/lamborghini-huracan-coupe\/\" \/>\n<meta property=\"og:site_name\" content=\"Balufy - The taste of Experience\" \/>\n<meta property=\"article:publisher\" content=\"https:\/\/www.facebook.com\/Balufy-102705001596047\" \/>\n<meta property=\"article:modified_time\" content=\"2024-04-11T16:02:16+00:00\" \/>\n<meta name=\"twitter:card\" content=\"summary_large_image\" \/>\n<meta name=\"twitter:label1\" content=\"Estimated reading time\" \/>\n\t<meta name=\"twitter:data1\" content=\"4 minutes\" \/>\n<script type=\"application\/ld+json\" class=\"yoast-schema-graph\">{\"@context\":\"https:\\\/\\\/schema.org\",\"@graph\":[{\"@type\":\"WebPage\",\"@id\":\"https:\\\/\\\/balufy.com\\\/en\\\/product\\\/lamborghini-huracan-coupe\\\/\",\"url\":\"https:\\\/\\\/balufy.com\\\/en\\\/product\\\/lamborghini-huracan-coupe\\\/\",\"name\":\"LAMBORGHINI HURAC\u00c1N COUP\u00c9 - Balufy - The taste of Experience\",\"isPartOf\":{\"@id\":\"https:\\\/\\\/balufy.com\\\/es\\\/#website\"},\"datePublished\":\"2024-04-11T16:00:03+00:00\",\"dateModified\":\"2024-04-11T16:02:16+00:00\",\"breadcrumb\":{\"@id\":\"https:\\\/\\\/balufy.com\\\/en\\\/product\\\/lamborghini-huracan-coupe\\\/#breadcrumb\"},\"inLanguage\":\"en-GB\",\"potentialAction\":[{\"@type\":\"ReadAction\",\"target\":[\"https:\\\/\\\/balufy.com\\\/en\\\/product\\\/lamborghini-huracan-coupe\\\/\"]}]},{\"@type\":\"BreadcrumbList\",\"@id\":\"https:\\\/\\\/balufy.com\\\/en\\\/product\\\/lamborghini-huracan-coupe\\\/#breadcrumb\",\"itemListElement\":[{\"@type\":\"ListItem\",\"position\":1,\"name\":\"Portada\",\"item\":\"https:\\\/\\\/balufy.com\\\/\"},{\"@type\":\"ListItem\",\"position\":2,\"name\":\"Shop\",\"item\":\"https:\\\/\\\/balufy.com\\\/es\\\/shop\\\/\"},{\"@type\":\"ListItem\",\"position\":3,\"name\":\"LAMBORGHINI HURAC\u00c1N COUP\u00c9\"}]},{\"@type\":\"WebSite\",\"@id\":\"https:\\\/\\\/balufy.com\\\/es\\\/#website\",\"url\":\"https:\\\/\\\/balufy.com\\\/es\\\/\",\"name\":\"Balufy - Taste of experience\",\"description\":\"Balufy\",\"publisher\":{\"@id\":\"https:\\\/\\\/balufy.com\\\/es\\\/#organization\"},\"potentialAction\":[{\"@type\":\"SearchAction\",\"target\":{\"@type\":\"EntryPoint\",\"urlTemplate\":\"https:\\\/\\\/balufy.com\\\/es\\\/?s={search_term_string}\"},\"query-input\":{\"@type\":\"PropertyValueSpecification\",\"valueRequired\":true,\"valueName\":\"search_term_string\"}}],\"inLanguage\":\"en-GB\"},{\"@type\":\"Organization\",\"@id\":\"https:\\\/\\\/balufy.com\\\/es\\\/#organization\",\"name\":\"Balufy\",\"url\":\"https:\\\/\\\/balufy.com\\\/es\\\/\",\"logo\":{\"@type\":\"ImageObject\",\"inLanguage\":\"en-GB\",\"@id\":\"https:\\\/\\\/balufy.com\\\/es\\\/#\\\/schema\\\/logo\\\/image\\\/\",\"url\":\"https:\\\/\\\/balufy.com\\\/wp-content\\\/uploads\\\/2022\\\/06\\\/LOGO_PNG.png\",\"contentUrl\":\"https:\\\/\\\/balufy.com\\\/wp-content\\\/uploads\\\/2022\\\/06\\\/LOGO_PNG.png\",\"width\":1366,\"height\":768,\"caption\":\"Balufy\"},\"image\":{\"@id\":\"https:\\\/\\\/balufy.com\\\/es\\\/#\\\/schema\\\/logo\\\/image\\\/\"},\"sameAs\":[\"https:\\\/\\\/www.facebook.com\\\/Balufy-102705001596047\",\"https:\\\/\\\/www.instagram.com\\\/balufy_oficial\\\/\"]}]}<\/script>\n<!-- \/ Yoast SEO plugin. -->","yoast_head_json":{"title":"LAMBORGHINI HURACAN COUP\u00c9 - Balufy - The taste of Experience","robots":{"index":"index","follow":"follow","max-snippet":"max-snippet:-1","max-image-preview":"max-image-preview:large","max-video-preview":"max-video-preview:-1"},"canonical":"https:\/\/balufy.com\/en\/product\/lamborghini-huracan-coupe\/","og_locale":"en_GB","og_type":"article","og_title":"LAMBORGHINI HURAC\u00c1N COUP\u00c9 - Balufy - The taste of Experience","og_description":"\u00bfUno de tus sue\u00f1os es conducir un Lamborghini? Ahora es tu oportunidad de hacerlo realidad. Alquila un Lamborghini Hurac\u00e1n Coup\u00e9 y vive la experiencia de conducir un superdeportivo de alta gama por carreteras de ensue\u00f1o. El Lamborghini Hurac\u00e1n Coup\u00e9 cuenta con un motor V10 de 5.2 litros que genera una potencia incre\u00edble de 610 caballos [&hellip;]","og_url":"https:\/\/balufy.com\/en\/product\/lamborghini-huracan-coupe\/","og_site_name":"Balufy - The taste of Experience","article_publisher":"https:\/\/www.facebook.com\/Balufy-102705001596047","article_modified_time":"2024-04-11T16:02:16+00:00","twitter_card":"summary_large_image","twitter_misc":{"Estimated reading time":"4 minutes"},"schema":{"@context":"https:\/\/schema.org","@graph":[{"@type":"WebPage","@id":"https:\/\/balufy.com\/en\/product\/lamborghini-huracan-coupe\/","url":"https:\/\/balufy.com\/en\/product\/lamborghini-huracan-coupe\/","name":"LAMBORGHINI HURACAN COUP\u00c9 - Balufy - The taste of Experience","isPartOf":{"@id":"https:\/\/balufy.com\/es\/#website"},"datePublished":"2024-04-11T16:00:03+00:00","dateModified":"2024-04-11T16:02:16+00:00","breadcrumb":{"@id":"https:\/\/balufy.com\/en\/product\/lamborghini-huracan-coupe\/#breadcrumb"},"inLanguage":"en-GB","potentialAction":[{"@type":"ReadAction","target":["https:\/\/balufy.com\/en\/product\/lamborghini-huracan-coupe\/"]}]},{"@type":"BreadcrumbList","@id":"https:\/\/balufy.com\/en\/product\/lamborghini-huracan-coupe\/#breadcrumb","itemListElement":[{"@type":"ListItem","position":1,"name":"Portada","item":"https:\/\/balufy.com\/"},{"@type":"ListItem","position":2,"name":"Shop","item":"https:\/\/balufy.com\/es\/shop\/"},{"@type":"ListItem","position":3,"name":"LAMBORGHINI HURAC\u00c1N COUP\u00c9"}]},{"@type":"WebSite","@id":"https:\/\/balufy.com\/es\/#website","url":"https:\/\/balufy.com\/es\/","name":"Balufy - Taste of experience","description":"Balufy","publisher":{"@id":"https:\/\/balufy.com\/es\/#organization"},"potentialAction":[{"@type":"SearchAction","target":{"@type":"EntryPoint","urlTemplate":"https:\/\/balufy.com\/es\/?s={search_term_string}"},"query-input":{"@type":"PropertyValueSpecification","valueRequired":true,"valueName":"search_term_string"}}],"inLanguage":"en-GB"},{"@type":"Organization","@id":"https:\/\/balufy.com\/es\/#organization","name":"Balufy","url":"https:\/\/balufy.com\/es\/","logo":{"@type":"ImageObject","inLanguage":"en-GB","@id":"https:\/\/balufy.com\/es\/#\/schema\/logo\/image\/","url":"https:\/\/balufy.com\/wp-content\/uploads\/2022\/06\/LOGO_PNG.png","contentUrl":"https:\/\/balufy.com\/wp-content\/uploads\/2022\/06\/LOGO_PNG.png","width":1366,"height":768,"caption":"Balufy"},"image":{"@id":"https:\/\/balufy.com\/es\/#\/schema\/logo\/image\/"},"sameAs":["https:\/\/www.facebook.com\/Balufy-102705001596047","https:\/\/www.instagram.com\/balufy_oficial\/"]}]}},"_links":{"self":[{"href":"https:\/\/balufy.com\/en\/wp-json\/wp\/v2\/product\/2777","targetHints":{"allow":["GET"]}}],"collection":[{"href":"https:\/\/balufy.com\/en\/wp-json\/wp\/v2\/product"}],"about":[{"href":"https:\/\/balufy.com\/en\/wp-json\/wp\/v2\/types\/product"}],"version-history":[{"count":0,"href":"https:\/\/balufy.com\/en\/wp-json\/wp\/v2\/product\/2777\/revisions"}],"wp:attachment":[{"href":"https:\/\/balufy.com\/en\/wp-json\/wp\/v2\/media?parent=2777"}],"wp:term":[{"taxonomy":"product_brand","embeddable":true,"href":"https:\/\/balufy.com\/en\/wp-json\/wp\/v2\/product_brand?post=2777"},{"taxonomy":"product_cat","embeddable":true,"href":"https:\/\/balufy.com\/en\/wp-json\/wp\/v2\/product_cat?post=2777"},{"taxonomy":"product_tag","embeddable":true,"href":"https:\/\/balufy.com\/en\/wp-json\/wp\/v2\/product_tag?post=2777"}],"curies":[{"name":"wp","href":"https:\/\/api.w.org\/{rel}","templated":true}]}}