{"id":2824,"date":"2024-04-11T19:01:47","date_gmt":"2024-04-11T17:01:47","guid":{"rendered":"https:\/\/balufy.com\/product\/mercedes-g63-amg\/"},"modified":"2025-04-02T17:17:40","modified_gmt":"2025-04-02T15:17:40","slug":"mercedes-g63-amg","status":"publish","type":"product","link":"https:\/\/balufy.com\/en\/product\/mercedes-g63-amg\/","title":{"rendered":"MERCEDES G63 AMG"},"content":{"rendered":"<p>Want to experience a unique driving experience behind the wheel of an iconic SUV? Rent a Mercedes G63 AMG and step into the world of luxury, power and performance.<\/p>\n<p>Powered by a 585 horsepower twin-turbo V8 engine, its exterior features an imposing and robust design that ensures a commanding presence on the road. Inside, there's a perfect blend of sophistication and comfort, with leather seats and state-of-the-art technology to provide the best possible driving experience for you and your family.<\/p>\n<p><strong>An SUV for a great family experience<\/strong><br \/>\nTo get your hands behind the wheel of a Mercedes G63 AMG is to experience the thrill of driving a high-performance luxury SUV. The sport suspension and all-wheel drive provide exceptional vehicle control and ensure a smooth ride on any terrain. Whether driving through big cities or discovering mountainous landscapes or near the sea, every bend and every straight becomes a unique and thrilling driving experience.<\/p>\n<p><strong>Our Mercedes G63 AMG Rental Service<\/strong><br \/>\nAt <strong>BALUFY<\/strong> we always offer an exceptional service at attractive prices so that you can enjoy the latest developments in the market. Our rental service stands out for its ease, speed and comfort. We always guarantee the proposed model, although internal components or engine power may vary. In such a case, we will provide you with full details before confirming the booking.<\/p>\n<p>We want you to enjoy your car to the fullest without any worries, which is why we offer a very smooth rental process. You can rent a Mercedes G63 AMG easily, either online, via email or WhatsApp. In addition, we offer the most flexible prices on the market and discounts for regular customers. If you decide to rent a Mercedes G63 AMG with <strong>BALUFY<\/strong>You will have access to our support service available around the clock, so you can contact us whenever you need it.<\/p>\n<p>Our Mercedes G63 AMG rental service includes mileage, insurance, daily rental and all payments, except for the warranty. We also offer delivery of the vehicle to the indicated address and the possibility to return it in another city, if required. To rent, you only need a driving licence and meet the minimum age and driving experience requirements.<\/p>\n<p><strong>Your car wherever you want<\/strong><br \/>\nWe want to make it easy for you to just enjoy the experience, with no worries or unnecessary paperwork. Rent a Mercedes G63 AMG and we will take care of the whole process. You will have the vehicle at the place and time of your choice in complete confidentiality. You will also have the option to return the car in another city if required. To rent with <strong>BALUFY<\/strong>All you need is a driver's licence, be 25 years old and have at least 2 years of driving experience - just get behind the wheel and enjoy the ride!<\/p>\n<p>Don't miss the opportunity to make your dreams come true. Rent a Mercedes G63 AMG and live an experience you will never forget. Contact us and we will calculate the exact rental price.<\/p>\n<p><strong>Rental conditions<\/strong><br \/>\nIf you are thinking of renting with<strong> BALUFY<\/strong> you should know the conditions of our premium car hire service to make sure you meet them before you can have an unforgettable experience on the road.<\/p>\n<p>Be 25 years old.<br \/>\nDriving licence with a minimum of 2 years in force.<br \/>\nYou must have a bank card.<br \/>\nWe accept different payment methods FIAT and CRYPTO.<br \/>\nCheck the location of the vehicle. Transfer not included in the price.<br \/>\nCheck the price of the transfer of the vehicle to your home, hotel or other locations.<br \/>\nPlease check the cancellation policy with the commercial agent.<br \/>\nWe reserve the right to provide the service.<br \/>\nIt is necessary to pay the rental fee and the deposit before the service is provided.<br \/>\nConsult discount for multiple days.<br \/>\nCheck the minimum number of days required for booking (depending on the season) with the sales agent.<\/p>","protected":false},"excerpt":{"rendered":"<p>\u00bfQuieres vivir una experiencia de conducci\u00f3n \u00fanica al volante de un ic\u00f3nico SUV? Alquila un Mercedes G63 AMG y ad\u00e9ntrate en el mundo del lujo, la potencia y el rendimiento. Equipado con un motor V8 biturbo de 585 caballos de fuerza, su exterior destaca por un dise\u00f1o imponente y robusto que asegura una presencia dominante [&hellip;]<\/p>","protected":false},"featured_media":0,"template":"","meta":[],"product_brand":[],"product_cat":[20],"product_tag":[],"class_list":{"0":"post-2824","1":"product","2":"type-product","3":"status-publish","5":"product_cat-listeo-booking","7":"first","8":"instock","9":"virtual","10":"sold-individually","11":"purchasable","12":"product-type-listing_booking"},"yoast_head":"<!-- This site is optimized with the Yoast SEO plugin v27.3 - https:\/\/yoast.com\/product\/yoast-seo-wordpress\/ -->\n<title>MERCEDES G63 AMG - Balufy - The taste of Experience<\/title>\n<meta name=\"robots\" content=\"index, follow, max-snippet:-1, max-image-preview:large, max-video-preview:-1\" \/>\n<link rel=\"canonical\" href=\"https:\/\/balufy.com\/en\/product\/mercedes-g63-amg\/\" \/>\n<meta property=\"og:locale\" content=\"en_GB\" \/>\n<meta property=\"og:type\" content=\"article\" \/>\n<meta property=\"og:title\" content=\"MERCEDES G63 AMG - Balufy - The taste of Experience\" \/>\n<meta property=\"og:description\" content=\"\u00bfQuieres vivir una experiencia de conducci\u00f3n \u00fanica al volante de un ic\u00f3nico SUV? Alquila un Mercedes G63 AMG y ad\u00e9ntrate en el mundo del lujo, la potencia y el rendimiento. Equipado con un motor V8 biturbo de 585 caballos de fuerza, su exterior destaca por un dise\u00f1o imponente y robusto que asegura una presencia dominante [&hellip;]\" \/>\n<meta property=\"og:url\" content=\"https:\/\/balufy.com\/en\/product\/mercedes-g63-amg\/\" \/>\n<meta property=\"og:site_name\" content=\"Balufy - The taste of Experience\" \/>\n<meta property=\"article:publisher\" content=\"https:\/\/www.facebook.com\/Balufy-102705001596047\" \/>\n<meta property=\"article:modified_time\" content=\"2025-04-02T15:17:40+00:00\" \/>\n<meta name=\"twitter:card\" content=\"summary_large_image\" \/>\n<meta name=\"twitter:label1\" content=\"Estimated reading time\" \/>\n\t<meta name=\"twitter:data1\" content=\"4 minutes\" \/>\n<script type=\"application\/ld+json\" class=\"yoast-schema-graph\">{\"@context\":\"https:\\\/\\\/schema.org\",\"@graph\":[{\"@type\":\"WebPage\",\"@id\":\"https:\\\/\\\/balufy.com\\\/en\\\/product\\\/mercedes-g63-amg\\\/\",\"url\":\"https:\\\/\\\/balufy.com\\\/en\\\/product\\\/mercedes-g63-amg\\\/\",\"name\":\"MERCEDES G63 AMG - Balufy - The taste of Experience\",\"isPartOf\":{\"@id\":\"https:\\\/\\\/balufy.com\\\/es\\\/#website\"},\"datePublished\":\"2024-04-11T17:01:47+00:00\",\"dateModified\":\"2025-04-02T15:17:40+00:00\",\"breadcrumb\":{\"@id\":\"https:\\\/\\\/balufy.com\\\/en\\\/product\\\/mercedes-g63-amg\\\/#breadcrumb\"},\"inLanguage\":\"en-GB\",\"potentialAction\":[{\"@type\":\"ReadAction\",\"target\":[\"https:\\\/\\\/balufy.com\\\/en\\\/product\\\/mercedes-g63-amg\\\/\"]}]},{\"@type\":\"BreadcrumbList\",\"@id\":\"https:\\\/\\\/balufy.com\\\/en\\\/product\\\/mercedes-g63-amg\\\/#breadcrumb\",\"itemListElement\":[{\"@type\":\"ListItem\",\"position\":1,\"name\":\"Portada\",\"item\":\"https:\\\/\\\/balufy.com\\\/\"},{\"@type\":\"ListItem\",\"position\":2,\"name\":\"Shop\",\"item\":\"https:\\\/\\\/balufy.com\\\/es\\\/shop\\\/\"},{\"@type\":\"ListItem\",\"position\":3,\"name\":\"MERCEDES G63 AMG\"}]},{\"@type\":\"WebSite\",\"@id\":\"https:\\\/\\\/balufy.com\\\/es\\\/#website\",\"url\":\"https:\\\/\\\/balufy.com\\\/es\\\/\",\"name\":\"Balufy - Taste of experience\",\"description\":\"Balufy\",\"publisher\":{\"@id\":\"https:\\\/\\\/balufy.com\\\/es\\\/#organization\"},\"potentialAction\":[{\"@type\":\"SearchAction\",\"target\":{\"@type\":\"EntryPoint\",\"urlTemplate\":\"https:\\\/\\\/balufy.com\\\/es\\\/?s={search_term_string}\"},\"query-input\":{\"@type\":\"PropertyValueSpecification\",\"valueRequired\":true,\"valueName\":\"search_term_string\"}}],\"inLanguage\":\"en-GB\"},{\"@type\":\"Organization\",\"@id\":\"https:\\\/\\\/balufy.com\\\/es\\\/#organization\",\"name\":\"Balufy\",\"url\":\"https:\\\/\\\/balufy.com\\\/es\\\/\",\"logo\":{\"@type\":\"ImageObject\",\"inLanguage\":\"en-GB\",\"@id\":\"https:\\\/\\\/balufy.com\\\/es\\\/#\\\/schema\\\/logo\\\/image\\\/\",\"url\":\"https:\\\/\\\/balufy.com\\\/wp-content\\\/uploads\\\/2022\\\/06\\\/LOGO_PNG.png\",\"contentUrl\":\"https:\\\/\\\/balufy.com\\\/wp-content\\\/uploads\\\/2022\\\/06\\\/LOGO_PNG.png\",\"width\":1366,\"height\":768,\"caption\":\"Balufy\"},\"image\":{\"@id\":\"https:\\\/\\\/balufy.com\\\/es\\\/#\\\/schema\\\/logo\\\/image\\\/\"},\"sameAs\":[\"https:\\\/\\\/www.facebook.com\\\/Balufy-102705001596047\",\"https:\\\/\\\/www.instagram.com\\\/balufy_oficial\\\/\"]}]}<\/script>\n<!-- \/ Yoast SEO plugin. -->","yoast_head_json":{"title":"MERCEDES G63 AMG - Balufy - The taste of Experience","robots":{"index":"index","follow":"follow","max-snippet":"max-snippet:-1","max-image-preview":"max-image-preview:large","max-video-preview":"max-video-preview:-1"},"canonical":"https:\/\/balufy.com\/en\/product\/mercedes-g63-amg\/","og_locale":"en_GB","og_type":"article","og_title":"MERCEDES G63 AMG - Balufy - The taste of Experience","og_description":"\u00bfQuieres vivir una experiencia de conducci\u00f3n \u00fanica al volante de un ic\u00f3nico SUV? Alquila un Mercedes G63 AMG y ad\u00e9ntrate en el mundo del lujo, la potencia y el rendimiento. Equipado con un motor V8 biturbo de 585 caballos de fuerza, su exterior destaca por un dise\u00f1o imponente y robusto que asegura una presencia dominante [&hellip;]","og_url":"https:\/\/balufy.com\/en\/product\/mercedes-g63-amg\/","og_site_name":"Balufy - The taste of Experience","article_publisher":"https:\/\/www.facebook.com\/Balufy-102705001596047","article_modified_time":"2025-04-02T15:17:40+00:00","twitter_card":"summary_large_image","twitter_misc":{"Estimated reading time":"4 minutes"},"schema":{"@context":"https:\/\/schema.org","@graph":[{"@type":"WebPage","@id":"https:\/\/balufy.com\/en\/product\/mercedes-g63-amg\/","url":"https:\/\/balufy.com\/en\/product\/mercedes-g63-amg\/","name":"MERCEDES G63 AMG - Balufy - The taste of Experience","isPartOf":{"@id":"https:\/\/balufy.com\/es\/#website"},"datePublished":"2024-04-11T17:01:47+00:00","dateModified":"2025-04-02T15:17:40+00:00","breadcrumb":{"@id":"https:\/\/balufy.com\/en\/product\/mercedes-g63-amg\/#breadcrumb"},"inLanguage":"en-GB","potentialAction":[{"@type":"ReadAction","target":["https:\/\/balufy.com\/en\/product\/mercedes-g63-amg\/"]}]},{"@type":"BreadcrumbList","@id":"https:\/\/balufy.com\/en\/product\/mercedes-g63-amg\/#breadcrumb","itemListElement":[{"@type":"ListItem","position":1,"name":"Portada","item":"https:\/\/balufy.com\/"},{"@type":"ListItem","position":2,"name":"Shop","item":"https:\/\/balufy.com\/es\/shop\/"},{"@type":"ListItem","position":3,"name":"MERCEDES G63 AMG"}]},{"@type":"WebSite","@id":"https:\/\/balufy.com\/es\/#website","url":"https:\/\/balufy.com\/es\/","name":"Balufy - Taste of experience","description":"Balufy","publisher":{"@id":"https:\/\/balufy.com\/es\/#organization"},"potentialAction":[{"@type":"SearchAction","target":{"@type":"EntryPoint","urlTemplate":"https:\/\/balufy.com\/es\/?s={search_term_string}"},"query-input":{"@type":"PropertyValueSpecification","valueRequired":true,"valueName":"search_term_string"}}],"inLanguage":"en-GB"},{"@type":"Organization","@id":"https:\/\/balufy.com\/es\/#organization","name":"Balufy","url":"https:\/\/balufy.com\/es\/","logo":{"@type":"ImageObject","inLanguage":"en-GB","@id":"https:\/\/balufy.com\/es\/#\/schema\/logo\/image\/","url":"https:\/\/balufy.com\/wp-content\/uploads\/2022\/06\/LOGO_PNG.png","contentUrl":"https:\/\/balufy.com\/wp-content\/uploads\/2022\/06\/LOGO_PNG.png","width":1366,"height":768,"caption":"Balufy"},"image":{"@id":"https:\/\/balufy.com\/es\/#\/schema\/logo\/image\/"},"sameAs":["https:\/\/www.facebook.com\/Balufy-102705001596047","https:\/\/www.instagram.com\/balufy_oficial\/"]}]}},"_links":{"self":[{"href":"https:\/\/balufy.com\/en\/wp-json\/wp\/v2\/product\/2824","targetHints":{"allow":["GET"]}}],"collection":[{"href":"https:\/\/balufy.com\/en\/wp-json\/wp\/v2\/product"}],"about":[{"href":"https:\/\/balufy.com\/en\/wp-json\/wp\/v2\/types\/product"}],"version-history":[{"count":0,"href":"https:\/\/balufy.com\/en\/wp-json\/wp\/v2\/product\/2824\/revisions"}],"wp:attachment":[{"href":"https:\/\/balufy.com\/en\/wp-json\/wp\/v2\/media?parent=2824"}],"wp:term":[{"taxonomy":"product_brand","embeddable":true,"href":"https:\/\/balufy.com\/en\/wp-json\/wp\/v2\/product_brand?post=2824"},{"taxonomy":"product_cat","embeddable":true,"href":"https:\/\/balufy.com\/en\/wp-json\/wp\/v2\/product_cat?post=2824"},{"taxonomy":"product_tag","embeddable":true,"href":"https:\/\/balufy.com\/en\/wp-json\/wp\/v2\/product_tag?post=2824"}],"curies":[{"name":"wp","href":"https:\/\/api.w.org\/{rel}","templated":true}]}}