{"id":2842,"date":"2024-04-11T19:34:25","date_gmt":"2024-04-11T17:34:25","guid":{"rendered":"https:\/\/balufy.com\/product\/range-rover-sport-dynamic-se-mhev\/"},"modified":"2024-04-11T19:47:48","modified_gmt":"2024-04-11T17:47:48","slug":"range-rover-sport-dynamic-se-mhev","status":"publish","type":"product","link":"https:\/\/balufy.com\/en\/product\/range-rover-sport-dynamic-se-mhev\/","title":{"rendered":"RANGE ROVER SPORT DYNAMIC SE MHEV"},"content":{"rendered":"<p>Looking for luxury, versatility and performance? Rent a Range Rover Sport and experience an exceptional driving experience on all types of roads, whether paved or more challenging terrain.<\/p>\n<p>Range Rover Sport Dynamic SE MHEV's V6 and V8 engines deliver great performance and smooth, punchy acceleration. With the all-wheel drive system, you'll feel exceptional grip on the road and can tackle any terrain in front of you with confidence and assurance. As well as its power, if there's one thing that makes this SUV stand out, it's its sporty, elegant and sophisticated design. Its refined interior features comfortable leather seating and an array of advanced technology that will keep everyone in the family connected and entertained, no matter how long the journey.<\/p>\n<p><strong>A sporty SUV for a great experience<\/strong><br \/>\nIf you're looking for a sense of absolute command of the road, the Range Rover Sport Dynamic SE MHEV is the vehicle for you. Its adaptive air suspension ensures a smooth and comfortable ride, even over rough and challenging terrain. And with its driver assistance and advanced safety systems, you'll have peace of mind no matter how far the destination.<\/p>\n<p><strong>Our Range Rover Sport Dynamic SE MHEV Rental Service<\/strong><br \/>\nEnjoy the comfort and agility of renting a Range Rover Sport Dynamic SE MHEV with <strong>BALUFY<\/strong>. We always strive to provide the best service at attractive prices so that you can enjoy the latest developments in the luxury automotive sector. We guarantee the proposed model at all times, even though the internal elements or engine power may vary. Should this occur, we provide full specifications before confirming the reservation.<\/p>\n<p>Our rental offer includes mileage, insurance, daily rental and all additional payments except warranty. In addition, our Range Rover Sport Dynamic SE MHEV rental service offers the possibility to pick up the vehicle at the address of your choice and, if necessary, return it to another city. To rent, all you need to have is a valid driver's licence and meet the minimum age and driving experience requirements.<\/p>\n<p>We offer you the most flexible prices in the market and have special discounts for regular customers. What's more, when you lease a Range Rover Sport Dynamic SE MHEV with <strong>BALUFY<\/strong>We want you to enjoy your trip to the fullest without any worries, so we make it easy for you: you can book online, by email or via WhatsApp. We want you to enjoy your stay to the fullest, so we make it easy for you: you can book online, by email or via WhatsApp - no hidden fees or commissions! Feel free to check the terms and conditions of the rental contract here.<\/p>\n<p><strong>Your car wherever you want<\/strong><br \/>\nExperience the comfort and peace of mind of renting a Range Rover Sport Dynamic SE MHEV with <strong>BALUFY<\/strong>. We take care of everything so that you can just focus on enjoying the car and the road. We deliver the vehicle to the place and time of your choice, with all the specifications you require and with total confidentiality. We also offer the possibility of returning the car in another city, if you need to. The rental process with <strong>BALUFY<\/strong> is simple: all you need is a driver's licence, be 25 years old and have at least 2 years of driving experience.<\/p>\n<p>Rent a Range Rover Sport Dynamic SE MHEV and don't miss the opportunity to live an unforgettable experience. Contact us and we will calculate the exact rental price.<\/p>\n<p><strong>Rental conditions<\/strong><br \/>\nIf you are thinking of renting with <strong>BALUFY<\/strong> you should know the conditions of our premium car hire service to make sure you meet them before you can have an unforgettable experience on the road.<\/p>\n<p>Be 25 years old.<br \/>\nDriving licence with a minimum of 2 years in force.<br \/>\nYou must have a bank card.<br \/>\nWe accept different payment methods FIAT and CRYPTO.<br \/>\nCheck the location of the vehicle. Transfer not included in the price.<br \/>\nCheck the price of the transfer of the vehicle to your home, hotel or other locations.<br \/>\nPlease check the cancellation policy with the commercial agent.<br \/>\nWe reserve the right to provide the service.<br \/>\nIt is necessary to pay the rental fee and the deposit before the service is provided.<br \/>\nConsult discount for multiple days.<br \/>\nCheck the minimum number of days required for booking (depending on the season) with the sales agent.<\/p>","protected":false},"excerpt":{"rendered":"<p>\u00bfBuscas lujo, versatilidad y rendimiento? Alquila un Range Rover Sport y vive una experiencia de conducci\u00f3n excepcional en todo tipos de carreteras, ya sean pavimentadas o en terrenos m\u00e1s desafiantes. Los motores V6 y V8 del Range Rover Sport Dynamic SE MHEV ofrecen un gran rendimiento y una aceleraci\u00f3n suave y contundente. Con el sistema [&hellip;]<\/p>","protected":false},"featured_media":0,"template":"","meta":[],"product_brand":[],"product_cat":[20],"product_tag":[],"class_list":{"0":"post-2842","1":"product","2":"type-product","3":"status-publish","5":"product_cat-listeo-booking","7":"first","8":"instock","9":"virtual","10":"sold-individually","11":"purchasable","12":"product-type-listing_booking"},"yoast_head":"<!-- This site is optimized with the Yoast SEO plugin v27.3 - https:\/\/yoast.com\/product\/yoast-seo-wordpress\/ -->\n<title>RANGE ROVER SPORT DYNAMIC SE MHEV - Balufy - The taste of Experience<\/title>\n<meta name=\"robots\" content=\"index, follow, max-snippet:-1, max-image-preview:large, max-video-preview:-1\" \/>\n<link rel=\"canonical\" href=\"https:\/\/balufy.com\/en\/product\/range-rover-sport-dynamic-se-mhev\/\" \/>\n<meta property=\"og:locale\" content=\"en_GB\" \/>\n<meta property=\"og:type\" content=\"article\" \/>\n<meta property=\"og:title\" content=\"RANGE ROVER SPORT DYNAMIC SE MHEV - Balufy - The taste of Experience\" \/>\n<meta property=\"og:description\" content=\"\u00bfBuscas lujo, versatilidad y rendimiento? Alquila un Range Rover Sport y vive una experiencia de conducci\u00f3n excepcional en todo tipos de carreteras, ya sean pavimentadas o en terrenos m\u00e1s desafiantes. Los motores V6 y V8 del Range Rover Sport Dynamic SE MHEV ofrecen un gran rendimiento y una aceleraci\u00f3n suave y contundente. Con el sistema [&hellip;]\" \/>\n<meta property=\"og:url\" content=\"https:\/\/balufy.com\/en\/product\/range-rover-sport-dynamic-se-mhev\/\" \/>\n<meta property=\"og:site_name\" content=\"Balufy - The taste of Experience\" \/>\n<meta property=\"article:publisher\" content=\"https:\/\/www.facebook.com\/Balufy-102705001596047\" \/>\n<meta property=\"article:modified_time\" content=\"2024-04-11T17:47:48+00:00\" \/>\n<meta name=\"twitter:card\" content=\"summary_large_image\" \/>\n<meta name=\"twitter:label1\" content=\"Estimated reading time\" \/>\n\t<meta name=\"twitter:data1\" content=\"4 minutes\" \/>\n<script type=\"application\/ld+json\" class=\"yoast-schema-graph\">{\"@context\":\"https:\\\/\\\/schema.org\",\"@graph\":[{\"@type\":\"WebPage\",\"@id\":\"https:\\\/\\\/balufy.com\\\/en\\\/product\\\/range-rover-sport-dynamic-se-mhev\\\/\",\"url\":\"https:\\\/\\\/balufy.com\\\/en\\\/product\\\/range-rover-sport-dynamic-se-mhev\\\/\",\"name\":\"RANGE ROVER SPORT DYNAMIC SE MHEV - Balufy - The taste of Experience\",\"isPartOf\":{\"@id\":\"https:\\\/\\\/balufy.com\\\/es\\\/#website\"},\"datePublished\":\"2024-04-11T17:34:25+00:00\",\"dateModified\":\"2024-04-11T17:47:48+00:00\",\"breadcrumb\":{\"@id\":\"https:\\\/\\\/balufy.com\\\/en\\\/product\\\/range-rover-sport-dynamic-se-mhev\\\/#breadcrumb\"},\"inLanguage\":\"en-GB\",\"potentialAction\":[{\"@type\":\"ReadAction\",\"target\":[\"https:\\\/\\\/balufy.com\\\/en\\\/product\\\/range-rover-sport-dynamic-se-mhev\\\/\"]}]},{\"@type\":\"BreadcrumbList\",\"@id\":\"https:\\\/\\\/balufy.com\\\/en\\\/product\\\/range-rover-sport-dynamic-se-mhev\\\/#breadcrumb\",\"itemListElement\":[{\"@type\":\"ListItem\",\"position\":1,\"name\":\"Portada\",\"item\":\"https:\\\/\\\/balufy.com\\\/\"},{\"@type\":\"ListItem\",\"position\":2,\"name\":\"Shop\",\"item\":\"https:\\\/\\\/balufy.com\\\/es\\\/shop\\\/\"},{\"@type\":\"ListItem\",\"position\":3,\"name\":\"RANGE ROVER SPORT DYNAMIC SE MHEV\"}]},{\"@type\":\"WebSite\",\"@id\":\"https:\\\/\\\/balufy.com\\\/es\\\/#website\",\"url\":\"https:\\\/\\\/balufy.com\\\/es\\\/\",\"name\":\"Balufy - Taste of experience\",\"description\":\"Balufy\",\"publisher\":{\"@id\":\"https:\\\/\\\/balufy.com\\\/es\\\/#organization\"},\"potentialAction\":[{\"@type\":\"SearchAction\",\"target\":{\"@type\":\"EntryPoint\",\"urlTemplate\":\"https:\\\/\\\/balufy.com\\\/es\\\/?s={search_term_string}\"},\"query-input\":{\"@type\":\"PropertyValueSpecification\",\"valueRequired\":true,\"valueName\":\"search_term_string\"}}],\"inLanguage\":\"en-GB\"},{\"@type\":\"Organization\",\"@id\":\"https:\\\/\\\/balufy.com\\\/es\\\/#organization\",\"name\":\"Balufy\",\"url\":\"https:\\\/\\\/balufy.com\\\/es\\\/\",\"logo\":{\"@type\":\"ImageObject\",\"inLanguage\":\"en-GB\",\"@id\":\"https:\\\/\\\/balufy.com\\\/es\\\/#\\\/schema\\\/logo\\\/image\\\/\",\"url\":\"https:\\\/\\\/balufy.com\\\/wp-content\\\/uploads\\\/2022\\\/06\\\/LOGO_PNG.png\",\"contentUrl\":\"https:\\\/\\\/balufy.com\\\/wp-content\\\/uploads\\\/2022\\\/06\\\/LOGO_PNG.png\",\"width\":1366,\"height\":768,\"caption\":\"Balufy\"},\"image\":{\"@id\":\"https:\\\/\\\/balufy.com\\\/es\\\/#\\\/schema\\\/logo\\\/image\\\/\"},\"sameAs\":[\"https:\\\/\\\/www.facebook.com\\\/Balufy-102705001596047\",\"https:\\\/\\\/www.instagram.com\\\/balufy_oficial\\\/\"]}]}<\/script>\n<!-- \/ Yoast SEO plugin. -->","yoast_head_json":{"title":"RANGE ROVER SPORT DYNAMIC SE MHEV - Balufy - The taste of Experience","robots":{"index":"index","follow":"follow","max-snippet":"max-snippet:-1","max-image-preview":"max-image-preview:large","max-video-preview":"max-video-preview:-1"},"canonical":"https:\/\/balufy.com\/en\/product\/range-rover-sport-dynamic-se-mhev\/","og_locale":"en_GB","og_type":"article","og_title":"RANGE ROVER SPORT DYNAMIC SE MHEV - Balufy - The taste of Experience","og_description":"\u00bfBuscas lujo, versatilidad y rendimiento? Alquila un Range Rover Sport y vive una experiencia de conducci\u00f3n excepcional en todo tipos de carreteras, ya sean pavimentadas o en terrenos m\u00e1s desafiantes. Los motores V6 y V8 del Range Rover Sport Dynamic SE MHEV ofrecen un gran rendimiento y una aceleraci\u00f3n suave y contundente. Con el sistema [&hellip;]","og_url":"https:\/\/balufy.com\/en\/product\/range-rover-sport-dynamic-se-mhev\/","og_site_name":"Balufy - The taste of Experience","article_publisher":"https:\/\/www.facebook.com\/Balufy-102705001596047","article_modified_time":"2024-04-11T17:47:48+00:00","twitter_card":"summary_large_image","twitter_misc":{"Estimated reading time":"4 minutes"},"schema":{"@context":"https:\/\/schema.org","@graph":[{"@type":"WebPage","@id":"https:\/\/balufy.com\/en\/product\/range-rover-sport-dynamic-se-mhev\/","url":"https:\/\/balufy.com\/en\/product\/range-rover-sport-dynamic-se-mhev\/","name":"RANGE ROVER SPORT DYNAMIC SE MHEV - Balufy - The taste of Experience","isPartOf":{"@id":"https:\/\/balufy.com\/es\/#website"},"datePublished":"2024-04-11T17:34:25+00:00","dateModified":"2024-04-11T17:47:48+00:00","breadcrumb":{"@id":"https:\/\/balufy.com\/en\/product\/range-rover-sport-dynamic-se-mhev\/#breadcrumb"},"inLanguage":"en-GB","potentialAction":[{"@type":"ReadAction","target":["https:\/\/balufy.com\/en\/product\/range-rover-sport-dynamic-se-mhev\/"]}]},{"@type":"BreadcrumbList","@id":"https:\/\/balufy.com\/en\/product\/range-rover-sport-dynamic-se-mhev\/#breadcrumb","itemListElement":[{"@type":"ListItem","position":1,"name":"Portada","item":"https:\/\/balufy.com\/"},{"@type":"ListItem","position":2,"name":"Shop","item":"https:\/\/balufy.com\/es\/shop\/"},{"@type":"ListItem","position":3,"name":"RANGE ROVER SPORT DYNAMIC SE MHEV"}]},{"@type":"WebSite","@id":"https:\/\/balufy.com\/es\/#website","url":"https:\/\/balufy.com\/es\/","name":"Balufy - Taste of experience","description":"Balufy","publisher":{"@id":"https:\/\/balufy.com\/es\/#organization"},"potentialAction":[{"@type":"SearchAction","target":{"@type":"EntryPoint","urlTemplate":"https:\/\/balufy.com\/es\/?s={search_term_string}"},"query-input":{"@type":"PropertyValueSpecification","valueRequired":true,"valueName":"search_term_string"}}],"inLanguage":"en-GB"},{"@type":"Organization","@id":"https:\/\/balufy.com\/es\/#organization","name":"Balufy","url":"https:\/\/balufy.com\/es\/","logo":{"@type":"ImageObject","inLanguage":"en-GB","@id":"https:\/\/balufy.com\/es\/#\/schema\/logo\/image\/","url":"https:\/\/balufy.com\/wp-content\/uploads\/2022\/06\/LOGO_PNG.png","contentUrl":"https:\/\/balufy.com\/wp-content\/uploads\/2022\/06\/LOGO_PNG.png","width":1366,"height":768,"caption":"Balufy"},"image":{"@id":"https:\/\/balufy.com\/es\/#\/schema\/logo\/image\/"},"sameAs":["https:\/\/www.facebook.com\/Balufy-102705001596047","https:\/\/www.instagram.com\/balufy_oficial\/"]}]}},"_links":{"self":[{"href":"https:\/\/balufy.com\/en\/wp-json\/wp\/v2\/product\/2842","targetHints":{"allow":["GET"]}}],"collection":[{"href":"https:\/\/balufy.com\/en\/wp-json\/wp\/v2\/product"}],"about":[{"href":"https:\/\/balufy.com\/en\/wp-json\/wp\/v2\/types\/product"}],"version-history":[{"count":0,"href":"https:\/\/balufy.com\/en\/wp-json\/wp\/v2\/product\/2842\/revisions"}],"wp:attachment":[{"href":"https:\/\/balufy.com\/en\/wp-json\/wp\/v2\/media?parent=2842"}],"wp:term":[{"taxonomy":"product_brand","embeddable":true,"href":"https:\/\/balufy.com\/en\/wp-json\/wp\/v2\/product_brand?post=2842"},{"taxonomy":"product_cat","embeddable":true,"href":"https:\/\/balufy.com\/en\/wp-json\/wp\/v2\/product_cat?post=2842"},{"taxonomy":"product_tag","embeddable":true,"href":"https:\/\/balufy.com\/en\/wp-json\/wp\/v2\/product_tag?post=2842"}],"curies":[{"name":"wp","href":"https:\/\/api.w.org\/{rel}","templated":true}]}}