{"id":2848,"date":"2024-04-11T19:41:20","date_gmt":"2024-04-11T17:41:20","guid":{"rendered":"https:\/\/balufy.com\/product\/bentley-continental-gtc\/"},"modified":"2024-04-11T19:47:47","modified_gmt":"2024-04-11T17:47:47","slug":"bentley-continental-gtc","status":"publish","type":"product","link":"https:\/\/balufy.com\/en\/product\/bentley-continental-gtc\/","title":{"rendered":"BENTLEY CONTINENTAL GTC"},"content":{"rendered":"<p>Rent a Bentley Continental GTC and experience the thrill of driving an elite automobile. Ready to discover a world of luxury and exclusivity at its finest?<\/p>\n<p>This high-performance convertible combines elegant design with a powerful engine, offering a driving experience that will redefine your standards of luxury. The Bentley Continental GTC is powered by a twin-turbocharged 4.0-litre V8 petrol engine. With acceleration from 0-100 km\/h in just 4.1 seconds and a top speed of 318 km\/h, this car is a masterpiece of performance.<\/p>\n<p><strong>A high-performance open-top grand tourer<\/strong><br \/>\nThe sensation of driving this Bentley is simply breathtaking. Its precise and responsive steering gives you exceptional control, while the adaptive suspension offers a smooth and luxurious ride. Every corner becomes an opportunity to enjoy the exceptional handling and stability of this open-top grand tourer. Plus, its retractable roof allows you to enjoy the open air and the symphony of the engine as you cruise down long roads.<\/p>\n<p><strong>Our Bentley Continental GTC Rental Service<\/strong><br \/>\nRent a Bentley Continental GTC conveniently with a quick and easy process. At <strong>BALUFY<\/strong>We strive to offer exceptional service at attractive prices, giving you the opportunity to enjoy the latest luxury vehicles on the market. We always guarantee that you will get the model you want, although internal components or engine power may vary. In this case, we will provide you with all the relevant specifications before confirming your reservation.<\/p>\n<p>Our offer covers mileage, insurance, daily rental and other payments, with the exception of the warranty. In addition, our Bentley Continental GTC rental service includes delivery of the vehicle to the address of your choice and the option to return it to another city if required. To rent a Bentley Continental GTC, all you need is a valid driver's licence and to meet the minimum age and driving experience requirements.<\/p>\n<p>We offer the most flexible prices in the market and give discounts to our regular customers. In addition, when you rent a Bentley Continental GTC with<strong> BALUFY<\/strong>If you have any questions, you will have access to our support service around the clock, so you can contact us whenever you need to. Our aim is to make your experience as carefree as possible, so we make the booking process as easy as possible, allowing you to book online, by email or WhatsApp, with no commissions or hidden costs! If you wish, you can consult the terms and conditions of the rental contract here.<\/p>\n<p><strong>Your car wherever you want<\/strong><br \/>\nDon't worry about the logistical details. Rent a Bentley Continental GTC and we'll take care of all the details. We deliver the vehicle to the place and time of your choice, with all the necessary specifications and guaranteeing the utmost confidentiality. And if you need to, you have the option to return the Bentley Continental GTC to another city. To rent, all you need to do is hold a driving licence, be 25 years old and have at least 2 years driving experience - all you need to do is enjoy the experience on the road!<\/p>\n<p><strong>Rental conditions<\/strong><br \/>\nIf you are thinking of renting with <strong>BALUFY<\/strong> you should know the conditions of our premium car hire service to make sure you meet them before you can have an unforgettable experience on the road.<\/p>\n<p>Be 25 years old.<br \/>\nDriving licence with a minimum of 2 years in force.<br \/>\nYou must have a bank card.<br \/>\nWe accept different payment methods FIAT and CRYPTO.<br \/>\nCheck the location of the vehicle. Transfer not included in the price.<br \/>\nCheck the price of the transfer of the vehicle to your home, hotel or other locations.<br \/>\nPlease check the cancellation policy with the commercial agent.<br \/>\nWe reserve the right to provide the service.<br \/>\nIt is necessary to pay the rental fee and the deposit before the service is provided.<br \/>\nConsult discount for multiple days.<br \/>\nCheck the minimum number of days required for booking (depending on the season) with the sales agent.<\/p>","protected":false},"excerpt":{"rendered":"<p>Alquila un Bentley Continental GTC y experimenta la emoci\u00f3n de conducir un autom\u00f3vil de \u00e9lite. \u00bfListo para descubrir un mundo de lujo y exclusividad en su m\u00e1xima expresi\u00f3n? Este descapotable de alto rendimiento combina un dise\u00f1o elegante con un motor potente, ofreciendo una experiencia de conducci\u00f3n que redefinir\u00e1 tus est\u00e1ndares de lujo. El Bentley Continental [&hellip;]<\/p>","protected":false},"featured_media":0,"template":"","meta":[],"product_brand":[],"product_cat":[20],"product_tag":[],"class_list":{"0":"post-2848","1":"product","2":"type-product","3":"status-publish","5":"product_cat-listeo-booking","7":"first","8":"instock","9":"virtual","10":"sold-individually","11":"purchasable","12":"product-type-listing_booking"},"yoast_head":"<!-- This site is optimized with the Yoast SEO plugin v27.3 - https:\/\/yoast.com\/product\/yoast-seo-wordpress\/ -->\n<title>BENTLEY CONTINENTAL GTC - Balufy - The taste of Experience<\/title>\n<meta name=\"robots\" content=\"index, follow, max-snippet:-1, max-image-preview:large, max-video-preview:-1\" \/>\n<link rel=\"canonical\" href=\"https:\/\/balufy.com\/en\/product\/bentley-continental-gtc\/\" \/>\n<meta property=\"og:locale\" content=\"en_GB\" \/>\n<meta property=\"og:type\" content=\"article\" \/>\n<meta property=\"og:title\" content=\"BENTLEY CONTINENTAL GTC - Balufy - The taste of Experience\" \/>\n<meta property=\"og:description\" content=\"Alquila un Bentley Continental GTC y experimenta la emoci\u00f3n de conducir un autom\u00f3vil de \u00e9lite. \u00bfListo para descubrir un mundo de lujo y exclusividad en su m\u00e1xima expresi\u00f3n? Este descapotable de alto rendimiento combina un dise\u00f1o elegante con un motor potente, ofreciendo una experiencia de conducci\u00f3n que redefinir\u00e1 tus est\u00e1ndares de lujo. El Bentley Continental [&hellip;]\" \/>\n<meta property=\"og:url\" content=\"https:\/\/balufy.com\/en\/product\/bentley-continental-gtc\/\" \/>\n<meta property=\"og:site_name\" content=\"Balufy - The taste of Experience\" \/>\n<meta property=\"article:publisher\" content=\"https:\/\/www.facebook.com\/Balufy-102705001596047\" \/>\n<meta property=\"article:modified_time\" content=\"2024-04-11T17:47:47+00:00\" \/>\n<meta name=\"twitter:card\" content=\"summary_large_image\" \/>\n<meta name=\"twitter:label1\" content=\"Estimated reading time\" \/>\n\t<meta name=\"twitter:data1\" content=\"4 minutes\" \/>\n<script type=\"application\/ld+json\" class=\"yoast-schema-graph\">{\"@context\":\"https:\\\/\\\/schema.org\",\"@graph\":[{\"@type\":\"WebPage\",\"@id\":\"https:\\\/\\\/balufy.com\\\/de\\\/produkt\\\/bentley-continental-gtc\\\/\",\"url\":\"https:\\\/\\\/balufy.com\\\/de\\\/produkt\\\/bentley-continental-gtc\\\/\",\"name\":\"BENTLEY CONTINENTAL GTC - Balufy - The taste of Experience\",\"isPartOf\":{\"@id\":\"https:\\\/\\\/balufy.com\\\/es\\\/#website\"},\"datePublished\":\"2024-04-11T17:41:20+00:00\",\"dateModified\":\"2024-04-11T17:47:47+00:00\",\"breadcrumb\":{\"@id\":\"https:\\\/\\\/balufy.com\\\/de\\\/produkt\\\/bentley-continental-gtc\\\/#breadcrumb\"},\"inLanguage\":\"en-GB\",\"potentialAction\":[{\"@type\":\"ReadAction\",\"target\":[\"https:\\\/\\\/balufy.com\\\/de\\\/produkt\\\/bentley-continental-gtc\\\/\"]}]},{\"@type\":\"BreadcrumbList\",\"@id\":\"https:\\\/\\\/balufy.com\\\/de\\\/produkt\\\/bentley-continental-gtc\\\/#breadcrumb\",\"itemListElement\":[{\"@type\":\"ListItem\",\"position\":1,\"name\":\"Portada\",\"item\":\"https:\\\/\\\/balufy.com\\\/\"},{\"@type\":\"ListItem\",\"position\":2,\"name\":\"Shop\",\"item\":\"https:\\\/\\\/balufy.com\\\/es\\\/shop\\\/\"},{\"@type\":\"ListItem\",\"position\":3,\"name\":\"BENTLEY CONTINENTAL GTC\"}]},{\"@type\":\"WebSite\",\"@id\":\"https:\\\/\\\/balufy.com\\\/es\\\/#website\",\"url\":\"https:\\\/\\\/balufy.com\\\/es\\\/\",\"name\":\"Balufy - Taste of experience\",\"description\":\"Balufy\",\"publisher\":{\"@id\":\"https:\\\/\\\/balufy.com\\\/es\\\/#organization\"},\"potentialAction\":[{\"@type\":\"SearchAction\",\"target\":{\"@type\":\"EntryPoint\",\"urlTemplate\":\"https:\\\/\\\/balufy.com\\\/es\\\/?s={search_term_string}\"},\"query-input\":{\"@type\":\"PropertyValueSpecification\",\"valueRequired\":true,\"valueName\":\"search_term_string\"}}],\"inLanguage\":\"en-GB\"},{\"@type\":\"Organization\",\"@id\":\"https:\\\/\\\/balufy.com\\\/es\\\/#organization\",\"name\":\"Balufy\",\"url\":\"https:\\\/\\\/balufy.com\\\/es\\\/\",\"logo\":{\"@type\":\"ImageObject\",\"inLanguage\":\"en-GB\",\"@id\":\"https:\\\/\\\/balufy.com\\\/es\\\/#\\\/schema\\\/logo\\\/image\\\/\",\"url\":\"https:\\\/\\\/balufy.com\\\/wp-content\\\/uploads\\\/2022\\\/06\\\/LOGO_PNG.png\",\"contentUrl\":\"https:\\\/\\\/balufy.com\\\/wp-content\\\/uploads\\\/2022\\\/06\\\/LOGO_PNG.png\",\"width\":1366,\"height\":768,\"caption\":\"Balufy\"},\"image\":{\"@id\":\"https:\\\/\\\/balufy.com\\\/es\\\/#\\\/schema\\\/logo\\\/image\\\/\"},\"sameAs\":[\"https:\\\/\\\/www.facebook.com\\\/Balufy-102705001596047\",\"https:\\\/\\\/www.instagram.com\\\/balufy_oficial\\\/\"]}]}<\/script>\n<!-- \/ Yoast SEO plugin. -->","yoast_head_json":{"title":"BENTLEY CONTINENTAL GTC - Balufy - The taste of Experience","robots":{"index":"index","follow":"follow","max-snippet":"max-snippet:-1","max-image-preview":"max-image-preview:large","max-video-preview":"max-video-preview:-1"},"canonical":"https:\/\/balufy.com\/en\/product\/bentley-continental-gtc\/","og_locale":"en_GB","og_type":"article","og_title":"BENTLEY CONTINENTAL GTC - Balufy - The taste of Experience","og_description":"Alquila un Bentley Continental GTC y experimenta la emoci\u00f3n de conducir un autom\u00f3vil de \u00e9lite. \u00bfListo para descubrir un mundo de lujo y exclusividad en su m\u00e1xima expresi\u00f3n? Este descapotable de alto rendimiento combina un dise\u00f1o elegante con un motor potente, ofreciendo una experiencia de conducci\u00f3n que redefinir\u00e1 tus est\u00e1ndares de lujo. El Bentley Continental [&hellip;]","og_url":"https:\/\/balufy.com\/en\/product\/bentley-continental-gtc\/","og_site_name":"Balufy - The taste of Experience","article_publisher":"https:\/\/www.facebook.com\/Balufy-102705001596047","article_modified_time":"2024-04-11T17:47:47+00:00","twitter_card":"summary_large_image","twitter_misc":{"Estimated reading time":"4 minutes"},"schema":{"@context":"https:\/\/schema.org","@graph":[{"@type":"WebPage","@id":"https:\/\/balufy.com\/de\/produkt\/bentley-continental-gtc\/","url":"https:\/\/balufy.com\/de\/produkt\/bentley-continental-gtc\/","name":"BENTLEY CONTINENTAL GTC - Balufy - The taste of Experience","isPartOf":{"@id":"https:\/\/balufy.com\/es\/#website"},"datePublished":"2024-04-11T17:41:20+00:00","dateModified":"2024-04-11T17:47:47+00:00","breadcrumb":{"@id":"https:\/\/balufy.com\/de\/produkt\/bentley-continental-gtc\/#breadcrumb"},"inLanguage":"en-GB","potentialAction":[{"@type":"ReadAction","target":["https:\/\/balufy.com\/de\/produkt\/bentley-continental-gtc\/"]}]},{"@type":"BreadcrumbList","@id":"https:\/\/balufy.com\/de\/produkt\/bentley-continental-gtc\/#breadcrumb","itemListElement":[{"@type":"ListItem","position":1,"name":"Portada","item":"https:\/\/balufy.com\/"},{"@type":"ListItem","position":2,"name":"Shop","item":"https:\/\/balufy.com\/es\/shop\/"},{"@type":"ListItem","position":3,"name":"BENTLEY CONTINENTAL GTC"}]},{"@type":"WebSite","@id":"https:\/\/balufy.com\/es\/#website","url":"https:\/\/balufy.com\/es\/","name":"Balufy - Taste of experience","description":"Balufy","publisher":{"@id":"https:\/\/balufy.com\/es\/#organization"},"potentialAction":[{"@type":"SearchAction","target":{"@type":"EntryPoint","urlTemplate":"https:\/\/balufy.com\/es\/?s={search_term_string}"},"query-input":{"@type":"PropertyValueSpecification","valueRequired":true,"valueName":"search_term_string"}}],"inLanguage":"en-GB"},{"@type":"Organization","@id":"https:\/\/balufy.com\/es\/#organization","name":"Balufy","url":"https:\/\/balufy.com\/es\/","logo":{"@type":"ImageObject","inLanguage":"en-GB","@id":"https:\/\/balufy.com\/es\/#\/schema\/logo\/image\/","url":"https:\/\/balufy.com\/wp-content\/uploads\/2022\/06\/LOGO_PNG.png","contentUrl":"https:\/\/balufy.com\/wp-content\/uploads\/2022\/06\/LOGO_PNG.png","width":1366,"height":768,"caption":"Balufy"},"image":{"@id":"https:\/\/balufy.com\/es\/#\/schema\/logo\/image\/"},"sameAs":["https:\/\/www.facebook.com\/Balufy-102705001596047","https:\/\/www.instagram.com\/balufy_oficial\/"]}]}},"_links":{"self":[{"href":"https:\/\/balufy.com\/en\/wp-json\/wp\/v2\/product\/2848","targetHints":{"allow":["GET"]}}],"collection":[{"href":"https:\/\/balufy.com\/en\/wp-json\/wp\/v2\/product"}],"about":[{"href":"https:\/\/balufy.com\/en\/wp-json\/wp\/v2\/types\/product"}],"version-history":[{"count":0,"href":"https:\/\/balufy.com\/en\/wp-json\/wp\/v2\/product\/2848\/revisions"}],"wp:attachment":[{"href":"https:\/\/balufy.com\/en\/wp-json\/wp\/v2\/media?parent=2848"}],"wp:term":[{"taxonomy":"product_brand","embeddable":true,"href":"https:\/\/balufy.com\/en\/wp-json\/wp\/v2\/product_brand?post=2848"},{"taxonomy":"product_cat","embeddable":true,"href":"https:\/\/balufy.com\/en\/wp-json\/wp\/v2\/product_cat?post=2848"},{"taxonomy":"product_tag","embeddable":true,"href":"https:\/\/balufy.com\/en\/wp-json\/wp\/v2\/product_tag?post=2848"}],"curies":[{"name":"wp","href":"https:\/\/api.w.org\/{rel}","templated":true}]}}