{"id":2855,"date":"2024-04-11T19:46:52","date_gmt":"2024-04-11T17:46:52","guid":{"rendered":"https:\/\/balufy.com\/product\/ford-mustang-5-0-cabrio\/"},"modified":"2025-04-02T17:18:59","modified_gmt":"2025-04-02T15:18:59","slug":"ford-mustang-5-0-cabrio","status":"publish","type":"product","link":"https:\/\/balufy.com\/en\/product\/ford-mustang-5-0-cabrio\/","title":{"rendered":"FORD MUSTANG 5.0 CABRIO"},"content":{"rendered":"<p>If you've always dreamed of driving an iconic vehicle, now's your chance to make it happen. Rent a Ford Mustang 5.0 Convertible and experience driving this modern classic.<\/p>\n<p>The Ford Mustang 5.0 Convertible is an open-top sports car that combines exceptional design and performance to give you a powerful and thrilling driving experience. Equipped with a 5.0-litre V8 engine that produces an impressive 450 horsepower, you can accelerate from 0-60 mph in just 4.6 seconds. Plus, its retractable roof and iconic design will leave no one indifferent.<\/p>\n<p><strong>A convertible sports car for a great experience<\/strong><br \/>\nExperience the thrill of the wind and enjoy the freedom of this breathtaking convertible. Every twist and turn becomes a great opportunity to enjoy the stability and precise handling of this legendary car. Driving a Ford Mustang 5.0 Convertible on winding roads on the beach or between iconic buildings in big cities is a thrilling and unforgettable adventure. Ready to experience it?<\/p>\n<p><strong>Our Ford Mustang 5.0 Convertible Rental Service<\/strong><br \/>\nRent a Ford Mustang 5.0 Convertible with <strong>BALUFY<\/strong> is synonymous with ease, speed and comfort. Our offer includes mileage, insurance, daily rental and other payments except for the warranty. In addition, our Ford Mustang 5.0 Convertible rental service includes delivery of the vehicle to the specified address and the option to return it to another city if required. To rent, all you need to have is a valid driver's licence and meet the minimum age and driving experience requirements.<\/p>\n<p>We always strive to provide the best service at attractive prices, so that you can enjoy the latest developments in the high-end automotive world. We guarantee the proposed model, even if the internal components or engine power may vary. In case of any differences, we will send you all the detailed specifications before confirming your reservation.<\/p>\n<p>At <strong>BALUFY<\/strong> we offer the most flexible prices on the market, as well as discounts for our regular customers. Plus, if you choose to rent a Ford Mustang 5.0 Cabrio with us, you'll have access to round-the-clock support so you can contact us whenever you need to. We want you to enjoy your experience to the fullest and not worry about anything else. That's why booking a luxury car is so easy and can be done via our website, email or WhatsApp - we don't charge commission or hidden fees! If you would like to check the terms and conditions of the rental contract, you can do so here.<\/p>\n<p><strong>Your car wherever you want<\/strong><br \/>\nYou don't have to worry about the logistics, with <strong>BALUFY<\/strong>Renting a Ford Mustang 5.0 Cabrio is easy. We take care of everything so that you can enjoy yourself to the full. We will deliver the car to the place and time of your choice, with all the necessary specifications and with total confidentiality. Moreover, if you need to, you can return the car in another city without any problem. We adapt to your needs. The rental process is easy. You just need to have a valid driving licence, be at least 25 years old and have at least 2 years of driving experience. After that, all you have to do is enjoy the ride!<\/p>\n<p>Don't miss this opportunity to make your dreams come true. Rent a Ford Mustang 5.0 Cabrio and live an unforgettable experience. Contact us and we will calculate the exact rental price.<\/p>","protected":false},"excerpt":{"rendered":"<p>Si siempre has so\u00f1ado en conducir un veh\u00edculo ic\u00f3nico, ahora es tu oportunidad de hacerlo realidad. Alquila un Ford Mustang 5.0 Cabrio y vive la experiencia de conducir este cl\u00e1sico moderno. El Ford Mustang 5.0 Cabrio es un deportivo descapotable que combina un dise\u00f1o y un rendimiento excepcionales para ofrecerte una experiencia de conducci\u00f3n potente [&hellip;]<\/p>","protected":false},"featured_media":0,"template":"","meta":[],"product_brand":[],"product_cat":[20],"product_tag":[],"class_list":{"0":"post-2855","1":"product","2":"type-product","3":"status-publish","5":"product_cat-listeo-booking","7":"first","8":"instock","9":"virtual","10":"sold-individually","11":"purchasable","12":"product-type-listing_booking"},"yoast_head":"<!-- This site is optimized with the Yoast SEO plugin v27.3 - https:\/\/yoast.com\/product\/yoast-seo-wordpress\/ -->\n<title>FORD MUSTANG 5.0 CABRIO - Balufy - The taste of Experience<\/title>\n<meta name=\"robots\" content=\"index, follow, max-snippet:-1, max-image-preview:large, max-video-preview:-1\" \/>\n<link rel=\"canonical\" href=\"https:\/\/balufy.com\/en\/product\/ford-mustang-5-0-cabrio\/\" \/>\n<meta property=\"og:locale\" content=\"en_GB\" \/>\n<meta property=\"og:type\" content=\"article\" \/>\n<meta property=\"og:title\" content=\"FORD MUSTANG 5.0 CABRIO - Balufy - The taste of Experience\" \/>\n<meta property=\"og:description\" content=\"Si siempre has so\u00f1ado en conducir un veh\u00edculo ic\u00f3nico, ahora es tu oportunidad de hacerlo realidad. Alquila un Ford Mustang 5.0 Cabrio y vive la experiencia de conducir este cl\u00e1sico moderno. El Ford Mustang 5.0 Cabrio es un deportivo descapotable que combina un dise\u00f1o y un rendimiento excepcionales para ofrecerte una experiencia de conducci\u00f3n potente [&hellip;]\" \/>\n<meta property=\"og:url\" content=\"https:\/\/balufy.com\/en\/product\/ford-mustang-5-0-cabrio\/\" \/>\n<meta property=\"og:site_name\" content=\"Balufy - The taste of Experience\" \/>\n<meta property=\"article:publisher\" content=\"https:\/\/www.facebook.com\/Balufy-102705001596047\" \/>\n<meta property=\"article:modified_time\" content=\"2025-04-02T15:18:59+00:00\" \/>\n<meta name=\"twitter:card\" content=\"summary_large_image\" \/>\n<meta name=\"twitter:label1\" content=\"Estimated reading time\" \/>\n\t<meta name=\"twitter:data1\" content=\"3 minutes\" \/>\n<script type=\"application\/ld+json\" class=\"yoast-schema-graph\">{\"@context\":\"https:\\\/\\\/schema.org\",\"@graph\":[{\"@type\":\"WebPage\",\"@id\":\"https:\\\/\\\/balufy.com\\\/es\\\/producto\\\/ford-mustang-5-0-cabrio\\\/\",\"url\":\"https:\\\/\\\/balufy.com\\\/es\\\/producto\\\/ford-mustang-5-0-cabrio\\\/\",\"name\":\"FORD MUSTANG 5.0 CABRIO - Balufy - The taste of Experience\",\"isPartOf\":{\"@id\":\"https:\\\/\\\/balufy.com\\\/es\\\/#website\"},\"datePublished\":\"2024-04-11T17:46:52+00:00\",\"dateModified\":\"2025-04-02T15:18:59+00:00\",\"breadcrumb\":{\"@id\":\"https:\\\/\\\/balufy.com\\\/es\\\/producto\\\/ford-mustang-5-0-cabrio\\\/#breadcrumb\"},\"inLanguage\":\"en-GB\",\"potentialAction\":[{\"@type\":\"ReadAction\",\"target\":[\"https:\\\/\\\/balufy.com\\\/es\\\/producto\\\/ford-mustang-5-0-cabrio\\\/\"]}]},{\"@type\":\"BreadcrumbList\",\"@id\":\"https:\\\/\\\/balufy.com\\\/es\\\/producto\\\/ford-mustang-5-0-cabrio\\\/#breadcrumb\",\"itemListElement\":[{\"@type\":\"ListItem\",\"position\":1,\"name\":\"Portada\",\"item\":\"https:\\\/\\\/balufy.com\\\/\"},{\"@type\":\"ListItem\",\"position\":2,\"name\":\"Shop\",\"item\":\"https:\\\/\\\/balufy.com\\\/es\\\/shop\\\/\"},{\"@type\":\"ListItem\",\"position\":3,\"name\":\"FORD MUSTANG 5.0 CABRIO\"}]},{\"@type\":\"WebSite\",\"@id\":\"https:\\\/\\\/balufy.com\\\/es\\\/#website\",\"url\":\"https:\\\/\\\/balufy.com\\\/es\\\/\",\"name\":\"Balufy - Taste of experience\",\"description\":\"Balufy\",\"publisher\":{\"@id\":\"https:\\\/\\\/balufy.com\\\/es\\\/#organization\"},\"potentialAction\":[{\"@type\":\"SearchAction\",\"target\":{\"@type\":\"EntryPoint\",\"urlTemplate\":\"https:\\\/\\\/balufy.com\\\/es\\\/?s={search_term_string}\"},\"query-input\":{\"@type\":\"PropertyValueSpecification\",\"valueRequired\":true,\"valueName\":\"search_term_string\"}}],\"inLanguage\":\"en-GB\"},{\"@type\":\"Organization\",\"@id\":\"https:\\\/\\\/balufy.com\\\/es\\\/#organization\",\"name\":\"Balufy\",\"url\":\"https:\\\/\\\/balufy.com\\\/es\\\/\",\"logo\":{\"@type\":\"ImageObject\",\"inLanguage\":\"en-GB\",\"@id\":\"https:\\\/\\\/balufy.com\\\/es\\\/#\\\/schema\\\/logo\\\/image\\\/\",\"url\":\"https:\\\/\\\/balufy.com\\\/wp-content\\\/uploads\\\/2022\\\/06\\\/LOGO_PNG.png\",\"contentUrl\":\"https:\\\/\\\/balufy.com\\\/wp-content\\\/uploads\\\/2022\\\/06\\\/LOGO_PNG.png\",\"width\":1366,\"height\":768,\"caption\":\"Balufy\"},\"image\":{\"@id\":\"https:\\\/\\\/balufy.com\\\/es\\\/#\\\/schema\\\/logo\\\/image\\\/\"},\"sameAs\":[\"https:\\\/\\\/www.facebook.com\\\/Balufy-102705001596047\",\"https:\\\/\\\/www.instagram.com\\\/balufy_oficial\\\/\"]}]}<\/script>\n<!-- \/ Yoast SEO plugin. -->","yoast_head_json":{"title":"FORD MUSTANG 5.0 CABRIO - Balufy - The taste of Experience","robots":{"index":"index","follow":"follow","max-snippet":"max-snippet:-1","max-image-preview":"max-image-preview:large","max-video-preview":"max-video-preview:-1"},"canonical":"https:\/\/balufy.com\/en\/product\/ford-mustang-5-0-cabrio\/","og_locale":"en_GB","og_type":"article","og_title":"FORD MUSTANG 5.0 CABRIO - Balufy - The taste of Experience","og_description":"Si siempre has so\u00f1ado en conducir un veh\u00edculo ic\u00f3nico, ahora es tu oportunidad de hacerlo realidad. Alquila un Ford Mustang 5.0 Cabrio y vive la experiencia de conducir este cl\u00e1sico moderno. El Ford Mustang 5.0 Cabrio es un deportivo descapotable que combina un dise\u00f1o y un rendimiento excepcionales para ofrecerte una experiencia de conducci\u00f3n potente [&hellip;]","og_url":"https:\/\/balufy.com\/en\/product\/ford-mustang-5-0-cabrio\/","og_site_name":"Balufy - The taste of Experience","article_publisher":"https:\/\/www.facebook.com\/Balufy-102705001596047","article_modified_time":"2025-04-02T15:18:59+00:00","twitter_card":"summary_large_image","twitter_misc":{"Estimated reading time":"3 minutes"},"schema":{"@context":"https:\/\/schema.org","@graph":[{"@type":"WebPage","@id":"https:\/\/balufy.com\/es\/producto\/ford-mustang-5-0-cabrio\/","url":"https:\/\/balufy.com\/es\/producto\/ford-mustang-5-0-cabrio\/","name":"FORD MUSTANG 5.0 CABRIO - Balufy - The taste of Experience","isPartOf":{"@id":"https:\/\/balufy.com\/es\/#website"},"datePublished":"2024-04-11T17:46:52+00:00","dateModified":"2025-04-02T15:18:59+00:00","breadcrumb":{"@id":"https:\/\/balufy.com\/es\/producto\/ford-mustang-5-0-cabrio\/#breadcrumb"},"inLanguage":"en-GB","potentialAction":[{"@type":"ReadAction","target":["https:\/\/balufy.com\/es\/producto\/ford-mustang-5-0-cabrio\/"]}]},{"@type":"BreadcrumbList","@id":"https:\/\/balufy.com\/es\/producto\/ford-mustang-5-0-cabrio\/#breadcrumb","itemListElement":[{"@type":"ListItem","position":1,"name":"Portada","item":"https:\/\/balufy.com\/"},{"@type":"ListItem","position":2,"name":"Shop","item":"https:\/\/balufy.com\/es\/shop\/"},{"@type":"ListItem","position":3,"name":"FORD MUSTANG 5.0 CABRIO"}]},{"@type":"WebSite","@id":"https:\/\/balufy.com\/es\/#website","url":"https:\/\/balufy.com\/es\/","name":"Balufy - Taste of experience","description":"Balufy","publisher":{"@id":"https:\/\/balufy.com\/es\/#organization"},"potentialAction":[{"@type":"SearchAction","target":{"@type":"EntryPoint","urlTemplate":"https:\/\/balufy.com\/es\/?s={search_term_string}"},"query-input":{"@type":"PropertyValueSpecification","valueRequired":true,"valueName":"search_term_string"}}],"inLanguage":"en-GB"},{"@type":"Organization","@id":"https:\/\/balufy.com\/es\/#organization","name":"Balufy","url":"https:\/\/balufy.com\/es\/","logo":{"@type":"ImageObject","inLanguage":"en-GB","@id":"https:\/\/balufy.com\/es\/#\/schema\/logo\/image\/","url":"https:\/\/balufy.com\/wp-content\/uploads\/2022\/06\/LOGO_PNG.png","contentUrl":"https:\/\/balufy.com\/wp-content\/uploads\/2022\/06\/LOGO_PNG.png","width":1366,"height":768,"caption":"Balufy"},"image":{"@id":"https:\/\/balufy.com\/es\/#\/schema\/logo\/image\/"},"sameAs":["https:\/\/www.facebook.com\/Balufy-102705001596047","https:\/\/www.instagram.com\/balufy_oficial\/"]}]}},"_links":{"self":[{"href":"https:\/\/balufy.com\/en\/wp-json\/wp\/v2\/product\/2855","targetHints":{"allow":["GET"]}}],"collection":[{"href":"https:\/\/balufy.com\/en\/wp-json\/wp\/v2\/product"}],"about":[{"href":"https:\/\/balufy.com\/en\/wp-json\/wp\/v2\/types\/product"}],"version-history":[{"count":0,"href":"https:\/\/balufy.com\/en\/wp-json\/wp\/v2\/product\/2855\/revisions"}],"wp:attachment":[{"href":"https:\/\/balufy.com\/en\/wp-json\/wp\/v2\/media?parent=2855"}],"wp:term":[{"taxonomy":"product_brand","embeddable":true,"href":"https:\/\/balufy.com\/en\/wp-json\/wp\/v2\/product_brand?post=2855"},{"taxonomy":"product_cat","embeddable":true,"href":"https:\/\/balufy.com\/en\/wp-json\/wp\/v2\/product_cat?post=2855"},{"taxonomy":"product_tag","embeddable":true,"href":"https:\/\/balufy.com\/en\/wp-json\/wp\/v2\/product_tag?post=2855"}],"curies":[{"name":"wp","href":"https:\/\/api.w.org\/{rel}","templated":true}]}}