{"id":3007,"date":"2024-04-24T12:23:06","date_gmt":"2024-04-24T10:23:06","guid":{"rendered":"https:\/\/balufy.com\/product\/sa-madoneta\/"},"modified":"2025-04-02T16:37:47","modified_gmt":"2025-04-02T14:37:47","slug":"sa-madoneta","status":"publish","type":"product","link":"https:\/\/balufy.com\/en\/product\/sa-madoneta\/","title":{"rendered":"Sa Madoneta"},"content":{"rendered":"<p><strong>Property description:<\/strong><\/p>\n<p>Surrounded by almond and carob trees, Finca Damian offers a unique ambience in the middle of nature for relaxing days on the island. Thanks to the slight slope of the finca and its south-facing orientation, you will enjoy a dreamlike view of the entire landscape all the way to the coast, and in the distance, you can even see the neighbouring island of Cabrera.<\/p>\n<p>Finca Sa Madoneta has two bedrooms, one with a double bed and the other with a single bed and a bunk bed, offering in total space for five persons. From the living-dining area with fully equipped open kitchen, a spacious dining table and a cosy sofa corner, you have direct access to the wonderful sun terrace with sun loungers and parasols. Cool off in the turquoise-blue swimming pool and it is easy to forget the daily routine and relax. Under the covered terrace, you can sit comfortably and eat or wait for the grill master to bring the food to the table. Here, you are sure to spend unforgettable summer evenings with your loved ones.<\/p>\n<p>Please note that the use of air conditioning incurs an additional charge of 15\u20ac per day. This fee is not calculated in advance, but is collected directly on site by the owner. We would like to inform our guests that this service is completely optional and should only be used if necessary.<\/p>\n<p>We invite you to experience the beautiful finca life in Mallorca with us.<\/p>\n<p><strong>What's in the village?<\/strong><br \/>\nBed linen, towels and pool towels are provided for guests. In the kitchen there is a small basic supply of spices and oil. Dishwasher detergent, dishwasher tablets and 1-2 rubbish bags are also provided. If an item is no longer available, it is understood that if you are self-sufficient, this item will be purchased. In the toilets there is hand soap and 1-2 rolls of toilet paper for arrival. If you need anything else for basic equipment, please contact us.<\/p>\n<p><strong>Information:<\/strong><\/p>\n<p>Finca Sa Madoneta is located at the foot of the Hamburger Hill, about 2 km in the direction of Cas Concos from Santany\u00ed, in the southeast of the island. In the charming village of Santany\u00ed, which can be reached in a few minutes, you will find supermarkets, restaurants, boutiques for shopping and twice a week a colourful weekly market in the centre of the village with local products. Here you can buy fresh local fruit and vegetables as well as handmade souvenirs.<\/p>\n<p>The most beautiful beaches of the island, such as Cala Santany\u00ed, Cala Llombards or Cala S'amarador, are about 9 km away from the finca. Here you can sunbathe on the white sand, enjoy a refreshing drink in one of the beach bars or in the Spanish \"chiringuitos\", dive and snorkel. The entire southeast coast is known for its gentle tourism, away from the masses, and enchants with its numerous coves bathed in turquoise tones that stretch along the entire coastline all the way to the northeast. Discover the diversity of Mallorca in a charming way and get to know the island from a new and very special side, which you will surely also love.<\/p>\n<p>Visit the southeast of Mallorca and discover the hidden treasures of the island.<\/p>\n<p><strong>IMPORTANT!<\/strong><br \/>\nAll guests staying in a holiday home in Mallorca are obliged to pay the local tourist tax. Some portals do not charge it. In this case you will receive separate information regarding this payment. Furthermore, please note that the agency charges a refundable deposit. It is possible to reduce the deposit to 100\u20ac per stay if the guest takes out insurance to cover possible damage to the holiday home. Full details will be provided in the booking confirmation email.<\/p>\n<p>Deposit (refundable)<br \/>\nAmount: 400,00 \u20ac\/booking. Method of payment: Credit card withholding to be paid on arrival.<br \/>\nTourist tax: Included in the total price<br \/>\n<strong>\u00a0Remarks<\/strong><\/p>\n<p>Air conditioning available:<br \/>\nFrom 1\/6 to 30\/9<br \/>\nPrice: 15,00 \u20ac\/night<\/p>\n<p>-Heating: 10,00 \u20ac \/night<br \/>\n- This rental does not accept groups of young people (up to 22 years old).<br \/>\n- Smoking is not allowed<br \/>\n- Pets are allowed in this accommodation, except for dangerous breeds.<br \/>\nIn low season, check-in and check-out times are flexible. Please contact the agency to arrange the times.<\/p>\n<p>Arrival out of hours: Keys in letterbox with code. The total amount of the booking must be paid in advance.<\/p>","protected":false},"excerpt":{"rendered":"<p>Descripci\u00f3n de la propiedad: Rodeada de almendros y algarrobos, la Finca Damian ofrece un ambiente \u00fanico en medio de la naturaleza para d\u00edas relajados en la isla. Gracias a la ligera inclinaci\u00f3n de la finca y su orientaci\u00f3n hacia el sur, disfrutar\u00e1 de una vista de ensue\u00f1o de todo el paisaje hasta la costa, y [&hellip;]<\/p>","protected":false},"featured_media":0,"template":"","meta":[],"product_brand":[],"product_cat":[20],"product_tag":[],"class_list":{"0":"post-3007","1":"product","2":"type-product","3":"status-publish","5":"product_cat-listeo-booking","7":"first","8":"instock","9":"virtual","10":"sold-individually","11":"purchasable","12":"product-type-listing_booking"},"yoast_head":"<!-- This site is optimized with the Yoast SEO plugin v27.3 - https:\/\/yoast.com\/product\/yoast-seo-wordpress\/ -->\n<title>Sa Madoneta - Balufy - The taste of Experience<\/title>\n<meta name=\"robots\" content=\"index, follow, max-snippet:-1, max-image-preview:large, max-video-preview:-1\" \/>\n<link rel=\"canonical\" href=\"https:\/\/balufy.com\/en\/product\/sa-madoneta\/\" \/>\n<meta property=\"og:locale\" content=\"en_GB\" \/>\n<meta property=\"og:type\" content=\"article\" \/>\n<meta property=\"og:title\" content=\"Sa Madoneta - Balufy - The taste of Experience\" \/>\n<meta property=\"og:description\" content=\"Descripci\u00f3n de la propiedad: Rodeada de almendros y algarrobos, la Finca Damian ofrece un ambiente \u00fanico en medio de la naturaleza para d\u00edas relajados en la isla. Gracias a la ligera inclinaci\u00f3n de la finca y su orientaci\u00f3n hacia el sur, disfrutar\u00e1 de una vista de ensue\u00f1o de todo el paisaje hasta la costa, y [&hellip;]\" \/>\n<meta property=\"og:url\" content=\"https:\/\/balufy.com\/en\/product\/sa-madoneta\/\" \/>\n<meta property=\"og:site_name\" content=\"Balufy - The taste of Experience\" \/>\n<meta property=\"article:publisher\" content=\"https:\/\/www.facebook.com\/Balufy-102705001596047\" \/>\n<meta property=\"article:modified_time\" content=\"2025-04-02T14:37:47+00:00\" \/>\n<meta name=\"twitter:card\" content=\"summary_large_image\" \/>\n<meta name=\"twitter:label1\" content=\"Estimated reading time\" \/>\n\t<meta name=\"twitter:data1\" content=\"4 minutes\" \/>\n<script type=\"application\/ld+json\" class=\"yoast-schema-graph\">{\"@context\":\"https:\\\/\\\/schema.org\",\"@graph\":[{\"@type\":\"WebPage\",\"@id\":\"https:\\\/\\\/balufy.com\\\/es\\\/producto\\\/sa-madoneta\\\/\",\"url\":\"https:\\\/\\\/balufy.com\\\/es\\\/producto\\\/sa-madoneta\\\/\",\"name\":\"Sa Madoneta - Balufy - The taste of Experience\",\"isPartOf\":{\"@id\":\"https:\\\/\\\/balufy.com\\\/es\\\/#website\"},\"datePublished\":\"2024-04-24T10:23:06+00:00\",\"dateModified\":\"2025-04-02T14:37:47+00:00\",\"breadcrumb\":{\"@id\":\"https:\\\/\\\/balufy.com\\\/es\\\/producto\\\/sa-madoneta\\\/#breadcrumb\"},\"inLanguage\":\"en-GB\",\"potentialAction\":[{\"@type\":\"ReadAction\",\"target\":[\"https:\\\/\\\/balufy.com\\\/es\\\/producto\\\/sa-madoneta\\\/\"]}]},{\"@type\":\"BreadcrumbList\",\"@id\":\"https:\\\/\\\/balufy.com\\\/es\\\/producto\\\/sa-madoneta\\\/#breadcrumb\",\"itemListElement\":[{\"@type\":\"ListItem\",\"position\":1,\"name\":\"Portada\",\"item\":\"https:\\\/\\\/balufy.com\\\/\"},{\"@type\":\"ListItem\",\"position\":2,\"name\":\"Shop\",\"item\":\"https:\\\/\\\/balufy.com\\\/es\\\/shop\\\/\"},{\"@type\":\"ListItem\",\"position\":3,\"name\":\"Sa Madoneta\"}]},{\"@type\":\"WebSite\",\"@id\":\"https:\\\/\\\/balufy.com\\\/es\\\/#website\",\"url\":\"https:\\\/\\\/balufy.com\\\/es\\\/\",\"name\":\"Balufy - Taste of experience\",\"description\":\"Balufy\",\"publisher\":{\"@id\":\"https:\\\/\\\/balufy.com\\\/es\\\/#organization\"},\"potentialAction\":[{\"@type\":\"SearchAction\",\"target\":{\"@type\":\"EntryPoint\",\"urlTemplate\":\"https:\\\/\\\/balufy.com\\\/es\\\/?s={search_term_string}\"},\"query-input\":{\"@type\":\"PropertyValueSpecification\",\"valueRequired\":true,\"valueName\":\"search_term_string\"}}],\"inLanguage\":\"en-GB\"},{\"@type\":\"Organization\",\"@id\":\"https:\\\/\\\/balufy.com\\\/es\\\/#organization\",\"name\":\"Balufy\",\"url\":\"https:\\\/\\\/balufy.com\\\/es\\\/\",\"logo\":{\"@type\":\"ImageObject\",\"inLanguage\":\"en-GB\",\"@id\":\"https:\\\/\\\/balufy.com\\\/es\\\/#\\\/schema\\\/logo\\\/image\\\/\",\"url\":\"https:\\\/\\\/balufy.com\\\/wp-content\\\/uploads\\\/2022\\\/06\\\/LOGO_PNG.png\",\"contentUrl\":\"https:\\\/\\\/balufy.com\\\/wp-content\\\/uploads\\\/2022\\\/06\\\/LOGO_PNG.png\",\"width\":1366,\"height\":768,\"caption\":\"Balufy\"},\"image\":{\"@id\":\"https:\\\/\\\/balufy.com\\\/es\\\/#\\\/schema\\\/logo\\\/image\\\/\"},\"sameAs\":[\"https:\\\/\\\/www.facebook.com\\\/Balufy-102705001596047\",\"https:\\\/\\\/www.instagram.com\\\/balufy_oficial\\\/\"]}]}<\/script>\n<!-- \/ Yoast SEO plugin. -->","yoast_head_json":{"title":"Sa Madoneta - Balufy - The taste of Experience","robots":{"index":"index","follow":"follow","max-snippet":"max-snippet:-1","max-image-preview":"max-image-preview:large","max-video-preview":"max-video-preview:-1"},"canonical":"https:\/\/balufy.com\/en\/product\/sa-madoneta\/","og_locale":"en_GB","og_type":"article","og_title":"Sa Madoneta - Balufy - The taste of Experience","og_description":"Descripci\u00f3n de la propiedad: Rodeada de almendros y algarrobos, la Finca Damian ofrece un ambiente \u00fanico en medio de la naturaleza para d\u00edas relajados en la isla. Gracias a la ligera inclinaci\u00f3n de la finca y su orientaci\u00f3n hacia el sur, disfrutar\u00e1 de una vista de ensue\u00f1o de todo el paisaje hasta la costa, y [&hellip;]","og_url":"https:\/\/balufy.com\/en\/product\/sa-madoneta\/","og_site_name":"Balufy - The taste of Experience","article_publisher":"https:\/\/www.facebook.com\/Balufy-102705001596047","article_modified_time":"2025-04-02T14:37:47+00:00","twitter_card":"summary_large_image","twitter_misc":{"Estimated reading time":"4 minutes"},"schema":{"@context":"https:\/\/schema.org","@graph":[{"@type":"WebPage","@id":"https:\/\/balufy.com\/es\/producto\/sa-madoneta\/","url":"https:\/\/balufy.com\/es\/producto\/sa-madoneta\/","name":"Sa Madoneta - Balufy - The taste of Experience","isPartOf":{"@id":"https:\/\/balufy.com\/es\/#website"},"datePublished":"2024-04-24T10:23:06+00:00","dateModified":"2025-04-02T14:37:47+00:00","breadcrumb":{"@id":"https:\/\/balufy.com\/es\/producto\/sa-madoneta\/#breadcrumb"},"inLanguage":"en-GB","potentialAction":[{"@type":"ReadAction","target":["https:\/\/balufy.com\/es\/producto\/sa-madoneta\/"]}]},{"@type":"BreadcrumbList","@id":"https:\/\/balufy.com\/es\/producto\/sa-madoneta\/#breadcrumb","itemListElement":[{"@type":"ListItem","position":1,"name":"Portada","item":"https:\/\/balufy.com\/"},{"@type":"ListItem","position":2,"name":"Shop","item":"https:\/\/balufy.com\/es\/shop\/"},{"@type":"ListItem","position":3,"name":"Sa Madoneta"}]},{"@type":"WebSite","@id":"https:\/\/balufy.com\/es\/#website","url":"https:\/\/balufy.com\/es\/","name":"Balufy - Taste of experience","description":"Balufy","publisher":{"@id":"https:\/\/balufy.com\/es\/#organization"},"potentialAction":[{"@type":"SearchAction","target":{"@type":"EntryPoint","urlTemplate":"https:\/\/balufy.com\/es\/?s={search_term_string}"},"query-input":{"@type":"PropertyValueSpecification","valueRequired":true,"valueName":"search_term_string"}}],"inLanguage":"en-GB"},{"@type":"Organization","@id":"https:\/\/balufy.com\/es\/#organization","name":"Balufy","url":"https:\/\/balufy.com\/es\/","logo":{"@type":"ImageObject","inLanguage":"en-GB","@id":"https:\/\/balufy.com\/es\/#\/schema\/logo\/image\/","url":"https:\/\/balufy.com\/wp-content\/uploads\/2022\/06\/LOGO_PNG.png","contentUrl":"https:\/\/balufy.com\/wp-content\/uploads\/2022\/06\/LOGO_PNG.png","width":1366,"height":768,"caption":"Balufy"},"image":{"@id":"https:\/\/balufy.com\/es\/#\/schema\/logo\/image\/"},"sameAs":["https:\/\/www.facebook.com\/Balufy-102705001596047","https:\/\/www.instagram.com\/balufy_oficial\/"]}]}},"_links":{"self":[{"href":"https:\/\/balufy.com\/en\/wp-json\/wp\/v2\/product\/3007","targetHints":{"allow":["GET"]}}],"collection":[{"href":"https:\/\/balufy.com\/en\/wp-json\/wp\/v2\/product"}],"about":[{"href":"https:\/\/balufy.com\/en\/wp-json\/wp\/v2\/types\/product"}],"version-history":[{"count":0,"href":"https:\/\/balufy.com\/en\/wp-json\/wp\/v2\/product\/3007\/revisions"}],"wp:attachment":[{"href":"https:\/\/balufy.com\/en\/wp-json\/wp\/v2\/media?parent=3007"}],"wp:term":[{"taxonomy":"product_brand","embeddable":true,"href":"https:\/\/balufy.com\/en\/wp-json\/wp\/v2\/product_brand?post=3007"},{"taxonomy":"product_cat","embeddable":true,"href":"https:\/\/balufy.com\/en\/wp-json\/wp\/v2\/product_cat?post=3007"},{"taxonomy":"product_tag","embeddable":true,"href":"https:\/\/balufy.com\/en\/wp-json\/wp\/v2\/product_tag?post=3007"}],"curies":[{"name":"wp","href":"https:\/\/api.w.org\/{rel}","templated":true}]}}