{"id":3049,"date":"2024-04-24T13:07:45","date_gmt":"2024-04-24T11:07:45","guid":{"rendered":"https:\/\/balufy.com\/product\/villa-ancora\/"},"modified":"2025-04-02T16:36:57","modified_gmt":"2025-04-02T14:36:57","slug":"villa-ancora","status":"publish","type":"product","link":"https:\/\/balufy.com\/en\/product\/villa-ancora\/","title":{"rendered":"Villa Ancora"},"content":{"rendered":"<p>Ancora is a frontline holiday villa in Santany\u00ed, Majorca, with private pool.<br \/>\n5 bedroom, 5 bathroom villa with sea views and private pool, air conditioning, WiFi, Smart TV, close to golf, sleeps up to 10 people.<\/p>\n<p>The shaped pool has a glorious sea view, an adjacent bench area perfect for small children and is also self-service by a kitchenette to keep your drinks cold, a guest toilet with changing area, two covered chill out areas and a dining table, which can be moved in or out of the shade.<\/p>\n<p>The holiday villa is situated minutes away from the picturesque fishing village of Porto Petro with a magnificent coastal setting and a further 5 minutes from the larger and lively Cala d`Or which offers a wide variety of restaurants, bars and beaches.<br \/>\nFor beach lovers or those who simply wish to relax in the privacy of the luxurious villa, Ancora is the right choice for you to enjoy your holiday in Mallorca.<\/p>\n<p><strong>Please note:<\/strong><\/p>\n<p>Opening hours:Every day from 16:00 to 0:00h<\/p>\n<p>Departure time:Before 10:00h<br \/>\n- a booking fee of EUR 150 will be charged for each booking.<br \/>\n- Balearic eco-tax of EUR 2.20 per night and per person is payable at the time of booking.<br \/>\n- a refundable breakage deposit, the amount of which is related to the property, will also be required when booking.<br \/>\n- Free WIFI available<\/p>\n<p>Deposit (refundable)<br \/>\nAmount: 2.000,00 \u20ac\/booking. Method of payment: Withholding on credit card with the last payment.<\/p>\n<p><strong>Remarks<\/strong><\/p>\n<p>- This rental does not accept groups of young people (up to 18 years old).<br \/>\n- Smoking is not allowed<br \/>\n- Pets are not allowed- Access to accommodation without stairs.<\/p>","protected":false},"excerpt":{"rendered":"<p>Ancora es una villa de vacaciones en primera l\u00ednea en Santany\u00ed, Mallorca, con piscina privada Villa de 5 dormitorios, 5 ba\u00f1os con vistas al mar y piscina privada, aire acondicionado, WiFi, Smart TV, cerca del golf , Tiene capacidad para un m\u00e1ximo de 10 personas La piscina con forma tiene una gloriosa vista al mar, [&hellip;]<\/p>","protected":false},"featured_media":0,"template":"","meta":[],"product_brand":[],"product_cat":[20],"product_tag":[],"class_list":{"0":"post-3049","1":"product","2":"type-product","3":"status-publish","5":"product_cat-listeo-booking","7":"first","8":"instock","9":"virtual","10":"sold-individually","11":"purchasable","12":"product-type-listing_booking"},"yoast_head":"<!-- This site is optimized with the Yoast SEO plugin v27.3 - https:\/\/yoast.com\/product\/yoast-seo-wordpress\/ -->\n<title>Villa Ancora - Balufy - The taste of Experience<\/title>\n<meta name=\"robots\" content=\"index, follow, max-snippet:-1, max-image-preview:large, max-video-preview:-1\" \/>\n<link rel=\"canonical\" href=\"https:\/\/balufy.com\/en\/product\/villa-ancora\/\" \/>\n<meta property=\"og:locale\" content=\"en_GB\" \/>\n<meta property=\"og:type\" content=\"article\" \/>\n<meta property=\"og:title\" content=\"Villa Ancora - Balufy - The taste of Experience\" \/>\n<meta property=\"og:description\" content=\"Ancora es una villa de vacaciones en primera l\u00ednea en Santany\u00ed, Mallorca, con piscina privada Villa de 5 dormitorios, 5 ba\u00f1os con vistas al mar y piscina privada, aire acondicionado, WiFi, Smart TV, cerca del golf , Tiene capacidad para un m\u00e1ximo de 10 personas La piscina con forma tiene una gloriosa vista al mar, [&hellip;]\" \/>\n<meta property=\"og:url\" content=\"https:\/\/balufy.com\/en\/product\/villa-ancora\/\" \/>\n<meta property=\"og:site_name\" content=\"Balufy - The taste of Experience\" \/>\n<meta property=\"article:publisher\" content=\"https:\/\/www.facebook.com\/Balufy-102705001596047\" \/>\n<meta property=\"article:modified_time\" content=\"2025-04-02T14:36:57+00:00\" \/>\n<meta name=\"twitter:card\" content=\"summary_large_image\" \/>\n<meta name=\"twitter:label1\" content=\"Estimated reading time\" \/>\n\t<meta name=\"twitter:data1\" content=\"2 minutes\" \/>\n<script type=\"application\/ld+json\" class=\"yoast-schema-graph\">{\"@context\":\"https:\\\/\\\/schema.org\",\"@graph\":[{\"@type\":\"WebPage\",\"@id\":\"https:\\\/\\\/balufy.com\\\/es\\\/producto\\\/villa-ancora\\\/\",\"url\":\"https:\\\/\\\/balufy.com\\\/es\\\/producto\\\/villa-ancora\\\/\",\"name\":\"Villa Ancora - Balufy - The taste of Experience\",\"isPartOf\":{\"@id\":\"https:\\\/\\\/balufy.com\\\/es\\\/#website\"},\"datePublished\":\"2024-04-24T11:07:45+00:00\",\"dateModified\":\"2025-04-02T14:36:57+00:00\",\"breadcrumb\":{\"@id\":\"https:\\\/\\\/balufy.com\\\/es\\\/producto\\\/villa-ancora\\\/#breadcrumb\"},\"inLanguage\":\"en-GB\",\"potentialAction\":[{\"@type\":\"ReadAction\",\"target\":[\"https:\\\/\\\/balufy.com\\\/es\\\/producto\\\/villa-ancora\\\/\"]}]},{\"@type\":\"BreadcrumbList\",\"@id\":\"https:\\\/\\\/balufy.com\\\/es\\\/producto\\\/villa-ancora\\\/#breadcrumb\",\"itemListElement\":[{\"@type\":\"ListItem\",\"position\":1,\"name\":\"Portada\",\"item\":\"https:\\\/\\\/balufy.com\\\/\"},{\"@type\":\"ListItem\",\"position\":2,\"name\":\"Shop\",\"item\":\"https:\\\/\\\/balufy.com\\\/es\\\/shop\\\/\"},{\"@type\":\"ListItem\",\"position\":3,\"name\":\"Villa Ancora\"}]},{\"@type\":\"WebSite\",\"@id\":\"https:\\\/\\\/balufy.com\\\/es\\\/#website\",\"url\":\"https:\\\/\\\/balufy.com\\\/es\\\/\",\"name\":\"Balufy - Taste of experience\",\"description\":\"Balufy\",\"publisher\":{\"@id\":\"https:\\\/\\\/balufy.com\\\/es\\\/#organization\"},\"potentialAction\":[{\"@type\":\"SearchAction\",\"target\":{\"@type\":\"EntryPoint\",\"urlTemplate\":\"https:\\\/\\\/balufy.com\\\/es\\\/?s={search_term_string}\"},\"query-input\":{\"@type\":\"PropertyValueSpecification\",\"valueRequired\":true,\"valueName\":\"search_term_string\"}}],\"inLanguage\":\"en-GB\"},{\"@type\":\"Organization\",\"@id\":\"https:\\\/\\\/balufy.com\\\/es\\\/#organization\",\"name\":\"Balufy\",\"url\":\"https:\\\/\\\/balufy.com\\\/es\\\/\",\"logo\":{\"@type\":\"ImageObject\",\"inLanguage\":\"en-GB\",\"@id\":\"https:\\\/\\\/balufy.com\\\/es\\\/#\\\/schema\\\/logo\\\/image\\\/\",\"url\":\"https:\\\/\\\/balufy.com\\\/wp-content\\\/uploads\\\/2022\\\/06\\\/LOGO_PNG.png\",\"contentUrl\":\"https:\\\/\\\/balufy.com\\\/wp-content\\\/uploads\\\/2022\\\/06\\\/LOGO_PNG.png\",\"width\":1366,\"height\":768,\"caption\":\"Balufy\"},\"image\":{\"@id\":\"https:\\\/\\\/balufy.com\\\/es\\\/#\\\/schema\\\/logo\\\/image\\\/\"},\"sameAs\":[\"https:\\\/\\\/www.facebook.com\\\/Balufy-102705001596047\",\"https:\\\/\\\/www.instagram.com\\\/balufy_oficial\\\/\"]}]}<\/script>\n<!-- \/ Yoast SEO plugin. -->","yoast_head_json":{"title":"Villa Ancora - Balufy - The taste of Experience","robots":{"index":"index","follow":"follow","max-snippet":"max-snippet:-1","max-image-preview":"max-image-preview:large","max-video-preview":"max-video-preview:-1"},"canonical":"https:\/\/balufy.com\/en\/product\/villa-ancora\/","og_locale":"en_GB","og_type":"article","og_title":"Villa Ancora - Balufy - The taste of Experience","og_description":"Ancora es una villa de vacaciones en primera l\u00ednea en Santany\u00ed, Mallorca, con piscina privada Villa de 5 dormitorios, 5 ba\u00f1os con vistas al mar y piscina privada, aire acondicionado, WiFi, Smart TV, cerca del golf , Tiene capacidad para un m\u00e1ximo de 10 personas La piscina con forma tiene una gloriosa vista al mar, [&hellip;]","og_url":"https:\/\/balufy.com\/en\/product\/villa-ancora\/","og_site_name":"Balufy - The taste of Experience","article_publisher":"https:\/\/www.facebook.com\/Balufy-102705001596047","article_modified_time":"2025-04-02T14:36:57+00:00","twitter_card":"summary_large_image","twitter_misc":{"Estimated reading time":"2 minutes"},"schema":{"@context":"https:\/\/schema.org","@graph":[{"@type":"WebPage","@id":"https:\/\/balufy.com\/es\/producto\/villa-ancora\/","url":"https:\/\/balufy.com\/es\/producto\/villa-ancora\/","name":"Villa Ancora - Balufy - The taste of Experience","isPartOf":{"@id":"https:\/\/balufy.com\/es\/#website"},"datePublished":"2024-04-24T11:07:45+00:00","dateModified":"2025-04-02T14:36:57+00:00","breadcrumb":{"@id":"https:\/\/balufy.com\/es\/producto\/villa-ancora\/#breadcrumb"},"inLanguage":"en-GB","potentialAction":[{"@type":"ReadAction","target":["https:\/\/balufy.com\/es\/producto\/villa-ancora\/"]}]},{"@type":"BreadcrumbList","@id":"https:\/\/balufy.com\/es\/producto\/villa-ancora\/#breadcrumb","itemListElement":[{"@type":"ListItem","position":1,"name":"Portada","item":"https:\/\/balufy.com\/"},{"@type":"ListItem","position":2,"name":"Shop","item":"https:\/\/balufy.com\/es\/shop\/"},{"@type":"ListItem","position":3,"name":"Villa Ancora"}]},{"@type":"WebSite","@id":"https:\/\/balufy.com\/es\/#website","url":"https:\/\/balufy.com\/es\/","name":"Balufy - Taste of experience","description":"Balufy","publisher":{"@id":"https:\/\/balufy.com\/es\/#organization"},"potentialAction":[{"@type":"SearchAction","target":{"@type":"EntryPoint","urlTemplate":"https:\/\/balufy.com\/es\/?s={search_term_string}"},"query-input":{"@type":"PropertyValueSpecification","valueRequired":true,"valueName":"search_term_string"}}],"inLanguage":"en-GB"},{"@type":"Organization","@id":"https:\/\/balufy.com\/es\/#organization","name":"Balufy","url":"https:\/\/balufy.com\/es\/","logo":{"@type":"ImageObject","inLanguage":"en-GB","@id":"https:\/\/balufy.com\/es\/#\/schema\/logo\/image\/","url":"https:\/\/balufy.com\/wp-content\/uploads\/2022\/06\/LOGO_PNG.png","contentUrl":"https:\/\/balufy.com\/wp-content\/uploads\/2022\/06\/LOGO_PNG.png","width":1366,"height":768,"caption":"Balufy"},"image":{"@id":"https:\/\/balufy.com\/es\/#\/schema\/logo\/image\/"},"sameAs":["https:\/\/www.facebook.com\/Balufy-102705001596047","https:\/\/www.instagram.com\/balufy_oficial\/"]}]}},"_links":{"self":[{"href":"https:\/\/balufy.com\/en\/wp-json\/wp\/v2\/product\/3049","targetHints":{"allow":["GET"]}}],"collection":[{"href":"https:\/\/balufy.com\/en\/wp-json\/wp\/v2\/product"}],"about":[{"href":"https:\/\/balufy.com\/en\/wp-json\/wp\/v2\/types\/product"}],"version-history":[{"count":0,"href":"https:\/\/balufy.com\/en\/wp-json\/wp\/v2\/product\/3049\/revisions"}],"wp:attachment":[{"href":"https:\/\/balufy.com\/en\/wp-json\/wp\/v2\/media?parent=3049"}],"wp:term":[{"taxonomy":"product_brand","embeddable":true,"href":"https:\/\/balufy.com\/en\/wp-json\/wp\/v2\/product_brand?post=3049"},{"taxonomy":"product_cat","embeddable":true,"href":"https:\/\/balufy.com\/en\/wp-json\/wp\/v2\/product_cat?post=3049"},{"taxonomy":"product_tag","embeddable":true,"href":"https:\/\/balufy.com\/en\/wp-json\/wp\/v2\/product_tag?post=3049"}],"curies":[{"name":"wp","href":"https:\/\/api.w.org\/{rel}","templated":true}]}}