{"id":3187,"date":"2024-04-24T21:00:40","date_gmt":"2024-04-24T19:00:40","guid":{"rendered":"https:\/\/balufy.com\/product\/can-blai-blai\/"},"modified":"2025-04-07T06:12:18","modified_gmt":"2025-04-07T04:12:18","slug":"can-blai-blai","status":"publish","type":"product","link":"https:\/\/balufy.com\/en\/product\/can-blai-blai\/","title":{"rendered":"Can Blai Blai"},"content":{"rendered":"<p>Located in the middle of almond groves, only about 2.5 km from Santany\u00ed, the finca Can Blai Blai offers with its unique location everything that makes country life in Mallorca so special: absolute tranquillity in a dreamlike setting. The house was completely renovated in 2015 and artistically redesigned to a high standard. With a spacious living\/dining room, two bedrooms, a very well equipped kitchen (with dishwasher) and two covered terraces, the house is an ideal retreat for 4 people. The garden house, which has been converted, can be used as a studio with a digital piano and offers additional accommodation space. On colder days, a pellet cooker that heats the whole house, including underfloor heating, and a wood-burning cooker provide cosy warmth. The swimming pool (2.5 x 7.5 m) with outdoor shower in the beautifully landscaped garden offers refreshing relaxation in summer.<\/p>\n<p>Find peace away from the tourist centres of Mallorca! Those who value a unique interior design will appreciate the artistic and loving decoration of the house.<\/p>\n<p>The swimming pool with its chlorine-free water is a special highlight and is ideal for the hot days of the year. For any weather, there are spacious terraces: one offers shade under a reed roof, the other is protected from the rain and around the pool you can enjoy the open air with unobstructed views of the surrounding meadows and almond groves. In addition, the extensive garden offers many opportunities to find pleasant spots. From the roof terrace you have a beautiful view over the landscape up to Santany\u00ed. Even the sea is visible. The garden house offers a beautiful retreat where you can play the digital piano undisturbed.<\/p>\n<p>Please note that there is a cat living in the house, which often visits guests. This is important information for allergy sufferers, as the house may not be a suitable place for allergy sufferers.<\/p>\n<p>The owners of the property are strictly against making express changes on the same day, as they strive to offer each guest an exceptional experience without rushing the next guest. This ensures that the house is meticulously prepared for your stay, so that you can enjoy your holiday from the very first moment.<\/p>\n<p>There is a flat-screen TV with all Spanish and German channels. A cot and high chair are available for children. For any eventuality, a washing machine is also available.<\/p>\n<p><strong>What's in the house?<\/strong><br \/>\nBed linen and towels are provided for guests. In the kitchen there is a small basic supply of spices and oil. Dishwasher detergent, dishwasher tablets and 1-2 rubbish bags are also provided. If an item is no longer available, it is understood that if you are self-sufficient, this item will be purchased. In the toilets there is hand soap and 1-2 rolls of toilet paper for arrival. If you need anything else for basic equipment, please contact us.<\/p>\n<p><strong>IMPORTANT!<\/strong><br \/>\nThe guest is obliged to take out damage insurance through the agency, which covers damage of up to 5,000 euros to the property. All guests staying in a holiday home in Mallorca are obliged to pay the local tourist tax. Some portals do not charge it. In this case you will receive separate information regarding this payment. Furthermore, please note that the agency charges a refundable deposit. All details will be provided in the booking confirmation email.<\/p>\n<p><strong>Mandatory or included services<\/strong><br \/>\nInternet access: Included<br \/>\nDisinfection: Included<br \/>\nFinal cleaning: 200,00 \u20ac\/reservation<br \/>\nBed linen: Included<br \/>\nTowels: Included<\/p>\n<p><strong>Optional services<\/strong><br \/>\nOutdoor parking: Included<br \/>\nHeating: Included<br \/>\nCot: Included<br \/>\nof the 2nd cot: 40,00 \u20ac \/booking<br \/>\nEarly Check-in: 60,00 \u20ac\/reservation<br \/>\nLate Check-Out: 60,00 \u20ac\/reservation<br \/>\nBaby seat: Included<br \/>\nBeach towels: Depending on the season. Available:From 1\/5 to 31\/10. Price: 15,00 \u20ac \/ person<\/p>\n<p><strong>Fees<\/strong><br \/>\nTourist tax: Included in the total price<\/p>\n<p><strong>Organise your schedule<\/strong><br \/>\nEntry hours Everyday from 16:00 to 0:00h<br \/>\nDeparture time Before 10:00h<\/p>\n<p>Deposit (refundable)<br \/>\nAmount: 400,00 \u20ac\/booking.method of payment: Withholding on credit card. To be paid on arrival.<br \/>\n<strong>\u00a0Remarks<\/strong><\/p>\n<p>- This rental does not accept groups of young people (up to 25 years old).<br \/>\n- Smoking is not allowed<br \/>\n- Pets are not allowed<\/p>","protected":false},"excerpt":{"rendered":"<p>Ubicada en medio de almendrales, a solo unos 2,5 km de Santany\u00ed, la finca Can Blai Blai ofrece con su ubicaci\u00f3n \u00fanica todo lo que hace tan especial la vida en el campo en Mallorca: tranquilidad absoluta en un entorno de ensue\u00f1o. La casa fue completamente renovada en 2015 y redise\u00f1ada art\u00edsticamente a un alto [&hellip;]<\/p>","protected":false},"featured_media":0,"template":"","meta":[],"product_brand":[],"product_cat":[20],"product_tag":[],"class_list":{"0":"post-3187","1":"product","2":"type-product","3":"status-publish","5":"product_cat-listeo-booking","7":"first","8":"instock","9":"virtual","10":"sold-individually","11":"purchasable","12":"product-type-listing_booking"},"yoast_head":"<!-- This site is optimized with the Yoast SEO plugin v27.3 - https:\/\/yoast.com\/product\/yoast-seo-wordpress\/ -->\n<title>Can Blai Blai - Balufy - The taste of Experience<\/title>\n<meta name=\"robots\" content=\"index, follow, max-snippet:-1, max-image-preview:large, max-video-preview:-1\" \/>\n<link rel=\"canonical\" href=\"https:\/\/balufy.com\/en\/product\/can-blai-blai\/\" \/>\n<meta property=\"og:locale\" content=\"en_GB\" \/>\n<meta property=\"og:type\" content=\"article\" \/>\n<meta property=\"og:title\" content=\"Can Blai Blai - Balufy - The taste of Experience\" \/>\n<meta property=\"og:description\" content=\"Ubicada en medio de almendrales, a solo unos 2,5 km de Santany\u00ed, la finca Can Blai Blai ofrece con su ubicaci\u00f3n \u00fanica todo lo que hace tan especial la vida en el campo en Mallorca: tranquilidad absoluta en un entorno de ensue\u00f1o. La casa fue completamente renovada en 2015 y redise\u00f1ada art\u00edsticamente a un alto [&hellip;]\" \/>\n<meta property=\"og:url\" content=\"https:\/\/balufy.com\/en\/product\/can-blai-blai\/\" \/>\n<meta property=\"og:site_name\" content=\"Balufy - The taste of Experience\" \/>\n<meta property=\"article:publisher\" content=\"https:\/\/www.facebook.com\/Balufy-102705001596047\" \/>\n<meta property=\"article:modified_time\" content=\"2025-04-07T04:12:18+00:00\" \/>\n<meta name=\"twitter:card\" content=\"summary_large_image\" \/>\n<meta name=\"twitter:label1\" content=\"Estimated reading time\" \/>\n\t<meta name=\"twitter:data1\" content=\"4 minutes\" \/>\n<script type=\"application\/ld+json\" class=\"yoast-schema-graph\">{\"@context\":\"https:\\\/\\\/schema.org\",\"@graph\":[{\"@type\":\"WebPage\",\"@id\":\"https:\\\/\\\/balufy.com\\\/producto\\\/can-blai-blai\\\/\",\"url\":\"https:\\\/\\\/balufy.com\\\/producto\\\/can-blai-blai\\\/\",\"name\":\"Can Blai Blai - Balufy - The taste of Experience\",\"isPartOf\":{\"@id\":\"https:\\\/\\\/balufy.com\\\/es\\\/#website\"},\"datePublished\":\"2024-04-24T19:00:40+00:00\",\"dateModified\":\"2025-04-07T04:12:18+00:00\",\"breadcrumb\":{\"@id\":\"https:\\\/\\\/balufy.com\\\/producto\\\/can-blai-blai\\\/#breadcrumb\"},\"inLanguage\":\"en-GB\",\"potentialAction\":[{\"@type\":\"ReadAction\",\"target\":[\"https:\\\/\\\/balufy.com\\\/producto\\\/can-blai-blai\\\/\"]}]},{\"@type\":\"BreadcrumbList\",\"@id\":\"https:\\\/\\\/balufy.com\\\/producto\\\/can-blai-blai\\\/#breadcrumb\",\"itemListElement\":[{\"@type\":\"ListItem\",\"position\":1,\"name\":\"Portada\",\"item\":\"https:\\\/\\\/balufy.com\\\/\"},{\"@type\":\"ListItem\",\"position\":2,\"name\":\"Shop\",\"item\":\"https:\\\/\\\/balufy.com\\\/es\\\/shop\\\/\"},{\"@type\":\"ListItem\",\"position\":3,\"name\":\"Can Blai Blai\"}]},{\"@type\":\"WebSite\",\"@id\":\"https:\\\/\\\/balufy.com\\\/es\\\/#website\",\"url\":\"https:\\\/\\\/balufy.com\\\/es\\\/\",\"name\":\"Balufy - Taste of experience\",\"description\":\"Balufy\",\"publisher\":{\"@id\":\"https:\\\/\\\/balufy.com\\\/es\\\/#organization\"},\"potentialAction\":[{\"@type\":\"SearchAction\",\"target\":{\"@type\":\"EntryPoint\",\"urlTemplate\":\"https:\\\/\\\/balufy.com\\\/es\\\/?s={search_term_string}\"},\"query-input\":{\"@type\":\"PropertyValueSpecification\",\"valueRequired\":true,\"valueName\":\"search_term_string\"}}],\"inLanguage\":\"en-GB\"},{\"@type\":\"Organization\",\"@id\":\"https:\\\/\\\/balufy.com\\\/es\\\/#organization\",\"name\":\"Balufy\",\"url\":\"https:\\\/\\\/balufy.com\\\/es\\\/\",\"logo\":{\"@type\":\"ImageObject\",\"inLanguage\":\"en-GB\",\"@id\":\"https:\\\/\\\/balufy.com\\\/es\\\/#\\\/schema\\\/logo\\\/image\\\/\",\"url\":\"https:\\\/\\\/balufy.com\\\/wp-content\\\/uploads\\\/2022\\\/06\\\/LOGO_PNG.png\",\"contentUrl\":\"https:\\\/\\\/balufy.com\\\/wp-content\\\/uploads\\\/2022\\\/06\\\/LOGO_PNG.png\",\"width\":1366,\"height\":768,\"caption\":\"Balufy\"},\"image\":{\"@id\":\"https:\\\/\\\/balufy.com\\\/es\\\/#\\\/schema\\\/logo\\\/image\\\/\"},\"sameAs\":[\"https:\\\/\\\/www.facebook.com\\\/Balufy-102705001596047\",\"https:\\\/\\\/www.instagram.com\\\/balufy_oficial\\\/\"]}]}<\/script>\n<!-- \/ Yoast SEO plugin. -->","yoast_head_json":{"title":"Can Blai Blai - Balufy - The taste of Experience","robots":{"index":"index","follow":"follow","max-snippet":"max-snippet:-1","max-image-preview":"max-image-preview:large","max-video-preview":"max-video-preview:-1"},"canonical":"https:\/\/balufy.com\/en\/product\/can-blai-blai\/","og_locale":"en_GB","og_type":"article","og_title":"Can Blai Blai - Balufy - The taste of Experience","og_description":"Ubicada en medio de almendrales, a solo unos 2,5 km de Santany\u00ed, la finca Can Blai Blai ofrece con su ubicaci\u00f3n \u00fanica todo lo que hace tan especial la vida en el campo en Mallorca: tranquilidad absoluta en un entorno de ensue\u00f1o. La casa fue completamente renovada en 2015 y redise\u00f1ada art\u00edsticamente a un alto [&hellip;]","og_url":"https:\/\/balufy.com\/en\/product\/can-blai-blai\/","og_site_name":"Balufy - The taste of Experience","article_publisher":"https:\/\/www.facebook.com\/Balufy-102705001596047","article_modified_time":"2025-04-07T04:12:18+00:00","twitter_card":"summary_large_image","twitter_misc":{"Estimated reading time":"4 minutes"},"schema":{"@context":"https:\/\/schema.org","@graph":[{"@type":"WebPage","@id":"https:\/\/balufy.com\/producto\/can-blai-blai\/","url":"https:\/\/balufy.com\/producto\/can-blai-blai\/","name":"Can Blai Blai - Balufy - The taste of Experience","isPartOf":{"@id":"https:\/\/balufy.com\/es\/#website"},"datePublished":"2024-04-24T19:00:40+00:00","dateModified":"2025-04-07T04:12:18+00:00","breadcrumb":{"@id":"https:\/\/balufy.com\/producto\/can-blai-blai\/#breadcrumb"},"inLanguage":"en-GB","potentialAction":[{"@type":"ReadAction","target":["https:\/\/balufy.com\/producto\/can-blai-blai\/"]}]},{"@type":"BreadcrumbList","@id":"https:\/\/balufy.com\/producto\/can-blai-blai\/#breadcrumb","itemListElement":[{"@type":"ListItem","position":1,"name":"Portada","item":"https:\/\/balufy.com\/"},{"@type":"ListItem","position":2,"name":"Shop","item":"https:\/\/balufy.com\/es\/shop\/"},{"@type":"ListItem","position":3,"name":"Can Blai Blai"}]},{"@type":"WebSite","@id":"https:\/\/balufy.com\/es\/#website","url":"https:\/\/balufy.com\/es\/","name":"Balufy - Taste of experience","description":"Balufy","publisher":{"@id":"https:\/\/balufy.com\/es\/#organization"},"potentialAction":[{"@type":"SearchAction","target":{"@type":"EntryPoint","urlTemplate":"https:\/\/balufy.com\/es\/?s={search_term_string}"},"query-input":{"@type":"PropertyValueSpecification","valueRequired":true,"valueName":"search_term_string"}}],"inLanguage":"en-GB"},{"@type":"Organization","@id":"https:\/\/balufy.com\/es\/#organization","name":"Balufy","url":"https:\/\/balufy.com\/es\/","logo":{"@type":"ImageObject","inLanguage":"en-GB","@id":"https:\/\/balufy.com\/es\/#\/schema\/logo\/image\/","url":"https:\/\/balufy.com\/wp-content\/uploads\/2022\/06\/LOGO_PNG.png","contentUrl":"https:\/\/balufy.com\/wp-content\/uploads\/2022\/06\/LOGO_PNG.png","width":1366,"height":768,"caption":"Balufy"},"image":{"@id":"https:\/\/balufy.com\/es\/#\/schema\/logo\/image\/"},"sameAs":["https:\/\/www.facebook.com\/Balufy-102705001596047","https:\/\/www.instagram.com\/balufy_oficial\/"]}]}},"_links":{"self":[{"href":"https:\/\/balufy.com\/en\/wp-json\/wp\/v2\/product\/3187","targetHints":{"allow":["GET"]}}],"collection":[{"href":"https:\/\/balufy.com\/en\/wp-json\/wp\/v2\/product"}],"about":[{"href":"https:\/\/balufy.com\/en\/wp-json\/wp\/v2\/types\/product"}],"version-history":[{"count":0,"href":"https:\/\/balufy.com\/en\/wp-json\/wp\/v2\/product\/3187\/revisions"}],"wp:attachment":[{"href":"https:\/\/balufy.com\/en\/wp-json\/wp\/v2\/media?parent=3187"}],"wp:term":[{"taxonomy":"product_brand","embeddable":true,"href":"https:\/\/balufy.com\/en\/wp-json\/wp\/v2\/product_brand?post=3187"},{"taxonomy":"product_cat","embeddable":true,"href":"https:\/\/balufy.com\/en\/wp-json\/wp\/v2\/product_cat?post=3187"},{"taxonomy":"product_tag","embeddable":true,"href":"https:\/\/balufy.com\/en\/wp-json\/wp\/v2\/product_tag?post=3187"}],"curies":[{"name":"wp","href":"https:\/\/api.w.org\/{rel}","templated":true}]}}