{"id":3300,"date":"2024-04-28T20:41:22","date_gmt":"2024-04-28T18:41:22","guid":{"rendered":"https:\/\/balufy.com\/product\/finca-can-perdiu\/"},"modified":"2025-04-07T06:11:41","modified_gmt":"2025-04-07T04:11:41","slug":"can-perdiu-estate","status":"publish","type":"product","link":"https:\/\/balufy.com\/en\/product\/can-perdiu-estate\/","title":{"rendered":"Can Perdiu Estate"},"content":{"rendered":"<p><strong>Finca Can Perdiu is a holiday home in Santanyi, Majorca with private swimming pool.<\/strong><br \/>\n4-bedroom, 6-bathroom country house with private pool, air conditioning and WiFi. Sleeps up to 8 people<\/p>\n<p>At Finca Can Perdiu, near the beautiful Mallorcan village of Santanyi, you can enjoy your time and relax.<\/p>\n<p>The Finca is equipped with every comfort. It has a modern and functional style combined with a special personal touch.<\/p>\n<p>The main house contains four bedrooms with three modern bathrooms (one of them a master suite with its own bathroom). Another living room with private bathroom is located in separate outbuildings, each of which is independent. In one of these outbuildings there is also a small kitchen.<\/p>\n<p>Both the finca and the two outbuildings are equipped with air conditioning and central heating, so that the houses can be used in all seasons.<\/p>\n<p>Ideal for the winter is also the sauna with shower in another room.<\/p>\n<p>The finca is beautifully landscaped outside with a fantastic view of the pool and garden. You will find a wonderful \"Chill Out\" where you can enjoy the sunsets of the island.<\/p>\n<p><strong>Please note:<\/strong><\/p>\n<p>- a booking fee of EUR 150 will be charged for each booking.<br \/>\n- Balearic eco-tax of EUR 2.20 per night and per person is payable at the time of booking.<br \/>\n- a refundable breakage deposit, the amount of which is related to the property, will also be required when booking.<br \/>\n- oil central heating available on request between November and March at an extra 30 EUR per day.<br \/>\nMandatory or included services<br \/>\nBooking Fee: 150,00 \u20ac \/booking<\/p>\n<p><strong>Optional services<\/strong><br \/>\nInternet access: Included<\/p>\n<p>Fees<br \/>\nTourist tax: Included in the total price<\/p>\n<p><strong>Organise your schedule<\/strong><br \/>\nCheck-in hours:Every day from 16:00 to 0:00<\/p>\n<p>Departure time:Before 10:00 a.m.<\/p>\n<p>Deposit (refundable)<br \/>\nAmount: 500,00 \u20ac \/booking.form of payment: Withholding on card.with the last payment.<br \/>\n<strong>\u00a0Remarks<\/strong><\/p>\n<p>- Smoking is not allowed<br \/>\n- Pets are not allowed<\/p>","protected":false},"excerpt":{"rendered":"<p>Finca Can Perdiu es una casa de vacaciones en Santanyi, Mallorca con piscina privada Casa de campo de 4 dormitorios y 6 ba\u00f1os con piscina privada, aire acondicionado y WiFi. Tiene capacidad para un m\u00e1ximo de 8 personas En Finca Can Perdiu, cerca del hermoso pueblo mallorquin de Santanyi, podr\u00e1 disfrutar de su tiempo y [&hellip;]<\/p>","protected":false},"featured_media":0,"template":"","meta":[],"product_brand":[],"product_cat":[20],"product_tag":[],"class_list":{"0":"post-3300","1":"product","2":"type-product","3":"status-publish","5":"product_cat-listeo-booking","7":"first","8":"instock","9":"virtual","10":"sold-individually","11":"purchasable","12":"product-type-listing_booking"},"yoast_head":"<!-- This site is optimized with the Yoast SEO plugin v27.3 - https:\/\/yoast.com\/product\/yoast-seo-wordpress\/ -->\n<title>Finca Can Perdiu - Balufy - The taste of Experience<\/title>\n<meta name=\"robots\" content=\"index, follow, max-snippet:-1, max-image-preview:large, max-video-preview:-1\" \/>\n<link rel=\"canonical\" href=\"https:\/\/balufy.com\/en\/product\/can-perdiu-estate\/\" \/>\n<meta property=\"og:locale\" content=\"en_GB\" \/>\n<meta property=\"og:type\" content=\"article\" \/>\n<meta property=\"og:title\" content=\"Finca Can Perdiu - Balufy - The taste of Experience\" \/>\n<meta property=\"og:description\" content=\"Finca Can Perdiu es una casa de vacaciones en Santanyi, Mallorca con piscina privada Casa de campo de 4 dormitorios y 6 ba\u00f1os con piscina privada, aire acondicionado y WiFi. Tiene capacidad para un m\u00e1ximo de 8 personas En Finca Can Perdiu, cerca del hermoso pueblo mallorquin de Santanyi, podr\u00e1 disfrutar de su tiempo y [&hellip;]\" \/>\n<meta property=\"og:url\" content=\"https:\/\/balufy.com\/en\/product\/can-perdiu-estate\/\" \/>\n<meta property=\"og:site_name\" content=\"Balufy - The taste of Experience\" \/>\n<meta property=\"article:publisher\" content=\"https:\/\/www.facebook.com\/Balufy-102705001596047\" \/>\n<meta property=\"article:modified_time\" content=\"2025-04-07T04:11:41+00:00\" \/>\n<meta name=\"twitter:card\" content=\"summary_large_image\" \/>\n<meta name=\"twitter:label1\" content=\"Estimated reading time\" \/>\n\t<meta name=\"twitter:data1\" content=\"2 minutes\" \/>\n<script type=\"application\/ld+json\" class=\"yoast-schema-graph\">{\"@context\":\"https:\\\/\\\/schema.org\",\"@graph\":[{\"@type\":\"WebPage\",\"@id\":\"https:\\\/\\\/balufy.com\\\/producto\\\/finca-can-perdiu\\\/\",\"url\":\"https:\\\/\\\/balufy.com\\\/producto\\\/finca-can-perdiu\\\/\",\"name\":\"Finca Can Perdiu - Balufy - The taste of Experience\",\"isPartOf\":{\"@id\":\"https:\\\/\\\/balufy.com\\\/es\\\/#website\"},\"datePublished\":\"2024-04-28T18:41:22+00:00\",\"dateModified\":\"2025-04-07T04:11:41+00:00\",\"breadcrumb\":{\"@id\":\"https:\\\/\\\/balufy.com\\\/producto\\\/finca-can-perdiu\\\/#breadcrumb\"},\"inLanguage\":\"en-GB\",\"potentialAction\":[{\"@type\":\"ReadAction\",\"target\":[\"https:\\\/\\\/balufy.com\\\/producto\\\/finca-can-perdiu\\\/\"]}]},{\"@type\":\"BreadcrumbList\",\"@id\":\"https:\\\/\\\/balufy.com\\\/producto\\\/finca-can-perdiu\\\/#breadcrumb\",\"itemListElement\":[{\"@type\":\"ListItem\",\"position\":1,\"name\":\"Portada\",\"item\":\"https:\\\/\\\/balufy.com\\\/\"},{\"@type\":\"ListItem\",\"position\":2,\"name\":\"Shop\",\"item\":\"https:\\\/\\\/balufy.com\\\/es\\\/shop\\\/\"},{\"@type\":\"ListItem\",\"position\":3,\"name\":\"Finca Can Perdiu\"}]},{\"@type\":\"WebSite\",\"@id\":\"https:\\\/\\\/balufy.com\\\/es\\\/#website\",\"url\":\"https:\\\/\\\/balufy.com\\\/es\\\/\",\"name\":\"Balufy - Taste of experience\",\"description\":\"Balufy\",\"publisher\":{\"@id\":\"https:\\\/\\\/balufy.com\\\/es\\\/#organization\"},\"potentialAction\":[{\"@type\":\"SearchAction\",\"target\":{\"@type\":\"EntryPoint\",\"urlTemplate\":\"https:\\\/\\\/balufy.com\\\/es\\\/?s={search_term_string}\"},\"query-input\":{\"@type\":\"PropertyValueSpecification\",\"valueRequired\":true,\"valueName\":\"search_term_string\"}}],\"inLanguage\":\"en-GB\"},{\"@type\":\"Organization\",\"@id\":\"https:\\\/\\\/balufy.com\\\/es\\\/#organization\",\"name\":\"Balufy\",\"url\":\"https:\\\/\\\/balufy.com\\\/es\\\/\",\"logo\":{\"@type\":\"ImageObject\",\"inLanguage\":\"en-GB\",\"@id\":\"https:\\\/\\\/balufy.com\\\/es\\\/#\\\/schema\\\/logo\\\/image\\\/\",\"url\":\"https:\\\/\\\/balufy.com\\\/wp-content\\\/uploads\\\/2022\\\/06\\\/LOGO_PNG.png\",\"contentUrl\":\"https:\\\/\\\/balufy.com\\\/wp-content\\\/uploads\\\/2022\\\/06\\\/LOGO_PNG.png\",\"width\":1366,\"height\":768,\"caption\":\"Balufy\"},\"image\":{\"@id\":\"https:\\\/\\\/balufy.com\\\/es\\\/#\\\/schema\\\/logo\\\/image\\\/\"},\"sameAs\":[\"https:\\\/\\\/www.facebook.com\\\/Balufy-102705001596047\",\"https:\\\/\\\/www.instagram.com\\\/balufy_oficial\\\/\"]}]}<\/script>\n<!-- \/ Yoast SEO plugin. -->","yoast_head_json":{"title":"Finca Can Perdiu - Balufy - The taste of Experience","robots":{"index":"index","follow":"follow","max-snippet":"max-snippet:-1","max-image-preview":"max-image-preview:large","max-video-preview":"max-video-preview:-1"},"canonical":"https:\/\/balufy.com\/en\/product\/can-perdiu-estate\/","og_locale":"en_GB","og_type":"article","og_title":"Finca Can Perdiu - Balufy - The taste of Experience","og_description":"Finca Can Perdiu es una casa de vacaciones en Santanyi, Mallorca con piscina privada Casa de campo de 4 dormitorios y 6 ba\u00f1os con piscina privada, aire acondicionado y WiFi. Tiene capacidad para un m\u00e1ximo de 8 personas En Finca Can Perdiu, cerca del hermoso pueblo mallorquin de Santanyi, podr\u00e1 disfrutar de su tiempo y [&hellip;]","og_url":"https:\/\/balufy.com\/en\/product\/can-perdiu-estate\/","og_site_name":"Balufy - The taste of Experience","article_publisher":"https:\/\/www.facebook.com\/Balufy-102705001596047","article_modified_time":"2025-04-07T04:11:41+00:00","twitter_card":"summary_large_image","twitter_misc":{"Estimated reading time":"2 minutes"},"schema":{"@context":"https:\/\/schema.org","@graph":[{"@type":"WebPage","@id":"https:\/\/balufy.com\/producto\/finca-can-perdiu\/","url":"https:\/\/balufy.com\/producto\/finca-can-perdiu\/","name":"Finca Can Perdiu - Balufy - The taste of Experience","isPartOf":{"@id":"https:\/\/balufy.com\/es\/#website"},"datePublished":"2024-04-28T18:41:22+00:00","dateModified":"2025-04-07T04:11:41+00:00","breadcrumb":{"@id":"https:\/\/balufy.com\/producto\/finca-can-perdiu\/#breadcrumb"},"inLanguage":"en-GB","potentialAction":[{"@type":"ReadAction","target":["https:\/\/balufy.com\/producto\/finca-can-perdiu\/"]}]},{"@type":"BreadcrumbList","@id":"https:\/\/balufy.com\/producto\/finca-can-perdiu\/#breadcrumb","itemListElement":[{"@type":"ListItem","position":1,"name":"Portada","item":"https:\/\/balufy.com\/"},{"@type":"ListItem","position":2,"name":"Shop","item":"https:\/\/balufy.com\/es\/shop\/"},{"@type":"ListItem","position":3,"name":"Finca Can Perdiu"}]},{"@type":"WebSite","@id":"https:\/\/balufy.com\/es\/#website","url":"https:\/\/balufy.com\/es\/","name":"Balufy - Taste of experience","description":"Balufy","publisher":{"@id":"https:\/\/balufy.com\/es\/#organization"},"potentialAction":[{"@type":"SearchAction","target":{"@type":"EntryPoint","urlTemplate":"https:\/\/balufy.com\/es\/?s={search_term_string}"},"query-input":{"@type":"PropertyValueSpecification","valueRequired":true,"valueName":"search_term_string"}}],"inLanguage":"en-GB"},{"@type":"Organization","@id":"https:\/\/balufy.com\/es\/#organization","name":"Balufy","url":"https:\/\/balufy.com\/es\/","logo":{"@type":"ImageObject","inLanguage":"en-GB","@id":"https:\/\/balufy.com\/es\/#\/schema\/logo\/image\/","url":"https:\/\/balufy.com\/wp-content\/uploads\/2022\/06\/LOGO_PNG.png","contentUrl":"https:\/\/balufy.com\/wp-content\/uploads\/2022\/06\/LOGO_PNG.png","width":1366,"height":768,"caption":"Balufy"},"image":{"@id":"https:\/\/balufy.com\/es\/#\/schema\/logo\/image\/"},"sameAs":["https:\/\/www.facebook.com\/Balufy-102705001596047","https:\/\/www.instagram.com\/balufy_oficial\/"]}]}},"_links":{"self":[{"href":"https:\/\/balufy.com\/en\/wp-json\/wp\/v2\/product\/3300","targetHints":{"allow":["GET"]}}],"collection":[{"href":"https:\/\/balufy.com\/en\/wp-json\/wp\/v2\/product"}],"about":[{"href":"https:\/\/balufy.com\/en\/wp-json\/wp\/v2\/types\/product"}],"version-history":[{"count":0,"href":"https:\/\/balufy.com\/en\/wp-json\/wp\/v2\/product\/3300\/revisions"}],"wp:attachment":[{"href":"https:\/\/balufy.com\/en\/wp-json\/wp\/v2\/media?parent=3300"}],"wp:term":[{"taxonomy":"product_brand","embeddable":true,"href":"https:\/\/balufy.com\/en\/wp-json\/wp\/v2\/product_brand?post=3300"},{"taxonomy":"product_cat","embeddable":true,"href":"https:\/\/balufy.com\/en\/wp-json\/wp\/v2\/product_cat?post=3300"},{"taxonomy":"product_tag","embeddable":true,"href":"https:\/\/balufy.com\/en\/wp-json\/wp\/v2\/product_tag?post=3300"}],"curies":[{"name":"wp","href":"https:\/\/api.w.org\/{rel}","templated":true}]}}