{"id":3344,"date":"2024-04-28T20:56:07","date_gmt":"2024-04-28T18:56:07","guid":{"rendered":"https:\/\/balufy.com\/product\/finca-el-sueno\/"},"modified":"2025-04-02T16:29:38","modified_gmt":"2025-04-02T14:29:38","slug":"el-sueno-farm","status":"publish","type":"product","link":"https:\/\/balufy.com\/en\/product\/el-sueno-farm\/","title":{"rendered":"Finca El Sue\u00f1o"},"content":{"rendered":"<p>Finca El Sue\u00f1o is a modern villa with incredible views located in the area of Santany\u00ed.<br \/>\nVilla with 4 bedrooms and 4 bathrooms with private pool, air conditioning and WiFi. It can accommodate up to 8 people.<\/p>\n<p>Finca El Sue\u00f1o is an original and high quality equipped country house. It is located about 2,5 km southwest of Santanyi, one of the most beautiful areas in the southeast of the island of Mallorca.<\/p>\n<p>The atmosphere is unique, your stay will be an unforgettable experience.<\/p>\n<p>The house has four large bedrooms, each with direct access to the bathroom area. Two of them are on the upper floor of the main house and two bedrooms are in the outbuilding connected to the main house.<\/p>\n<p>There is a spacious kitchen (fully equipped), a large dining room and a large living room with TV and stereo. Cable TV and Wifi are available free of charge.<\/p>\n<p>Directly in the house there is a large barbecue area with direct access to the kitchen.<\/p>\n<p>On the way to the pool you can admire the excellent garden. At the pool there is a small kitchen and enough space for \"sun worshippers\". There is also a large awning, which can be extended for sun protection.<\/p>\n<p>In front of the main entrance of the finca, but in the fenced area of the property, there is enough parking space.<\/p>\n<p>Finca El Sue\u00f1o is a unique experience and guarantees you a relaxing holiday.<\/p>\n<p><strong>Please note:<\/strong><\/p>\n<p>- a booking fee of EUR 150 will be charged for each booking.<br \/>\n- Balearic eco-tax of EUR 2.20 per night and per person is payable at the time of booking.<br \/>\n- a refundable breakage deposit, the amount of which is related to the property, will also be required when booking.<br \/>\n- pool heating: if available and desired at the property an additional 500 EUR will be charged.<br \/>\n- oil central heating available on request between November and March at an extra 30 EUR per day.<\/p>\n<p><strong>Mandatory or included services<\/strong><br \/>\nBooking Fee: 150,00 \u20ac \/booking<br \/>\nBed linen: Included<br \/>\nTowels: Included<\/p>\n<p><strong>Optional services<\/strong><br \/>\nInternet access: Included<\/p>\n<p>Fees<br \/>\nTourist tax: Included in the total price<\/p>\n<p><strong>Organise your schedule<\/strong><br \/>\nCheck-in hours:Every day from 16:00 to 0:00<\/p>\n<p>Departure time:Before 10:00 a.m.<\/p>\n<p>Deposit (refundable)<br \/>\nAmount: 500,00 \u20ac\/bookingForm of payment: Withholding on credit cardWith the last payment.<br \/>\n<strong>\u00a0Remarks<\/strong><\/p>\n<p>- Smoking is not allowed<br \/>\n- Pets are not allowed<\/p>","protected":false},"excerpt":{"rendered":"<p>Finca El Sue\u00f1o es una villa moderna con incre\u00edbles vistas situada en la zona de Santany\u00ed Villa de 4 dormitorios y 4 ba\u00f1os con piscina privada, aire acondicionado y WiFi. Tiene capacidad para un m\u00e1ximo de 8 personas. Finca El Sue\u00f1o es una casa de campo original y equipada de alta calidad. Est\u00e1 situada a [&hellip;]<\/p>","protected":false},"featured_media":0,"template":"","meta":[],"product_brand":[],"product_cat":[20],"product_tag":[],"class_list":{"0":"post-3344","1":"product","2":"type-product","3":"status-publish","5":"product_cat-listeo-booking","7":"first","8":"instock","9":"virtual","10":"sold-individually","11":"purchasable","12":"product-type-listing_booking"},"yoast_head":"<!-- This site is optimized with the Yoast SEO plugin v27.3 - https:\/\/yoast.com\/product\/yoast-seo-wordpress\/ -->\n<title>Finca El Sue\u00f1o - Balufy - The taste of Experience<\/title>\n<meta name=\"robots\" content=\"index, follow, max-snippet:-1, max-image-preview:large, max-video-preview:-1\" \/>\n<link rel=\"canonical\" href=\"https:\/\/balufy.com\/en\/product\/el-sueno-farm\/\" \/>\n<meta property=\"og:locale\" content=\"en_GB\" \/>\n<meta property=\"og:type\" content=\"article\" \/>\n<meta property=\"og:title\" content=\"Finca El Sue\u00f1o - Balufy - The taste of Experience\" \/>\n<meta property=\"og:description\" content=\"Finca El Sue\u00f1o es una villa moderna con incre\u00edbles vistas situada en la zona de Santany\u00ed Villa de 4 dormitorios y 4 ba\u00f1os con piscina privada, aire acondicionado y WiFi. Tiene capacidad para un m\u00e1ximo de 8 personas. Finca El Sue\u00f1o es una casa de campo original y equipada de alta calidad. Est\u00e1 situada a [&hellip;]\" \/>\n<meta property=\"og:url\" content=\"https:\/\/balufy.com\/en\/product\/el-sueno-farm\/\" \/>\n<meta property=\"og:site_name\" content=\"Balufy - The taste of Experience\" \/>\n<meta property=\"article:publisher\" content=\"https:\/\/www.facebook.com\/Balufy-102705001596047\" \/>\n<meta property=\"article:modified_time\" content=\"2025-04-02T14:29:38+00:00\" \/>\n<meta name=\"twitter:card\" content=\"summary_large_image\" \/>\n<meta name=\"twitter:label1\" content=\"Estimated reading time\" \/>\n\t<meta name=\"twitter:data1\" content=\"2 minutes\" \/>\n<script type=\"application\/ld+json\" class=\"yoast-schema-graph\">{\"@context\":\"https:\\\/\\\/schema.org\",\"@graph\":[{\"@type\":\"WebPage\",\"@id\":\"https:\\\/\\\/balufy.com\\\/es\\\/producto\\\/finca-el-sueno\\\/\",\"url\":\"https:\\\/\\\/balufy.com\\\/es\\\/producto\\\/finca-el-sueno\\\/\",\"name\":\"Finca El Sue\u00f1o - Balufy - The taste of Experience\",\"isPartOf\":{\"@id\":\"https:\\\/\\\/balufy.com\\\/es\\\/#website\"},\"datePublished\":\"2024-04-28T18:56:07+00:00\",\"dateModified\":\"2025-04-02T14:29:38+00:00\",\"breadcrumb\":{\"@id\":\"https:\\\/\\\/balufy.com\\\/es\\\/producto\\\/finca-el-sueno\\\/#breadcrumb\"},\"inLanguage\":\"en-GB\",\"potentialAction\":[{\"@type\":\"ReadAction\",\"target\":[\"https:\\\/\\\/balufy.com\\\/es\\\/producto\\\/finca-el-sueno\\\/\"]}]},{\"@type\":\"BreadcrumbList\",\"@id\":\"https:\\\/\\\/balufy.com\\\/es\\\/producto\\\/finca-el-sueno\\\/#breadcrumb\",\"itemListElement\":[{\"@type\":\"ListItem\",\"position\":1,\"name\":\"Portada\",\"item\":\"https:\\\/\\\/balufy.com\\\/\"},{\"@type\":\"ListItem\",\"position\":2,\"name\":\"Shop\",\"item\":\"https:\\\/\\\/balufy.com\\\/es\\\/shop\\\/\"},{\"@type\":\"ListItem\",\"position\":3,\"name\":\"Finca El Sue\u00f1o\"}]},{\"@type\":\"WebSite\",\"@id\":\"https:\\\/\\\/balufy.com\\\/es\\\/#website\",\"url\":\"https:\\\/\\\/balufy.com\\\/es\\\/\",\"name\":\"Balufy - Taste of experience\",\"description\":\"Balufy\",\"publisher\":{\"@id\":\"https:\\\/\\\/balufy.com\\\/es\\\/#organization\"},\"potentialAction\":[{\"@type\":\"SearchAction\",\"target\":{\"@type\":\"EntryPoint\",\"urlTemplate\":\"https:\\\/\\\/balufy.com\\\/es\\\/?s={search_term_string}\"},\"query-input\":{\"@type\":\"PropertyValueSpecification\",\"valueRequired\":true,\"valueName\":\"search_term_string\"}}],\"inLanguage\":\"en-GB\"},{\"@type\":\"Organization\",\"@id\":\"https:\\\/\\\/balufy.com\\\/es\\\/#organization\",\"name\":\"Balufy\",\"url\":\"https:\\\/\\\/balufy.com\\\/es\\\/\",\"logo\":{\"@type\":\"ImageObject\",\"inLanguage\":\"en-GB\",\"@id\":\"https:\\\/\\\/balufy.com\\\/es\\\/#\\\/schema\\\/logo\\\/image\\\/\",\"url\":\"https:\\\/\\\/balufy.com\\\/wp-content\\\/uploads\\\/2022\\\/06\\\/LOGO_PNG.png\",\"contentUrl\":\"https:\\\/\\\/balufy.com\\\/wp-content\\\/uploads\\\/2022\\\/06\\\/LOGO_PNG.png\",\"width\":1366,\"height\":768,\"caption\":\"Balufy\"},\"image\":{\"@id\":\"https:\\\/\\\/balufy.com\\\/es\\\/#\\\/schema\\\/logo\\\/image\\\/\"},\"sameAs\":[\"https:\\\/\\\/www.facebook.com\\\/Balufy-102705001596047\",\"https:\\\/\\\/www.instagram.com\\\/balufy_oficial\\\/\"]}]}<\/script>\n<!-- \/ Yoast SEO plugin. -->","yoast_head_json":{"title":"Finca El Sue\u00f1o - Balufy - The taste of Experience","robots":{"index":"index","follow":"follow","max-snippet":"max-snippet:-1","max-image-preview":"max-image-preview:large","max-video-preview":"max-video-preview:-1"},"canonical":"https:\/\/balufy.com\/en\/product\/el-sueno-farm\/","og_locale":"en_GB","og_type":"article","og_title":"Finca El Sue\u00f1o - Balufy - The taste of Experience","og_description":"Finca El Sue\u00f1o es una villa moderna con incre\u00edbles vistas situada en la zona de Santany\u00ed Villa de 4 dormitorios y 4 ba\u00f1os con piscina privada, aire acondicionado y WiFi. Tiene capacidad para un m\u00e1ximo de 8 personas. Finca El Sue\u00f1o es una casa de campo original y equipada de alta calidad. Est\u00e1 situada a [&hellip;]","og_url":"https:\/\/balufy.com\/en\/product\/el-sueno-farm\/","og_site_name":"Balufy - The taste of Experience","article_publisher":"https:\/\/www.facebook.com\/Balufy-102705001596047","article_modified_time":"2025-04-02T14:29:38+00:00","twitter_card":"summary_large_image","twitter_misc":{"Estimated reading time":"2 minutes"},"schema":{"@context":"https:\/\/schema.org","@graph":[{"@type":"WebPage","@id":"https:\/\/balufy.com\/es\/producto\/finca-el-sueno\/","url":"https:\/\/balufy.com\/es\/producto\/finca-el-sueno\/","name":"Finca El Sue\u00f1o - Balufy - The taste of Experience","isPartOf":{"@id":"https:\/\/balufy.com\/es\/#website"},"datePublished":"2024-04-28T18:56:07+00:00","dateModified":"2025-04-02T14:29:38+00:00","breadcrumb":{"@id":"https:\/\/balufy.com\/es\/producto\/finca-el-sueno\/#breadcrumb"},"inLanguage":"en-GB","potentialAction":[{"@type":"ReadAction","target":["https:\/\/balufy.com\/es\/producto\/finca-el-sueno\/"]}]},{"@type":"BreadcrumbList","@id":"https:\/\/balufy.com\/es\/producto\/finca-el-sueno\/#breadcrumb","itemListElement":[{"@type":"ListItem","position":1,"name":"Portada","item":"https:\/\/balufy.com\/"},{"@type":"ListItem","position":2,"name":"Shop","item":"https:\/\/balufy.com\/es\/shop\/"},{"@type":"ListItem","position":3,"name":"Finca El Sue\u00f1o"}]},{"@type":"WebSite","@id":"https:\/\/balufy.com\/es\/#website","url":"https:\/\/balufy.com\/es\/","name":"Balufy - Taste of experience","description":"Balufy","publisher":{"@id":"https:\/\/balufy.com\/es\/#organization"},"potentialAction":[{"@type":"SearchAction","target":{"@type":"EntryPoint","urlTemplate":"https:\/\/balufy.com\/es\/?s={search_term_string}"},"query-input":{"@type":"PropertyValueSpecification","valueRequired":true,"valueName":"search_term_string"}}],"inLanguage":"en-GB"},{"@type":"Organization","@id":"https:\/\/balufy.com\/es\/#organization","name":"Balufy","url":"https:\/\/balufy.com\/es\/","logo":{"@type":"ImageObject","inLanguage":"en-GB","@id":"https:\/\/balufy.com\/es\/#\/schema\/logo\/image\/","url":"https:\/\/balufy.com\/wp-content\/uploads\/2022\/06\/LOGO_PNG.png","contentUrl":"https:\/\/balufy.com\/wp-content\/uploads\/2022\/06\/LOGO_PNG.png","width":1366,"height":768,"caption":"Balufy"},"image":{"@id":"https:\/\/balufy.com\/es\/#\/schema\/logo\/image\/"},"sameAs":["https:\/\/www.facebook.com\/Balufy-102705001596047","https:\/\/www.instagram.com\/balufy_oficial\/"]}]}},"_links":{"self":[{"href":"https:\/\/balufy.com\/en\/wp-json\/wp\/v2\/product\/3344","targetHints":{"allow":["GET"]}}],"collection":[{"href":"https:\/\/balufy.com\/en\/wp-json\/wp\/v2\/product"}],"about":[{"href":"https:\/\/balufy.com\/en\/wp-json\/wp\/v2\/types\/product"}],"version-history":[{"count":0,"href":"https:\/\/balufy.com\/en\/wp-json\/wp\/v2\/product\/3344\/revisions"}],"wp:attachment":[{"href":"https:\/\/balufy.com\/en\/wp-json\/wp\/v2\/media?parent=3344"}],"wp:term":[{"taxonomy":"product_brand","embeddable":true,"href":"https:\/\/balufy.com\/en\/wp-json\/wp\/v2\/product_brand?post=3344"},{"taxonomy":"product_cat","embeddable":true,"href":"https:\/\/balufy.com\/en\/wp-json\/wp\/v2\/product_cat?post=3344"},{"taxonomy":"product_tag","embeddable":true,"href":"https:\/\/balufy.com\/en\/wp-json\/wp\/v2\/product_tag?post=3344"}],"curies":[{"name":"wp","href":"https:\/\/api.w.org\/{rel}","templated":true}]}}