{"id":3475,"date":"2024-05-21T00:19:50","date_gmt":"2024-05-20T22:19:50","guid":{"rendered":"https:\/\/balufy.com\/product\/sea-doo-gtx-1-2\/"},"modified":"2025-04-07T06:04:55","modified_gmt":"2025-04-07T04:04:55","slug":"sea-doo-gtx-1-2","status":"publish","type":"product","link":"https:\/\/balufy.com\/en\/product\/sea-doo-gtx-1-2\/","title":{"rendered":"SEA DOO GTX - 1 \/ 2"},"content":{"rendered":"<p><strong>SEA DOO GTX - 1 \/ 2<\/strong><br \/>\n<strong>DISCOVER MALLORCA...<\/strong><br \/>\nJoin our guided excursions and discover the most impressive coves with crystal clear waters from Cala D'or to Cal\u00f2 des Moro.<\/p>\n<p>You will be able to do it accompanied, but always with maximum safety and under the supervision and professionalism of our qualified instructors.<\/p>\n<p>Do you dare to ride a Jet Ski? Feel the adrenaline rush on the sea with our new Sea-Doo Jetski models, premium comfort for long days on the water and a modular seat for relaxation, functionality and storage capacity to make every outing an adventure.<\/p>\n<p>&nbsp;<\/p>\n<p><strong>CHARACTERISTICS:<\/strong><\/p>\n<p>3,45m length<\/p>\n<p>2 places<\/p>\n<p><strong>PRICE:<\/strong><br \/>\n<strong>0.5H: 99\u20ac<\/strong><br \/>\n<strong>1H : 159\u20ac<\/strong><br \/>\n<strong>1.5H: 199\u20ac<\/strong><\/p>\n<p><strong>*No licence required<\/strong><\/p>\n<p>&nbsp;<\/p>\n<p><strong>ATTENTION TO TIMETABLE SELECTION!<\/strong><\/p>\n<p><strong>THE CHOICE OF 30MIN - 1H:<\/strong><\/p>\n<p><strong>The morning schedule will be from 9:30 to 13:30.<\/strong><br \/>\n<strong>Afternoon opening hours will be from 14:30 to 18:30.<\/strong><br \/>\n<strong>*For more information, modifications, availability and reservations please call +34 608 007 085.<\/strong><\/p>\n<p><strong>*Bookings made online MUST BE CONFIRMED BY TELEPHONE OR WHATSAPP*.<\/strong><\/p>","protected":false},"excerpt":{"rendered":"<p>SEA DOO GTX \u2013 1 \/ 2 DESCUBRE MALLORCA\u2026 \u00danete a nuestras excursiones guiadas y descubre las calas m\u00e1s impresionantes de aguas cristalinas desde\u00a0Cala D\u2019or\u00a0hasta el\u00a0Cal\u00f2 des Moro. Podr\u00e1s hacerlo acompa\u00f1ado, pero siempre con la\u00a0m\u00e1xima seguridad\u00a0y bajo la supervisi\u00f3n y profesionalidad de nuestros monitores titulados. \u00bfTe atreves a pilotar un Jet Ski\u00a0? Siente la adrenalina [&hellip;]<\/p>","protected":false},"featured_media":0,"template":"","meta":[],"product_brand":[],"product_cat":[20],"product_tag":[],"class_list":{"0":"post-3475","1":"product","2":"type-product","3":"status-publish","5":"product_cat-listeo-booking","7":"first","8":"instock","9":"virtual","10":"sold-individually","11":"purchasable","12":"product-type-listing_booking"},"yoast_head":"<!-- This site is optimized with the Yoast SEO plugin v27.3 - https:\/\/yoast.com\/product\/yoast-seo-wordpress\/ -->\n<title>SEA DOO GTX \u2013 1 \/ 2 - Balufy - The taste of Experience<\/title>\n<meta name=\"robots\" content=\"index, follow, max-snippet:-1, max-image-preview:large, max-video-preview:-1\" \/>\n<link rel=\"canonical\" href=\"https:\/\/balufy.com\/en\/product\/sea-doo-gtx-1-2\/\" \/>\n<meta property=\"og:locale\" content=\"en_GB\" \/>\n<meta property=\"og:type\" content=\"article\" \/>\n<meta property=\"og:title\" content=\"SEA DOO GTX \u2013 1 \/ 2 - Balufy - The taste of Experience\" \/>\n<meta property=\"og:description\" content=\"SEA DOO GTX \u2013 1 \/ 2 DESCUBRE MALLORCA\u2026 \u00danete a nuestras excursiones guiadas y descubre las calas m\u00e1s impresionantes de aguas cristalinas desde\u00a0Cala D\u2019or\u00a0hasta el\u00a0Cal\u00f2 des Moro. Podr\u00e1s hacerlo acompa\u00f1ado, pero siempre con la\u00a0m\u00e1xima seguridad\u00a0y bajo la supervisi\u00f3n y profesionalidad de nuestros monitores titulados. \u00bfTe atreves a pilotar un Jet Ski\u00a0? Siente la adrenalina [&hellip;]\" \/>\n<meta property=\"og:url\" content=\"https:\/\/balufy.com\/en\/product\/sea-doo-gtx-1-2\/\" \/>\n<meta property=\"og:site_name\" content=\"Balufy - The taste of Experience\" \/>\n<meta property=\"article:publisher\" content=\"https:\/\/www.facebook.com\/Balufy-102705001596047\" \/>\n<meta property=\"article:modified_time\" content=\"2025-04-07T04:04:55+00:00\" \/>\n<meta name=\"twitter:card\" content=\"summary_large_image\" \/>\n<meta name=\"twitter:label1\" content=\"Estimated reading time\" \/>\n\t<meta name=\"twitter:data1\" content=\"1 minute\" \/>\n<script type=\"application\/ld+json\" class=\"yoast-schema-graph\">{\"@context\":\"https:\\\/\\\/schema.org\",\"@graph\":[{\"@type\":\"WebPage\",\"@id\":\"https:\\\/\\\/balufy.com\\\/producto\\\/sea-doo-gtx-1-2\\\/\",\"url\":\"https:\\\/\\\/balufy.com\\\/producto\\\/sea-doo-gtx-1-2\\\/\",\"name\":\"SEA DOO GTX \u2013 1 \\\/ 2 - Balufy - The taste of Experience\",\"isPartOf\":{\"@id\":\"https:\\\/\\\/balufy.com\\\/es\\\/#website\"},\"datePublished\":\"2024-05-20T22:19:50+00:00\",\"dateModified\":\"2025-04-07T04:04:55+00:00\",\"breadcrumb\":{\"@id\":\"https:\\\/\\\/balufy.com\\\/producto\\\/sea-doo-gtx-1-2\\\/#breadcrumb\"},\"inLanguage\":\"en-GB\",\"potentialAction\":[{\"@type\":\"ReadAction\",\"target\":[\"https:\\\/\\\/balufy.com\\\/producto\\\/sea-doo-gtx-1-2\\\/\"]}]},{\"@type\":\"BreadcrumbList\",\"@id\":\"https:\\\/\\\/balufy.com\\\/producto\\\/sea-doo-gtx-1-2\\\/#breadcrumb\",\"itemListElement\":[{\"@type\":\"ListItem\",\"position\":1,\"name\":\"Portada\",\"item\":\"https:\\\/\\\/balufy.com\\\/\"},{\"@type\":\"ListItem\",\"position\":2,\"name\":\"Shop\",\"item\":\"https:\\\/\\\/balufy.com\\\/es\\\/shop\\\/\"},{\"@type\":\"ListItem\",\"position\":3,\"name\":\"SEA DOO GTX \u2013 1 \\\/ 2\"}]},{\"@type\":\"WebSite\",\"@id\":\"https:\\\/\\\/balufy.com\\\/es\\\/#website\",\"url\":\"https:\\\/\\\/balufy.com\\\/es\\\/\",\"name\":\"Balufy - Taste of experience\",\"description\":\"Balufy\",\"publisher\":{\"@id\":\"https:\\\/\\\/balufy.com\\\/es\\\/#organization\"},\"potentialAction\":[{\"@type\":\"SearchAction\",\"target\":{\"@type\":\"EntryPoint\",\"urlTemplate\":\"https:\\\/\\\/balufy.com\\\/es\\\/?s={search_term_string}\"},\"query-input\":{\"@type\":\"PropertyValueSpecification\",\"valueRequired\":true,\"valueName\":\"search_term_string\"}}],\"inLanguage\":\"en-GB\"},{\"@type\":\"Organization\",\"@id\":\"https:\\\/\\\/balufy.com\\\/es\\\/#organization\",\"name\":\"Balufy\",\"url\":\"https:\\\/\\\/balufy.com\\\/es\\\/\",\"logo\":{\"@type\":\"ImageObject\",\"inLanguage\":\"en-GB\",\"@id\":\"https:\\\/\\\/balufy.com\\\/es\\\/#\\\/schema\\\/logo\\\/image\\\/\",\"url\":\"https:\\\/\\\/balufy.com\\\/wp-content\\\/uploads\\\/2022\\\/06\\\/LOGO_PNG.png\",\"contentUrl\":\"https:\\\/\\\/balufy.com\\\/wp-content\\\/uploads\\\/2022\\\/06\\\/LOGO_PNG.png\",\"width\":1366,\"height\":768,\"caption\":\"Balufy\"},\"image\":{\"@id\":\"https:\\\/\\\/balufy.com\\\/es\\\/#\\\/schema\\\/logo\\\/image\\\/\"},\"sameAs\":[\"https:\\\/\\\/www.facebook.com\\\/Balufy-102705001596047\",\"https:\\\/\\\/www.instagram.com\\\/balufy_oficial\\\/\"]}]}<\/script>\n<!-- \/ Yoast SEO plugin. -->","yoast_head_json":{"title":"SEA DOO GTX - 1 \/ 2 - Balufy - The taste of Experience","robots":{"index":"index","follow":"follow","max-snippet":"max-snippet:-1","max-image-preview":"max-image-preview:large","max-video-preview":"max-video-preview:-1"},"canonical":"https:\/\/balufy.com\/en\/product\/sea-doo-gtx-1-2\/","og_locale":"en_GB","og_type":"article","og_title":"SEA DOO GTX \u2013 1 \/ 2 - Balufy - The taste of Experience","og_description":"SEA DOO GTX \u2013 1 \/ 2 DESCUBRE MALLORCA\u2026 \u00danete a nuestras excursiones guiadas y descubre las calas m\u00e1s impresionantes de aguas cristalinas desde\u00a0Cala D\u2019or\u00a0hasta el\u00a0Cal\u00f2 des Moro. Podr\u00e1s hacerlo acompa\u00f1ado, pero siempre con la\u00a0m\u00e1xima seguridad\u00a0y bajo la supervisi\u00f3n y profesionalidad de nuestros monitores titulados. \u00bfTe atreves a pilotar un Jet Ski\u00a0? Siente la adrenalina [&hellip;]","og_url":"https:\/\/balufy.com\/en\/product\/sea-doo-gtx-1-2\/","og_site_name":"Balufy - The taste of Experience","article_publisher":"https:\/\/www.facebook.com\/Balufy-102705001596047","article_modified_time":"2025-04-07T04:04:55+00:00","twitter_card":"summary_large_image","twitter_misc":{"Estimated reading time":"1 minute"},"schema":{"@context":"https:\/\/schema.org","@graph":[{"@type":"WebPage","@id":"https:\/\/balufy.com\/producto\/sea-doo-gtx-1-2\/","url":"https:\/\/balufy.com\/producto\/sea-doo-gtx-1-2\/","name":"SEA DOO GTX - 1 \/ 2 - Balufy - The taste of Experience","isPartOf":{"@id":"https:\/\/balufy.com\/es\/#website"},"datePublished":"2024-05-20T22:19:50+00:00","dateModified":"2025-04-07T04:04:55+00:00","breadcrumb":{"@id":"https:\/\/balufy.com\/producto\/sea-doo-gtx-1-2\/#breadcrumb"},"inLanguage":"en-GB","potentialAction":[{"@type":"ReadAction","target":["https:\/\/balufy.com\/producto\/sea-doo-gtx-1-2\/"]}]},{"@type":"BreadcrumbList","@id":"https:\/\/balufy.com\/producto\/sea-doo-gtx-1-2\/#breadcrumb","itemListElement":[{"@type":"ListItem","position":1,"name":"Portada","item":"https:\/\/balufy.com\/"},{"@type":"ListItem","position":2,"name":"Shop","item":"https:\/\/balufy.com\/es\/shop\/"},{"@type":"ListItem","position":3,"name":"SEA DOO GTX \u2013 1 \/ 2"}]},{"@type":"WebSite","@id":"https:\/\/balufy.com\/es\/#website","url":"https:\/\/balufy.com\/es\/","name":"Balufy - Taste of experience","description":"Balufy","publisher":{"@id":"https:\/\/balufy.com\/es\/#organization"},"potentialAction":[{"@type":"SearchAction","target":{"@type":"EntryPoint","urlTemplate":"https:\/\/balufy.com\/es\/?s={search_term_string}"},"query-input":{"@type":"PropertyValueSpecification","valueRequired":true,"valueName":"search_term_string"}}],"inLanguage":"en-GB"},{"@type":"Organization","@id":"https:\/\/balufy.com\/es\/#organization","name":"Balufy","url":"https:\/\/balufy.com\/es\/","logo":{"@type":"ImageObject","inLanguage":"en-GB","@id":"https:\/\/balufy.com\/es\/#\/schema\/logo\/image\/","url":"https:\/\/balufy.com\/wp-content\/uploads\/2022\/06\/LOGO_PNG.png","contentUrl":"https:\/\/balufy.com\/wp-content\/uploads\/2022\/06\/LOGO_PNG.png","width":1366,"height":768,"caption":"Balufy"},"image":{"@id":"https:\/\/balufy.com\/es\/#\/schema\/logo\/image\/"},"sameAs":["https:\/\/www.facebook.com\/Balufy-102705001596047","https:\/\/www.instagram.com\/balufy_oficial\/"]}]}},"_links":{"self":[{"href":"https:\/\/balufy.com\/en\/wp-json\/wp\/v2\/product\/3475","targetHints":{"allow":["GET"]}}],"collection":[{"href":"https:\/\/balufy.com\/en\/wp-json\/wp\/v2\/product"}],"about":[{"href":"https:\/\/balufy.com\/en\/wp-json\/wp\/v2\/types\/product"}],"version-history":[{"count":0,"href":"https:\/\/balufy.com\/en\/wp-json\/wp\/v2\/product\/3475\/revisions"}],"wp:attachment":[{"href":"https:\/\/balufy.com\/en\/wp-json\/wp\/v2\/media?parent=3475"}],"wp:term":[{"taxonomy":"product_brand","embeddable":true,"href":"https:\/\/balufy.com\/en\/wp-json\/wp\/v2\/product_brand?post=3475"},{"taxonomy":"product_cat","embeddable":true,"href":"https:\/\/balufy.com\/en\/wp-json\/wp\/v2\/product_cat?post=3475"},{"taxonomy":"product_tag","embeddable":true,"href":"https:\/\/balufy.com\/en\/wp-json\/wp\/v2\/product_tag?post=3475"}],"curies":[{"name":"wp","href":"https:\/\/api.w.org\/{rel}","templated":true}]}}