{"id":3514,"date":"2024-05-23T19:31:11","date_gmt":"2024-05-23T17:31:11","guid":{"rendered":"https:\/\/balufy.com\/product\/orizzonti-andromeda-white\/"},"modified":"2024-06-05T13:22:25","modified_gmt":"2024-06-05T11:22:25","slug":"orizzonti-andromeda-white","status":"publish","type":"product","link":"https:\/\/balufy.com\/en\/product\/orizzonti-andromeda-white\/","title":{"rendered":"ORIZZONTI ANDROMEDA WHITE"},"content":{"rendered":"<p><strong>MODEL:<\/strong> ORIZZONTI ANDROMEDA WHITE<\/p>\n<p><strong>TITLE REQUIRED:<\/strong> Titul\u00edn<\/p>\n<p><strong>YEAR: 2023<\/strong><\/p>\n<p><strong>ESLORA: <\/strong>6 m<\/p>\n<p><strong>MOTOR:<\/strong> SUZUKI 90 HP<\/p>\n<p><strong>CAPACITY:<\/strong> 8 persons<\/p>\n<p><strong>EQUIPMENT: <\/strong>BT music system, Shower, Bimini top, Anchor and Bathing ladder.<\/p>\n<p><strong>PRICE:<\/strong><\/p>\n<p><strong>LOW SEASON:<\/strong>\u00a0( 1 May to 14 June, 16 September to 31 October)<\/p>\n<p><strong>HALF DAY:\u00a0<\/strong> 230\u20ac<\/p>\n<p><strong>FULL DAY:<\/strong> 350\u20ac<\/p>\n<p><strong>HIGH SEASON:\u00a0<\/strong>( 15 June to 15 September )<\/p>\n<p><strong>HALF DAY:<\/strong> 330\u20ac<\/p>\n<p><strong>FULL DAY:<\/strong> 450\u20ac<\/p>\n<p><strong>*FUEL NOT INCLUDED*.<\/strong><\/p>\n<p><strong>BOND:<\/strong> 400\u20ac<\/p>","protected":false},"excerpt":{"rendered":"<p>MODELO: ORIZZONTI ANDROMEDA WHITE T\u00cdTULO NECESARIO: Titul\u00edn A\u00d1O: 2023 ESLORA: 6 m MOTOR: SUZUKI 90 HP CAPACIDAD: 8 personas EQUIPAMIENTO: Equipo m\u00fasica BT, Ducha, Toldo Bimini, Ancla y Escalera Ba\u00f1o. PRECIO: TEMPORADA BAJA:\u00a0( 1 de mayo a 14 junio, 16 septiembre a 31 de octubre) MEDIO DIA:\u00a0 230\u20ac DIA COMPLETO: 350\u20ac TEMPORADA ALTA:\u00a0( 15 de [&hellip;]<\/p>","protected":false},"featured_media":0,"template":"","meta":[],"product_brand":[],"product_cat":[20],"product_tag":[],"class_list":{"0":"post-3514","1":"product","2":"type-product","3":"status-publish","5":"product_cat-listeo-booking","7":"first","8":"instock","9":"virtual","10":"sold-individually","11":"purchasable","12":"product-type-listing_booking"},"yoast_head":"<!-- This site is optimized with the Yoast SEO plugin v27.3 - https:\/\/yoast.com\/product\/yoast-seo-wordpress\/ -->\n<title>ORIZZONTI ANDROMEDA WHITE - Balufy - The taste of Experience<\/title>\n<meta name=\"robots\" content=\"index, follow, max-snippet:-1, max-image-preview:large, max-video-preview:-1\" \/>\n<link rel=\"canonical\" href=\"https:\/\/balufy.com\/en\/product\/orizzonti-andromeda-white\/\" \/>\n<meta property=\"og:locale\" content=\"en_GB\" \/>\n<meta property=\"og:type\" content=\"article\" \/>\n<meta property=\"og:title\" content=\"ORIZZONTI ANDROMEDA WHITE - Balufy - The taste of Experience\" \/>\n<meta property=\"og:description\" content=\"MODELO: ORIZZONTI ANDROMEDA WHITE T\u00cdTULO NECESARIO: Titul\u00edn A\u00d1O: 2023 ESLORA: 6 m MOTOR: SUZUKI 90 HP CAPACIDAD: 8 personas EQUIPAMIENTO: Equipo m\u00fasica BT, Ducha, Toldo Bimini, Ancla y Escalera Ba\u00f1o. PRECIO: TEMPORADA BAJA:\u00a0( 1 de mayo a 14 junio, 16 septiembre a 31 de octubre) MEDIO DIA:\u00a0 230\u20ac DIA COMPLETO: 350\u20ac TEMPORADA ALTA:\u00a0( 15 de [&hellip;]\" \/>\n<meta property=\"og:url\" content=\"https:\/\/balufy.com\/en\/product\/orizzonti-andromeda-white\/\" \/>\n<meta property=\"og:site_name\" content=\"Balufy - The taste of Experience\" \/>\n<meta property=\"article:publisher\" content=\"https:\/\/www.facebook.com\/Balufy-102705001596047\" \/>\n<meta property=\"article:modified_time\" content=\"2024-06-05T11:22:25+00:00\" \/>\n<meta name=\"twitter:card\" content=\"summary_large_image\" \/>\n<script type=\"application\/ld+json\" class=\"yoast-schema-graph\">{\"@context\":\"https:\\\/\\\/schema.org\",\"@graph\":[{\"@type\":\"WebPage\",\"@id\":\"https:\\\/\\\/balufy.com\\\/en\\\/product\\\/orizzonti-andromeda-white\\\/\",\"url\":\"https:\\\/\\\/balufy.com\\\/en\\\/product\\\/orizzonti-andromeda-white\\\/\",\"name\":\"ORIZZONTI ANDROMEDA WHITE - Balufy - The taste of Experience\",\"isPartOf\":{\"@id\":\"https:\\\/\\\/balufy.com\\\/es\\\/#website\"},\"datePublished\":\"2024-05-23T17:31:11+00:00\",\"dateModified\":\"2024-06-05T11:22:25+00:00\",\"breadcrumb\":{\"@id\":\"https:\\\/\\\/balufy.com\\\/en\\\/product\\\/orizzonti-andromeda-white\\\/#breadcrumb\"},\"inLanguage\":\"en-GB\",\"potentialAction\":[{\"@type\":\"ReadAction\",\"target\":[\"https:\\\/\\\/balufy.com\\\/en\\\/product\\\/orizzonti-andromeda-white\\\/\"]}]},{\"@type\":\"BreadcrumbList\",\"@id\":\"https:\\\/\\\/balufy.com\\\/en\\\/product\\\/orizzonti-andromeda-white\\\/#breadcrumb\",\"itemListElement\":[{\"@type\":\"ListItem\",\"position\":1,\"name\":\"Portada\",\"item\":\"https:\\\/\\\/balufy.com\\\/\"},{\"@type\":\"ListItem\",\"position\":2,\"name\":\"Shop\",\"item\":\"https:\\\/\\\/balufy.com\\\/es\\\/shop\\\/\"},{\"@type\":\"ListItem\",\"position\":3,\"name\":\"ORIZZONTI ANDROMEDA WHITE\"}]},{\"@type\":\"WebSite\",\"@id\":\"https:\\\/\\\/balufy.com\\\/es\\\/#website\",\"url\":\"https:\\\/\\\/balufy.com\\\/es\\\/\",\"name\":\"Balufy - Taste of experience\",\"description\":\"Balufy\",\"publisher\":{\"@id\":\"https:\\\/\\\/balufy.com\\\/es\\\/#organization\"},\"potentialAction\":[{\"@type\":\"SearchAction\",\"target\":{\"@type\":\"EntryPoint\",\"urlTemplate\":\"https:\\\/\\\/balufy.com\\\/es\\\/?s={search_term_string}\"},\"query-input\":{\"@type\":\"PropertyValueSpecification\",\"valueRequired\":true,\"valueName\":\"search_term_string\"}}],\"inLanguage\":\"en-GB\"},{\"@type\":\"Organization\",\"@id\":\"https:\\\/\\\/balufy.com\\\/es\\\/#organization\",\"name\":\"Balufy\",\"url\":\"https:\\\/\\\/balufy.com\\\/es\\\/\",\"logo\":{\"@type\":\"ImageObject\",\"inLanguage\":\"en-GB\",\"@id\":\"https:\\\/\\\/balufy.com\\\/es\\\/#\\\/schema\\\/logo\\\/image\\\/\",\"url\":\"https:\\\/\\\/balufy.com\\\/wp-content\\\/uploads\\\/2022\\\/06\\\/LOGO_PNG.png\",\"contentUrl\":\"https:\\\/\\\/balufy.com\\\/wp-content\\\/uploads\\\/2022\\\/06\\\/LOGO_PNG.png\",\"width\":1366,\"height\":768,\"caption\":\"Balufy\"},\"image\":{\"@id\":\"https:\\\/\\\/balufy.com\\\/es\\\/#\\\/schema\\\/logo\\\/image\\\/\"},\"sameAs\":[\"https:\\\/\\\/www.facebook.com\\\/Balufy-102705001596047\",\"https:\\\/\\\/www.instagram.com\\\/balufy_oficial\\\/\"]}]}<\/script>\n<!-- \/ Yoast SEO plugin. -->","yoast_head_json":{"title":"ORIZZONTI ANDROMEDA WHITE - Balufy - The taste of Experience","robots":{"index":"index","follow":"follow","max-snippet":"max-snippet:-1","max-image-preview":"max-image-preview:large","max-video-preview":"max-video-preview:-1"},"canonical":"https:\/\/balufy.com\/en\/product\/orizzonti-andromeda-white\/","og_locale":"en_GB","og_type":"article","og_title":"ORIZZONTI ANDROMEDA WHITE - Balufy - The taste of Experience","og_description":"MODELO: ORIZZONTI ANDROMEDA WHITE T\u00cdTULO NECESARIO: Titul\u00edn A\u00d1O: 2023 ESLORA: 6 m MOTOR: SUZUKI 90 HP CAPACIDAD: 8 personas EQUIPAMIENTO: Equipo m\u00fasica BT, Ducha, Toldo Bimini, Ancla y Escalera Ba\u00f1o. PRECIO: TEMPORADA BAJA:\u00a0( 1 de mayo a 14 junio, 16 septiembre a 31 de octubre) MEDIO DIA:\u00a0 230\u20ac DIA COMPLETO: 350\u20ac TEMPORADA ALTA:\u00a0( 15 de [&hellip;]","og_url":"https:\/\/balufy.com\/en\/product\/orizzonti-andromeda-white\/","og_site_name":"Balufy - The taste of Experience","article_publisher":"https:\/\/www.facebook.com\/Balufy-102705001596047","article_modified_time":"2024-06-05T11:22:25+00:00","twitter_card":"summary_large_image","schema":{"@context":"https:\/\/schema.org","@graph":[{"@type":"WebPage","@id":"https:\/\/balufy.com\/en\/product\/orizzonti-andromeda-white\/","url":"https:\/\/balufy.com\/en\/product\/orizzonti-andromeda-white\/","name":"ORIZZONTI ANDROMEDA WHITE - Balufy - The taste of Experience","isPartOf":{"@id":"https:\/\/balufy.com\/es\/#website"},"datePublished":"2024-05-23T17:31:11+00:00","dateModified":"2024-06-05T11:22:25+00:00","breadcrumb":{"@id":"https:\/\/balufy.com\/en\/product\/orizzonti-andromeda-white\/#breadcrumb"},"inLanguage":"en-GB","potentialAction":[{"@type":"ReadAction","target":["https:\/\/balufy.com\/en\/product\/orizzonti-andromeda-white\/"]}]},{"@type":"BreadcrumbList","@id":"https:\/\/balufy.com\/en\/product\/orizzonti-andromeda-white\/#breadcrumb","itemListElement":[{"@type":"ListItem","position":1,"name":"Portada","item":"https:\/\/balufy.com\/"},{"@type":"ListItem","position":2,"name":"Shop","item":"https:\/\/balufy.com\/es\/shop\/"},{"@type":"ListItem","position":3,"name":"ORIZZONTI ANDROMEDA WHITE"}]},{"@type":"WebSite","@id":"https:\/\/balufy.com\/es\/#website","url":"https:\/\/balufy.com\/es\/","name":"Balufy - Taste of experience","description":"Balufy","publisher":{"@id":"https:\/\/balufy.com\/es\/#organization"},"potentialAction":[{"@type":"SearchAction","target":{"@type":"EntryPoint","urlTemplate":"https:\/\/balufy.com\/es\/?s={search_term_string}"},"query-input":{"@type":"PropertyValueSpecification","valueRequired":true,"valueName":"search_term_string"}}],"inLanguage":"en-GB"},{"@type":"Organization","@id":"https:\/\/balufy.com\/es\/#organization","name":"Balufy","url":"https:\/\/balufy.com\/es\/","logo":{"@type":"ImageObject","inLanguage":"en-GB","@id":"https:\/\/balufy.com\/es\/#\/schema\/logo\/image\/","url":"https:\/\/balufy.com\/wp-content\/uploads\/2022\/06\/LOGO_PNG.png","contentUrl":"https:\/\/balufy.com\/wp-content\/uploads\/2022\/06\/LOGO_PNG.png","width":1366,"height":768,"caption":"Balufy"},"image":{"@id":"https:\/\/balufy.com\/es\/#\/schema\/logo\/image\/"},"sameAs":["https:\/\/www.facebook.com\/Balufy-102705001596047","https:\/\/www.instagram.com\/balufy_oficial\/"]}]}},"_links":{"self":[{"href":"https:\/\/balufy.com\/en\/wp-json\/wp\/v2\/product\/3514","targetHints":{"allow":["GET"]}}],"collection":[{"href":"https:\/\/balufy.com\/en\/wp-json\/wp\/v2\/product"}],"about":[{"href":"https:\/\/balufy.com\/en\/wp-json\/wp\/v2\/types\/product"}],"version-history":[{"count":0,"href":"https:\/\/balufy.com\/en\/wp-json\/wp\/v2\/product\/3514\/revisions"}],"wp:attachment":[{"href":"https:\/\/balufy.com\/en\/wp-json\/wp\/v2\/media?parent=3514"}],"wp:term":[{"taxonomy":"product_brand","embeddable":true,"href":"https:\/\/balufy.com\/en\/wp-json\/wp\/v2\/product_brand?post=3514"},{"taxonomy":"product_cat","embeddable":true,"href":"https:\/\/balufy.com\/en\/wp-json\/wp\/v2\/product_cat?post=3514"},{"taxonomy":"product_tag","embeddable":true,"href":"https:\/\/balufy.com\/en\/wp-json\/wp\/v2\/product_tag?post=3514"}],"curies":[{"name":"wp","href":"https:\/\/api.w.org\/{rel}","templated":true}]}}