{"id":3803,"date":"2024-07-09T03:14:43","date_gmt":"2024-07-09T01:14:43","guid":{"rendered":"https:\/\/balufy.com\/product\/villa-mimosa\/"},"modified":"2025-04-07T05:51:12","modified_gmt":"2025-04-07T03:51:12","slug":"villa-mimosa","status":"publish","type":"product","link":"https:\/\/balufy.com\/en\/product\/villa-mimosa\/","title":{"rendered":"Villa Mimosa"},"content":{"rendered":"<p>Looking for your perfect holiday? Villa Mimosa could be just what you are looking for.<\/p>\n<p>This luxury villa not only offers breathtaking views over the harbour and the stunning Puerto de Andratx, but you can also enjoy the Mediterranean lifestyle directly from the spectacular swimming pool.<\/p>\n<p>Villa Mimosa has a total of 6 bedrooms, all with en suite bathrooms. It also has a beautiful modern kitchen with everything you need to prepare your favourite dishes.<\/p>\n<p>All around this wonderful property you will find large sun terraces and garden areas, ready for you to benefit from the Majorcan sun from morning to evening. Villa Mimosa offers you the best sunsets on the island.<\/p>\n<p>The villa also provides access to some sensational extras such as a sauna, gym and jacuzzi - there is definitely something for everyone!<\/p>\n<p>&nbsp;<\/p>\n<p><strong>Please note:<\/strong><br \/>\n- a booking fee of EUR 150 will be charged for each booking.<br \/>\n- Balearic eco-tax of EUR 2.20 per night and per person is payable at the time of booking.<br \/>\n- a refundable breakage deposit, the amount of which is related to the property, will also be required when booking.<br \/>\n- Free WIFI available<\/p>\n<p><strong>Distribution of bedrooms<\/strong><\/p>\n<p>Bedroom 1: 1 king size bed<\/p>\n<p>Bedroom 2: 1 king size bed<\/p>\n<p>Bedroom 3: 1 king size bed<\/p>\n<p>Bedroom 4: 1 king size bed<\/p>\n<p>Bedroom 5: 1 King size bed<\/p>\n<p>Bedroom 6: 1 king size bed<\/p>\n<p>Mandatory or included services<br \/>\nInternet access: Included<br \/>\nBooking Fee: 150,00 \u20ac \/booking<br \/>\nFinal cleaning: Included<br \/>\nBed linen: Included<br \/>\nTowels: Included<\/p>\n<p><strong>Optional services<\/strong><br \/>\nHeated Swimming Pool: 71,43 \u20ac \/night<\/p>\n<p><strong>Fees<\/strong><br \/>\nTourist tax: Included in the total price<\/p>\n<p><strong>Organise your schedule<\/strong><br \/>\nCheck-in hours:Every day from 16:00 to 0:00<\/p>\n<p>Departure time:Before 10:00 a.m.<\/p>\n<p><strong>Bail<\/strong> (refundable)<br \/>\nAmount: 10.000,00 \u20ac\/booking. Method of payment: Withholding on credit card with the last payment.<br \/>\n<strong>\u00a0Remarks<\/strong><\/p>\n<p>- Pets are not allowed<\/p>","protected":false},"excerpt":{"rendered":"<p>\u00bfEst\u00e1 buscando sus vacaciones perfectas? Villa Mimosa podr\u00eda ser justo lo que estaba buscando. Esta lujosa villa no s\u00f3lo ofrece unas vistas impresionantes sobre el puerto y el asombroso Puerto de Andratx, sino que tambi\u00e9n podr\u00e1 disfrutar del estilo de vida mediterr\u00e1neo directamente desde la espectacular Piscina. Villa Mimosa tiene un total de 6 dormitorios, [&hellip;]<\/p>","protected":false},"featured_media":0,"template":"","meta":[],"product_brand":[],"product_cat":[20],"product_tag":[],"class_list":{"0":"post-3803","1":"product","2":"type-product","3":"status-publish","5":"product_cat-listeo-booking","7":"first","8":"instock","9":"virtual","10":"sold-individually","11":"purchasable","12":"product-type-listing_booking"},"yoast_head":"<!-- This site is optimized with the Yoast SEO plugin v27.3 - https:\/\/yoast.com\/product\/yoast-seo-wordpress\/ -->\n<title>Villa Mimosa - Balufy - The taste of Experience<\/title>\n<meta name=\"robots\" content=\"index, follow, max-snippet:-1, max-image-preview:large, max-video-preview:-1\" \/>\n<link rel=\"canonical\" href=\"https:\/\/balufy.com\/en\/product\/villa-mimosa\/\" \/>\n<meta property=\"og:locale\" content=\"en_GB\" \/>\n<meta property=\"og:type\" content=\"article\" \/>\n<meta property=\"og:title\" content=\"Villa Mimosa - Balufy - The taste of Experience\" \/>\n<meta property=\"og:description\" content=\"\u00bfEst\u00e1 buscando sus vacaciones perfectas? Villa Mimosa podr\u00eda ser justo lo que estaba buscando. Esta lujosa villa no s\u00f3lo ofrece unas vistas impresionantes sobre el puerto y el asombroso Puerto de Andratx, sino que tambi\u00e9n podr\u00e1 disfrutar del estilo de vida mediterr\u00e1neo directamente desde la espectacular Piscina. Villa Mimosa tiene un total de 6 dormitorios, [&hellip;]\" \/>\n<meta property=\"og:url\" content=\"https:\/\/balufy.com\/en\/product\/villa-mimosa\/\" \/>\n<meta property=\"og:site_name\" content=\"Balufy - The taste of Experience\" \/>\n<meta property=\"article:publisher\" content=\"https:\/\/www.facebook.com\/Balufy-102705001596047\" \/>\n<meta property=\"article:modified_time\" content=\"2025-04-07T03:51:12+00:00\" \/>\n<meta name=\"twitter:card\" content=\"summary_large_image\" \/>\n<meta name=\"twitter:label1\" content=\"Estimated reading time\" \/>\n\t<meta name=\"twitter:data1\" content=\"2 minutes\" \/>\n<script type=\"application\/ld+json\" class=\"yoast-schema-graph\">{\"@context\":\"https:\\\/\\\/schema.org\",\"@graph\":[{\"@type\":\"WebPage\",\"@id\":\"https:\\\/\\\/balufy.com\\\/producto\\\/villa-mimosa\\\/\",\"url\":\"https:\\\/\\\/balufy.com\\\/producto\\\/villa-mimosa\\\/\",\"name\":\"Villa Mimosa - Balufy - The taste of Experience\",\"isPartOf\":{\"@id\":\"https:\\\/\\\/balufy.com\\\/es\\\/#website\"},\"datePublished\":\"2024-07-09T01:14:43+00:00\",\"dateModified\":\"2025-04-07T03:51:12+00:00\",\"breadcrumb\":{\"@id\":\"https:\\\/\\\/balufy.com\\\/producto\\\/villa-mimosa\\\/#breadcrumb\"},\"inLanguage\":\"en-GB\",\"potentialAction\":[{\"@type\":\"ReadAction\",\"target\":[\"https:\\\/\\\/balufy.com\\\/producto\\\/villa-mimosa\\\/\"]}]},{\"@type\":\"BreadcrumbList\",\"@id\":\"https:\\\/\\\/balufy.com\\\/producto\\\/villa-mimosa\\\/#breadcrumb\",\"itemListElement\":[{\"@type\":\"ListItem\",\"position\":1,\"name\":\"Portada\",\"item\":\"https:\\\/\\\/balufy.com\\\/\"},{\"@type\":\"ListItem\",\"position\":2,\"name\":\"Shop\",\"item\":\"https:\\\/\\\/balufy.com\\\/es\\\/shop\\\/\"},{\"@type\":\"ListItem\",\"position\":3,\"name\":\"Villa Mimosa\"}]},{\"@type\":\"WebSite\",\"@id\":\"https:\\\/\\\/balufy.com\\\/es\\\/#website\",\"url\":\"https:\\\/\\\/balufy.com\\\/es\\\/\",\"name\":\"Balufy - Taste of experience\",\"description\":\"Balufy\",\"publisher\":{\"@id\":\"https:\\\/\\\/balufy.com\\\/es\\\/#organization\"},\"potentialAction\":[{\"@type\":\"SearchAction\",\"target\":{\"@type\":\"EntryPoint\",\"urlTemplate\":\"https:\\\/\\\/balufy.com\\\/es\\\/?s={search_term_string}\"},\"query-input\":{\"@type\":\"PropertyValueSpecification\",\"valueRequired\":true,\"valueName\":\"search_term_string\"}}],\"inLanguage\":\"en-GB\"},{\"@type\":\"Organization\",\"@id\":\"https:\\\/\\\/balufy.com\\\/es\\\/#organization\",\"name\":\"Balufy\",\"url\":\"https:\\\/\\\/balufy.com\\\/es\\\/\",\"logo\":{\"@type\":\"ImageObject\",\"inLanguage\":\"en-GB\",\"@id\":\"https:\\\/\\\/balufy.com\\\/es\\\/#\\\/schema\\\/logo\\\/image\\\/\",\"url\":\"https:\\\/\\\/balufy.com\\\/wp-content\\\/uploads\\\/2022\\\/06\\\/LOGO_PNG.png\",\"contentUrl\":\"https:\\\/\\\/balufy.com\\\/wp-content\\\/uploads\\\/2022\\\/06\\\/LOGO_PNG.png\",\"width\":1366,\"height\":768,\"caption\":\"Balufy\"},\"image\":{\"@id\":\"https:\\\/\\\/balufy.com\\\/es\\\/#\\\/schema\\\/logo\\\/image\\\/\"},\"sameAs\":[\"https:\\\/\\\/www.facebook.com\\\/Balufy-102705001596047\",\"https:\\\/\\\/www.instagram.com\\\/balufy_oficial\\\/\"]}]}<\/script>\n<!-- \/ Yoast SEO plugin. -->","yoast_head_json":{"title":"Villa Mimosa - Balufy - The taste of Experience","robots":{"index":"index","follow":"follow","max-snippet":"max-snippet:-1","max-image-preview":"max-image-preview:large","max-video-preview":"max-video-preview:-1"},"canonical":"https:\/\/balufy.com\/en\/product\/villa-mimosa\/","og_locale":"en_GB","og_type":"article","og_title":"Villa Mimosa - Balufy - The taste of Experience","og_description":"\u00bfEst\u00e1 buscando sus vacaciones perfectas? Villa Mimosa podr\u00eda ser justo lo que estaba buscando. Esta lujosa villa no s\u00f3lo ofrece unas vistas impresionantes sobre el puerto y el asombroso Puerto de Andratx, sino que tambi\u00e9n podr\u00e1 disfrutar del estilo de vida mediterr\u00e1neo directamente desde la espectacular Piscina. Villa Mimosa tiene un total de 6 dormitorios, [&hellip;]","og_url":"https:\/\/balufy.com\/en\/product\/villa-mimosa\/","og_site_name":"Balufy - The taste of Experience","article_publisher":"https:\/\/www.facebook.com\/Balufy-102705001596047","article_modified_time":"2025-04-07T03:51:12+00:00","twitter_card":"summary_large_image","twitter_misc":{"Estimated reading time":"2 minutes"},"schema":{"@context":"https:\/\/schema.org","@graph":[{"@type":"WebPage","@id":"https:\/\/balufy.com\/producto\/villa-mimosa\/","url":"https:\/\/balufy.com\/producto\/villa-mimosa\/","name":"Villa Mimosa - Balufy - The taste of Experience","isPartOf":{"@id":"https:\/\/balufy.com\/es\/#website"},"datePublished":"2024-07-09T01:14:43+00:00","dateModified":"2025-04-07T03:51:12+00:00","breadcrumb":{"@id":"https:\/\/balufy.com\/producto\/villa-mimosa\/#breadcrumb"},"inLanguage":"en-GB","potentialAction":[{"@type":"ReadAction","target":["https:\/\/balufy.com\/producto\/villa-mimosa\/"]}]},{"@type":"BreadcrumbList","@id":"https:\/\/balufy.com\/producto\/villa-mimosa\/#breadcrumb","itemListElement":[{"@type":"ListItem","position":1,"name":"Portada","item":"https:\/\/balufy.com\/"},{"@type":"ListItem","position":2,"name":"Shop","item":"https:\/\/balufy.com\/es\/shop\/"},{"@type":"ListItem","position":3,"name":"Villa Mimosa"}]},{"@type":"WebSite","@id":"https:\/\/balufy.com\/es\/#website","url":"https:\/\/balufy.com\/es\/","name":"Balufy - Taste of experience","description":"Balufy","publisher":{"@id":"https:\/\/balufy.com\/es\/#organization"},"potentialAction":[{"@type":"SearchAction","target":{"@type":"EntryPoint","urlTemplate":"https:\/\/balufy.com\/es\/?s={search_term_string}"},"query-input":{"@type":"PropertyValueSpecification","valueRequired":true,"valueName":"search_term_string"}}],"inLanguage":"en-GB"},{"@type":"Organization","@id":"https:\/\/balufy.com\/es\/#organization","name":"Balufy","url":"https:\/\/balufy.com\/es\/","logo":{"@type":"ImageObject","inLanguage":"en-GB","@id":"https:\/\/balufy.com\/es\/#\/schema\/logo\/image\/","url":"https:\/\/balufy.com\/wp-content\/uploads\/2022\/06\/LOGO_PNG.png","contentUrl":"https:\/\/balufy.com\/wp-content\/uploads\/2022\/06\/LOGO_PNG.png","width":1366,"height":768,"caption":"Balufy"},"image":{"@id":"https:\/\/balufy.com\/es\/#\/schema\/logo\/image\/"},"sameAs":["https:\/\/www.facebook.com\/Balufy-102705001596047","https:\/\/www.instagram.com\/balufy_oficial\/"]}]}},"_links":{"self":[{"href":"https:\/\/balufy.com\/en\/wp-json\/wp\/v2\/product\/3803","targetHints":{"allow":["GET"]}}],"collection":[{"href":"https:\/\/balufy.com\/en\/wp-json\/wp\/v2\/product"}],"about":[{"href":"https:\/\/balufy.com\/en\/wp-json\/wp\/v2\/types\/product"}],"version-history":[{"count":0,"href":"https:\/\/balufy.com\/en\/wp-json\/wp\/v2\/product\/3803\/revisions"}],"wp:attachment":[{"href":"https:\/\/balufy.com\/en\/wp-json\/wp\/v2\/media?parent=3803"}],"wp:term":[{"taxonomy":"product_brand","embeddable":true,"href":"https:\/\/balufy.com\/en\/wp-json\/wp\/v2\/product_brand?post=3803"},{"taxonomy":"product_cat","embeddable":true,"href":"https:\/\/balufy.com\/en\/wp-json\/wp\/v2\/product_cat?post=3803"},{"taxonomy":"product_tag","embeddable":true,"href":"https:\/\/balufy.com\/en\/wp-json\/wp\/v2\/product_tag?post=3803"}],"curies":[{"name":"wp","href":"https:\/\/api.w.org\/{rel}","templated":true}]}}