{"id":541,"date":"2021-08-04T17:08:10","date_gmt":"2021-08-04T15:08:10","guid":{"rendered":"https:\/\/alquileres.pulsoweb.es\/product\/sa-llotja-en-la-marina-de-cala-d-or\/"},"modified":"2022-08-26T20:02:58","modified_gmt":"2022-08-26T18:02:58","slug":"sa-llotja-in-the-marina-of-cala-dor","status":"publish","type":"product","link":"https:\/\/balufy.com\/en\/product\/sa-llotja-in-the-marina-of-cala-dor\/","title":{"rendered":"Sa llotja, in the marina of Cala D' Or,"},"content":{"rendered":"<p>Sa llotja, in the marina of Cala D'Or, where gastronomy, worked with care and tenderness, blends in with the privileged surroundings.<\/p>\n<p>TEAM<br \/>\nYEARS SURPRISING WITH GASTRONOMIC EXPERIENCES<br \/>\nAn area as privileged as ours has to have a team that is up to the task. That is why Joachim and Jos\u00e9, after 12 years of experience in Sa llotja de Portocolom, have incorporated chef Frank Bremer in this project. Together they have decided to take on this exciting challenge and put together a team of professionals capable of taking care of even the smallest detail.<\/p>","protected":false},"excerpt":{"rendered":"<p>Sa llotja, en la marina de Cala D\u2019 Or, donde la gastronom\u00eda, trabajada con esmero y ternura, se funde con un entorno privilegiado. EQUIPO A\u00d1OS SORPRENDIENDO CON EXPERIENCIAS GASTRON\u00d3MICAS Una zona tan privilegiada como la nuestra tiene que contar con un equipo humano que est\u00e9 a la altura. Por eso, Joachim y Jos\u00e9, tras 12 [&hellip;]<\/p>","protected":false},"featured_media":0,"template":"","meta":[],"product_brand":[],"product_cat":[20],"product_tag":[],"class_list":{"0":"post-541","1":"product","2":"type-product","3":"status-publish","5":"product_cat-listeo-booking","7":"first","8":"instock","9":"virtual","10":"sold-individually","11":"purchasable","12":"product-type-listing_booking"},"yoast_head":"<!-- This site is optimized with the Yoast SEO plugin v27.3 - https:\/\/yoast.com\/product\/yoast-seo-wordpress\/ -->\n<title>Sa llotja, en la marina de Cala D\u2019 Or, - Balufy - The taste of Experience<\/title>\n<meta name=\"robots\" content=\"index, follow, max-snippet:-1, max-image-preview:large, max-video-preview:-1\" \/>\n<link rel=\"canonical\" href=\"https:\/\/balufy.com\/en\/product\/sa-llotja-in-the-marina-of-cala-dor\/\" \/>\n<meta property=\"og:locale\" content=\"en_GB\" \/>\n<meta property=\"og:type\" content=\"article\" \/>\n<meta property=\"og:title\" content=\"Sa llotja, en la marina de Cala D\u2019 Or, - Balufy - The taste of Experience\" \/>\n<meta property=\"og:description\" content=\"Sa llotja, en la marina de Cala D\u2019 Or, donde la gastronom\u00eda, trabajada con esmero y ternura, se funde con un entorno privilegiado. EQUIPO A\u00d1OS SORPRENDIENDO CON EXPERIENCIAS GASTRON\u00d3MICAS Una zona tan privilegiada como la nuestra tiene que contar con un equipo humano que est\u00e9 a la altura. Por eso, Joachim y Jos\u00e9, tras 12 [&hellip;]\" \/>\n<meta property=\"og:url\" content=\"https:\/\/balufy.com\/en\/product\/sa-llotja-in-the-marina-of-cala-dor\/\" \/>\n<meta property=\"og:site_name\" content=\"Balufy - The taste of Experience\" \/>\n<meta property=\"article:publisher\" content=\"https:\/\/www.facebook.com\/Balufy-102705001596047\" \/>\n<meta property=\"article:modified_time\" content=\"2022-08-26T18:02:58+00:00\" \/>\n<meta name=\"twitter:card\" content=\"summary_large_image\" \/>\n<script type=\"application\/ld+json\" class=\"yoast-schema-graph\">{\"@context\":\"https:\\\/\\\/schema.org\",\"@graph\":[{\"@type\":\"WebPage\",\"@id\":\"https:\\\/\\\/balufy.com\\\/de\\\/produkt\\\/sa-llotja-im-yachthafen-von-cala-dor\\\/\",\"url\":\"https:\\\/\\\/balufy.com\\\/de\\\/produkt\\\/sa-llotja-im-yachthafen-von-cala-dor\\\/\",\"name\":\"Sa llotja, en la marina de Cala D\u2019 Or, - Balufy - The taste of Experience\",\"isPartOf\":{\"@id\":\"https:\\\/\\\/balufy.com\\\/es\\\/#website\"},\"datePublished\":\"2021-08-04T15:08:10+00:00\",\"dateModified\":\"2022-08-26T18:02:58+00:00\",\"breadcrumb\":{\"@id\":\"https:\\\/\\\/balufy.com\\\/de\\\/produkt\\\/sa-llotja-im-yachthafen-von-cala-dor\\\/#breadcrumb\"},\"inLanguage\":\"en-GB\",\"potentialAction\":[{\"@type\":\"ReadAction\",\"target\":[\"https:\\\/\\\/balufy.com\\\/de\\\/produkt\\\/sa-llotja-im-yachthafen-von-cala-dor\\\/\"]}]},{\"@type\":\"BreadcrumbList\",\"@id\":\"https:\\\/\\\/balufy.com\\\/de\\\/produkt\\\/sa-llotja-im-yachthafen-von-cala-dor\\\/#breadcrumb\",\"itemListElement\":[{\"@type\":\"ListItem\",\"position\":1,\"name\":\"Portada\",\"item\":\"https:\\\/\\\/balufy.com\\\/\"},{\"@type\":\"ListItem\",\"position\":2,\"name\":\"Shop\",\"item\":\"https:\\\/\\\/balufy.com\\\/es\\\/shop\\\/\"},{\"@type\":\"ListItem\",\"position\":3,\"name\":\"Sa llotja, en la marina de Cala D\u2019 Or,\"}]},{\"@type\":\"WebSite\",\"@id\":\"https:\\\/\\\/balufy.com\\\/es\\\/#website\",\"url\":\"https:\\\/\\\/balufy.com\\\/es\\\/\",\"name\":\"Balufy - Taste of experience\",\"description\":\"Balufy\",\"publisher\":{\"@id\":\"https:\\\/\\\/balufy.com\\\/es\\\/#organization\"},\"potentialAction\":[{\"@type\":\"SearchAction\",\"target\":{\"@type\":\"EntryPoint\",\"urlTemplate\":\"https:\\\/\\\/balufy.com\\\/es\\\/?s={search_term_string}\"},\"query-input\":{\"@type\":\"PropertyValueSpecification\",\"valueRequired\":true,\"valueName\":\"search_term_string\"}}],\"inLanguage\":\"en-GB\"},{\"@type\":\"Organization\",\"@id\":\"https:\\\/\\\/balufy.com\\\/es\\\/#organization\",\"name\":\"Balufy\",\"url\":\"https:\\\/\\\/balufy.com\\\/es\\\/\",\"logo\":{\"@type\":\"ImageObject\",\"inLanguage\":\"en-GB\",\"@id\":\"https:\\\/\\\/balufy.com\\\/es\\\/#\\\/schema\\\/logo\\\/image\\\/\",\"url\":\"https:\\\/\\\/balufy.com\\\/wp-content\\\/uploads\\\/2022\\\/06\\\/LOGO_PNG.png\",\"contentUrl\":\"https:\\\/\\\/balufy.com\\\/wp-content\\\/uploads\\\/2022\\\/06\\\/LOGO_PNG.png\",\"width\":1366,\"height\":768,\"caption\":\"Balufy\"},\"image\":{\"@id\":\"https:\\\/\\\/balufy.com\\\/es\\\/#\\\/schema\\\/logo\\\/image\\\/\"},\"sameAs\":[\"https:\\\/\\\/www.facebook.com\\\/Balufy-102705001596047\",\"https:\\\/\\\/www.instagram.com\\\/balufy_oficial\\\/\"]}]}<\/script>\n<!-- \/ Yoast SEO plugin. -->","yoast_head_json":{"title":"Sa llotja, in the marina of Cala D' Or, - Balufy - The taste of Experience","robots":{"index":"index","follow":"follow","max-snippet":"max-snippet:-1","max-image-preview":"max-image-preview:large","max-video-preview":"max-video-preview:-1"},"canonical":"https:\/\/balufy.com\/en\/product\/sa-llotja-in-the-marina-of-cala-dor\/","og_locale":"en_GB","og_type":"article","og_title":"Sa llotja, en la marina de Cala D\u2019 Or, - Balufy - The taste of Experience","og_description":"Sa llotja, en la marina de Cala D\u2019 Or, donde la gastronom\u00eda, trabajada con esmero y ternura, se funde con un entorno privilegiado. EQUIPO A\u00d1OS SORPRENDIENDO CON EXPERIENCIAS GASTRON\u00d3MICAS Una zona tan privilegiada como la nuestra tiene que contar con un equipo humano que est\u00e9 a la altura. Por eso, Joachim y Jos\u00e9, tras 12 [&hellip;]","og_url":"https:\/\/balufy.com\/en\/product\/sa-llotja-in-the-marina-of-cala-dor\/","og_site_name":"Balufy - The taste of Experience","article_publisher":"https:\/\/www.facebook.com\/Balufy-102705001596047","article_modified_time":"2022-08-26T18:02:58+00:00","twitter_card":"summary_large_image","schema":{"@context":"https:\/\/schema.org","@graph":[{"@type":"WebPage","@id":"https:\/\/balufy.com\/de\/produkt\/sa-llotja-im-yachthafen-von-cala-dor\/","url":"https:\/\/balufy.com\/de\/produkt\/sa-llotja-im-yachthafen-von-cala-dor\/","name":"Sa llotja, in the marina of Cala D' Or, - Balufy - The taste of Experience","isPartOf":{"@id":"https:\/\/balufy.com\/es\/#website"},"datePublished":"2021-08-04T15:08:10+00:00","dateModified":"2022-08-26T18:02:58+00:00","breadcrumb":{"@id":"https:\/\/balufy.com\/de\/produkt\/sa-llotja-im-yachthafen-von-cala-dor\/#breadcrumb"},"inLanguage":"en-GB","potentialAction":[{"@type":"ReadAction","target":["https:\/\/balufy.com\/de\/produkt\/sa-llotja-im-yachthafen-von-cala-dor\/"]}]},{"@type":"BreadcrumbList","@id":"https:\/\/balufy.com\/de\/produkt\/sa-llotja-im-yachthafen-von-cala-dor\/#breadcrumb","itemListElement":[{"@type":"ListItem","position":1,"name":"Portada","item":"https:\/\/balufy.com\/"},{"@type":"ListItem","position":2,"name":"Shop","item":"https:\/\/balufy.com\/es\/shop\/"},{"@type":"ListItem","position":3,"name":"Sa llotja, en la marina de Cala D\u2019 Or,"}]},{"@type":"WebSite","@id":"https:\/\/balufy.com\/es\/#website","url":"https:\/\/balufy.com\/es\/","name":"Balufy - Taste of experience","description":"Balufy","publisher":{"@id":"https:\/\/balufy.com\/es\/#organization"},"potentialAction":[{"@type":"SearchAction","target":{"@type":"EntryPoint","urlTemplate":"https:\/\/balufy.com\/es\/?s={search_term_string}"},"query-input":{"@type":"PropertyValueSpecification","valueRequired":true,"valueName":"search_term_string"}}],"inLanguage":"en-GB"},{"@type":"Organization","@id":"https:\/\/balufy.com\/es\/#organization","name":"Balufy","url":"https:\/\/balufy.com\/es\/","logo":{"@type":"ImageObject","inLanguage":"en-GB","@id":"https:\/\/balufy.com\/es\/#\/schema\/logo\/image\/","url":"https:\/\/balufy.com\/wp-content\/uploads\/2022\/06\/LOGO_PNG.png","contentUrl":"https:\/\/balufy.com\/wp-content\/uploads\/2022\/06\/LOGO_PNG.png","width":1366,"height":768,"caption":"Balufy"},"image":{"@id":"https:\/\/balufy.com\/es\/#\/schema\/logo\/image\/"},"sameAs":["https:\/\/www.facebook.com\/Balufy-102705001596047","https:\/\/www.instagram.com\/balufy_oficial\/"]}]}},"_links":{"self":[{"href":"https:\/\/balufy.com\/en\/wp-json\/wp\/v2\/product\/541","targetHints":{"allow":["GET"]}}],"collection":[{"href":"https:\/\/balufy.com\/en\/wp-json\/wp\/v2\/product"}],"about":[{"href":"https:\/\/balufy.com\/en\/wp-json\/wp\/v2\/types\/product"}],"version-history":[{"count":0,"href":"https:\/\/balufy.com\/en\/wp-json\/wp\/v2\/product\/541\/revisions"}],"wp:attachment":[{"href":"https:\/\/balufy.com\/en\/wp-json\/wp\/v2\/media?parent=541"}],"wp:term":[{"taxonomy":"product_brand","embeddable":true,"href":"https:\/\/balufy.com\/en\/wp-json\/wp\/v2\/product_brand?post=541"},{"taxonomy":"product_cat","embeddable":true,"href":"https:\/\/balufy.com\/en\/wp-json\/wp\/v2\/product_cat?post=541"},{"taxonomy":"product_tag","embeddable":true,"href":"https:\/\/balufy.com\/en\/wp-json\/wp\/v2\/product_tag?post=541"}],"curies":[{"name":"wp","href":"https:\/\/api.w.org\/{rel}","templated":true}]}}