{"id":3835,"date":"2024-07-19T11:18:21","date_gmt":"2024-07-19T09:18:21","guid":{"rendered":"https:\/\/balufy.com\/?page_id=3835"},"modified":"2026-01-19T18:35:59","modified_gmt":"2026-01-19T16:35:59","slug":"centro-de-ayuda","status":"publish","type":"page","link":"https:\/\/balufy.com\/es\/centro-de-ayuda\/","title":{"rendered":"Centro de Ayuda"},"content":{"rendered":"\t\t<div data-elementor-type=\"wp-page\" data-elementor-id=\"3835\" class=\"elementor elementor-3835\" data-elementor-post-type=\"page\">\n\t\t\t\t<div class=\"elementor-element elementor-element-591e640 e-flex e-con-boxed e-con e-parent\" data-id=\"591e640\" data-element_type=\"container\" data-e-type=\"container\" data-settings=\"{&quot;jet_parallax_layout_list&quot;:[]}\">\n\t\t\t\t\t<div class=\"e-con-inner\">\n\t\t\t\t<div class=\"elementor-element elementor-element-bfa00d3 elementor-widget elementor-widget-heading\" data-id=\"bfa00d3\" data-element_type=\"widget\" data-e-type=\"widget\" data-widget_type=\"heading.default\">\n\t\t\t\t<div class=\"elementor-widget-container\">\n\t\t\t\t\t<h2 class=\"elementor-heading-title elementor-size-default\">\u00bfNecesitas ayuda con tu reserva o quieres saber m\u00e1s sobre Balufy? \u00a1Est\u00e1s en el lugar adecuado!<\/h2>\t\t\t\t<\/div>\n\t\t\t\t<\/div>\n\t\t\t\t<div class=\"elementor-element elementor-element-53060a6 elementor-widget elementor-widget-text-editor\" data-id=\"53060a6\" data-element_type=\"widget\" data-e-type=\"widget\" data-widget_type=\"text-editor.default\">\n\t\t\t\t<div class=\"elementor-widget-container\">\n\t\t\t\t\t\t\t\t\t<p data-sourcepos=\"5:1-5:521\">En Balufy.com, tu plataforma de confianza\u00a0<strong><span style=\"color: #000000;\">para descubrir experiencias \u00fanicas en<\/span>\u00a0<a href=\"https:\/\/balufy.com\/listings\/?keyword_search=&amp;location_search=Mallorca%2C+Islas+Baleares%2C+Espa%C3%B1a&amp;date_range=&amp;_max_guests=&amp;tax-listing_category=&amp;action=listeo_get_listings\">Mallorca<\/a>\u00a0y\u00a0<a href=\"https:\/\/balufy.com\/listings\/?keyword_search=&amp;location_search=Marbella%2C+Costa+del+Sol+Occidental%2C+M%C3%A1laga%2C+Andaluc%C3%ADa%2C+Espa%C3%B1a&amp;date_range=&amp;_max_guests=&amp;tax-listing_category=&amp;action=listeo_get_listings\">Marbella<\/a>,<\/strong>\u00a0queremos asegurarnos de que tu viaje sea perfecto desde el momento en que nos visitas hasta que regresas a casa. Entendemos que a veces surgen preguntas o necesitas un poco de orientaci\u00f3n, y por eso hemos creado este completo Centro de Ayuda.<\/p><p data-sourcepos=\"5:1-5:521\"><strong>Aqu\u00ed encontrar\u00e1s respuestas a las preguntas m\u00e1s frecuentes,<\/strong>\u00a0gu\u00edas detalladas y toda la informaci\u00f3n que necesitas\u00a0<a href=\"https:\/\/balufy.com\/news-balufy\/\"><strong>para planificar y disfrutar al m\u00e1ximo de tus vacaciones de lujo.<\/strong><\/a><\/p><p data-sourcepos=\"7:1-7:485\">Balufy no es solo alquiler de villas y apartamentos vacacionales exclusivos.\u00a0<strong>Somos tu puerta de entrada a un mundo de experiencias inolvidables en dos de los destinos m\u00e1s codiciados del Mediterr\u00e1neo.<\/strong><\/p><p data-sourcepos=\"7:1-7:485\">\u00bfSue\u00f1as con\u00a0<a href=\"https:\/\/balufy.com\/categor%C3%ADa%20de%20alquiler\/rent-a-car\/\"><strong>navegar por las cristalinas aguas de Mallorca<\/strong><\/a>\u00a0en un yate de ensue\u00f1o? \u00bfTe imaginas la adrenalina de recorrer la costa de Marbella en una potente moto de agua? \u00bfO quiz\u00e1s prefieres\u00a0<strong><a href=\"https:\/\/balufy.com\/categor%C3%ADa%20de%20listado\/rent-a-car\/\">explorar la isla a tu propio ritmo en un coche de lujo?<\/a><\/strong>\u00a0<span style=\"color: #6cb197;\"><strong><span style=\"color: #000000;\">En Balufy, hacemos tus deseos realidad<\/span>.<\/strong><\/span><\/p><p data-sourcepos=\"9:1-9:373\">Adem\u00e1s de alojamientos excepcionales y emocionantes actividades acu\u00e1ticas y terrestres, te ofrecemos servicios de concierge personalizados para que no tengas que preocuparte por nada. Desde reservas en los restaurantes m\u00e1s exclusivos hasta la organizaci\u00f3n de experiencias tur\u00edsticas a medida, nuestro equipo est\u00e1 aqu\u00ed para hacer de tus vacaciones una experiencia sin igual.<\/p>\t\t\t\t\t\t\t\t<\/div>\n\t\t\t\t<\/div>\n\t\t\t\t\t<\/div>\n\t\t\t\t<\/div>\n\t\t<div class=\"elementor-element elementor-element-62cbf80 e-flex e-con-boxed e-con e-parent\" data-id=\"62cbf80\" data-element_type=\"container\" data-e-type=\"container\" data-settings=\"{&quot;jet_parallax_layout_list&quot;:[]}\">\n\t\t\t\t\t<div class=\"e-con-inner\">\n\t\t\t\t<div class=\"elementor-element elementor-element-3a0d01f elementor-widget elementor-widget-heading\" data-id=\"3a0d01f\" data-element_type=\"widget\" data-e-type=\"widget\" data-widget_type=\"heading.default\">\n\t\t\t\t<div class=\"elementor-widget-container\">\n\t\t\t\t\t<h2 class=\"elementor-heading-title elementor-size-default\">Este Centro de Ayuda est\u00e1 dise\u00f1ado para ser tu mejor aliado.\u00a0<\/h2>\t\t\t\t<\/div>\n\t\t\t\t<\/div>\n\t\t\t\t<div class=\"elementor-element elementor-element-a3633f5 elementor-widget elementor-widget-text-editor\" data-id=\"a3633f5\" data-element_type=\"widget\" data-e-type=\"widget\" data-widget_type=\"text-editor.default\">\n\t\t\t\t<div class=\"elementor-widget-container\">\n\t\t\t\t\t\t\t\t\t<p>Navega por las siguientes secciones para encontrar la informaci\u00f3n que necesitas:<\/p><ul><li><strong>Nuevas Funciones:<\/strong>\u00a0Mantente al d\u00eda\u00a0<strong><a href=\"https:\/\/balufy.com\/nuevas-funciones\/\">con las \u00faltimas novedades y mejoras<\/a><\/strong>\u00a0que implementamos en Balufy.com. En esta secci\u00f3n, te informaremos sobre nuevas funcionalidades de la plataforma, actualizaciones de la interfaz, herramientas para mejorar tu experiencia de usuario y cualquier otra innovaci\u00f3n que te ayude a planificar y disfrutar de tus viajes de manera m\u00e1s f\u00e1cil y eficiente.<\/li><li><strong>Experiencias a Medida:<\/strong>\u00a0\u00bfTienes una idea espec\u00edfica en mente para tus vacaciones en Mallorca o Marbella? Descubre c\u00f3mo<a href=\"https:\/\/balufy.com\/experiencias-a-medida\/\"><strong>\u00a0nuestro equipo puede ayudarte a dise\u00f1ar experiencias tur\u00edsticas y de ocio totalmente personalizadas,<\/strong><\/a>\u00a0desde cenas privadas con chefs estrella hasta excursiones exclusivas y eventos a medida. \u00a1Cu\u00e9ntanos tu visi\u00f3n y la haremos realidad!<\/li><li><strong>Servicios de Concierge:<\/strong>\u00a0Descubre la gama completa de\u00a0<strong><a href=\"https:\/\/balufy.com\/servicios-concierge-de-lujo-mallorca\/\">servicios de lujo que ofrecemos para hacer tu estancia a\u00fan m\u00e1s placentera.<\/a>\u00a0<\/strong>Desde la organizaci\u00f3n de traslados y alquiler de veh\u00edculos hasta reservas en restaurantes de alta cocina, gesti\u00f3n de eventos y recomendaciones locales, nuestro equipo de concierge est\u00e1 a tu disposici\u00f3n para atender todas tus necesidades.<\/li><li><strong>Gu\u00eda para Anfitriones:<\/strong>\u00a0Si eres propietario y quieres unirte a la comunidad Balufy, esta secci\u00f3n te proporcionar\u00e1 toda la informaci\u00f3n necesaria para empezar a\u00a0<a href=\"https:\/\/balufy.com\/guia-para-anfitriones\/\"><strong>ofrecer tus propiedades y experiencias.<\/strong><\/a><\/li><li><strong>Pon tu Casa en Balufy:<\/strong>\u00a0\u00bfEres propietario de una villa, apartamento o tienes experiencias \u00fanicas para ofrecer en Mallorca o Marbella? Aprende\u00a0<a href=\"https:\/\/balufy.com\/por-que-reservar-con-nosotros\/\"><strong>c\u00f3mo unirte a nuestra exclusiva comunidad de anfitriones<\/strong>\u00a0<\/a>y llega a una audiencia global de viajeros exigentes. Te proporcionamos las herramientas y el soporte necesarios para maximizar la visibilidad y rentabilidad de tus propiedades y servicios.<\/li><li><strong>Empleo:<\/strong>\u00a0\u00bfTe apasiona el sector del turismo de lujo y las experiencias exclusivas? Explora\u00a0<a href=\"https:\/\/balufy.com\/empleo\/\"><strong>nuestras oportunidades de empleo y \u00fanete a nuestro equipo<\/strong><\/a>\u00a0en Balufy.com. Busca las vacantes disponibles y descubre c\u00f3mo puedes contribuir a ofrecer experiencias inolvidables a nuestros clientes en Mallorca y Marbella.<\/li><li><strong>Contacto:<\/strong>\u00a0Si no\u00a0encuentras la respuesta que buscas, no dudes en ponerte\u00a0<a href=\"https:\/\/balufy.com\/contacto\/\"><strong>en contacto con nuestro equipo de atenci\u00f3n al cliente.<\/strong><\/a>\u00a0\u00a1Estamos aqu\u00ed para ayudarte!<\/li><li><strong>Pol\u00edticas de Cancelaci\u00f3n:<\/strong>\u00a0Entiende nuestros t\u00e9rminos y condiciones\u00a0<strong><a href=\"https:\/\/balufy.com\/politicas-de-cancelacion\/\">para modificaciones o cancelaciones<\/a><\/strong>\u00a0de reservas.<\/li><li><strong>T\u00e9rminos y Condiciones:<\/strong>\u00a0Consulta\u00a0<strong><a href=\"https:\/\/balufy.com\/terminos-y-condiciones\/\">los detalles legales que rigen el uso de nuestra plataforma<\/a>\u00a0<\/strong>y nuestros servicios, incluyendo las condiciones de reserva, pagos, responsabilidades y pol\u00edticas de privacidad. Mantente informado sobre tus derechos y obligaciones como usuario de Balufy.com.<\/li><\/ul>\t\t\t\t\t\t\t\t<\/div>\n\t\t\t\t<\/div>\n\t\t\t\t\t<\/div>\n\t\t\t\t<\/div>\n\t\t<div class=\"elementor-element elementor-element-e624ef3 e-flex e-con-boxed e-con e-parent\" data-id=\"e624ef3\" data-element_type=\"container\" data-e-type=\"container\" data-settings=\"{&quot;jet_parallax_layout_list&quot;:[]}\">\n\t\t\t\t\t<div class=\"e-con-inner\">\n\t\t\t\t<div class=\"elementor-element elementor-element-cb3661d elementor-widget elementor-widget-heading\" data-id=\"cb3661d\" data-element_type=\"widget\" data-e-type=\"widget\" data-widget_type=\"heading.default\">\n\t\t\t\t<div class=\"elementor-widget-container\">\n\t\t\t\t\t<h3 class=\"elementor-heading-title elementor-size-default\">En Balufy.com, tu satisfacci\u00f3n es nuestra prioridad.<\/h3>\t\t\t\t<\/div>\n\t\t\t\t<\/div>\n\t\t\t\t<div class=\"elementor-element elementor-element-bfd6499 elementor-widget elementor-widget-text-editor\" data-id=\"bfd6499\" data-element_type=\"widget\" data-e-type=\"widget\" data-widget_type=\"text-editor.default\">\n\t\t\t\t<div class=\"elementor-widget-container\">\n\t\t\t\t\t\t\t\t\t<p style=\"text-align: center;\">\u00a0Explora este Centro de Ayuda y prep\u00e1rate para vivir experiencias inolvidables en Mallorca y Marbella. <br \/><a href=\"https:\/\/balufy.com\/\"><strong>\u00a1Tu aventura de lujo comienza aqu\u00ed!<\/strong><\/a><\/p>\t\t\t\t\t\t\t\t<\/div>\n\t\t\t\t<\/div>\n\t\t\t\t\t<\/div>\n\t\t\t\t<\/div>\n\t\t\t\t<\/div>\n\t\t","protected":false},"excerpt":{"rendered":"<p>\u00bfNecesitas ayuda con tu reserva o quieres saber m\u00e1s sobre Balufy? \u00a1Est\u00e1s en el lugar adecuado! En Balufy.com, tu plataforma de confianza\u00a0para descubrir experiencias \u00fanicas en\u00a0Mallorca\u00a0y\u00a0Marbella,\u00a0queremos asegurarnos de que tu viaje sea perfecto desde el momento en que nos visitas hasta que regresas a casa. Entendemos que a veces surgen preguntas o necesitas un poco [&hellip;]<\/p>\n","protected":false},"author":31,"featured_media":0,"parent":0,"menu_order":0,"comment_status":"closed","ping_status":"closed","template":"","meta":{"footnotes":""},"class_list":["post-3835","page","type-page","status-publish","hentry"],"yoast_head":"<!-- This site is optimized with the Yoast SEO plugin v27.3 - https:\/\/yoast.com\/product\/yoast-seo-wordpress\/ -->\n<title>Centro de ayuda Balufy | asistencia exclusiva e impecable<\/title>\n<meta name=\"description\" content=\"Soporte personalizado en el Centro de ayuda de Balufy. Gestiona tus reservas, consulta pol\u00edticas y recibe asistencia, sin preocupaciones.\" \/>\n<meta name=\"robots\" content=\"index, follow, max-snippet:-1, max-image-preview:large, max-video-preview:-1\" \/>\n<link rel=\"canonical\" href=\"https:\/\/balufy.com\/es\/centro-de-ayuda\/\" \/>\n<meta property=\"og:locale\" content=\"es_ES\" \/>\n<meta property=\"og:type\" content=\"article\" \/>\n<meta property=\"og:title\" content=\"Centro de ayuda Balufy | asistencia exclusiva e impecable\" \/>\n<meta property=\"og:description\" content=\"Soporte personalizado en el Centro de ayuda de Balufy. Gestiona tus reservas, consulta pol\u00edticas y recibe asistencia, sin preocupaciones.\" \/>\n<meta property=\"og:url\" content=\"https:\/\/balufy.com\/es\/centro-de-ayuda\/\" \/>\n<meta property=\"og:site_name\" content=\"Balufy - The taste of Experience\" \/>\n<meta property=\"article:publisher\" content=\"https:\/\/www.facebook.com\/Balufy-102705001596047\" \/>\n<meta property=\"article:modified_time\" content=\"2026-01-19T16:35:59+00:00\" \/>\n<meta name=\"twitter:card\" content=\"summary_large_image\" \/>\n<meta name=\"twitter:label1\" content=\"Tiempo de lectura\" \/>\n\t<meta name=\"twitter:data1\" content=\"4 minutos\" \/>\n<script type=\"application\/ld+json\" class=\"yoast-schema-graph\">{\"@context\":\"https:\\\/\\\/schema.org\",\"@graph\":[{\"@type\":\"WebPage\",\"@id\":\"https:\\\/\\\/balufy.com\\\/centro-de-ayuda\\\/\",\"url\":\"https:\\\/\\\/balufy.com\\\/centro-de-ayuda\\\/\",\"name\":\"Centro de ayuda Balufy | asistencia exclusiva e impecable\",\"isPartOf\":{\"@id\":\"https:\\\/\\\/balufy.com\\\/es\\\/#website\"},\"datePublished\":\"2024-07-19T09:18:21+00:00\",\"dateModified\":\"2026-01-19T16:35:59+00:00\",\"description\":\"Soporte personalizado en el Centro de ayuda de Balufy. Gestiona tus reservas, consulta pol\u00edticas y recibe asistencia, sin preocupaciones.\",\"breadcrumb\":{\"@id\":\"https:\\\/\\\/balufy.com\\\/centro-de-ayuda\\\/#breadcrumb\"},\"inLanguage\":\"es\",\"potentialAction\":[{\"@type\":\"ReadAction\",\"target\":[\"https:\\\/\\\/balufy.com\\\/centro-de-ayuda\\\/\"]}]},{\"@type\":\"BreadcrumbList\",\"@id\":\"https:\\\/\\\/balufy.com\\\/centro-de-ayuda\\\/#breadcrumb\",\"itemListElement\":[{\"@type\":\"ListItem\",\"position\":1,\"name\":\"Portada\",\"item\":\"https:\\\/\\\/balufy.com\\\/\"},{\"@type\":\"ListItem\",\"position\":2,\"name\":\"Centro de Ayuda\"}]},{\"@type\":\"WebSite\",\"@id\":\"https:\\\/\\\/balufy.com\\\/es\\\/#website\",\"url\":\"https:\\\/\\\/balufy.com\\\/es\\\/\",\"name\":\"Balufy - Taste of experience\",\"description\":\"Balufy\",\"publisher\":{\"@id\":\"https:\\\/\\\/balufy.com\\\/es\\\/#organization\"},\"potentialAction\":[{\"@type\":\"SearchAction\",\"target\":{\"@type\":\"EntryPoint\",\"urlTemplate\":\"https:\\\/\\\/balufy.com\\\/es\\\/?s={search_term_string}\"},\"query-input\":{\"@type\":\"PropertyValueSpecification\",\"valueRequired\":true,\"valueName\":\"search_term_string\"}}],\"inLanguage\":\"es\"},{\"@type\":\"Organization\",\"@id\":\"https:\\\/\\\/balufy.com\\\/es\\\/#organization\",\"name\":\"Balufy\",\"url\":\"https:\\\/\\\/balufy.com\\\/es\\\/\",\"logo\":{\"@type\":\"ImageObject\",\"inLanguage\":\"es\",\"@id\":\"https:\\\/\\\/balufy.com\\\/es\\\/#\\\/schema\\\/logo\\\/image\\\/\",\"url\":\"https:\\\/\\\/balufy.com\\\/wp-content\\\/uploads\\\/2022\\\/06\\\/LOGO_PNG.png\",\"contentUrl\":\"https:\\\/\\\/balufy.com\\\/wp-content\\\/uploads\\\/2022\\\/06\\\/LOGO_PNG.png\",\"width\":1366,\"height\":768,\"caption\":\"Balufy\"},\"image\":{\"@id\":\"https:\\\/\\\/balufy.com\\\/es\\\/#\\\/schema\\\/logo\\\/image\\\/\"},\"sameAs\":[\"https:\\\/\\\/www.facebook.com\\\/Balufy-102705001596047\",\"https:\\\/\\\/www.instagram.com\\\/balufy_oficial\\\/\"]}]}<\/script>\n<!-- \/ Yoast SEO plugin. -->","yoast_head_json":{"title":"Centro de ayuda Balufy | asistencia exclusiva e impecable","description":"Soporte personalizado en el Centro de ayuda de Balufy. Gestiona tus reservas, consulta pol\u00edticas y recibe asistencia, sin preocupaciones.","robots":{"index":"index","follow":"follow","max-snippet":"max-snippet:-1","max-image-preview":"max-image-preview:large","max-video-preview":"max-video-preview:-1"},"canonical":"https:\/\/balufy.com\/es\/centro-de-ayuda\/","og_locale":"es_ES","og_type":"article","og_title":"Centro de ayuda Balufy | asistencia exclusiva e impecable","og_description":"Soporte personalizado en el Centro de ayuda de Balufy. Gestiona tus reservas, consulta pol\u00edticas y recibe asistencia, sin preocupaciones.","og_url":"https:\/\/balufy.com\/es\/centro-de-ayuda\/","og_site_name":"Balufy - The taste of Experience","article_publisher":"https:\/\/www.facebook.com\/Balufy-102705001596047","article_modified_time":"2026-01-19T16:35:59+00:00","twitter_card":"summary_large_image","twitter_misc":{"Tiempo de lectura":"4 minutos"},"schema":{"@context":"https:\/\/schema.org","@graph":[{"@type":"WebPage","@id":"https:\/\/balufy.com\/centro-de-ayuda\/","url":"https:\/\/balufy.com\/centro-de-ayuda\/","name":"Centro de ayuda Balufy | asistencia exclusiva e impecable","isPartOf":{"@id":"https:\/\/balufy.com\/es\/#website"},"datePublished":"2024-07-19T09:18:21+00:00","dateModified":"2026-01-19T16:35:59+00:00","description":"Soporte personalizado en el Centro de ayuda de Balufy. Gestiona tus reservas, consulta pol\u00edticas y recibe asistencia, sin preocupaciones.","breadcrumb":{"@id":"https:\/\/balufy.com\/centro-de-ayuda\/#breadcrumb"},"inLanguage":"es","potentialAction":[{"@type":"ReadAction","target":["https:\/\/balufy.com\/centro-de-ayuda\/"]}]},{"@type":"BreadcrumbList","@id":"https:\/\/balufy.com\/centro-de-ayuda\/#breadcrumb","itemListElement":[{"@type":"ListItem","position":1,"name":"Portada","item":"https:\/\/balufy.com\/"},{"@type":"ListItem","position":2,"name":"Centro de Ayuda"}]},{"@type":"WebSite","@id":"https:\/\/balufy.com\/es\/#website","url":"https:\/\/balufy.com\/es\/","name":"Balufy - Taste of experience","description":"Balufy","publisher":{"@id":"https:\/\/balufy.com\/es\/#organization"},"potentialAction":[{"@type":"SearchAction","target":{"@type":"EntryPoint","urlTemplate":"https:\/\/balufy.com\/es\/?s={search_term_string}"},"query-input":{"@type":"PropertyValueSpecification","valueRequired":true,"valueName":"search_term_string"}}],"inLanguage":"es"},{"@type":"Organization","@id":"https:\/\/balufy.com\/es\/#organization","name":"Balufy","url":"https:\/\/balufy.com\/es\/","logo":{"@type":"ImageObject","inLanguage":"es","@id":"https:\/\/balufy.com\/es\/#\/schema\/logo\/image\/","url":"https:\/\/balufy.com\/wp-content\/uploads\/2022\/06\/LOGO_PNG.png","contentUrl":"https:\/\/balufy.com\/wp-content\/uploads\/2022\/06\/LOGO_PNG.png","width":1366,"height":768,"caption":"Balufy"},"image":{"@id":"https:\/\/balufy.com\/es\/#\/schema\/logo\/image\/"},"sameAs":["https:\/\/www.facebook.com\/Balufy-102705001596047","https:\/\/www.instagram.com\/balufy_oficial\/"]}]}},"_links":{"self":[{"href":"https:\/\/balufy.com\/es\/wp-json\/wp\/v2\/pages\/3835","targetHints":{"allow":["GET"]}}],"collection":[{"href":"https:\/\/balufy.com\/es\/wp-json\/wp\/v2\/pages"}],"about":[{"href":"https:\/\/balufy.com\/es\/wp-json\/wp\/v2\/types\/page"}],"author":[{"embeddable":true,"href":"https:\/\/balufy.com\/es\/wp-json\/wp\/v2\/users\/31"}],"replies":[{"embeddable":true,"href":"https:\/\/balufy.com\/es\/wp-json\/wp\/v2\/comments?post=3835"}],"version-history":[{"count":0,"href":"https:\/\/balufy.com\/es\/wp-json\/wp\/v2\/pages\/3835\/revisions"}],"wp:attachment":[{"href":"https:\/\/balufy.com\/es\/wp-json\/wp\/v2\/media?parent=3835"}],"curies":[{"name":"wp","href":"https:\/\/api.w.org\/{rel}","templated":true}]}}