{"id":1344,"date":"2021-08-25T19:23:05","date_gmt":"2021-08-25T17:23:05","guid":{"rendered":"https:\/\/alquileres.pulsoweb.es\/product\/astir-iberostar-grand-portals-nous\/"},"modified":"2022-08-26T22:09:39","modified_gmt":"2022-08-26T20:09:39","slug":"astir-iberostar-grand-portals-nous","status":"publish","type":"product","link":"https:\/\/balufy.com\/es\/producto\/astir-iberostar-grand-portals-nous\/","title":{"rendered":"Astir Iberostar Grand Portals Nous"},"content":{"rendered":"<p><strong>El Restaurante<\/strong><br \/>\nSienta la calidez, la elegancia y la frescura del Mediterr\u00e1neo en cada plato.<\/p>\n<p>Astir le ofrece un concepto gastron\u00f3mico vanguardista basado en producto local en un entorno \u00fanico a un paso del Mediterr\u00e1neo.<\/p>\n<p>Con vistas a las aguas cristalinas y a los acantilados de la calita de Portals Nous y una exquisita decoraci\u00f3n a cargo del dise\u00f1ador holand\u00e9s Marcel Wanders. Disfrute con los cinco sentidos.<br \/>\n<strong>Desayuno y Brunch<\/strong><br \/>\nLas primeras horas del d\u00eda en el Restaurante Astir tienen un encanto especial.<\/p>\n<p>La elegancia del mar en calma, la luz tenue de la ma\u00f1ana y el placer incomparable de desayunar en un entorno privilegiado. Una manera inmejorable de empezar el d\u00eda gracias a un desayuno mediterr\u00e1neo y saludable.<\/p>\n<p>Astir tambi\u00e9n ofrece el mejor plan para los domingos con un brunch diferente. Un delicioso recorrido por los productos de la isla que le har\u00e1n sentir la felicidad de estar desayunando y almorzando al mismo tiempo frente a los mejores paisajes sobre el Mediterr\u00e1neo.<\/p>\n<p><strong>Almuerzo<\/strong><br \/>\nMallorca es una isla rica en matices, rincones y secretos. Un espacio excepcional donde disfrutar de un almuerzo o cena \u00fanicos.<\/p>\n<p>Ofrecemos una carta informal que se adapta a un entorno distendido sin perder nunca ni un \u00e1pice de su esencia. Una combinaci\u00f3n de platos ligeros para picar y elaboraciones m\u00e1s sofisticadas que se adaptan a cada comensal.<\/p>\n<p>Una experiencia gastron\u00f3mica inolvidable que habla de Mallorca, de su cultura y de su grandeza. De sabores \u00fanicos y momentos sublimes.<\/p>\n<p><strong>Cenas<\/strong><br \/>\nMallorca es una isla rica en matices, rincones y secretos. Un espacio excepcional donde disfrutar de un almuerzo o cena \u00fanicos.<\/p>\n<p>Ofrecemos una carta informal que se adapta a un entorno distendido sin perder nunca ni un \u00e1pice de su esencia. Una combinaci\u00f3n de platos ligeros para picar y elaboraciones m\u00e1s sofisticadas que se adaptan a cada comensal.<\/p>\n<p>Una experiencia gastron\u00f3mica inolvidable que habla de Mallorca, de su cultura y de su grandeza. De sabores \u00fanicos y momentos sublimes.<\/p>\n<p><strong>Champagne Bar<\/strong><br \/>\nIncre\u00edbles vistas a la calita de Portals Nous y una copa del mejor champagne son los mejores ingredientes para vivir un momento m\u00e1gico.<\/p>\n<p>Descubra el rinc\u00f3n m\u00e1s exclusivo del Mediterr\u00e1neo. Disfrute del atardecer a orillas del mar Mediterr\u00e1neo tom\u00e1ndose un c\u00f3ctel o una de las mejores selecciones de champagne de Mallorca.<\/p>\n<p>Desayunos: 07.30 a 10.30<\/p>\n<p>Almuerzo: 13.00 a 17:00<\/p>\n<p>Cenas: 20:00 a 23:00<\/p>\n","protected":false},"excerpt":{"rendered":"<p>El Restaurante Sienta la calidez, la elegancia y la frescura del Mediterr\u00e1neo en cada plato. Astir le ofrece un concepto gastron\u00f3mico vanguardista basado en producto local en un entorno \u00fanico a un paso del Mediterr\u00e1neo. Con vistas a las aguas cristalinas y a los acantilados de la calita de Portals Nous y una exquisita decoraci\u00f3n [&hellip;]<\/p>\n","protected":false},"featured_media":0,"template":"","meta":[],"product_brand":[],"product_cat":[20],"product_tag":[],"class_list":{"0":"post-1344","1":"product","2":"type-product","3":"status-publish","5":"product_cat-listeo-booking","7":"first","8":"instock","9":"virtual","10":"sold-individually","11":"purchasable","12":"product-type-listing_booking"},"yoast_head":"<!-- This site is optimized with the Yoast SEO plugin v27.3 - https:\/\/yoast.com\/product\/yoast-seo-wordpress\/ -->\n<title>Astir Iberostar Grand Portals Nous - Balufy - The taste of Experience<\/title>\n<meta name=\"robots\" content=\"index, follow, max-snippet:-1, max-image-preview:large, max-video-preview:-1\" \/>\n<link rel=\"canonical\" href=\"https:\/\/balufy.com\/es\/producto\/astir-iberostar-grand-portals-nous\/\" \/>\n<meta property=\"og:locale\" content=\"es_ES\" \/>\n<meta property=\"og:type\" content=\"article\" \/>\n<meta property=\"og:title\" content=\"Astir Iberostar Grand Portals Nous - Balufy - The taste of Experience\" \/>\n<meta property=\"og:description\" content=\"El Restaurante Sienta la calidez, la elegancia y la frescura del Mediterr\u00e1neo en cada plato. Astir le ofrece un concepto gastron\u00f3mico vanguardista basado en producto local en un entorno \u00fanico a un paso del Mediterr\u00e1neo. Con vistas a las aguas cristalinas y a los acantilados de la calita de Portals Nous y una exquisita decoraci\u00f3n [&hellip;]\" \/>\n<meta property=\"og:url\" content=\"https:\/\/balufy.com\/es\/producto\/astir-iberostar-grand-portals-nous\/\" \/>\n<meta property=\"og:site_name\" content=\"Balufy - The taste of Experience\" \/>\n<meta property=\"article:publisher\" content=\"https:\/\/www.facebook.com\/Balufy-102705001596047\" \/>\n<meta property=\"article:modified_time\" content=\"2022-08-26T20:09:39+00:00\" \/>\n<meta name=\"twitter:card\" content=\"summary_large_image\" \/>\n<meta name=\"twitter:label1\" content=\"Tiempo de lectura\" \/>\n\t<meta name=\"twitter:data1\" content=\"2 minutos\" \/>\n<script type=\"application\/ld+json\" class=\"yoast-schema-graph\">{\"@context\":\"https:\\\/\\\/schema.org\",\"@graph\":[{\"@type\":\"WebPage\",\"@id\":\"https:\\\/\\\/balufy.com\\\/en\\\/product\\\/astir-iberostar-grand-portals-nous\\\/\",\"url\":\"https:\\\/\\\/balufy.com\\\/en\\\/product\\\/astir-iberostar-grand-portals-nous\\\/\",\"name\":\"Astir Iberostar Grand Portals Nous - Balufy - The taste of Experience\",\"isPartOf\":{\"@id\":\"https:\\\/\\\/balufy.com\\\/es\\\/#website\"},\"datePublished\":\"2021-08-25T17:23:05+00:00\",\"dateModified\":\"2022-08-26T20:09:39+00:00\",\"breadcrumb\":{\"@id\":\"https:\\\/\\\/balufy.com\\\/en\\\/product\\\/astir-iberostar-grand-portals-nous\\\/#breadcrumb\"},\"inLanguage\":\"es\",\"potentialAction\":[{\"@type\":\"ReadAction\",\"target\":[\"https:\\\/\\\/balufy.com\\\/en\\\/product\\\/astir-iberostar-grand-portals-nous\\\/\"]}]},{\"@type\":\"BreadcrumbList\",\"@id\":\"https:\\\/\\\/balufy.com\\\/en\\\/product\\\/astir-iberostar-grand-portals-nous\\\/#breadcrumb\",\"itemListElement\":[{\"@type\":\"ListItem\",\"position\":1,\"name\":\"Portada\",\"item\":\"https:\\\/\\\/balufy.com\\\/\"},{\"@type\":\"ListItem\",\"position\":2,\"name\":\"Shop\",\"item\":\"https:\\\/\\\/balufy.com\\\/es\\\/shop\\\/\"},{\"@type\":\"ListItem\",\"position\":3,\"name\":\"Astir Iberostar Grand Portals Nous\"}]},{\"@type\":\"WebSite\",\"@id\":\"https:\\\/\\\/balufy.com\\\/es\\\/#website\",\"url\":\"https:\\\/\\\/balufy.com\\\/es\\\/\",\"name\":\"Balufy - Taste of experience\",\"description\":\"Balufy\",\"publisher\":{\"@id\":\"https:\\\/\\\/balufy.com\\\/es\\\/#organization\"},\"potentialAction\":[{\"@type\":\"SearchAction\",\"target\":{\"@type\":\"EntryPoint\",\"urlTemplate\":\"https:\\\/\\\/balufy.com\\\/es\\\/?s={search_term_string}\"},\"query-input\":{\"@type\":\"PropertyValueSpecification\",\"valueRequired\":true,\"valueName\":\"search_term_string\"}}],\"inLanguage\":\"es\"},{\"@type\":\"Organization\",\"@id\":\"https:\\\/\\\/balufy.com\\\/es\\\/#organization\",\"name\":\"Balufy\",\"url\":\"https:\\\/\\\/balufy.com\\\/es\\\/\",\"logo\":{\"@type\":\"ImageObject\",\"inLanguage\":\"es\",\"@id\":\"https:\\\/\\\/balufy.com\\\/es\\\/#\\\/schema\\\/logo\\\/image\\\/\",\"url\":\"https:\\\/\\\/balufy.com\\\/wp-content\\\/uploads\\\/2022\\\/06\\\/LOGO_PNG.png\",\"contentUrl\":\"https:\\\/\\\/balufy.com\\\/wp-content\\\/uploads\\\/2022\\\/06\\\/LOGO_PNG.png\",\"width\":1366,\"height\":768,\"caption\":\"Balufy\"},\"image\":{\"@id\":\"https:\\\/\\\/balufy.com\\\/es\\\/#\\\/schema\\\/logo\\\/image\\\/\"},\"sameAs\":[\"https:\\\/\\\/www.facebook.com\\\/Balufy-102705001596047\",\"https:\\\/\\\/www.instagram.com\\\/balufy_oficial\\\/\"]}]}<\/script>\n<!-- \/ Yoast SEO plugin. -->","yoast_head_json":{"title":"Astir Iberostar Grand Portals Nous - Balufy - The taste of Experience","robots":{"index":"index","follow":"follow","max-snippet":"max-snippet:-1","max-image-preview":"max-image-preview:large","max-video-preview":"max-video-preview:-1"},"canonical":"https:\/\/balufy.com\/es\/producto\/astir-iberostar-grand-portals-nous\/","og_locale":"es_ES","og_type":"article","og_title":"Astir Iberostar Grand Portals Nous - Balufy - The taste of Experience","og_description":"El Restaurante Sienta la calidez, la elegancia y la frescura del Mediterr\u00e1neo en cada plato. Astir le ofrece un concepto gastron\u00f3mico vanguardista basado en producto local en un entorno \u00fanico a un paso del Mediterr\u00e1neo. Con vistas a las aguas cristalinas y a los acantilados de la calita de Portals Nous y una exquisita decoraci\u00f3n [&hellip;]","og_url":"https:\/\/balufy.com\/es\/producto\/astir-iberostar-grand-portals-nous\/","og_site_name":"Balufy - The taste of Experience","article_publisher":"https:\/\/www.facebook.com\/Balufy-102705001596047","article_modified_time":"2022-08-26T20:09:39+00:00","twitter_card":"summary_large_image","twitter_misc":{"Tiempo de lectura":"2 minutos"},"schema":{"@context":"https:\/\/schema.org","@graph":[{"@type":"WebPage","@id":"https:\/\/balufy.com\/en\/product\/astir-iberostar-grand-portals-nous\/","url":"https:\/\/balufy.com\/en\/product\/astir-iberostar-grand-portals-nous\/","name":"Astir Iberostar Grand Portals Nous - Balufy - The taste of Experience","isPartOf":{"@id":"https:\/\/balufy.com\/es\/#website"},"datePublished":"2021-08-25T17:23:05+00:00","dateModified":"2022-08-26T20:09:39+00:00","breadcrumb":{"@id":"https:\/\/balufy.com\/en\/product\/astir-iberostar-grand-portals-nous\/#breadcrumb"},"inLanguage":"es","potentialAction":[{"@type":"ReadAction","target":["https:\/\/balufy.com\/en\/product\/astir-iberostar-grand-portals-nous\/"]}]},{"@type":"BreadcrumbList","@id":"https:\/\/balufy.com\/en\/product\/astir-iberostar-grand-portals-nous\/#breadcrumb","itemListElement":[{"@type":"ListItem","position":1,"name":"Portada","item":"https:\/\/balufy.com\/"},{"@type":"ListItem","position":2,"name":"Shop","item":"https:\/\/balufy.com\/es\/shop\/"},{"@type":"ListItem","position":3,"name":"Astir Iberostar Grand Portals Nous"}]},{"@type":"WebSite","@id":"https:\/\/balufy.com\/es\/#website","url":"https:\/\/balufy.com\/es\/","name":"Balufy - Taste of experience","description":"Balufy","publisher":{"@id":"https:\/\/balufy.com\/es\/#organization"},"potentialAction":[{"@type":"SearchAction","target":{"@type":"EntryPoint","urlTemplate":"https:\/\/balufy.com\/es\/?s={search_term_string}"},"query-input":{"@type":"PropertyValueSpecification","valueRequired":true,"valueName":"search_term_string"}}],"inLanguage":"es"},{"@type":"Organization","@id":"https:\/\/balufy.com\/es\/#organization","name":"Balufy","url":"https:\/\/balufy.com\/es\/","logo":{"@type":"ImageObject","inLanguage":"es","@id":"https:\/\/balufy.com\/es\/#\/schema\/logo\/image\/","url":"https:\/\/balufy.com\/wp-content\/uploads\/2022\/06\/LOGO_PNG.png","contentUrl":"https:\/\/balufy.com\/wp-content\/uploads\/2022\/06\/LOGO_PNG.png","width":1366,"height":768,"caption":"Balufy"},"image":{"@id":"https:\/\/balufy.com\/es\/#\/schema\/logo\/image\/"},"sameAs":["https:\/\/www.facebook.com\/Balufy-102705001596047","https:\/\/www.instagram.com\/balufy_oficial\/"]}]}},"_links":{"self":[{"href":"https:\/\/balufy.com\/es\/wp-json\/wp\/v2\/product\/1344","targetHints":{"allow":["GET"]}}],"collection":[{"href":"https:\/\/balufy.com\/es\/wp-json\/wp\/v2\/product"}],"about":[{"href":"https:\/\/balufy.com\/es\/wp-json\/wp\/v2\/types\/product"}],"version-history":[{"count":0,"href":"https:\/\/balufy.com\/es\/wp-json\/wp\/v2\/product\/1344\/revisions"}],"wp:attachment":[{"href":"https:\/\/balufy.com\/es\/wp-json\/wp\/v2\/media?parent=1344"}],"wp:term":[{"taxonomy":"product_brand","embeddable":true,"href":"https:\/\/balufy.com\/es\/wp-json\/wp\/v2\/product_brand?post=1344"},{"taxonomy":"product_cat","embeddable":true,"href":"https:\/\/balufy.com\/es\/wp-json\/wp\/v2\/product_cat?post=1344"},{"taxonomy":"product_tag","embeddable":true,"href":"https:\/\/balufy.com\/es\/wp-json\/wp\/v2\/product_tag?post=1344"}],"curies":[{"name":"wp","href":"https:\/\/api.w.org\/{rel}","templated":true}]}}