{"id":1438,"date":"2021-08-28T11:02:21","date_gmt":"2021-08-28T09:02:21","guid":{"rendered":"https:\/\/alquileres.pulsoweb.es\/product\/galeria-cafe-soller\/"},"modified":"2022-08-26T22:08:56","modified_gmt":"2022-08-26T20:08:56","slug":"galeria-cafe-soller","status":"publish","type":"product","link":"https:\/\/balufy.com\/es\/producto\/galeria-cafe-soller\/","title":{"rendered":"Galeria Caf\u00e8 S\u00f3ller"},"content":{"rendered":"<p><strong>El punto de encuentro en el centro. Caf\u00e9\u00a0con obrador artesanal y un men\u00fa hecho con amor.<\/strong><\/p>\n<p><strong>Nuestra cocina<\/strong><\/p>\n<p>Hecho en casa, eso nos define. Presentamos una cocina cl\u00e1sica hecha 100% artesanalmente donde prima la dedicaci\u00f3n total y la calidad de nuestros productos.<\/p>\n<p>Nos esforzamos por llevar a la mesa la mayor cantidad posible de productos locales, sostenibles y org\u00e1nicos reforzando nuestro compromiso como una econom\u00eda viable y comprometida con el medio ambiente.<\/p>\n<p>En nuestro men\u00fa encontrar\u00e1n tartares, tapas, platos vegetarianos, ensaladas, cortes de carne premium, pasta fresca y el pescado fresco obtenido a trav\u00e9s de proveedores locales.<\/p>\n<p>En Caf\u00e9 S\u00f3ller Producimos toda nuestra panader\u00eda y pasteler\u00eda artesanalmente, todas nuestras recetas son aut\u00e9nticas y de autor.<\/p>\n<p>Y no olvidemos nuestra cuidadosa selecci\u00f3n de vinos org\u00e1nicos mallorquines, as\u00ed como licores de gran calidad hechos en Mallorca.<\/p>\n<p><strong>Cafeter\u00eda<\/strong><br \/>\n<strong>Nuestra cafeter\u00eda es igualmente sostenible.<\/strong><\/p>\n<p>Caf\u00e9 S\u00f3ller es el punto de encuentro y sitio perfecto para degustar un verdadero caf\u00e9 100% ar\u00e1bica seleccionado cuidadosamente en fincas con unos granos de caf\u00e9 excepcionales. Nuestra amplia selecci\u00f3n de t\u00e9s son org\u00e1nicos.<\/p>\n<p>Abiertos desde el desayuno como una carta apta para veganos, vegetarianos y los paladares m\u00e1s exigentes, en ella tambi\u00e9n encontrar\u00e1n nuestra selecci\u00f3n diaria de pasteler\u00eda incluidos los donuts caseros y nuestras tartas \u00fanicas.<\/p>\n<p>&nbsp;<\/p>\n","protected":false},"excerpt":{"rendered":"<p>El punto de encuentro en el centro. Caf\u00e9\u00a0con obrador artesanal y un men\u00fa hecho con amor. Nuestra cocina Hecho en casa, eso nos define. Presentamos una cocina cl\u00e1sica hecha 100% artesanalmente donde prima la dedicaci\u00f3n total y la calidad de nuestros productos. Nos esforzamos por llevar a la mesa la mayor cantidad posible de productos [&hellip;]<\/p>\n","protected":false},"featured_media":0,"template":"","meta":[],"product_brand":[],"product_cat":[20],"product_tag":[],"class_list":{"0":"post-1438","1":"product","2":"type-product","3":"status-publish","5":"product_cat-listeo-booking","7":"first","8":"instock","9":"virtual","10":"sold-individually","11":"purchasable","12":"product-type-listing_booking"},"yoast_head":"<!-- This site is optimized with the Yoast SEO plugin v27.3 - https:\/\/yoast.com\/product\/yoast-seo-wordpress\/ -->\n<title>Galeria Caf\u00e8 S\u00f3ller - Balufy - The taste of Experience<\/title>\n<meta name=\"robots\" content=\"index, follow, max-snippet:-1, max-image-preview:large, max-video-preview:-1\" \/>\n<link rel=\"canonical\" href=\"https:\/\/balufy.com\/es\/producto\/galeria-cafe-soller\/\" \/>\n<meta property=\"og:locale\" content=\"es_ES\" \/>\n<meta property=\"og:type\" content=\"article\" \/>\n<meta property=\"og:title\" content=\"Galeria Caf\u00e8 S\u00f3ller - Balufy - The taste of Experience\" \/>\n<meta property=\"og:description\" content=\"El punto de encuentro en el centro. Caf\u00e9\u00a0con obrador artesanal y un men\u00fa hecho con amor. Nuestra cocina Hecho en casa, eso nos define. Presentamos una cocina cl\u00e1sica hecha 100% artesanalmente donde prima la dedicaci\u00f3n total y la calidad de nuestros productos. Nos esforzamos por llevar a la mesa la mayor cantidad posible de productos [&hellip;]\" \/>\n<meta property=\"og:url\" content=\"https:\/\/balufy.com\/es\/producto\/galeria-cafe-soller\/\" \/>\n<meta property=\"og:site_name\" content=\"Balufy - The taste of Experience\" \/>\n<meta property=\"article:publisher\" content=\"https:\/\/www.facebook.com\/Balufy-102705001596047\" \/>\n<meta property=\"article:modified_time\" content=\"2022-08-26T20:08:56+00:00\" \/>\n<meta name=\"twitter:card\" content=\"summary_large_image\" \/>\n<meta name=\"twitter:label1\" content=\"Tiempo de lectura\" \/>\n\t<meta name=\"twitter:data1\" content=\"1 minuto\" \/>\n<script type=\"application\/ld+json\" class=\"yoast-schema-graph\">{\"@context\":\"https:\\\/\\\/schema.org\",\"@graph\":[{\"@type\":\"WebPage\",\"@id\":\"https:\\\/\\\/balufy.com\\\/de\\\/produkt\\\/cafe-soller-galerie\\\/\",\"url\":\"https:\\\/\\\/balufy.com\\\/de\\\/produkt\\\/cafe-soller-galerie\\\/\",\"name\":\"Galeria Caf\u00e8 S\u00f3ller - Balufy - The taste of Experience\",\"isPartOf\":{\"@id\":\"https:\\\/\\\/balufy.com\\\/es\\\/#website\"},\"datePublished\":\"2021-08-28T09:02:21+00:00\",\"dateModified\":\"2022-08-26T20:08:56+00:00\",\"breadcrumb\":{\"@id\":\"https:\\\/\\\/balufy.com\\\/de\\\/produkt\\\/cafe-soller-galerie\\\/#breadcrumb\"},\"inLanguage\":\"es\",\"potentialAction\":[{\"@type\":\"ReadAction\",\"target\":[\"https:\\\/\\\/balufy.com\\\/de\\\/produkt\\\/cafe-soller-galerie\\\/\"]}]},{\"@type\":\"BreadcrumbList\",\"@id\":\"https:\\\/\\\/balufy.com\\\/de\\\/produkt\\\/cafe-soller-galerie\\\/#breadcrumb\",\"itemListElement\":[{\"@type\":\"ListItem\",\"position\":1,\"name\":\"Portada\",\"item\":\"https:\\\/\\\/balufy.com\\\/\"},{\"@type\":\"ListItem\",\"position\":2,\"name\":\"Shop\",\"item\":\"https:\\\/\\\/balufy.com\\\/es\\\/shop\\\/\"},{\"@type\":\"ListItem\",\"position\":3,\"name\":\"Galeria Caf\u00e8 S\u00f3ller\"}]},{\"@type\":\"WebSite\",\"@id\":\"https:\\\/\\\/balufy.com\\\/es\\\/#website\",\"url\":\"https:\\\/\\\/balufy.com\\\/es\\\/\",\"name\":\"Balufy - Taste of experience\",\"description\":\"Balufy\",\"publisher\":{\"@id\":\"https:\\\/\\\/balufy.com\\\/es\\\/#organization\"},\"potentialAction\":[{\"@type\":\"SearchAction\",\"target\":{\"@type\":\"EntryPoint\",\"urlTemplate\":\"https:\\\/\\\/balufy.com\\\/es\\\/?s={search_term_string}\"},\"query-input\":{\"@type\":\"PropertyValueSpecification\",\"valueRequired\":true,\"valueName\":\"search_term_string\"}}],\"inLanguage\":\"es\"},{\"@type\":\"Organization\",\"@id\":\"https:\\\/\\\/balufy.com\\\/es\\\/#organization\",\"name\":\"Balufy\",\"url\":\"https:\\\/\\\/balufy.com\\\/es\\\/\",\"logo\":{\"@type\":\"ImageObject\",\"inLanguage\":\"es\",\"@id\":\"https:\\\/\\\/balufy.com\\\/es\\\/#\\\/schema\\\/logo\\\/image\\\/\",\"url\":\"https:\\\/\\\/balufy.com\\\/wp-content\\\/uploads\\\/2022\\\/06\\\/LOGO_PNG.png\",\"contentUrl\":\"https:\\\/\\\/balufy.com\\\/wp-content\\\/uploads\\\/2022\\\/06\\\/LOGO_PNG.png\",\"width\":1366,\"height\":768,\"caption\":\"Balufy\"},\"image\":{\"@id\":\"https:\\\/\\\/balufy.com\\\/es\\\/#\\\/schema\\\/logo\\\/image\\\/\"},\"sameAs\":[\"https:\\\/\\\/www.facebook.com\\\/Balufy-102705001596047\",\"https:\\\/\\\/www.instagram.com\\\/balufy_oficial\\\/\"]}]}<\/script>\n<!-- \/ Yoast SEO plugin. -->","yoast_head_json":{"title":"Galeria Caf\u00e8 S\u00f3ller - Balufy - The taste of Experience","robots":{"index":"index","follow":"follow","max-snippet":"max-snippet:-1","max-image-preview":"max-image-preview:large","max-video-preview":"max-video-preview:-1"},"canonical":"https:\/\/balufy.com\/es\/producto\/galeria-cafe-soller\/","og_locale":"es_ES","og_type":"article","og_title":"Galeria Caf\u00e8 S\u00f3ller - Balufy - The taste of Experience","og_description":"El punto de encuentro en el centro. Caf\u00e9\u00a0con obrador artesanal y un men\u00fa hecho con amor. Nuestra cocina Hecho en casa, eso nos define. Presentamos una cocina cl\u00e1sica hecha 100% artesanalmente donde prima la dedicaci\u00f3n total y la calidad de nuestros productos. Nos esforzamos por llevar a la mesa la mayor cantidad posible de productos [&hellip;]","og_url":"https:\/\/balufy.com\/es\/producto\/galeria-cafe-soller\/","og_site_name":"Balufy - The taste of Experience","article_publisher":"https:\/\/www.facebook.com\/Balufy-102705001596047","article_modified_time":"2022-08-26T20:08:56+00:00","twitter_card":"summary_large_image","twitter_misc":{"Tiempo de lectura":"1 minuto"},"schema":{"@context":"https:\/\/schema.org","@graph":[{"@type":"WebPage","@id":"https:\/\/balufy.com\/de\/produkt\/cafe-soller-galerie\/","url":"https:\/\/balufy.com\/de\/produkt\/cafe-soller-galerie\/","name":"Galeria Caf\u00e8 S\u00f3ller - Balufy - The taste of Experience","isPartOf":{"@id":"https:\/\/balufy.com\/es\/#website"},"datePublished":"2021-08-28T09:02:21+00:00","dateModified":"2022-08-26T20:08:56+00:00","breadcrumb":{"@id":"https:\/\/balufy.com\/de\/produkt\/cafe-soller-galerie\/#breadcrumb"},"inLanguage":"es","potentialAction":[{"@type":"ReadAction","target":["https:\/\/balufy.com\/de\/produkt\/cafe-soller-galerie\/"]}]},{"@type":"BreadcrumbList","@id":"https:\/\/balufy.com\/de\/produkt\/cafe-soller-galerie\/#breadcrumb","itemListElement":[{"@type":"ListItem","position":1,"name":"Portada","item":"https:\/\/balufy.com\/"},{"@type":"ListItem","position":2,"name":"Shop","item":"https:\/\/balufy.com\/es\/shop\/"},{"@type":"ListItem","position":3,"name":"Galeria Caf\u00e8 S\u00f3ller"}]},{"@type":"WebSite","@id":"https:\/\/balufy.com\/es\/#website","url":"https:\/\/balufy.com\/es\/","name":"Balufy - Taste of experience","description":"Balufy","publisher":{"@id":"https:\/\/balufy.com\/es\/#organization"},"potentialAction":[{"@type":"SearchAction","target":{"@type":"EntryPoint","urlTemplate":"https:\/\/balufy.com\/es\/?s={search_term_string}"},"query-input":{"@type":"PropertyValueSpecification","valueRequired":true,"valueName":"search_term_string"}}],"inLanguage":"es"},{"@type":"Organization","@id":"https:\/\/balufy.com\/es\/#organization","name":"Balufy","url":"https:\/\/balufy.com\/es\/","logo":{"@type":"ImageObject","inLanguage":"es","@id":"https:\/\/balufy.com\/es\/#\/schema\/logo\/image\/","url":"https:\/\/balufy.com\/wp-content\/uploads\/2022\/06\/LOGO_PNG.png","contentUrl":"https:\/\/balufy.com\/wp-content\/uploads\/2022\/06\/LOGO_PNG.png","width":1366,"height":768,"caption":"Balufy"},"image":{"@id":"https:\/\/balufy.com\/es\/#\/schema\/logo\/image\/"},"sameAs":["https:\/\/www.facebook.com\/Balufy-102705001596047","https:\/\/www.instagram.com\/balufy_oficial\/"]}]}},"_links":{"self":[{"href":"https:\/\/balufy.com\/es\/wp-json\/wp\/v2\/product\/1438","targetHints":{"allow":["GET"]}}],"collection":[{"href":"https:\/\/balufy.com\/es\/wp-json\/wp\/v2\/product"}],"about":[{"href":"https:\/\/balufy.com\/es\/wp-json\/wp\/v2\/types\/product"}],"version-history":[{"count":0,"href":"https:\/\/balufy.com\/es\/wp-json\/wp\/v2\/product\/1438\/revisions"}],"wp:attachment":[{"href":"https:\/\/balufy.com\/es\/wp-json\/wp\/v2\/media?parent=1438"}],"wp:term":[{"taxonomy":"product_brand","embeddable":true,"href":"https:\/\/balufy.com\/es\/wp-json\/wp\/v2\/product_brand?post=1438"},{"taxonomy":"product_cat","embeddable":true,"href":"https:\/\/balufy.com\/es\/wp-json\/wp\/v2\/product_cat?post=1438"},{"taxonomy":"product_tag","embeddable":true,"href":"https:\/\/balufy.com\/es\/wp-json\/wp\/v2\/product_tag?post=1438"}],"curies":[{"name":"wp","href":"https:\/\/api.w.org\/{rel}","templated":true}]}}