{"id":1493,"date":"2021-08-28T12:15:10","date_gmt":"2021-08-28T10:15:10","guid":{"rendered":"https:\/\/alquileres.pulsoweb.es\/product\/jumeirah-port-soller\/"},"modified":"2025-04-02T17:01:23","modified_gmt":"2025-04-02T15:01:23","slug":"jumeirah-port-soller","status":"publish","type":"product","link":"https:\/\/balufy.com\/es\/producto\/jumeirah-port-soller\/","title":{"rendered":"Jumeirah Port Soller"},"content":{"rendered":"<p><strong>Un espectacular oasis en lo alto de un acantilado, con vistas panor\u00e1micas y un magn\u00edfico spa<\/strong><\/p>\n<p><strong>HABITACIONES Y SUITES<\/strong><\/p>\n<p>Habitaci\u00f3n Superior con vistas a la monta\u00f1a Tramuntana \u00abComodidad y estilo en un espacio \u00edntimo\u00bb<\/p>\n<p>Habitaci\u00f3n Deluxe con vistas a la monta\u00f1a Tramuntana \u00abBalc\u00f3n franc\u00e9s con vistas a la monta\u00f1a\u00bb<\/p>\n<p>Habitaci\u00f3n Deluxe con vistas al mar Mediterr\u00e1neo \u00abTerraza \u00edntima con vistas al mar\u00bb<\/p>\n<p>Habitaci\u00f3n Premium con vistas a la monta\u00f1a Tramuntana \u00abAmplias habitaciones de lujo con vistas a la monta\u00f1a\u00bb<\/p>\n<p>Habitaci\u00f3n premium con vistas al mar Mediterr\u00e1neo \u00abFascinantes vistas al mar, amplia terraza con asientos al aire libre\u00bb<\/p>\n<p>Suite Junior con vistas a la monta\u00f1a Tramuntana \u00abSuite de espacio abierto con impresionantes vistas a la monta\u00f1a y a la bah\u00eda, amplia terraza con sal\u00f3n chill out\u00bb<\/p>\n<p>Habitaci\u00f3n Premium con vistas al mar Mediterr\u00e1neo \u00abFascinantes vistas al mar, amplia terraza con asientos al aire libre\u00bb<\/p>\n<p>Lighthouse Suite con terraza privada \u00abDisfrute de las encantadoras vistas a la monta\u00f1a y al mar en este elegante d\u00faplex; generosos espacios exteriores e interiores con jacuzzi exterior y jacuzzi en suite\u00bb<\/p>\n<p>Suite Observatory \u00abMagn\u00edficas vistas y un espacio excepcional\u00bb<\/p>\n<p>Villa Mar Blau \u00abEl placer de la vida isle\u00f1a\u00bb<\/p>\n<p><strong>BIENESTARE<\/strong>\u00a0ambiente ideal para desestresarse y revitalizarse<\/p>\n<p>Descubra los beneficios del bienestar con nuestras instalaciones y tratamientos revitalizantes: su mente y cuerpo se lo agradecer\u00e1n<\/p>\n<p><strong>Rel\u00e1jese y renu\u00e9vese en Talise Spa<\/strong><\/p>\n<p>Disfrute de un tratamiento o rel\u00e1jese en la piscina de hidromasaje de este premiado spa, situado sobre un acantilado<\/p>\n<p><strong>Bar de piscina Sa Talaia<\/strong><\/p>\n<p>Disfruta de aperitivos ligeros inspirados en ingredientes producidos a nivel local despu\u00e9s de un refrescante ba\u00f1o en la piscina<\/p>\n<p><a href=\"https:\/\/balufy.com\/listing\/bar-de-piscina-sa-talaia\/\">https:\/\/balufy.com\/listing\/bar-de-piscina-sa-talaia\/<\/a><\/p>\n<p><strong>Sunset Lounge<\/strong><\/p>\n<p>Disfrute de delicatessen de inspiraci\u00f3n asi\u00e1tica mientras se deleita con las impresionantes vistas de la sierra de Tramontana<\/p>\n<p><a href=\"https:\/\/balufy.com\/listing\/sunset-lounge\/\">https:\/\/balufy.com\/listing\/sunset-lounge\/<\/a><\/p>\n<p><strong>Cap Roig Brasserie<\/strong><\/p>\n<p>Platos inspirados en la gastronom\u00eda local y servidos en una terraza al aire libre con incre\u00edbles vistas del Mediterr\u00e1neo<\/p>\n<p><a href=\"https:\/\/balufy.com\/listing\/cap-roig-brasserie\/\">https:\/\/balufy.com\/listing\/cap-roig-brasserie\/<\/a><\/p>\n<p><strong>Es Fanals de Javier Soriano<\/strong><\/p>\n<p>Disfrute de una sofisticada experiencia culinaria de la mano de un chef galardonado, con platos espa\u00f1oles de temporada y una evocadora cocina abierta<\/p>\n<p><a href=\"https:\/\/balufy.com\/listing\/es-fanals-de-javier-soriano\/\">https:\/\/balufy.com\/listing\/es-fanals-de-javier-soriano\/<\/a><\/p>\n<p><strong>Bar de piscina infinita<\/strong><\/p>\n<p>Bebidas refrescantes y peque\u00f1os platos junto a la espectacular piscina del hotel<\/p>\n<p><a href=\"https:\/\/balufy.com\/listing\/bar-de-piscina-infinita\/\">https:\/\/balufy.com\/listing\/bar-de-piscina-infinita\/<\/a><\/p>\n","protected":false},"excerpt":{"rendered":"<p>Un espectacular oasis en lo alto de un acantilado, con vistas panor\u00e1micas y un magn\u00edfico spa HABITACIONES Y SUITES Habitaci\u00f3n Superior con vistas a la monta\u00f1a Tramuntana \u00abComodidad y estilo en un espacio \u00edntimo\u00bb Habitaci\u00f3n Deluxe con vistas a la monta\u00f1a Tramuntana \u00abBalc\u00f3n franc\u00e9s con vistas a la monta\u00f1a\u00bb Habitaci\u00f3n Deluxe con vistas al mar [&hellip;]<\/p>\n","protected":false},"featured_media":0,"template":"","meta":[],"product_brand":[],"product_cat":[20],"product_tag":[],"class_list":{"0":"post-1493","1":"product","2":"type-product","3":"status-publish","5":"product_cat-listeo-booking","7":"first","8":"instock","9":"virtual","10":"sold-individually","11":"purchasable","12":"product-type-listing_booking"},"yoast_head":"<!-- This site is optimized with the Yoast SEO plugin v27.3 - https:\/\/yoast.com\/product\/yoast-seo-wordpress\/ -->\n<title>Jumeirah Port Soller - Balufy - The taste of Experience<\/title>\n<meta name=\"robots\" content=\"index, follow, max-snippet:-1, max-image-preview:large, max-video-preview:-1\" \/>\n<link rel=\"canonical\" href=\"https:\/\/balufy.com\/es\/producto\/jumeirah-port-soller\/\" \/>\n<meta property=\"og:locale\" content=\"es_ES\" \/>\n<meta property=\"og:type\" content=\"article\" \/>\n<meta property=\"og:title\" content=\"Jumeirah Port Soller - Balufy - The taste of Experience\" \/>\n<meta property=\"og:description\" content=\"Un espectacular oasis en lo alto de un acantilado, con vistas panor\u00e1micas y un magn\u00edfico spa HABITACIONES Y SUITES Habitaci\u00f3n Superior con vistas a la monta\u00f1a Tramuntana \u00abComodidad y estilo en un espacio \u00edntimo\u00bb Habitaci\u00f3n Deluxe con vistas a la monta\u00f1a Tramuntana \u00abBalc\u00f3n franc\u00e9s con vistas a la monta\u00f1a\u00bb Habitaci\u00f3n Deluxe con vistas al mar [&hellip;]\" \/>\n<meta property=\"og:url\" content=\"https:\/\/balufy.com\/es\/producto\/jumeirah-port-soller\/\" \/>\n<meta property=\"og:site_name\" content=\"Balufy - The taste of Experience\" \/>\n<meta property=\"article:publisher\" content=\"https:\/\/www.facebook.com\/Balufy-102705001596047\" \/>\n<meta property=\"article:modified_time\" content=\"2025-04-02T15:01:23+00:00\" \/>\n<meta name=\"twitter:card\" content=\"summary_large_image\" \/>\n<meta name=\"twitter:label1\" content=\"Tiempo de lectura\" \/>\n\t<meta name=\"twitter:data1\" content=\"2 minutos\" \/>\n<script type=\"application\/ld+json\" class=\"yoast-schema-graph\">{\"@context\":\"https:\\\/\\\/schema.org\",\"@graph\":[{\"@type\":\"WebPage\",\"@id\":\"https:\\\/\\\/balufy.com\\\/en\\\/product\\\/jumeirah-port-soller\\\/\",\"url\":\"https:\\\/\\\/balufy.com\\\/en\\\/product\\\/jumeirah-port-soller\\\/\",\"name\":\"Jumeirah Port Soller - Balufy - The taste of Experience\",\"isPartOf\":{\"@id\":\"https:\\\/\\\/balufy.com\\\/es\\\/#website\"},\"datePublished\":\"2021-08-28T10:15:10+00:00\",\"dateModified\":\"2025-04-02T15:01:23+00:00\",\"breadcrumb\":{\"@id\":\"https:\\\/\\\/balufy.com\\\/en\\\/product\\\/jumeirah-port-soller\\\/#breadcrumb\"},\"inLanguage\":\"es\",\"potentialAction\":[{\"@type\":\"ReadAction\",\"target\":[\"https:\\\/\\\/balufy.com\\\/en\\\/product\\\/jumeirah-port-soller\\\/\"]}]},{\"@type\":\"BreadcrumbList\",\"@id\":\"https:\\\/\\\/balufy.com\\\/en\\\/product\\\/jumeirah-port-soller\\\/#breadcrumb\",\"itemListElement\":[{\"@type\":\"ListItem\",\"position\":1,\"name\":\"Portada\",\"item\":\"https:\\\/\\\/balufy.com\\\/\"},{\"@type\":\"ListItem\",\"position\":2,\"name\":\"Shop\",\"item\":\"https:\\\/\\\/balufy.com\\\/es\\\/shop\\\/\"},{\"@type\":\"ListItem\",\"position\":3,\"name\":\"Jumeirah Port Soller\"}]},{\"@type\":\"WebSite\",\"@id\":\"https:\\\/\\\/balufy.com\\\/es\\\/#website\",\"url\":\"https:\\\/\\\/balufy.com\\\/es\\\/\",\"name\":\"Balufy - Taste of experience\",\"description\":\"Balufy\",\"publisher\":{\"@id\":\"https:\\\/\\\/balufy.com\\\/es\\\/#organization\"},\"potentialAction\":[{\"@type\":\"SearchAction\",\"target\":{\"@type\":\"EntryPoint\",\"urlTemplate\":\"https:\\\/\\\/balufy.com\\\/es\\\/?s={search_term_string}\"},\"query-input\":{\"@type\":\"PropertyValueSpecification\",\"valueRequired\":true,\"valueName\":\"search_term_string\"}}],\"inLanguage\":\"es\"},{\"@type\":\"Organization\",\"@id\":\"https:\\\/\\\/balufy.com\\\/es\\\/#organization\",\"name\":\"Balufy\",\"url\":\"https:\\\/\\\/balufy.com\\\/es\\\/\",\"logo\":{\"@type\":\"ImageObject\",\"inLanguage\":\"es\",\"@id\":\"https:\\\/\\\/balufy.com\\\/es\\\/#\\\/schema\\\/logo\\\/image\\\/\",\"url\":\"https:\\\/\\\/balufy.com\\\/wp-content\\\/uploads\\\/2022\\\/06\\\/LOGO_PNG.png\",\"contentUrl\":\"https:\\\/\\\/balufy.com\\\/wp-content\\\/uploads\\\/2022\\\/06\\\/LOGO_PNG.png\",\"width\":1366,\"height\":768,\"caption\":\"Balufy\"},\"image\":{\"@id\":\"https:\\\/\\\/balufy.com\\\/es\\\/#\\\/schema\\\/logo\\\/image\\\/\"},\"sameAs\":[\"https:\\\/\\\/www.facebook.com\\\/Balufy-102705001596047\",\"https:\\\/\\\/www.instagram.com\\\/balufy_oficial\\\/\"]}]}<\/script>\n<!-- \/ Yoast SEO plugin. -->","yoast_head_json":{"title":"Jumeirah Port Soller - Balufy - The taste of Experience","robots":{"index":"index","follow":"follow","max-snippet":"max-snippet:-1","max-image-preview":"max-image-preview:large","max-video-preview":"max-video-preview:-1"},"canonical":"https:\/\/balufy.com\/es\/producto\/jumeirah-port-soller\/","og_locale":"es_ES","og_type":"article","og_title":"Jumeirah Port Soller - Balufy - The taste of Experience","og_description":"Un espectacular oasis en lo alto de un acantilado, con vistas panor\u00e1micas y un magn\u00edfico spa HABITACIONES Y SUITES Habitaci\u00f3n Superior con vistas a la monta\u00f1a Tramuntana \u00abComodidad y estilo en un espacio \u00edntimo\u00bb Habitaci\u00f3n Deluxe con vistas a la monta\u00f1a Tramuntana \u00abBalc\u00f3n franc\u00e9s con vistas a la monta\u00f1a\u00bb Habitaci\u00f3n Deluxe con vistas al mar [&hellip;]","og_url":"https:\/\/balufy.com\/es\/producto\/jumeirah-port-soller\/","og_site_name":"Balufy - The taste of Experience","article_publisher":"https:\/\/www.facebook.com\/Balufy-102705001596047","article_modified_time":"2025-04-02T15:01:23+00:00","twitter_card":"summary_large_image","twitter_misc":{"Tiempo de lectura":"2 minutos"},"schema":{"@context":"https:\/\/schema.org","@graph":[{"@type":"WebPage","@id":"https:\/\/balufy.com\/en\/product\/jumeirah-port-soller\/","url":"https:\/\/balufy.com\/en\/product\/jumeirah-port-soller\/","name":"Jumeirah Port Soller - Balufy - The taste of Experience","isPartOf":{"@id":"https:\/\/balufy.com\/es\/#website"},"datePublished":"2021-08-28T10:15:10+00:00","dateModified":"2025-04-02T15:01:23+00:00","breadcrumb":{"@id":"https:\/\/balufy.com\/en\/product\/jumeirah-port-soller\/#breadcrumb"},"inLanguage":"es","potentialAction":[{"@type":"ReadAction","target":["https:\/\/balufy.com\/en\/product\/jumeirah-port-soller\/"]}]},{"@type":"BreadcrumbList","@id":"https:\/\/balufy.com\/en\/product\/jumeirah-port-soller\/#breadcrumb","itemListElement":[{"@type":"ListItem","position":1,"name":"Portada","item":"https:\/\/balufy.com\/"},{"@type":"ListItem","position":2,"name":"Shop","item":"https:\/\/balufy.com\/es\/shop\/"},{"@type":"ListItem","position":3,"name":"Jumeirah Port Soller"}]},{"@type":"WebSite","@id":"https:\/\/balufy.com\/es\/#website","url":"https:\/\/balufy.com\/es\/","name":"Balufy - Taste of experience","description":"Balufy","publisher":{"@id":"https:\/\/balufy.com\/es\/#organization"},"potentialAction":[{"@type":"SearchAction","target":{"@type":"EntryPoint","urlTemplate":"https:\/\/balufy.com\/es\/?s={search_term_string}"},"query-input":{"@type":"PropertyValueSpecification","valueRequired":true,"valueName":"search_term_string"}}],"inLanguage":"es"},{"@type":"Organization","@id":"https:\/\/balufy.com\/es\/#organization","name":"Balufy","url":"https:\/\/balufy.com\/es\/","logo":{"@type":"ImageObject","inLanguage":"es","@id":"https:\/\/balufy.com\/es\/#\/schema\/logo\/image\/","url":"https:\/\/balufy.com\/wp-content\/uploads\/2022\/06\/LOGO_PNG.png","contentUrl":"https:\/\/balufy.com\/wp-content\/uploads\/2022\/06\/LOGO_PNG.png","width":1366,"height":768,"caption":"Balufy"},"image":{"@id":"https:\/\/balufy.com\/es\/#\/schema\/logo\/image\/"},"sameAs":["https:\/\/www.facebook.com\/Balufy-102705001596047","https:\/\/www.instagram.com\/balufy_oficial\/"]}]}},"_links":{"self":[{"href":"https:\/\/balufy.com\/es\/wp-json\/wp\/v2\/product\/1493","targetHints":{"allow":["GET"]}}],"collection":[{"href":"https:\/\/balufy.com\/es\/wp-json\/wp\/v2\/product"}],"about":[{"href":"https:\/\/balufy.com\/es\/wp-json\/wp\/v2\/types\/product"}],"version-history":[{"count":0,"href":"https:\/\/balufy.com\/es\/wp-json\/wp\/v2\/product\/1493\/revisions"}],"wp:attachment":[{"href":"https:\/\/balufy.com\/es\/wp-json\/wp\/v2\/media?parent=1493"}],"wp:term":[{"taxonomy":"product_brand","embeddable":true,"href":"https:\/\/balufy.com\/es\/wp-json\/wp\/v2\/product_brand?post=1493"},{"taxonomy":"product_cat","embeddable":true,"href":"https:\/\/balufy.com\/es\/wp-json\/wp\/v2\/product_cat?post=1493"},{"taxonomy":"product_tag","embeddable":true,"href":"https:\/\/balufy.com\/es\/wp-json\/wp\/v2\/product_tag?post=1493"}],"curies":[{"name":"wp","href":"https:\/\/api.w.org\/{rel}","templated":true}]}}