{"id":1544,"date":"2021-08-28T15:43:07","date_gmt":"2021-08-28T13:43:07","guid":{"rendered":"https:\/\/alquileres.pulsoweb.es\/product\/hotel-es-raco-darta\/"},"modified":"2025-04-02T16:58:40","modified_gmt":"2025-04-02T14:58:40","slug":"hotel-es-raco-darta","status":"publish","type":"product","link":"https:\/\/balufy.com\/es\/producto\/hotel-es-raco-darta\/","title":{"rendered":"Hotel Es Rac\u00f3 d\u00b4Art\u00e0"},"content":{"rendered":"<p>El Es Rac\u00f3 d94Art\u00e0 est\u00e1 situado en Art\u00e1 y dispone de restaurante, piscina al aire libre de temporada, bar y jard\u00edn. Ofrece habitaciones familiares y terraza. El alojamiento ofrece recepci\u00f3n 24 horas, servicio de enlace con el aeropuerto, servicio de habitaciones y conexi\u00f3n WiFi gratuita.<\/p>\n<p>Los alojamientos cuentan con aire acondicionado, TV de pantalla plana v\u00eda sat\u00e9lite, nevera, hervidor de agua, ducha, secador de pelo y escritorio. Todas las habitaciones del hotel tienen armario y ba\u00f1o privado.<\/p>\n<p>El Es Rac\u00f3 d94Art\u00e0 ofrece un desayuno a la carta o vegetariano.<\/p>\n<p>El alojamiento tambi\u00e9n cuenta con un centro de spa y bienestar con ba\u00f1era de hidromasaje y sauna. La zona es ideal para practicar senderismo y ciclismo. El Es Rac\u00f3 d 81Art\u00e0 ofrece servicio de alquiler de coches.<\/p>\n<p>Alcudia se encuentra a 38 km del hotel, mientras que Port d&#8217;Alcudia est\u00e1 a 26 km.<\/p>\n","protected":false},"excerpt":{"rendered":"<p>El Es Rac\u00f3 d94Art\u00e0 est\u00e1 situado en Art\u00e1 y dispone de restaurante, piscina al aire libre de temporada, bar y jard\u00edn. Ofrece habitaciones familiares y terraza. El alojamiento ofrece recepci\u00f3n 24 horas, servicio de enlace con el aeropuerto, servicio de habitaciones y conexi\u00f3n WiFi gratuita. Los alojamientos cuentan con aire acondicionado, TV de pantalla plana [&hellip;]<\/p>\n","protected":false},"featured_media":0,"template":"","meta":[],"product_brand":[],"product_cat":[20],"product_tag":[],"class_list":{"0":"post-1544","1":"product","2":"type-product","3":"status-publish","5":"product_cat-listeo-booking","7":"first","8":"instock","9":"virtual","10":"sold-individually","11":"purchasable","12":"product-type-listing_booking"},"yoast_head":"<!-- This site is optimized with the Yoast SEO plugin v27.3 - https:\/\/yoast.com\/product\/yoast-seo-wordpress\/ -->\n<title>Hotel Es Rac\u00f3 d\u00b4Art\u00e0 - Balufy - The taste of Experience<\/title>\n<meta name=\"robots\" content=\"index, follow, max-snippet:-1, max-image-preview:large, max-video-preview:-1\" \/>\n<link rel=\"canonical\" href=\"https:\/\/balufy.com\/es\/producto\/hotel-es-raco-darta\/\" \/>\n<meta property=\"og:locale\" content=\"es_ES\" \/>\n<meta property=\"og:type\" content=\"article\" \/>\n<meta property=\"og:title\" content=\"Hotel Es Rac\u00f3 d\u00b4Art\u00e0 - Balufy - The taste of Experience\" \/>\n<meta property=\"og:description\" content=\"El Es Rac\u00f3 d94Art\u00e0 est\u00e1 situado en Art\u00e1 y dispone de restaurante, piscina al aire libre de temporada, bar y jard\u00edn. Ofrece habitaciones familiares y terraza. El alojamiento ofrece recepci\u00f3n 24 horas, servicio de enlace con el aeropuerto, servicio de habitaciones y conexi\u00f3n WiFi gratuita. Los alojamientos cuentan con aire acondicionado, TV de pantalla plana [&hellip;]\" \/>\n<meta property=\"og:url\" content=\"https:\/\/balufy.com\/es\/producto\/hotel-es-raco-darta\/\" \/>\n<meta property=\"og:site_name\" content=\"Balufy - The taste of Experience\" \/>\n<meta property=\"article:publisher\" content=\"https:\/\/www.facebook.com\/Balufy-102705001596047\" \/>\n<meta property=\"article:modified_time\" content=\"2025-04-02T14:58:40+00:00\" \/>\n<meta name=\"twitter:card\" content=\"summary_large_image\" \/>\n<meta name=\"twitter:label1\" content=\"Tiempo de lectura\" \/>\n\t<meta name=\"twitter:data1\" content=\"1 minuto\" \/>\n<script type=\"application\/ld+json\" class=\"yoast-schema-graph\">{\"@context\":\"https:\\\/\\\/schema.org\",\"@graph\":[{\"@type\":\"WebPage\",\"@id\":\"https:\\\/\\\/balufy.com\\\/es\\\/producto\\\/hotel-es-raco-darta\\\/\",\"url\":\"https:\\\/\\\/balufy.com\\\/es\\\/producto\\\/hotel-es-raco-darta\\\/\",\"name\":\"Hotel Es Rac\u00f3 d\u00b4Art\u00e0 - Balufy - The taste of Experience\",\"isPartOf\":{\"@id\":\"https:\\\/\\\/balufy.com\\\/es\\\/#website\"},\"datePublished\":\"2021-08-28T13:43:07+00:00\",\"dateModified\":\"2025-04-02T14:58:40+00:00\",\"breadcrumb\":{\"@id\":\"https:\\\/\\\/balufy.com\\\/es\\\/producto\\\/hotel-es-raco-darta\\\/#breadcrumb\"},\"inLanguage\":\"es\",\"potentialAction\":[{\"@type\":\"ReadAction\",\"target\":[\"https:\\\/\\\/balufy.com\\\/es\\\/producto\\\/hotel-es-raco-darta\\\/\"]}]},{\"@type\":\"BreadcrumbList\",\"@id\":\"https:\\\/\\\/balufy.com\\\/es\\\/producto\\\/hotel-es-raco-darta\\\/#breadcrumb\",\"itemListElement\":[{\"@type\":\"ListItem\",\"position\":1,\"name\":\"Portada\",\"item\":\"https:\\\/\\\/balufy.com\\\/\"},{\"@type\":\"ListItem\",\"position\":2,\"name\":\"Shop\",\"item\":\"https:\\\/\\\/balufy.com\\\/es\\\/shop\\\/\"},{\"@type\":\"ListItem\",\"position\":3,\"name\":\"Hotel Es Rac\u00f3 d\u00b4Art\u00e0\"}]},{\"@type\":\"WebSite\",\"@id\":\"https:\\\/\\\/balufy.com\\\/es\\\/#website\",\"url\":\"https:\\\/\\\/balufy.com\\\/es\\\/\",\"name\":\"Balufy - Taste of experience\",\"description\":\"Balufy\",\"publisher\":{\"@id\":\"https:\\\/\\\/balufy.com\\\/es\\\/#organization\"},\"potentialAction\":[{\"@type\":\"SearchAction\",\"target\":{\"@type\":\"EntryPoint\",\"urlTemplate\":\"https:\\\/\\\/balufy.com\\\/es\\\/?s={search_term_string}\"},\"query-input\":{\"@type\":\"PropertyValueSpecification\",\"valueRequired\":true,\"valueName\":\"search_term_string\"}}],\"inLanguage\":\"es\"},{\"@type\":\"Organization\",\"@id\":\"https:\\\/\\\/balufy.com\\\/es\\\/#organization\",\"name\":\"Balufy\",\"url\":\"https:\\\/\\\/balufy.com\\\/es\\\/\",\"logo\":{\"@type\":\"ImageObject\",\"inLanguage\":\"es\",\"@id\":\"https:\\\/\\\/balufy.com\\\/es\\\/#\\\/schema\\\/logo\\\/image\\\/\",\"url\":\"https:\\\/\\\/balufy.com\\\/wp-content\\\/uploads\\\/2022\\\/06\\\/LOGO_PNG.png\",\"contentUrl\":\"https:\\\/\\\/balufy.com\\\/wp-content\\\/uploads\\\/2022\\\/06\\\/LOGO_PNG.png\",\"width\":1366,\"height\":768,\"caption\":\"Balufy\"},\"image\":{\"@id\":\"https:\\\/\\\/balufy.com\\\/es\\\/#\\\/schema\\\/logo\\\/image\\\/\"},\"sameAs\":[\"https:\\\/\\\/www.facebook.com\\\/Balufy-102705001596047\",\"https:\\\/\\\/www.instagram.com\\\/balufy_oficial\\\/\"]}]}<\/script>\n<!-- \/ Yoast SEO plugin. -->","yoast_head_json":{"title":"Hotel Es Rac\u00f3 d\u00b4Art\u00e0 - Balufy - The taste of Experience","robots":{"index":"index","follow":"follow","max-snippet":"max-snippet:-1","max-image-preview":"max-image-preview:large","max-video-preview":"max-video-preview:-1"},"canonical":"https:\/\/balufy.com\/es\/producto\/hotel-es-raco-darta\/","og_locale":"es_ES","og_type":"article","og_title":"Hotel Es Rac\u00f3 d\u00b4Art\u00e0 - Balufy - The taste of Experience","og_description":"El Es Rac\u00f3 d94Art\u00e0 est\u00e1 situado en Art\u00e1 y dispone de restaurante, piscina al aire libre de temporada, bar y jard\u00edn. Ofrece habitaciones familiares y terraza. El alojamiento ofrece recepci\u00f3n 24 horas, servicio de enlace con el aeropuerto, servicio de habitaciones y conexi\u00f3n WiFi gratuita. Los alojamientos cuentan con aire acondicionado, TV de pantalla plana [&hellip;]","og_url":"https:\/\/balufy.com\/es\/producto\/hotel-es-raco-darta\/","og_site_name":"Balufy - The taste of Experience","article_publisher":"https:\/\/www.facebook.com\/Balufy-102705001596047","article_modified_time":"2025-04-02T14:58:40+00:00","twitter_card":"summary_large_image","twitter_misc":{"Tiempo de lectura":"1 minuto"},"schema":{"@context":"https:\/\/schema.org","@graph":[{"@type":"WebPage","@id":"https:\/\/balufy.com\/es\/producto\/hotel-es-raco-darta\/","url":"https:\/\/balufy.com\/es\/producto\/hotel-es-raco-darta\/","name":"Hotel Es Rac\u00f3 d\u00b4Art\u00e0 - Balufy - The taste of Experience","isPartOf":{"@id":"https:\/\/balufy.com\/es\/#website"},"datePublished":"2021-08-28T13:43:07+00:00","dateModified":"2025-04-02T14:58:40+00:00","breadcrumb":{"@id":"https:\/\/balufy.com\/es\/producto\/hotel-es-raco-darta\/#breadcrumb"},"inLanguage":"es","potentialAction":[{"@type":"ReadAction","target":["https:\/\/balufy.com\/es\/producto\/hotel-es-raco-darta\/"]}]},{"@type":"BreadcrumbList","@id":"https:\/\/balufy.com\/es\/producto\/hotel-es-raco-darta\/#breadcrumb","itemListElement":[{"@type":"ListItem","position":1,"name":"Portada","item":"https:\/\/balufy.com\/"},{"@type":"ListItem","position":2,"name":"Shop","item":"https:\/\/balufy.com\/es\/shop\/"},{"@type":"ListItem","position":3,"name":"Hotel Es Rac\u00f3 d\u00b4Art\u00e0"}]},{"@type":"WebSite","@id":"https:\/\/balufy.com\/es\/#website","url":"https:\/\/balufy.com\/es\/","name":"Balufy - Taste of experience","description":"Balufy","publisher":{"@id":"https:\/\/balufy.com\/es\/#organization"},"potentialAction":[{"@type":"SearchAction","target":{"@type":"EntryPoint","urlTemplate":"https:\/\/balufy.com\/es\/?s={search_term_string}"},"query-input":{"@type":"PropertyValueSpecification","valueRequired":true,"valueName":"search_term_string"}}],"inLanguage":"es"},{"@type":"Organization","@id":"https:\/\/balufy.com\/es\/#organization","name":"Balufy","url":"https:\/\/balufy.com\/es\/","logo":{"@type":"ImageObject","inLanguage":"es","@id":"https:\/\/balufy.com\/es\/#\/schema\/logo\/image\/","url":"https:\/\/balufy.com\/wp-content\/uploads\/2022\/06\/LOGO_PNG.png","contentUrl":"https:\/\/balufy.com\/wp-content\/uploads\/2022\/06\/LOGO_PNG.png","width":1366,"height":768,"caption":"Balufy"},"image":{"@id":"https:\/\/balufy.com\/es\/#\/schema\/logo\/image\/"},"sameAs":["https:\/\/www.facebook.com\/Balufy-102705001596047","https:\/\/www.instagram.com\/balufy_oficial\/"]}]}},"_links":{"self":[{"href":"https:\/\/balufy.com\/es\/wp-json\/wp\/v2\/product\/1544","targetHints":{"allow":["GET"]}}],"collection":[{"href":"https:\/\/balufy.com\/es\/wp-json\/wp\/v2\/product"}],"about":[{"href":"https:\/\/balufy.com\/es\/wp-json\/wp\/v2\/types\/product"}],"version-history":[{"count":0,"href":"https:\/\/balufy.com\/es\/wp-json\/wp\/v2\/product\/1544\/revisions"}],"wp:attachment":[{"href":"https:\/\/balufy.com\/es\/wp-json\/wp\/v2\/media?parent=1544"}],"wp:term":[{"taxonomy":"product_brand","embeddable":true,"href":"https:\/\/balufy.com\/es\/wp-json\/wp\/v2\/product_brand?post=1544"},{"taxonomy":"product_cat","embeddable":true,"href":"https:\/\/balufy.com\/es\/wp-json\/wp\/v2\/product_cat?post=1544"},{"taxonomy":"product_tag","embeddable":true,"href":"https:\/\/balufy.com\/es\/wp-json\/wp\/v2\/product_tag?post=1544"}],"curies":[{"name":"wp","href":"https:\/\/api.w.org\/{rel}","templated":true}]}}