{"id":1725,"date":"2021-08-31T08:46:12","date_gmt":"2021-08-31T06:46:12","guid":{"rendered":"https:\/\/alquileres.pulsoweb.es\/product\/princess-72\/"},"modified":"2022-09-23T14:52:23","modified_gmt":"2022-09-23T12:52:23","slug":"princess-72","status":"publish","type":"product","link":"https:\/\/balufy.com\/es\/producto\/princess-72\/","title":{"rendered":"Princess 72"},"content":{"rendered":"<p><strong>Las mejores vacaciones de tu vida comienzan aqu\u00ed &#8230;<\/strong><br \/>\nEstamos orgullosos de ofrecer nuestro <strong>Princess 72<\/strong> 2014 en alquiler desde la hermosa Cala d&#8217;or en Mallorca, \u00a1donde el sol siempre brilla!<\/p>\n<p>El barco cuenta con 4 camarotes y un camarote de tripulaci\u00f3n para nuestro patr\u00f3n y personal. El barco est\u00e1 equipado con lo \u00faltimo en electr\u00f3nica y tapicer\u00eda despu\u00e9s de haber sido reacondicionado a fines de 2018, incluidos los estabilizadores de aleta, el tender de Williams Sportjet 395 2018 y el Seabob 2018.<\/p>\n<p>El barco puede dormir c\u00f3modamente 8 y tiene espacio para 12 a bordo durante el d\u00eda. La combinaci\u00f3n de las hermosas y espaciosas terrazas, nuestro atento personal y el impresionante paisaje y el clima de Mallorca asegurar\u00e1n que usted y su familia tengan las mejores vacaciones de su vida.<\/p>\n<p>Diversi\u00f3n sin parar o relajaci\u00f3n impresionante, \u00a1t\u00fa eliges!<\/p>\n<p><strong>Especificaci\u00f3n<\/strong><br \/>\nLOA: 22,35 m \/ 73 pies 3 pulgadas<br \/>\nHaz: 5,49 m \/ 18 pies<br \/>\nCalado: 1,68 m \/ 5 pies 6 pulgadas<br \/>\nMotores: 2 x Caterpillar 1800Hp<br \/>\nVelocidad de crucero: 20 nudos<br \/>\nVelocidad m\u00e1xima: 34 nudos<br \/>\nExtras<\/p>\n<p>Estabilizaci\u00f3n de aletas Aire acondicionado<br \/>\nCocina profesional completa<br \/>\nTV en todas partes<br \/>\nPlataforma de ba\u00f1o alta \/ baja.<br \/>\nArco portugu\u00e9s<br \/>\nBimini<br \/>\nTumbonas fijas e independientes<br \/>\nLicitaciones y juguetes<br \/>\nWilliams Sportjet 395 licitaci\u00f3n<br \/>\nSeabob<br \/>\nEsn\u00f3rquel<br \/>\nPaddle surf<br \/>\nPesca a petici\u00f3n<br \/>\nBuceo a petici\u00f3n<\/p>\n<p><strong>Qu\u00e9 est\u00e1 incluido<\/strong> Atraque en Cala d&#8217;Or Mallorca Capit\u00e1n y tripulaci\u00f3n profesionales<\/p>\n<p><strong> Que no esta incluido<\/strong> Combustible-Bebidas alcoh\u00f3licas-Comidas-Cargas de atraque fuera de Cala d&#8217;Or<\/p>\n","protected":false},"excerpt":{"rendered":"<p>Las mejores vacaciones de tu vida comienzan aqu\u00ed &#8230; Estamos orgullosos de ofrecer nuestro Princess 72 2014 en alquiler desde la hermosa Cala d&#8217;or en Mallorca, \u00a1donde el sol siempre brilla! El barco cuenta con 4 camarotes y un camarote de tripulaci\u00f3n para nuestro patr\u00f3n y personal. El barco est\u00e1 equipado con lo \u00faltimo en [&hellip;]<\/p>\n","protected":false},"featured_media":0,"template":"","meta":[],"product_brand":[],"product_cat":[20],"product_tag":[],"class_list":{"0":"post-1725","1":"product","2":"type-product","3":"status-publish","5":"product_cat-listeo-booking","7":"first","8":"instock","9":"virtual","10":"sold-individually","11":"purchasable","12":"product-type-listing_booking"},"yoast_head":"<!-- This site is optimized with the Yoast SEO plugin v27.3 - https:\/\/yoast.com\/product\/yoast-seo-wordpress\/ -->\n<title>Princess 72 - Balufy - The taste of Experience<\/title>\n<meta name=\"robots\" content=\"index, follow, max-snippet:-1, max-image-preview:large, max-video-preview:-1\" \/>\n<link rel=\"canonical\" href=\"https:\/\/balufy.com\/es\/producto\/princess-72\/\" \/>\n<meta property=\"og:locale\" content=\"es_ES\" \/>\n<meta property=\"og:type\" content=\"article\" \/>\n<meta property=\"og:title\" content=\"Princess 72 - Balufy - The taste of Experience\" \/>\n<meta property=\"og:description\" content=\"Las mejores vacaciones de tu vida comienzan aqu\u00ed &#8230; Estamos orgullosos de ofrecer nuestro Princess 72 2014 en alquiler desde la hermosa Cala d&#8217;or en Mallorca, \u00a1donde el sol siempre brilla! El barco cuenta con 4 camarotes y un camarote de tripulaci\u00f3n para nuestro patr\u00f3n y personal. El barco est\u00e1 equipado con lo \u00faltimo en [&hellip;]\" \/>\n<meta property=\"og:url\" content=\"https:\/\/balufy.com\/es\/producto\/princess-72\/\" \/>\n<meta property=\"og:site_name\" content=\"Balufy - The taste of Experience\" \/>\n<meta property=\"article:publisher\" content=\"https:\/\/www.facebook.com\/Balufy-102705001596047\" \/>\n<meta property=\"article:modified_time\" content=\"2022-09-23T12:52:23+00:00\" \/>\n<meta name=\"twitter:card\" content=\"summary_large_image\" \/>\n<meta name=\"twitter:label1\" content=\"Tiempo de lectura\" \/>\n\t<meta name=\"twitter:data1\" content=\"1 minuto\" \/>\n<script type=\"application\/ld+json\" class=\"yoast-schema-graph\">{\"@context\":\"https:\\\/\\\/schema.org\",\"@graph\":[{\"@type\":\"WebPage\",\"@id\":\"https:\\\/\\\/balufy.com\\\/de\\\/produkt\\\/prinzessin-72\\\/\",\"url\":\"https:\\\/\\\/balufy.com\\\/de\\\/produkt\\\/prinzessin-72\\\/\",\"name\":\"Princess 72 - Balufy - The taste of Experience\",\"isPartOf\":{\"@id\":\"https:\\\/\\\/balufy.com\\\/es\\\/#website\"},\"datePublished\":\"2021-08-31T06:46:12+00:00\",\"dateModified\":\"2022-09-23T12:52:23+00:00\",\"breadcrumb\":{\"@id\":\"https:\\\/\\\/balufy.com\\\/de\\\/produkt\\\/prinzessin-72\\\/#breadcrumb\"},\"inLanguage\":\"es\",\"potentialAction\":[{\"@type\":\"ReadAction\",\"target\":[\"https:\\\/\\\/balufy.com\\\/de\\\/produkt\\\/prinzessin-72\\\/\"]}]},{\"@type\":\"BreadcrumbList\",\"@id\":\"https:\\\/\\\/balufy.com\\\/de\\\/produkt\\\/prinzessin-72\\\/#breadcrumb\",\"itemListElement\":[{\"@type\":\"ListItem\",\"position\":1,\"name\":\"Portada\",\"item\":\"https:\\\/\\\/balufy.com\\\/\"},{\"@type\":\"ListItem\",\"position\":2,\"name\":\"Shop\",\"item\":\"https:\\\/\\\/balufy.com\\\/es\\\/shop\\\/\"},{\"@type\":\"ListItem\",\"position\":3,\"name\":\"Princess 72\"}]},{\"@type\":\"WebSite\",\"@id\":\"https:\\\/\\\/balufy.com\\\/es\\\/#website\",\"url\":\"https:\\\/\\\/balufy.com\\\/es\\\/\",\"name\":\"Balufy - Taste of experience\",\"description\":\"Balufy\",\"publisher\":{\"@id\":\"https:\\\/\\\/balufy.com\\\/es\\\/#organization\"},\"potentialAction\":[{\"@type\":\"SearchAction\",\"target\":{\"@type\":\"EntryPoint\",\"urlTemplate\":\"https:\\\/\\\/balufy.com\\\/es\\\/?s={search_term_string}\"},\"query-input\":{\"@type\":\"PropertyValueSpecification\",\"valueRequired\":true,\"valueName\":\"search_term_string\"}}],\"inLanguage\":\"es\"},{\"@type\":\"Organization\",\"@id\":\"https:\\\/\\\/balufy.com\\\/es\\\/#organization\",\"name\":\"Balufy\",\"url\":\"https:\\\/\\\/balufy.com\\\/es\\\/\",\"logo\":{\"@type\":\"ImageObject\",\"inLanguage\":\"es\",\"@id\":\"https:\\\/\\\/balufy.com\\\/es\\\/#\\\/schema\\\/logo\\\/image\\\/\",\"url\":\"https:\\\/\\\/balufy.com\\\/wp-content\\\/uploads\\\/2022\\\/06\\\/LOGO_PNG.png\",\"contentUrl\":\"https:\\\/\\\/balufy.com\\\/wp-content\\\/uploads\\\/2022\\\/06\\\/LOGO_PNG.png\",\"width\":1366,\"height\":768,\"caption\":\"Balufy\"},\"image\":{\"@id\":\"https:\\\/\\\/balufy.com\\\/es\\\/#\\\/schema\\\/logo\\\/image\\\/\"},\"sameAs\":[\"https:\\\/\\\/www.facebook.com\\\/Balufy-102705001596047\",\"https:\\\/\\\/www.instagram.com\\\/balufy_oficial\\\/\"]}]}<\/script>\n<!-- \/ Yoast SEO plugin. -->","yoast_head_json":{"title":"Princess 72 - Balufy - The taste of Experience","robots":{"index":"index","follow":"follow","max-snippet":"max-snippet:-1","max-image-preview":"max-image-preview:large","max-video-preview":"max-video-preview:-1"},"canonical":"https:\/\/balufy.com\/es\/producto\/princess-72\/","og_locale":"es_ES","og_type":"article","og_title":"Princess 72 - Balufy - The taste of Experience","og_description":"Las mejores vacaciones de tu vida comienzan aqu\u00ed &#8230; Estamos orgullosos de ofrecer nuestro Princess 72 2014 en alquiler desde la hermosa Cala d&#8217;or en Mallorca, \u00a1donde el sol siempre brilla! El barco cuenta con 4 camarotes y un camarote de tripulaci\u00f3n para nuestro patr\u00f3n y personal. El barco est\u00e1 equipado con lo \u00faltimo en [&hellip;]","og_url":"https:\/\/balufy.com\/es\/producto\/princess-72\/","og_site_name":"Balufy - The taste of Experience","article_publisher":"https:\/\/www.facebook.com\/Balufy-102705001596047","article_modified_time":"2022-09-23T12:52:23+00:00","twitter_card":"summary_large_image","twitter_misc":{"Tiempo de lectura":"1 minuto"},"schema":{"@context":"https:\/\/schema.org","@graph":[{"@type":"WebPage","@id":"https:\/\/balufy.com\/de\/produkt\/prinzessin-72\/","url":"https:\/\/balufy.com\/de\/produkt\/prinzessin-72\/","name":"Princess 72 - Balufy - The taste of Experience","isPartOf":{"@id":"https:\/\/balufy.com\/es\/#website"},"datePublished":"2021-08-31T06:46:12+00:00","dateModified":"2022-09-23T12:52:23+00:00","breadcrumb":{"@id":"https:\/\/balufy.com\/de\/produkt\/prinzessin-72\/#breadcrumb"},"inLanguage":"es","potentialAction":[{"@type":"ReadAction","target":["https:\/\/balufy.com\/de\/produkt\/prinzessin-72\/"]}]},{"@type":"BreadcrumbList","@id":"https:\/\/balufy.com\/de\/produkt\/prinzessin-72\/#breadcrumb","itemListElement":[{"@type":"ListItem","position":1,"name":"Portada","item":"https:\/\/balufy.com\/"},{"@type":"ListItem","position":2,"name":"Shop","item":"https:\/\/balufy.com\/es\/shop\/"},{"@type":"ListItem","position":3,"name":"Princess 72"}]},{"@type":"WebSite","@id":"https:\/\/balufy.com\/es\/#website","url":"https:\/\/balufy.com\/es\/","name":"Balufy - Taste of experience","description":"Balufy","publisher":{"@id":"https:\/\/balufy.com\/es\/#organization"},"potentialAction":[{"@type":"SearchAction","target":{"@type":"EntryPoint","urlTemplate":"https:\/\/balufy.com\/es\/?s={search_term_string}"},"query-input":{"@type":"PropertyValueSpecification","valueRequired":true,"valueName":"search_term_string"}}],"inLanguage":"es"},{"@type":"Organization","@id":"https:\/\/balufy.com\/es\/#organization","name":"Balufy","url":"https:\/\/balufy.com\/es\/","logo":{"@type":"ImageObject","inLanguage":"es","@id":"https:\/\/balufy.com\/es\/#\/schema\/logo\/image\/","url":"https:\/\/balufy.com\/wp-content\/uploads\/2022\/06\/LOGO_PNG.png","contentUrl":"https:\/\/balufy.com\/wp-content\/uploads\/2022\/06\/LOGO_PNG.png","width":1366,"height":768,"caption":"Balufy"},"image":{"@id":"https:\/\/balufy.com\/es\/#\/schema\/logo\/image\/"},"sameAs":["https:\/\/www.facebook.com\/Balufy-102705001596047","https:\/\/www.instagram.com\/balufy_oficial\/"]}]}},"_links":{"self":[{"href":"https:\/\/balufy.com\/es\/wp-json\/wp\/v2\/product\/1725","targetHints":{"allow":["GET"]}}],"collection":[{"href":"https:\/\/balufy.com\/es\/wp-json\/wp\/v2\/product"}],"about":[{"href":"https:\/\/balufy.com\/es\/wp-json\/wp\/v2\/types\/product"}],"version-history":[{"count":0,"href":"https:\/\/balufy.com\/es\/wp-json\/wp\/v2\/product\/1725\/revisions"}],"wp:attachment":[{"href":"https:\/\/balufy.com\/es\/wp-json\/wp\/v2\/media?parent=1725"}],"wp:term":[{"taxonomy":"product_brand","embeddable":true,"href":"https:\/\/balufy.com\/es\/wp-json\/wp\/v2\/product_brand?post=1725"},{"taxonomy":"product_cat","embeddable":true,"href":"https:\/\/balufy.com\/es\/wp-json\/wp\/v2\/product_cat?post=1725"},{"taxonomy":"product_tag","embeddable":true,"href":"https:\/\/balufy.com\/es\/wp-json\/wp\/v2\/product_tag?post=1725"}],"curies":[{"name":"wp","href":"https:\/\/api.w.org\/{rel}","templated":true}]}}