{"id":1756,"date":"2021-08-31T09:35:14","date_gmt":"2021-08-31T07:35:14","guid":{"rendered":"https:\/\/alquileres.pulsoweb.es\/product\/princess-88\/"},"modified":"2022-09-23T14:57:56","modified_gmt":"2022-09-23T12:57:56","slug":"princess-88","status":"publish","type":"product","link":"https:\/\/balufy.com\/es\/producto\/princess-88\/","title":{"rendered":"PRINCESS 88"},"content":{"rendered":"<p><strong>\u00bfPodr\u00edan ser estas las mejores vacaciones de tu vida?<\/strong><br \/>\nEstamos encantados de ofrecer J4, <strong>Princess 88<\/strong> en alquiler, desde la hermosa capital de Mallorca, Palma.<\/p>\n<p>El barco cuenta con 4 cabinas y una cabina de tripulaci\u00f3n para nuestro patr\u00f3n y tripulaci\u00f3n.<\/p>\n<p>Las espaciosas \u00e1reas de la cubierta brindan a los hu\u00e9spedes un espacio para relajarse y tomar el sol.<\/p>\n<p>El barco puede dormir c\u00f3modamente 8 y tiene espacio para 12 a bordo durante el d\u00eda. Para los entusiastas de los deportes acu\u00e1ticos, hay una gama completa de juguetes que incluyen un Seabob y atracciones inflables.<\/p>\n<p>Terrazas maravillosamente espaciosas, paisajes deslumbrantes y el clima de Mallorca, reunidos por nuestro atento equipo, le brindan los medios para disfrutar de las mejores vacaciones de su vida.<\/p>\n<p>Dir\u00edgete a la diversi\u00f3n sin parar o rel\u00e1jate y toma el sol. Todo lo que tiene que hacer es elegir.<\/p>\n<p><strong>Sumario r\u00e1pido<\/strong><br \/>\nBarco: Princess 88 2015<br \/>\nEstabilizaci\u00f3n: Aleta<br \/>\nSede: Palma, Mallorca<br \/>\nCabinas: 4 + Tripulaci\u00f3n<br \/>\nPersonas por d\u00eda \/ noche: 12\/8<br \/>\nDuchas \/ Aseo: 4\/4<br \/>\nPrecio: 49.000 \u20ac IVA incluido por semana<\/p>\n<p><strong>Especificaci\u00f3n<\/strong><br \/>\nLOA: 27 m \/ 88 pies 7 pulgadas<br \/>\nHaz: 6,3 m \/ 20 pies 9 pulgadas<br \/>\nCalado: 1,78 m \/ 5 pies 10 pulgadas<br \/>\nMotores: 2 x MTU M94 (2 x 1948 hp cada uno)<br \/>\nVelocidad de crucero: 20 nudos<br \/>\nVelocidad m\u00e1xima: 27 nudos<br \/>\nExtras<\/p>\n<p>Estabilizaci\u00f3n de aletas &#8211; Trac @ anchor y en marcha<br \/>\nBalc\u00f3n en sal\u00f3n<br \/>\nAire acondicionado en todas partes<br \/>\nCocina profesional completa<br \/>\nTV en todas partes<br \/>\nFlybridge colocado en teca<br \/>\nMesa de comedor al aire libre con un sof\u00e1 en forma de U<br \/>\n\u00c1rea para tomar el sol<br \/>\nBarbacoa y barra h\u00fameda a la sombra de la capota r\u00edgida con toldo Bimini accionado hidr\u00e1ulicamente.<\/p>\n<p><strong>Licitaciones y juguetes<\/strong><br \/>\nNuevo Williams 460 Sport Jet<br \/>\n2 x Seabob<br \/>\nJetboard el\u00e9ctrico<\/p>\n<p><strong>Qu\u00e9 est\u00e1 incluido<\/strong><br \/>\nAtraque en Moll Valls Mallorca<br \/>\nCapit\u00e1n y tripulaci\u00f3n profesionales<\/p>\n<p><strong>Que no esta incluido<\/strong><br \/>\nCombustible<br \/>\nComidas y bebidas<br \/>\nCargos de atraque fuera de Palma<\/p>\n","protected":false},"excerpt":{"rendered":"<p>\u00bfPodr\u00edan ser estas las mejores vacaciones de tu vida? Estamos encantados de ofrecer J4, Princess 88 en alquiler, desde la hermosa capital de Mallorca, Palma. El barco cuenta con 4 cabinas y una cabina de tripulaci\u00f3n para nuestro patr\u00f3n y tripulaci\u00f3n. Las espaciosas \u00e1reas de la cubierta brindan a los hu\u00e9spedes un espacio para relajarse [&hellip;]<\/p>\n","protected":false},"featured_media":0,"template":"","meta":[],"product_brand":[],"product_cat":[20],"product_tag":[],"class_list":{"0":"post-1756","1":"product","2":"type-product","3":"status-publish","5":"product_cat-listeo-booking","7":"first","8":"instock","9":"virtual","10":"sold-individually","11":"purchasable","12":"product-type-listing_booking"},"yoast_head":"<!-- This site is optimized with the Yoast SEO plugin v27.3 - https:\/\/yoast.com\/product\/yoast-seo-wordpress\/ -->\n<title>PRINCESS 88 - Balufy - The taste of Experience<\/title>\n<meta name=\"robots\" content=\"index, follow, max-snippet:-1, max-image-preview:large, max-video-preview:-1\" \/>\n<link rel=\"canonical\" href=\"https:\/\/balufy.com\/es\/producto\/princess-88\/\" \/>\n<meta property=\"og:locale\" content=\"es_ES\" \/>\n<meta property=\"og:type\" content=\"article\" \/>\n<meta property=\"og:title\" content=\"PRINCESS 88 - Balufy - The taste of Experience\" \/>\n<meta property=\"og:description\" content=\"\u00bfPodr\u00edan ser estas las mejores vacaciones de tu vida? Estamos encantados de ofrecer J4, Princess 88 en alquiler, desde la hermosa capital de Mallorca, Palma. El barco cuenta con 4 cabinas y una cabina de tripulaci\u00f3n para nuestro patr\u00f3n y tripulaci\u00f3n. Las espaciosas \u00e1reas de la cubierta brindan a los hu\u00e9spedes un espacio para relajarse [&hellip;]\" \/>\n<meta property=\"og:url\" content=\"https:\/\/balufy.com\/es\/producto\/princess-88\/\" \/>\n<meta property=\"og:site_name\" content=\"Balufy - The taste of Experience\" \/>\n<meta property=\"article:publisher\" content=\"https:\/\/www.facebook.com\/Balufy-102705001596047\" \/>\n<meta property=\"article:modified_time\" content=\"2022-09-23T12:57:56+00:00\" \/>\n<meta name=\"twitter:card\" content=\"summary_large_image\" \/>\n<meta name=\"twitter:label1\" content=\"Tiempo de lectura\" \/>\n\t<meta name=\"twitter:data1\" content=\"2 minutos\" \/>\n<script type=\"application\/ld+json\" class=\"yoast-schema-graph\">{\"@context\":\"https:\\\/\\\/schema.org\",\"@graph\":[{\"@type\":\"WebPage\",\"@id\":\"https:\\\/\\\/balufy.com\\\/es\\\/producto\\\/princess-88\\\/\",\"url\":\"https:\\\/\\\/balufy.com\\\/es\\\/producto\\\/princess-88\\\/\",\"name\":\"PRINCESS 88 - Balufy - The taste of Experience\",\"isPartOf\":{\"@id\":\"https:\\\/\\\/balufy.com\\\/es\\\/#website\"},\"datePublished\":\"2021-08-31T07:35:14+00:00\",\"dateModified\":\"2022-09-23T12:57:56+00:00\",\"breadcrumb\":{\"@id\":\"https:\\\/\\\/balufy.com\\\/es\\\/producto\\\/princess-88\\\/#breadcrumb\"},\"inLanguage\":\"es\",\"potentialAction\":[{\"@type\":\"ReadAction\",\"target\":[\"https:\\\/\\\/balufy.com\\\/es\\\/producto\\\/princess-88\\\/\"]}]},{\"@type\":\"BreadcrumbList\",\"@id\":\"https:\\\/\\\/balufy.com\\\/es\\\/producto\\\/princess-88\\\/#breadcrumb\",\"itemListElement\":[{\"@type\":\"ListItem\",\"position\":1,\"name\":\"Portada\",\"item\":\"https:\\\/\\\/balufy.com\\\/\"},{\"@type\":\"ListItem\",\"position\":2,\"name\":\"Shop\",\"item\":\"https:\\\/\\\/balufy.com\\\/es\\\/shop\\\/\"},{\"@type\":\"ListItem\",\"position\":3,\"name\":\"PRINCESS 88\"}]},{\"@type\":\"WebSite\",\"@id\":\"https:\\\/\\\/balufy.com\\\/es\\\/#website\",\"url\":\"https:\\\/\\\/balufy.com\\\/es\\\/\",\"name\":\"Balufy - Taste of experience\",\"description\":\"Balufy\",\"publisher\":{\"@id\":\"https:\\\/\\\/balufy.com\\\/es\\\/#organization\"},\"potentialAction\":[{\"@type\":\"SearchAction\",\"target\":{\"@type\":\"EntryPoint\",\"urlTemplate\":\"https:\\\/\\\/balufy.com\\\/es\\\/?s={search_term_string}\"},\"query-input\":{\"@type\":\"PropertyValueSpecification\",\"valueRequired\":true,\"valueName\":\"search_term_string\"}}],\"inLanguage\":\"es\"},{\"@type\":\"Organization\",\"@id\":\"https:\\\/\\\/balufy.com\\\/es\\\/#organization\",\"name\":\"Balufy\",\"url\":\"https:\\\/\\\/balufy.com\\\/es\\\/\",\"logo\":{\"@type\":\"ImageObject\",\"inLanguage\":\"es\",\"@id\":\"https:\\\/\\\/balufy.com\\\/es\\\/#\\\/schema\\\/logo\\\/image\\\/\",\"url\":\"https:\\\/\\\/balufy.com\\\/wp-content\\\/uploads\\\/2022\\\/06\\\/LOGO_PNG.png\",\"contentUrl\":\"https:\\\/\\\/balufy.com\\\/wp-content\\\/uploads\\\/2022\\\/06\\\/LOGO_PNG.png\",\"width\":1366,\"height\":768,\"caption\":\"Balufy\"},\"image\":{\"@id\":\"https:\\\/\\\/balufy.com\\\/es\\\/#\\\/schema\\\/logo\\\/image\\\/\"},\"sameAs\":[\"https:\\\/\\\/www.facebook.com\\\/Balufy-102705001596047\",\"https:\\\/\\\/www.instagram.com\\\/balufy_oficial\\\/\"]}]}<\/script>\n<!-- \/ Yoast SEO plugin. -->","yoast_head_json":{"title":"PRINCESS 88 - Balufy - The taste of Experience","robots":{"index":"index","follow":"follow","max-snippet":"max-snippet:-1","max-image-preview":"max-image-preview:large","max-video-preview":"max-video-preview:-1"},"canonical":"https:\/\/balufy.com\/es\/producto\/princess-88\/","og_locale":"es_ES","og_type":"article","og_title":"PRINCESS 88 - Balufy - The taste of Experience","og_description":"\u00bfPodr\u00edan ser estas las mejores vacaciones de tu vida? Estamos encantados de ofrecer J4, Princess 88 en alquiler, desde la hermosa capital de Mallorca, Palma. El barco cuenta con 4 cabinas y una cabina de tripulaci\u00f3n para nuestro patr\u00f3n y tripulaci\u00f3n. Las espaciosas \u00e1reas de la cubierta brindan a los hu\u00e9spedes un espacio para relajarse [&hellip;]","og_url":"https:\/\/balufy.com\/es\/producto\/princess-88\/","og_site_name":"Balufy - The taste of Experience","article_publisher":"https:\/\/www.facebook.com\/Balufy-102705001596047","article_modified_time":"2022-09-23T12:57:56+00:00","twitter_card":"summary_large_image","twitter_misc":{"Tiempo de lectura":"2 minutos"},"schema":{"@context":"https:\/\/schema.org","@graph":[{"@type":"WebPage","@id":"https:\/\/balufy.com\/es\/producto\/princess-88\/","url":"https:\/\/balufy.com\/es\/producto\/princess-88\/","name":"PRINCESS 88 - Balufy - The taste of Experience","isPartOf":{"@id":"https:\/\/balufy.com\/es\/#website"},"datePublished":"2021-08-31T07:35:14+00:00","dateModified":"2022-09-23T12:57:56+00:00","breadcrumb":{"@id":"https:\/\/balufy.com\/es\/producto\/princess-88\/#breadcrumb"},"inLanguage":"es","potentialAction":[{"@type":"ReadAction","target":["https:\/\/balufy.com\/es\/producto\/princess-88\/"]}]},{"@type":"BreadcrumbList","@id":"https:\/\/balufy.com\/es\/producto\/princess-88\/#breadcrumb","itemListElement":[{"@type":"ListItem","position":1,"name":"Portada","item":"https:\/\/balufy.com\/"},{"@type":"ListItem","position":2,"name":"Shop","item":"https:\/\/balufy.com\/es\/shop\/"},{"@type":"ListItem","position":3,"name":"PRINCESS 88"}]},{"@type":"WebSite","@id":"https:\/\/balufy.com\/es\/#website","url":"https:\/\/balufy.com\/es\/","name":"Balufy - Taste of experience","description":"Balufy","publisher":{"@id":"https:\/\/balufy.com\/es\/#organization"},"potentialAction":[{"@type":"SearchAction","target":{"@type":"EntryPoint","urlTemplate":"https:\/\/balufy.com\/es\/?s={search_term_string}"},"query-input":{"@type":"PropertyValueSpecification","valueRequired":true,"valueName":"search_term_string"}}],"inLanguage":"es"},{"@type":"Organization","@id":"https:\/\/balufy.com\/es\/#organization","name":"Balufy","url":"https:\/\/balufy.com\/es\/","logo":{"@type":"ImageObject","inLanguage":"es","@id":"https:\/\/balufy.com\/es\/#\/schema\/logo\/image\/","url":"https:\/\/balufy.com\/wp-content\/uploads\/2022\/06\/LOGO_PNG.png","contentUrl":"https:\/\/balufy.com\/wp-content\/uploads\/2022\/06\/LOGO_PNG.png","width":1366,"height":768,"caption":"Balufy"},"image":{"@id":"https:\/\/balufy.com\/es\/#\/schema\/logo\/image\/"},"sameAs":["https:\/\/www.facebook.com\/Balufy-102705001596047","https:\/\/www.instagram.com\/balufy_oficial\/"]}]}},"_links":{"self":[{"href":"https:\/\/balufy.com\/es\/wp-json\/wp\/v2\/product\/1756","targetHints":{"allow":["GET"]}}],"collection":[{"href":"https:\/\/balufy.com\/es\/wp-json\/wp\/v2\/product"}],"about":[{"href":"https:\/\/balufy.com\/es\/wp-json\/wp\/v2\/types\/product"}],"version-history":[{"count":0,"href":"https:\/\/balufy.com\/es\/wp-json\/wp\/v2\/product\/1756\/revisions"}],"wp:attachment":[{"href":"https:\/\/balufy.com\/es\/wp-json\/wp\/v2\/media?parent=1756"}],"wp:term":[{"taxonomy":"product_brand","embeddable":true,"href":"https:\/\/balufy.com\/es\/wp-json\/wp\/v2\/product_brand?post=1756"},{"taxonomy":"product_cat","embeddable":true,"href":"https:\/\/balufy.com\/es\/wp-json\/wp\/v2\/product_cat?post=1756"},{"taxonomy":"product_tag","embeddable":true,"href":"https:\/\/balufy.com\/es\/wp-json\/wp\/v2\/product_tag?post=1756"}],"curies":[{"name":"wp","href":"https:\/\/api.w.org\/{rel}","templated":true}]}}