{"id":1871,"date":"2021-08-31T10:04:06","date_gmt":"2021-08-31T08:04:06","guid":{"rendered":"https:\/\/alquileres.pulsoweb.es\/product\/villa-marvelo-pollensa\/"},"modified":"2025-07-01T16:15:05","modified_gmt":"2025-07-01T14:15:05","slug":"villa-marvelo-pollensa","status":"publish","type":"product","link":"https:\/\/balufy.com\/es\/producto\/villa-marvelo-pollensa\/","title":{"rendered":"villa Marvelo Pollensa"},"content":{"rendered":"<p>Esta impresionante villa reci\u00e9n construida es una de las propiedades de alquiler de lujo m\u00e1s destacadas del norte de Mallorca.<\/p>\n<p>De dise\u00f1o fresco, chic y contempor\u00e1neo y construida con los mejores materiales disponibles.<\/p>\n<p>Situado en una suave ladera con vistas al mar, los grandes ventanales permiten que la suave luz mediterr\u00e1nea inunde el interior, creando un ambiente relajante.<\/p>\n<p>Con tres pisos, la propiedad tiene capacidad para 15 personas en condiciones de lujo.<\/p>\n<p>Al estar situada en una ladera aterrazada, la entrada a Villa Marvelo se encuentra en el \u00faltimo piso, al igual que un gran dormitorio doble con ba\u00f1o y armario vestidor. Salga a la gran terraza y disfrute de una brillante vista de toda la bah\u00eda.<\/p>\n<p>En esta planta superior tambi\u00e9n hay un garaje doble (cubierto) y una tienda de bicicletas con una litera, por si los ciclistas en ciernes desean explorar las hermosas monta\u00f1as de Tramuntana.<\/p>\n<p>Baje las escaleras (o use el ascensor) hasta el segundo nivel y encontrar\u00e1 una magn\u00edfica suite principal con un dormitorio doble en suite con acceso a una amplia terraza, un dormitorio separado en suite con una cama doble (configurable como 2 individuales) y una cama individual, otro dormitorio doble en suite y un dormitorio con 3 literas.<\/p>\n<p>La impresionante zona de estar en la planta baja comprende un amplio y c\u00f3modo sal\u00f3n\/comedor que conduce, a trav\u00e9s de la fachada de cristal, a la enorme terraza cubierta. Perfecto para relajarse con la familia y los amigos&#8230;<\/p>\n<p>La gran y moderna cocina de dise\u00f1o de Bulthaup\/Gaggenau tambi\u00e9n se encuentra en este nivel: el lugar ideal para una comida con la familia y los amigos. Tambi\u00e9n hay una sala de cine privada (adem\u00e1s de un sof\u00e1 cama para los hu\u00e9spedes) para a\u00f1adir el disfrute de sus vacaciones.<\/p>\n<p>No hace falta decir que Villa Marvelo dispone de aire acondicionado fr\u00edo-calor y calefacci\u00f3n por suelo radiante para su m\u00e1ximo confort. Tambi\u00e9n hay WiFi en todas partes, adem\u00e1s de televisi\u00f3n por sat\u00e9lite que le permitir\u00e1 ponerse al d\u00eda con sus programas favoritos. Tambi\u00e9n puede retar a sus amigos o familiares a una partida de ping pong.<\/p>\n<p>Y luego est\u00e1 la piscina privada climatizada (sin cargo adicional, pero no disponible entre noviembre y marzo) y la terraza. Tambi\u00e9n est\u00e1 en el lado grande, (17m x 5m x 1.7m aproximadamente) con una entrada escalonada para un f\u00e1cil acceso. Qu\u00e9 mejor lugar para disfrutar de un refrescante chapuz\u00f3n matutino o simplemente para refrescarse del caliente sol mediterr\u00e1neo.<\/p>\n<p>Las vistas desde aqu\u00ed son encantadoras y tienes el uso de las lujosas tumbonas junto a la piscina. El jard\u00edn que lo rodea est\u00e1 lleno de hermosas flores y arbustos.<\/p>\n<p>Estar situado en la zona de Puerto Pollensa en el norte de Mallorca significa que tienes las mejores instalaciones virtualmente a tu puerta. Hay campos de golf, hermosas playas de arena, poco profundas y aguas cristalinas ideales para deportes acu\u00e1ticos.<\/p>\n<p>Seguramente disfrutar\u00e1 cenando en uno de los muchos y espl\u00e9ndidos restaurantes del resort situados a lo largo del paseo mar\u00edtimo. O quiz\u00e1s una visita a la encantadora ciudad vieja de Pollensa, con su encantadora cultura y exquisita arquitectura, estar\u00e1 en su lista de cosas para hacer.<\/p>\n<p>En definitiva, Villa Marvelo le ofrece unas fabulosas vacaciones familiares mallorquinas en un entorno de lujo. Un lugar donde podr\u00e1 hacer lo que quiera, cuando quiera, sin preocupaciones.<\/p>\n<p>Por favor, tenga en cuenta:<\/p>\n<p>&#8211; se cobrar\u00e1 una tasa de reserva de 70 euros por cada reserva<\/p>\n<p>&#8211; al hacer la reserva se pagar\u00e1 el impuesto ecol\u00f3gico de las Baleares de 2,20 euros por noche y por persona<\/p>\n<p>&#8211; un dep\u00f3sito reembolsable por rotura, cuyo importe est\u00e1 relacionado con la propiedad, tambi\u00e9n se requerir\u00e1 al reservar<\/p>\n<p>&#8211; Calefacci\u00f3n de la piscina: si est\u00e1 disponible en la propiedad deseada, por favor cont\u00e1ctenos para m\u00e1s detalles<\/p>\n<p>Mascota permitida:\u00a0no<br \/>\nPermitido fumar:\u00a0no<br \/>\nOtros:\u00a0Grupos de j\u00f3venes no permitidos<br \/>\nN\u00famero de licencia:\u00a0ETV\/10159<\/p>\n<p>Una vez que haya finalizado su reserva de alojamiento, puede reservar una amplia gama de servicios premium personalizados para mejorar su estad\u00eda, como:<\/p>\n<p>Transporte aeropuerto<\/p>\n<p>Staff in-house<\/p>\n<p>Entrega de viveres a domicilio<\/p>\n<p>Chef in-house y catering<\/p>\n<p>Helic\u00f3ptero, jets, yates privados<\/p>\n<p>Tour privado guiado<\/p>\n<p>Entrenadores personales<\/p>\n<p>Terapeutas de belleza y bienestar<\/p>\n","protected":false},"excerpt":{"rendered":"<p>Esta impresionante villa reci\u00e9n construida es una de las propiedades de alquiler de lujo m\u00e1s destacadas del norte de Mallorca. De dise\u00f1o fresco, chic y contempor\u00e1neo y construida con los mejores materiales disponibles. Situado en una suave ladera con vistas al mar, los grandes ventanales permiten que la suave luz mediterr\u00e1nea inunde el interior, creando [&hellip;]<\/p>\n","protected":false},"featured_media":0,"template":"","meta":[],"product_brand":[],"product_cat":[20],"product_tag":[],"class_list":{"0":"post-1871","1":"product","2":"type-product","3":"status-publish","5":"product_cat-listeo-booking","7":"first","8":"instock","9":"virtual","10":"sold-individually","11":"purchasable","12":"product-type-listing_booking"},"yoast_head":"<!-- This site is optimized with the Yoast SEO plugin v27.3 - https:\/\/yoast.com\/product\/yoast-seo-wordpress\/ -->\n<title>villa Marvelo Pollensa - Balufy - The taste of Experience<\/title>\n<meta name=\"robots\" content=\"index, follow, max-snippet:-1, max-image-preview:large, max-video-preview:-1\" \/>\n<link rel=\"canonical\" href=\"https:\/\/balufy.com\/es\/producto\/villa-marvelo-pollensa\/\" \/>\n<meta property=\"og:locale\" content=\"es_ES\" \/>\n<meta property=\"og:type\" content=\"article\" \/>\n<meta property=\"og:title\" content=\"villa Marvelo Pollensa - Balufy - The taste of Experience\" \/>\n<meta property=\"og:description\" content=\"Esta impresionante villa reci\u00e9n construida es una de las propiedades de alquiler de lujo m\u00e1s destacadas del norte de Mallorca. De dise\u00f1o fresco, chic y contempor\u00e1neo y construida con los mejores materiales disponibles. Situado en una suave ladera con vistas al mar, los grandes ventanales permiten que la suave luz mediterr\u00e1nea inunde el interior, creando [&hellip;]\" \/>\n<meta property=\"og:url\" content=\"https:\/\/balufy.com\/es\/producto\/villa-marvelo-pollensa\/\" \/>\n<meta property=\"og:site_name\" content=\"Balufy - The taste of Experience\" \/>\n<meta property=\"article:publisher\" content=\"https:\/\/www.facebook.com\/Balufy-102705001596047\" \/>\n<meta property=\"article:modified_time\" content=\"2025-07-01T14:15:05+00:00\" \/>\n<meta name=\"twitter:card\" content=\"summary_large_image\" \/>\n<meta name=\"twitter:label1\" content=\"Tiempo de lectura\" \/>\n\t<meta name=\"twitter:data1\" content=\"4 minutos\" \/>\n<script type=\"application\/ld+json\" class=\"yoast-schema-graph\">{\"@context\":\"https:\\\/\\\/schema.org\",\"@graph\":[{\"@type\":\"WebPage\",\"@id\":\"https:\\\/\\\/balufy.com\\\/en\\\/product\\\/villa-marvelo-pollensa\\\/\",\"url\":\"https:\\\/\\\/balufy.com\\\/en\\\/product\\\/villa-marvelo-pollensa\\\/\",\"name\":\"villa Marvelo Pollensa - Balufy - The taste of Experience\",\"isPartOf\":{\"@id\":\"https:\\\/\\\/balufy.com\\\/es\\\/#website\"},\"datePublished\":\"2021-08-31T08:04:06+00:00\",\"dateModified\":\"2025-07-01T14:15:05+00:00\",\"breadcrumb\":{\"@id\":\"https:\\\/\\\/balufy.com\\\/en\\\/product\\\/villa-marvelo-pollensa\\\/#breadcrumb\"},\"inLanguage\":\"es\",\"potentialAction\":[{\"@type\":\"ReadAction\",\"target\":[\"https:\\\/\\\/balufy.com\\\/en\\\/product\\\/villa-marvelo-pollensa\\\/\"]}]},{\"@type\":\"BreadcrumbList\",\"@id\":\"https:\\\/\\\/balufy.com\\\/en\\\/product\\\/villa-marvelo-pollensa\\\/#breadcrumb\",\"itemListElement\":[{\"@type\":\"ListItem\",\"position\":1,\"name\":\"Portada\",\"item\":\"https:\\\/\\\/balufy.com\\\/\"},{\"@type\":\"ListItem\",\"position\":2,\"name\":\"Shop\",\"item\":\"https:\\\/\\\/balufy.com\\\/es\\\/shop\\\/\"},{\"@type\":\"ListItem\",\"position\":3,\"name\":\"villa Marvelo Pollensa\"}]},{\"@type\":\"WebSite\",\"@id\":\"https:\\\/\\\/balufy.com\\\/es\\\/#website\",\"url\":\"https:\\\/\\\/balufy.com\\\/es\\\/\",\"name\":\"Balufy - Taste of experience\",\"description\":\"Balufy\",\"publisher\":{\"@id\":\"https:\\\/\\\/balufy.com\\\/es\\\/#organization\"},\"potentialAction\":[{\"@type\":\"SearchAction\",\"target\":{\"@type\":\"EntryPoint\",\"urlTemplate\":\"https:\\\/\\\/balufy.com\\\/es\\\/?s={search_term_string}\"},\"query-input\":{\"@type\":\"PropertyValueSpecification\",\"valueRequired\":true,\"valueName\":\"search_term_string\"}}],\"inLanguage\":\"es\"},{\"@type\":\"Organization\",\"@id\":\"https:\\\/\\\/balufy.com\\\/es\\\/#organization\",\"name\":\"Balufy\",\"url\":\"https:\\\/\\\/balufy.com\\\/es\\\/\",\"logo\":{\"@type\":\"ImageObject\",\"inLanguage\":\"es\",\"@id\":\"https:\\\/\\\/balufy.com\\\/es\\\/#\\\/schema\\\/logo\\\/image\\\/\",\"url\":\"https:\\\/\\\/balufy.com\\\/wp-content\\\/uploads\\\/2022\\\/06\\\/LOGO_PNG.png\",\"contentUrl\":\"https:\\\/\\\/balufy.com\\\/wp-content\\\/uploads\\\/2022\\\/06\\\/LOGO_PNG.png\",\"width\":1366,\"height\":768,\"caption\":\"Balufy\"},\"image\":{\"@id\":\"https:\\\/\\\/balufy.com\\\/es\\\/#\\\/schema\\\/logo\\\/image\\\/\"},\"sameAs\":[\"https:\\\/\\\/www.facebook.com\\\/Balufy-102705001596047\",\"https:\\\/\\\/www.instagram.com\\\/balufy_oficial\\\/\"]}]}<\/script>\n<!-- \/ Yoast SEO plugin. -->","yoast_head_json":{"title":"villa Marvelo Pollensa - Balufy - The taste of Experience","robots":{"index":"index","follow":"follow","max-snippet":"max-snippet:-1","max-image-preview":"max-image-preview:large","max-video-preview":"max-video-preview:-1"},"canonical":"https:\/\/balufy.com\/es\/producto\/villa-marvelo-pollensa\/","og_locale":"es_ES","og_type":"article","og_title":"villa Marvelo Pollensa - Balufy - The taste of Experience","og_description":"Esta impresionante villa reci\u00e9n construida es una de las propiedades de alquiler de lujo m\u00e1s destacadas del norte de Mallorca. De dise\u00f1o fresco, chic y contempor\u00e1neo y construida con los mejores materiales disponibles. Situado en una suave ladera con vistas al mar, los grandes ventanales permiten que la suave luz mediterr\u00e1nea inunde el interior, creando [&hellip;]","og_url":"https:\/\/balufy.com\/es\/producto\/villa-marvelo-pollensa\/","og_site_name":"Balufy - The taste of Experience","article_publisher":"https:\/\/www.facebook.com\/Balufy-102705001596047","article_modified_time":"2025-07-01T14:15:05+00:00","twitter_card":"summary_large_image","twitter_misc":{"Tiempo de lectura":"4 minutos"},"schema":{"@context":"https:\/\/schema.org","@graph":[{"@type":"WebPage","@id":"https:\/\/balufy.com\/en\/product\/villa-marvelo-pollensa\/","url":"https:\/\/balufy.com\/en\/product\/villa-marvelo-pollensa\/","name":"villa Marvelo Pollensa - Balufy - The taste of Experience","isPartOf":{"@id":"https:\/\/balufy.com\/es\/#website"},"datePublished":"2021-08-31T08:04:06+00:00","dateModified":"2025-07-01T14:15:05+00:00","breadcrumb":{"@id":"https:\/\/balufy.com\/en\/product\/villa-marvelo-pollensa\/#breadcrumb"},"inLanguage":"es","potentialAction":[{"@type":"ReadAction","target":["https:\/\/balufy.com\/en\/product\/villa-marvelo-pollensa\/"]}]},{"@type":"BreadcrumbList","@id":"https:\/\/balufy.com\/en\/product\/villa-marvelo-pollensa\/#breadcrumb","itemListElement":[{"@type":"ListItem","position":1,"name":"Portada","item":"https:\/\/balufy.com\/"},{"@type":"ListItem","position":2,"name":"Shop","item":"https:\/\/balufy.com\/es\/shop\/"},{"@type":"ListItem","position":3,"name":"villa Marvelo Pollensa"}]},{"@type":"WebSite","@id":"https:\/\/balufy.com\/es\/#website","url":"https:\/\/balufy.com\/es\/","name":"Balufy - Taste of experience","description":"Balufy","publisher":{"@id":"https:\/\/balufy.com\/es\/#organization"},"potentialAction":[{"@type":"SearchAction","target":{"@type":"EntryPoint","urlTemplate":"https:\/\/balufy.com\/es\/?s={search_term_string}"},"query-input":{"@type":"PropertyValueSpecification","valueRequired":true,"valueName":"search_term_string"}}],"inLanguage":"es"},{"@type":"Organization","@id":"https:\/\/balufy.com\/es\/#organization","name":"Balufy","url":"https:\/\/balufy.com\/es\/","logo":{"@type":"ImageObject","inLanguage":"es","@id":"https:\/\/balufy.com\/es\/#\/schema\/logo\/image\/","url":"https:\/\/balufy.com\/wp-content\/uploads\/2022\/06\/LOGO_PNG.png","contentUrl":"https:\/\/balufy.com\/wp-content\/uploads\/2022\/06\/LOGO_PNG.png","width":1366,"height":768,"caption":"Balufy"},"image":{"@id":"https:\/\/balufy.com\/es\/#\/schema\/logo\/image\/"},"sameAs":["https:\/\/www.facebook.com\/Balufy-102705001596047","https:\/\/www.instagram.com\/balufy_oficial\/"]}]}},"_links":{"self":[{"href":"https:\/\/balufy.com\/es\/wp-json\/wp\/v2\/product\/1871","targetHints":{"allow":["GET"]}}],"collection":[{"href":"https:\/\/balufy.com\/es\/wp-json\/wp\/v2\/product"}],"about":[{"href":"https:\/\/balufy.com\/es\/wp-json\/wp\/v2\/types\/product"}],"version-history":[{"count":0,"href":"https:\/\/balufy.com\/es\/wp-json\/wp\/v2\/product\/1871\/revisions"}],"wp:attachment":[{"href":"https:\/\/balufy.com\/es\/wp-json\/wp\/v2\/media?parent=1871"}],"wp:term":[{"taxonomy":"product_brand","embeddable":true,"href":"https:\/\/balufy.com\/es\/wp-json\/wp\/v2\/product_brand?post=1871"},{"taxonomy":"product_cat","embeddable":true,"href":"https:\/\/balufy.com\/es\/wp-json\/wp\/v2\/product_cat?post=1871"},{"taxonomy":"product_tag","embeddable":true,"href":"https:\/\/balufy.com\/es\/wp-json\/wp\/v2\/product_tag?post=1871"}],"curies":[{"name":"wp","href":"https:\/\/api.w.org\/{rel}","templated":true}]}}