{"id":1947,"date":"2021-09-05T09:38:59","date_gmt":"2021-09-05T07:38:59","guid":{"rendered":"https:\/\/balufy.com\/product\/puro-beach-palma\/"},"modified":"2025-04-02T17:26:41","modified_gmt":"2025-04-02T15:26:41","slug":"puro-beach-palma","status":"publish","type":"product","link":"https:\/\/balufy.com\/es\/producto\/puro-beach-palma\/","title":{"rendered":"Puro Beach Palma"},"content":{"rendered":"<p><strong>BEACH CLUB EN PALMA DE MALLORCA<\/strong><br \/>\nIcono del bienestar y de la sociabilidad, nuestro primer Purobeach (abierto en Junio del 2005) es un lugar privilegiado junto al mar en Mallorca. Una peque\u00f1a pen\u00ednsula con unas vistas al mar de 180\u00b0. Purobeach \u201cOasis del Mar\u201d es un encuentro entre el Mediterr\u00e1neo y un estilo de vida conceptual con sal\u00f3n, terraza, piscina, restauraci\u00f3n y tratamientos wellness.<\/p>\n<p>Un lugar donde el d\u00eda y la noche se encuentran y en el que se disfruta de una experiencia definida por nuestros clientes como \u201cun oasis de felicidad\u201d. Deja que tu cuerpo caiga sobre una c\u00f3moda hamaca, rel\u00e1jate con un masaje junto al mar, refr\u00e9scate en nuestra piscina mientras disfrutas de un c\u00f3ctel y saboreas nuestra cocina cosmopolita que fusiona sabores del mundo.<\/p>\n<p><strong>PISCINA<\/strong><br \/>\nCON VISTAS AL MEDITERR\u00c1NEO<br \/>\nSum\u00e9rgete en una refrescante experiencia de sensaciones en nuestra piscina de lava, en la que te acompa\u00f1ar\u00e1 la M\u00fasica Puro, mientras tu vista se pierde por las aguas del Mediterr\u00e1neo. La reserva de hamaca incluye toalla y bandeja de bienvenida con fruta fresca, agua mineral, after sun y smoothie.<\/p>\n<p><strong>RESTAURANTE<\/strong><br \/>\nSABORES DEL MUNDO<br \/>\nNuestra cocina, creada a partir de la fusi\u00f3n de las culturas del mundo y sus apasionantes sabores y colores, mezcla influencias de Miami, Marrakech y Melbourne. Saludable, sabrosa y elaborada con ingredientes org\u00e1nicos, est\u00e1 pensada para que todos los paladares encuentren satisfacci\u00f3n.<\/p>\n<p><strong>ZONA WELLNESS<\/strong><br \/>\nPAZ INTERIOR<br \/>\nCierra los ojos. Deja que tu cuerpo descanse a la sombra de una blanca haima mientras la brisa del mar te acaricia y cada cel\u00fala de tu piel se repara con nuestros tratamientos wellness.<\/p>\n<p><strong>TERRAZA BAR<\/strong><br \/>\nSIENTE EL MEDITERR\u00c1NEO<br \/>\nVive la experiencia de contemplar c\u00f3mo el sol se funde en el horizonte, al ritmo de la M\u00fasica Puro, y desaparece en el cielo con una explosi\u00f3n de luz que ba\u00f1a nuestro beach club de momentos dorados&#8230; \u00a1Una\u00a0#puroexperience que no olvidar\u00e1s!<\/p>\n<p><strong>OASIS ROOFTOP<\/strong><br \/>\nLAS MEJORES VISTAS<br \/>\nLa nueva zona de nuestro beach club te ofrece descanso y relajaci\u00f3n mientras disfrutas de una situaci\u00f3n privilegiada: vistas panor\u00e1micas a las cristalinas aguas del Mediterr\u00e1neo desde nuestro Oasis Rooftop!<\/p>\n<p><strong>SHOP<\/strong><br \/>\nMODA, ACCESORIOS Y M\u00daSICA<br \/>\nPorque sabemos que el mejor regalo son las experiencias&#8230; Encuentra el recuerdo perfecto de tus #puroexperience en nuestra tienda de productos Puro!<\/p>\n","protected":false},"excerpt":{"rendered":"<p>BEACH CLUB EN PALMA DE MALLORCA Icono del bienestar y de la sociabilidad, nuestro primer Purobeach (abierto en Junio del 2005) es un lugar privilegiado junto al mar en Mallorca. Una peque\u00f1a pen\u00ednsula con unas vistas al mar de 180\u00b0. Purobeach \u201cOasis del Mar\u201d es un encuentro entre el Mediterr\u00e1neo y un estilo de vida [&hellip;]<\/p>\n","protected":false},"featured_media":0,"template":"","meta":[],"product_brand":[],"product_cat":[20],"product_tag":[],"class_list":{"0":"post-1947","1":"product","2":"type-product","3":"status-publish","5":"product_cat-listeo-booking","7":"first","8":"instock","9":"virtual","10":"sold-individually","11":"purchasable","12":"product-type-listing_booking"},"yoast_head":"<!-- This site is optimized with the Yoast SEO plugin v27.3 - https:\/\/yoast.com\/product\/yoast-seo-wordpress\/ -->\n<title>Puro Beach Palma - Balufy - The taste of Experience<\/title>\n<meta name=\"robots\" content=\"index, follow, max-snippet:-1, max-image-preview:large, max-video-preview:-1\" \/>\n<link rel=\"canonical\" href=\"https:\/\/balufy.com\/es\/producto\/puro-beach-palma\/\" \/>\n<meta property=\"og:locale\" content=\"es_ES\" \/>\n<meta property=\"og:type\" content=\"article\" \/>\n<meta property=\"og:title\" content=\"Puro Beach Palma - Balufy - The taste of Experience\" \/>\n<meta property=\"og:description\" content=\"BEACH CLUB EN PALMA DE MALLORCA Icono del bienestar y de la sociabilidad, nuestro primer Purobeach (abierto en Junio del 2005) es un lugar privilegiado junto al mar en Mallorca. Una peque\u00f1a pen\u00ednsula con unas vistas al mar de 180\u00b0. Purobeach \u201cOasis del Mar\u201d es un encuentro entre el Mediterr\u00e1neo y un estilo de vida [&hellip;]\" \/>\n<meta property=\"og:url\" content=\"https:\/\/balufy.com\/es\/producto\/puro-beach-palma\/\" \/>\n<meta property=\"og:site_name\" content=\"Balufy - The taste of Experience\" \/>\n<meta property=\"article:publisher\" content=\"https:\/\/www.facebook.com\/Balufy-102705001596047\" \/>\n<meta property=\"article:modified_time\" content=\"2025-04-02T15:26:41+00:00\" \/>\n<meta name=\"twitter:card\" content=\"summary_large_image\" \/>\n<meta name=\"twitter:label1\" content=\"Tiempo de lectura\" \/>\n\t<meta name=\"twitter:data1\" content=\"2 minutos\" \/>\n<script type=\"application\/ld+json\" class=\"yoast-schema-graph\">{\"@context\":\"https:\\\/\\\/schema.org\",\"@graph\":[{\"@type\":\"WebPage\",\"@id\":\"https:\\\/\\\/balufy.com\\\/en\\\/product\\\/pure-beach-palma\\\/\",\"url\":\"https:\\\/\\\/balufy.com\\\/en\\\/product\\\/pure-beach-palma\\\/\",\"name\":\"Puro Beach Palma - Balufy - The taste of Experience\",\"isPartOf\":{\"@id\":\"https:\\\/\\\/balufy.com\\\/es\\\/#website\"},\"datePublished\":\"2021-09-05T07:38:59+00:00\",\"dateModified\":\"2025-04-02T15:26:41+00:00\",\"breadcrumb\":{\"@id\":\"https:\\\/\\\/balufy.com\\\/en\\\/product\\\/pure-beach-palma\\\/#breadcrumb\"},\"inLanguage\":\"es\",\"potentialAction\":[{\"@type\":\"ReadAction\",\"target\":[\"https:\\\/\\\/balufy.com\\\/en\\\/product\\\/pure-beach-palma\\\/\"]}]},{\"@type\":\"BreadcrumbList\",\"@id\":\"https:\\\/\\\/balufy.com\\\/en\\\/product\\\/pure-beach-palma\\\/#breadcrumb\",\"itemListElement\":[{\"@type\":\"ListItem\",\"position\":1,\"name\":\"Portada\",\"item\":\"https:\\\/\\\/balufy.com\\\/\"},{\"@type\":\"ListItem\",\"position\":2,\"name\":\"Shop\",\"item\":\"https:\\\/\\\/balufy.com\\\/es\\\/shop\\\/\"},{\"@type\":\"ListItem\",\"position\":3,\"name\":\"Puro Beach Palma\"}]},{\"@type\":\"WebSite\",\"@id\":\"https:\\\/\\\/balufy.com\\\/es\\\/#website\",\"url\":\"https:\\\/\\\/balufy.com\\\/es\\\/\",\"name\":\"Balufy - Taste of experience\",\"description\":\"Balufy\",\"publisher\":{\"@id\":\"https:\\\/\\\/balufy.com\\\/es\\\/#organization\"},\"potentialAction\":[{\"@type\":\"SearchAction\",\"target\":{\"@type\":\"EntryPoint\",\"urlTemplate\":\"https:\\\/\\\/balufy.com\\\/es\\\/?s={search_term_string}\"},\"query-input\":{\"@type\":\"PropertyValueSpecification\",\"valueRequired\":true,\"valueName\":\"search_term_string\"}}],\"inLanguage\":\"es\"},{\"@type\":\"Organization\",\"@id\":\"https:\\\/\\\/balufy.com\\\/es\\\/#organization\",\"name\":\"Balufy\",\"url\":\"https:\\\/\\\/balufy.com\\\/es\\\/\",\"logo\":{\"@type\":\"ImageObject\",\"inLanguage\":\"es\",\"@id\":\"https:\\\/\\\/balufy.com\\\/es\\\/#\\\/schema\\\/logo\\\/image\\\/\",\"url\":\"https:\\\/\\\/balufy.com\\\/wp-content\\\/uploads\\\/2022\\\/06\\\/LOGO_PNG.png\",\"contentUrl\":\"https:\\\/\\\/balufy.com\\\/wp-content\\\/uploads\\\/2022\\\/06\\\/LOGO_PNG.png\",\"width\":1366,\"height\":768,\"caption\":\"Balufy\"},\"image\":{\"@id\":\"https:\\\/\\\/balufy.com\\\/es\\\/#\\\/schema\\\/logo\\\/image\\\/\"},\"sameAs\":[\"https:\\\/\\\/www.facebook.com\\\/Balufy-102705001596047\",\"https:\\\/\\\/www.instagram.com\\\/balufy_oficial\\\/\"]}]}<\/script>\n<!-- \/ Yoast SEO plugin. -->","yoast_head_json":{"title":"Puro Beach Palma - Balufy - The taste of Experience","robots":{"index":"index","follow":"follow","max-snippet":"max-snippet:-1","max-image-preview":"max-image-preview:large","max-video-preview":"max-video-preview:-1"},"canonical":"https:\/\/balufy.com\/es\/producto\/puro-beach-palma\/","og_locale":"es_ES","og_type":"article","og_title":"Puro Beach Palma - Balufy - The taste of Experience","og_description":"BEACH CLUB EN PALMA DE MALLORCA Icono del bienestar y de la sociabilidad, nuestro primer Purobeach (abierto en Junio del 2005) es un lugar privilegiado junto al mar en Mallorca. Una peque\u00f1a pen\u00ednsula con unas vistas al mar de 180\u00b0. Purobeach \u201cOasis del Mar\u201d es un encuentro entre el Mediterr\u00e1neo y un estilo de vida [&hellip;]","og_url":"https:\/\/balufy.com\/es\/producto\/puro-beach-palma\/","og_site_name":"Balufy - The taste of Experience","article_publisher":"https:\/\/www.facebook.com\/Balufy-102705001596047","article_modified_time":"2025-04-02T15:26:41+00:00","twitter_card":"summary_large_image","twitter_misc":{"Tiempo de lectura":"2 minutos"},"schema":{"@context":"https:\/\/schema.org","@graph":[{"@type":"WebPage","@id":"https:\/\/balufy.com\/en\/product\/pure-beach-palma\/","url":"https:\/\/balufy.com\/en\/product\/pure-beach-palma\/","name":"Puro Beach Palma - Balufy - The taste of Experience","isPartOf":{"@id":"https:\/\/balufy.com\/es\/#website"},"datePublished":"2021-09-05T07:38:59+00:00","dateModified":"2025-04-02T15:26:41+00:00","breadcrumb":{"@id":"https:\/\/balufy.com\/en\/product\/pure-beach-palma\/#breadcrumb"},"inLanguage":"es","potentialAction":[{"@type":"ReadAction","target":["https:\/\/balufy.com\/en\/product\/pure-beach-palma\/"]}]},{"@type":"BreadcrumbList","@id":"https:\/\/balufy.com\/en\/product\/pure-beach-palma\/#breadcrumb","itemListElement":[{"@type":"ListItem","position":1,"name":"Portada","item":"https:\/\/balufy.com\/"},{"@type":"ListItem","position":2,"name":"Shop","item":"https:\/\/balufy.com\/es\/shop\/"},{"@type":"ListItem","position":3,"name":"Puro Beach Palma"}]},{"@type":"WebSite","@id":"https:\/\/balufy.com\/es\/#website","url":"https:\/\/balufy.com\/es\/","name":"Balufy - Taste of experience","description":"Balufy","publisher":{"@id":"https:\/\/balufy.com\/es\/#organization"},"potentialAction":[{"@type":"SearchAction","target":{"@type":"EntryPoint","urlTemplate":"https:\/\/balufy.com\/es\/?s={search_term_string}"},"query-input":{"@type":"PropertyValueSpecification","valueRequired":true,"valueName":"search_term_string"}}],"inLanguage":"es"},{"@type":"Organization","@id":"https:\/\/balufy.com\/es\/#organization","name":"Balufy","url":"https:\/\/balufy.com\/es\/","logo":{"@type":"ImageObject","inLanguage":"es","@id":"https:\/\/balufy.com\/es\/#\/schema\/logo\/image\/","url":"https:\/\/balufy.com\/wp-content\/uploads\/2022\/06\/LOGO_PNG.png","contentUrl":"https:\/\/balufy.com\/wp-content\/uploads\/2022\/06\/LOGO_PNG.png","width":1366,"height":768,"caption":"Balufy"},"image":{"@id":"https:\/\/balufy.com\/es\/#\/schema\/logo\/image\/"},"sameAs":["https:\/\/www.facebook.com\/Balufy-102705001596047","https:\/\/www.instagram.com\/balufy_oficial\/"]}]}},"_links":{"self":[{"href":"https:\/\/balufy.com\/es\/wp-json\/wp\/v2\/product\/1947","targetHints":{"allow":["GET"]}}],"collection":[{"href":"https:\/\/balufy.com\/es\/wp-json\/wp\/v2\/product"}],"about":[{"href":"https:\/\/balufy.com\/es\/wp-json\/wp\/v2\/types\/product"}],"version-history":[{"count":0,"href":"https:\/\/balufy.com\/es\/wp-json\/wp\/v2\/product\/1947\/revisions"}],"wp:attachment":[{"href":"https:\/\/balufy.com\/es\/wp-json\/wp\/v2\/media?parent=1947"}],"wp:term":[{"taxonomy":"product_brand","embeddable":true,"href":"https:\/\/balufy.com\/es\/wp-json\/wp\/v2\/product_brand?post=1947"},{"taxonomy":"product_cat","embeddable":true,"href":"https:\/\/balufy.com\/es\/wp-json\/wp\/v2\/product_cat?post=1947"},{"taxonomy":"product_tag","embeddable":true,"href":"https:\/\/balufy.com\/es\/wp-json\/wp\/v2\/product_tag?post=1947"}],"curies":[{"name":"wp","href":"https:\/\/api.w.org\/{rel}","templated":true}]}}