{"id":2493,"date":"2022-09-05T22:37:08","date_gmt":"2022-09-05T20:37:08","guid":{"rendered":"https:\/\/balufy.com\/product\/purobeach-barcelona\/"},"modified":"2025-04-02T17:22:31","modified_gmt":"2025-04-02T15:22:31","slug":"purobeach-barcelona","status":"publish","type":"product","link":"https:\/\/balufy.com\/es\/producto\/purobeach-barcelona\/","title":{"rendered":"Purobeach Barcelona"},"content":{"rendered":"<p><strong>PUROBEACH BARCELONA<\/strong><br \/>\nPurobeach Barcelona te ofrece desconectar de la bulliciosa ciudad condal. Pasa el d\u00eda en la piscina en una c\u00f3moda tumbona, y disfruta de un placentero y relajante tratamiento en el spa mientras escuchas la mejor Puro Music de la mano de nuestros DJ&#8217;s residentes. Date un refrescante chapuz\u00f3n en la piscina o descubre nuestro concepto de cocina M3 con influencias de Miami, Marrakech y Melbourne, dise\u00f1ado para satisfacer los paladares de todos los clientes.<\/p>\n<p>&nbsp;<\/p>\n<p>Hilton Diagonal Mar Barcelona es el hogar de Purobeach Barcelona, un oasis urbano donde el d\u00eda y la noche se encuentran con la felicidad y un aut\u00e9ntico mundo de sensaciones. Ha sido votado como uno de los mejores clubes de playa del mundo por Conde Nast Traveler.<\/p>\n<p><strong>RESTAURANTE<\/strong><br \/>\nDESCUBRE NUESTRO CONCEPTO M3<br \/>\nDisfruta de nuestro delicioso men\u00fa desde el skyline de Barcelona.<\/p>\n<p>Nuestra cocina, creada a partir de la fusi\u00f3n de las culturas del mundo y sus apasionantes sabores y colores, mezcla influencias de Miami, Marrakech y Melbourne.<\/p>\n<p>Saludable, sabrosa y elaborada con ingredientes org\u00e1nicos, est\u00e1 pensada para que todos los paladares encuentren satisfacci\u00f3n! En nuestro restaurante al aire libre encontrar\u00e1s desde ensaladas frescas y rollito de bogavante hasta nuestra famosa Burger!<\/p>\n<p>Un concepto nuevo, innovador y urbano con un servicio personalizado.<\/p>\n<p><strong>PISCINA<\/strong><br \/>\nSUM\u00c9RGETE EN UNA EXPERIENCIA LLENA DE SENSACIONES<br \/>\nSum\u00e9rgete en nuestra piscina libre de qu\u00edmicos situada en el skyline de la ciudad condal y renueva tus sentidos! Rel\u00e1jate con esta #PuroExperience! Pasa el d\u00eda en una de nuestras c\u00f3modas tumbonas y d\u00e9jate llevar por nuestra m\u00fasica Puro. La reserva de hamaca incluye toalla y bandeja de bienvenida con fruta fresca, agua mineral, after sun y smoothie.<\/p>\n<p><strong>TERRAZA BAR<\/strong><br \/>\n\u00bfQU\u00c9 TAL UN C\u00d3CTEL REFRESCANTE?<br \/>\nSabrosos snacks y exquisitos c\u00f3cteles Puro Signature. \u00a1Prueba nuestra cocina cosmopolita y disfruta de c\u00f3cteles afrutados en nuestra terraza Bar o en nuestro restaurante!<\/p>\n<p><strong>ZONA WELLNESS<\/strong><br \/>\nCON LA FIRMA DE PURO SPA<br \/>\nCompleta tu experiencia Puro en nuestro Puro Spa con los mejores tratamientos y masajes wellness que ofrecen nuestros terapeutas.<\/p>\n<p><strong>HABITACIONES<\/strong><br \/>\nUNA EXPERIENCIA DE EXCELENCIA<br \/>\nPurobeach y los hoteles Hilton se \u00fanen para ofrecerte una experiencia \u00fanica en la que prima la excelencia! Al\u00f3jate en las habitaciones de Hilton Diagonal Mar Barcelona.<\/p>\n","protected":false},"excerpt":{"rendered":"<p>PUROBEACH BARCELONA Purobeach Barcelona te ofrece desconectar de la bulliciosa ciudad condal. Pasa el d\u00eda en la piscina en una c\u00f3moda tumbona, y disfruta de un placentero y relajante tratamiento en el spa mientras escuchas la mejor Puro Music de la mano de nuestros DJ&#8217;s residentes. Date un refrescante chapuz\u00f3n en la piscina o descubre [&hellip;]<\/p>\n","protected":false},"featured_media":0,"template":"","meta":[],"product_brand":[],"product_cat":[20],"product_tag":[],"class_list":{"0":"post-2493","1":"product","2":"type-product","3":"status-publish","5":"product_cat-listeo-booking","7":"first","8":"instock","9":"virtual","10":"sold-individually","11":"purchasable","12":"product-type-listing_booking"},"yoast_head":"<!-- This site is optimized with the Yoast SEO plugin v27.3 - https:\/\/yoast.com\/product\/yoast-seo-wordpress\/ -->\n<title>Purobeach Barcelona - Balufy - The taste of Experience<\/title>\n<meta name=\"robots\" content=\"index, follow, max-snippet:-1, max-image-preview:large, max-video-preview:-1\" \/>\n<link rel=\"canonical\" href=\"https:\/\/balufy.com\/es\/producto\/purobeach-barcelona\/\" \/>\n<meta property=\"og:locale\" content=\"es_ES\" \/>\n<meta property=\"og:type\" content=\"article\" \/>\n<meta property=\"og:title\" content=\"Purobeach Barcelona - Balufy - The taste of Experience\" \/>\n<meta property=\"og:description\" content=\"PUROBEACH BARCELONA Purobeach Barcelona te ofrece desconectar de la bulliciosa ciudad condal. Pasa el d\u00eda en la piscina en una c\u00f3moda tumbona, y disfruta de un placentero y relajante tratamiento en el spa mientras escuchas la mejor Puro Music de la mano de nuestros DJ&#8217;s residentes. Date un refrescante chapuz\u00f3n en la piscina o descubre [&hellip;]\" \/>\n<meta property=\"og:url\" content=\"https:\/\/balufy.com\/es\/producto\/purobeach-barcelona\/\" \/>\n<meta property=\"og:site_name\" content=\"Balufy - The taste of Experience\" \/>\n<meta property=\"article:publisher\" content=\"https:\/\/www.facebook.com\/Balufy-102705001596047\" \/>\n<meta property=\"article:modified_time\" content=\"2025-04-02T15:22:31+00:00\" \/>\n<meta name=\"twitter:card\" content=\"summary_large_image\" \/>\n<meta name=\"twitter:label1\" content=\"Tiempo de lectura\" \/>\n\t<meta name=\"twitter:data1\" content=\"2 minutos\" \/>\n<script type=\"application\/ld+json\" class=\"yoast-schema-graph\">{\"@context\":\"https:\\\/\\\/schema.org\",\"@graph\":[{\"@type\":\"WebPage\",\"@id\":\"https:\\\/\\\/balufy.com\\\/en\\\/product\\\/purobeach-barcelona\\\/\",\"url\":\"https:\\\/\\\/balufy.com\\\/en\\\/product\\\/purobeach-barcelona\\\/\",\"name\":\"Purobeach Barcelona - Balufy - The taste of Experience\",\"isPartOf\":{\"@id\":\"https:\\\/\\\/balufy.com\\\/es\\\/#website\"},\"datePublished\":\"2022-09-05T20:37:08+00:00\",\"dateModified\":\"2025-04-02T15:22:31+00:00\",\"breadcrumb\":{\"@id\":\"https:\\\/\\\/balufy.com\\\/en\\\/product\\\/purobeach-barcelona\\\/#breadcrumb\"},\"inLanguage\":\"es\",\"potentialAction\":[{\"@type\":\"ReadAction\",\"target\":[\"https:\\\/\\\/balufy.com\\\/en\\\/product\\\/purobeach-barcelona\\\/\"]}]},{\"@type\":\"BreadcrumbList\",\"@id\":\"https:\\\/\\\/balufy.com\\\/en\\\/product\\\/purobeach-barcelona\\\/#breadcrumb\",\"itemListElement\":[{\"@type\":\"ListItem\",\"position\":1,\"name\":\"Portada\",\"item\":\"https:\\\/\\\/balufy.com\\\/\"},{\"@type\":\"ListItem\",\"position\":2,\"name\":\"Shop\",\"item\":\"https:\\\/\\\/balufy.com\\\/es\\\/shop\\\/\"},{\"@type\":\"ListItem\",\"position\":3,\"name\":\"Purobeach Barcelona\"}]},{\"@type\":\"WebSite\",\"@id\":\"https:\\\/\\\/balufy.com\\\/es\\\/#website\",\"url\":\"https:\\\/\\\/balufy.com\\\/es\\\/\",\"name\":\"Balufy - Taste of experience\",\"description\":\"Balufy\",\"publisher\":{\"@id\":\"https:\\\/\\\/balufy.com\\\/es\\\/#organization\"},\"potentialAction\":[{\"@type\":\"SearchAction\",\"target\":{\"@type\":\"EntryPoint\",\"urlTemplate\":\"https:\\\/\\\/balufy.com\\\/es\\\/?s={search_term_string}\"},\"query-input\":{\"@type\":\"PropertyValueSpecification\",\"valueRequired\":true,\"valueName\":\"search_term_string\"}}],\"inLanguage\":\"es\"},{\"@type\":\"Organization\",\"@id\":\"https:\\\/\\\/balufy.com\\\/es\\\/#organization\",\"name\":\"Balufy\",\"url\":\"https:\\\/\\\/balufy.com\\\/es\\\/\",\"logo\":{\"@type\":\"ImageObject\",\"inLanguage\":\"es\",\"@id\":\"https:\\\/\\\/balufy.com\\\/es\\\/#\\\/schema\\\/logo\\\/image\\\/\",\"url\":\"https:\\\/\\\/balufy.com\\\/wp-content\\\/uploads\\\/2022\\\/06\\\/LOGO_PNG.png\",\"contentUrl\":\"https:\\\/\\\/balufy.com\\\/wp-content\\\/uploads\\\/2022\\\/06\\\/LOGO_PNG.png\",\"width\":1366,\"height\":768,\"caption\":\"Balufy\"},\"image\":{\"@id\":\"https:\\\/\\\/balufy.com\\\/es\\\/#\\\/schema\\\/logo\\\/image\\\/\"},\"sameAs\":[\"https:\\\/\\\/www.facebook.com\\\/Balufy-102705001596047\",\"https:\\\/\\\/www.instagram.com\\\/balufy_oficial\\\/\"]}]}<\/script>\n<!-- \/ Yoast SEO plugin. -->","yoast_head_json":{"title":"Purobeach Barcelona - Balufy - The taste of Experience","robots":{"index":"index","follow":"follow","max-snippet":"max-snippet:-1","max-image-preview":"max-image-preview:large","max-video-preview":"max-video-preview:-1"},"canonical":"https:\/\/balufy.com\/es\/producto\/purobeach-barcelona\/","og_locale":"es_ES","og_type":"article","og_title":"Purobeach Barcelona - Balufy - The taste of Experience","og_description":"PUROBEACH BARCELONA Purobeach Barcelona te ofrece desconectar de la bulliciosa ciudad condal. Pasa el d\u00eda en la piscina en una c\u00f3moda tumbona, y disfruta de un placentero y relajante tratamiento en el spa mientras escuchas la mejor Puro Music de la mano de nuestros DJ&#8217;s residentes. Date un refrescante chapuz\u00f3n en la piscina o descubre [&hellip;]","og_url":"https:\/\/balufy.com\/es\/producto\/purobeach-barcelona\/","og_site_name":"Balufy - The taste of Experience","article_publisher":"https:\/\/www.facebook.com\/Balufy-102705001596047","article_modified_time":"2025-04-02T15:22:31+00:00","twitter_card":"summary_large_image","twitter_misc":{"Tiempo de lectura":"2 minutos"},"schema":{"@context":"https:\/\/schema.org","@graph":[{"@type":"WebPage","@id":"https:\/\/balufy.com\/en\/product\/purobeach-barcelona\/","url":"https:\/\/balufy.com\/en\/product\/purobeach-barcelona\/","name":"Purobeach Barcelona - Balufy - The taste of Experience","isPartOf":{"@id":"https:\/\/balufy.com\/es\/#website"},"datePublished":"2022-09-05T20:37:08+00:00","dateModified":"2025-04-02T15:22:31+00:00","breadcrumb":{"@id":"https:\/\/balufy.com\/en\/product\/purobeach-barcelona\/#breadcrumb"},"inLanguage":"es","potentialAction":[{"@type":"ReadAction","target":["https:\/\/balufy.com\/en\/product\/purobeach-barcelona\/"]}]},{"@type":"BreadcrumbList","@id":"https:\/\/balufy.com\/en\/product\/purobeach-barcelona\/#breadcrumb","itemListElement":[{"@type":"ListItem","position":1,"name":"Portada","item":"https:\/\/balufy.com\/"},{"@type":"ListItem","position":2,"name":"Shop","item":"https:\/\/balufy.com\/es\/shop\/"},{"@type":"ListItem","position":3,"name":"Purobeach Barcelona"}]},{"@type":"WebSite","@id":"https:\/\/balufy.com\/es\/#website","url":"https:\/\/balufy.com\/es\/","name":"Balufy - Taste of experience","description":"Balufy","publisher":{"@id":"https:\/\/balufy.com\/es\/#organization"},"potentialAction":[{"@type":"SearchAction","target":{"@type":"EntryPoint","urlTemplate":"https:\/\/balufy.com\/es\/?s={search_term_string}"},"query-input":{"@type":"PropertyValueSpecification","valueRequired":true,"valueName":"search_term_string"}}],"inLanguage":"es"},{"@type":"Organization","@id":"https:\/\/balufy.com\/es\/#organization","name":"Balufy","url":"https:\/\/balufy.com\/es\/","logo":{"@type":"ImageObject","inLanguage":"es","@id":"https:\/\/balufy.com\/es\/#\/schema\/logo\/image\/","url":"https:\/\/balufy.com\/wp-content\/uploads\/2022\/06\/LOGO_PNG.png","contentUrl":"https:\/\/balufy.com\/wp-content\/uploads\/2022\/06\/LOGO_PNG.png","width":1366,"height":768,"caption":"Balufy"},"image":{"@id":"https:\/\/balufy.com\/es\/#\/schema\/logo\/image\/"},"sameAs":["https:\/\/www.facebook.com\/Balufy-102705001596047","https:\/\/www.instagram.com\/balufy_oficial\/"]}]}},"_links":{"self":[{"href":"https:\/\/balufy.com\/es\/wp-json\/wp\/v2\/product\/2493","targetHints":{"allow":["GET"]}}],"collection":[{"href":"https:\/\/balufy.com\/es\/wp-json\/wp\/v2\/product"}],"about":[{"href":"https:\/\/balufy.com\/es\/wp-json\/wp\/v2\/types\/product"}],"version-history":[{"count":0,"href":"https:\/\/balufy.com\/es\/wp-json\/wp\/v2\/product\/2493\/revisions"}],"wp:attachment":[{"href":"https:\/\/balufy.com\/es\/wp-json\/wp\/v2\/media?parent=2493"}],"wp:term":[{"taxonomy":"product_brand","embeddable":true,"href":"https:\/\/balufy.com\/es\/wp-json\/wp\/v2\/product_brand?post=2493"},{"taxonomy":"product_cat","embeddable":true,"href":"https:\/\/balufy.com\/es\/wp-json\/wp\/v2\/product_cat?post=2493"},{"taxonomy":"product_tag","embeddable":true,"href":"https:\/\/balufy.com\/es\/wp-json\/wp\/v2\/product_tag?post=2493"}],"curies":[{"name":"wp","href":"https:\/\/api.w.org\/{rel}","templated":true}]}}