{"id":2603,"date":"2022-09-23T15:57:49","date_gmt":"2022-09-23T13:57:49","guid":{"rendered":"https:\/\/balufy.com\/product\/apartamento-dreta-de-leixample\/"},"modified":"2025-04-02T16:40:31","modified_gmt":"2025-04-02T14:40:31","slug":"apartamento-dreta-de-leixample","status":"publish","type":"product","link":"https:\/\/balufy.com\/es\/producto\/apartamento-dreta-de-leixample\/","title":{"rendered":"Apartamento Dreta de l&#8217;Eixample"},"content":{"rendered":"<p>Cerca de este apartamento para familias podr\u00e1s disfrutar de la navegaci\u00f3n en lancha motora y del ciclismo, entre muchas otras cosas. Estar\u00e1s a 9\u00a0min a pie de Plaza de Catalu\u00f1a y a 10\u00a0min a pie de La Rambla. Descubre otras zonas y ad\u00e9ntrate m\u00e1s en Barcelona: puedes coger el metro en la Estaci\u00f3n de metro Tetu\u00e1n o en la Estaci\u00f3n de metro Urquinaona, a solo 5 minutos a pie. La cocina est\u00e1 equipada con horno, placa de cocina y frigor\u00edfico, adem\u00e1s de cafetera y tetera, hervidor el\u00e9ctrico y microondas. Con\u00e9ctate al wifi gratis, o rel\u00e1jate frente a la televisi\u00f3n por cable o sat\u00e9lite (dispone de videoteca). Tambi\u00e9n hay un reproductor de DVD y un reproductor est\u00e9reo. El cuarto de ba\u00f1o incluye un secador de pelo, toallas y papel higi\u00e9nico. Y no tendr\u00e1s que llevarte ropa de m\u00e1s, porque podr\u00e1s aprovechar la lavadora y la secadora. Otras comodidades de este alojamiento de 2 dormitorios y 2 ba\u00f1os incluyen ropa de cama, una tabla de planchar, aire acondicionado y calefacci\u00f3n.<\/p>\n<p><strong>Pol\u00edticas\u00a0<\/strong><\/p>\n<p>Se te reembolsar\u00e1 el 100 % del importe pagado\u00a0si cancelas con un m\u00ednimo de 14 d\u00edas de antelaci\u00f3n al registro de entrada.<br \/>\nSe te reembolsar\u00e1 el 50 % del importe pagado\u00a0(sin incluir la tarifa de servicio) si cancelas con un m\u00ednimo de 7 d\u00edas de antelaci\u00f3n al registro de entrada.<br \/>\nSin reembolso\u00a0si cancelas con una antelaci\u00f3n inferior a 7\u00a0d\u00edas antes de la entrada.<\/p>\n","protected":false},"excerpt":{"rendered":"<p>Cerca de este apartamento para familias podr\u00e1s disfrutar de la navegaci\u00f3n en lancha motora y del ciclismo, entre muchas otras cosas. Estar\u00e1s a 9\u00a0min a pie de Plaza de Catalu\u00f1a y a 10\u00a0min a pie de La Rambla. Descubre otras zonas y ad\u00e9ntrate m\u00e1s en Barcelona: puedes coger el metro en la Estaci\u00f3n de metro [&hellip;]<\/p>\n","protected":false},"featured_media":0,"template":"","meta":[],"product_brand":[],"product_cat":[20],"product_tag":[],"class_list":{"0":"post-2603","1":"product","2":"type-product","3":"status-publish","5":"product_cat-listeo-booking","7":"first","8":"instock","9":"virtual","10":"sold-individually","11":"purchasable","12":"product-type-listing_booking"},"yoast_head":"<!-- This site is optimized with the Yoast SEO plugin v27.3 - https:\/\/yoast.com\/product\/yoast-seo-wordpress\/ -->\n<title>Apartamento Dreta de l&#039;Eixample - Balufy - The taste of Experience<\/title>\n<meta name=\"robots\" content=\"index, follow, max-snippet:-1, max-image-preview:large, max-video-preview:-1\" \/>\n<link rel=\"canonical\" href=\"https:\/\/balufy.com\/es\/producto\/apartamento-dreta-de-leixample\/\" \/>\n<meta property=\"og:locale\" content=\"es_ES\" \/>\n<meta property=\"og:type\" content=\"article\" \/>\n<meta property=\"og:title\" content=\"Apartamento Dreta de l&#039;Eixample - Balufy - The taste of Experience\" \/>\n<meta property=\"og:description\" content=\"Cerca de este apartamento para familias podr\u00e1s disfrutar de la navegaci\u00f3n en lancha motora y del ciclismo, entre muchas otras cosas. Estar\u00e1s a 9\u00a0min a pie de Plaza de Catalu\u00f1a y a 10\u00a0min a pie de La Rambla. Descubre otras zonas y ad\u00e9ntrate m\u00e1s en Barcelona: puedes coger el metro en la Estaci\u00f3n de metro [&hellip;]\" \/>\n<meta property=\"og:url\" content=\"https:\/\/balufy.com\/es\/producto\/apartamento-dreta-de-leixample\/\" \/>\n<meta property=\"og:site_name\" content=\"Balufy - The taste of Experience\" \/>\n<meta property=\"article:publisher\" content=\"https:\/\/www.facebook.com\/Balufy-102705001596047\" \/>\n<meta property=\"article:modified_time\" content=\"2025-04-02T14:40:31+00:00\" \/>\n<meta name=\"twitter:card\" content=\"summary_large_image\" \/>\n<meta name=\"twitter:label1\" content=\"Tiempo de lectura\" \/>\n\t<meta name=\"twitter:data1\" content=\"1 minuto\" \/>\n<script type=\"application\/ld+json\" class=\"yoast-schema-graph\">{\"@context\":\"https:\\\/\\\/schema.org\",\"@graph\":[{\"@type\":\"WebPage\",\"@id\":\"https:\\\/\\\/balufy.com\\\/en\\\/product\\\/flat-dreta-de-leixample\\\/\",\"url\":\"https:\\\/\\\/balufy.com\\\/en\\\/product\\\/flat-dreta-de-leixample\\\/\",\"name\":\"Apartamento Dreta de l'Eixample - Balufy - The taste of Experience\",\"isPartOf\":{\"@id\":\"https:\\\/\\\/balufy.com\\\/es\\\/#website\"},\"datePublished\":\"2022-09-23T13:57:49+00:00\",\"dateModified\":\"2025-04-02T14:40:31+00:00\",\"breadcrumb\":{\"@id\":\"https:\\\/\\\/balufy.com\\\/en\\\/product\\\/flat-dreta-de-leixample\\\/#breadcrumb\"},\"inLanguage\":\"es\",\"potentialAction\":[{\"@type\":\"ReadAction\",\"target\":[\"https:\\\/\\\/balufy.com\\\/en\\\/product\\\/flat-dreta-de-leixample\\\/\"]}]},{\"@type\":\"BreadcrumbList\",\"@id\":\"https:\\\/\\\/balufy.com\\\/en\\\/product\\\/flat-dreta-de-leixample\\\/#breadcrumb\",\"itemListElement\":[{\"@type\":\"ListItem\",\"position\":1,\"name\":\"Portada\",\"item\":\"https:\\\/\\\/balufy.com\\\/\"},{\"@type\":\"ListItem\",\"position\":2,\"name\":\"Shop\",\"item\":\"https:\\\/\\\/balufy.com\\\/es\\\/shop\\\/\"},{\"@type\":\"ListItem\",\"position\":3,\"name\":\"Apartamento Dreta de l&#8217;Eixample\"}]},{\"@type\":\"WebSite\",\"@id\":\"https:\\\/\\\/balufy.com\\\/es\\\/#website\",\"url\":\"https:\\\/\\\/balufy.com\\\/es\\\/\",\"name\":\"Balufy - Taste of experience\",\"description\":\"Balufy\",\"publisher\":{\"@id\":\"https:\\\/\\\/balufy.com\\\/es\\\/#organization\"},\"potentialAction\":[{\"@type\":\"SearchAction\",\"target\":{\"@type\":\"EntryPoint\",\"urlTemplate\":\"https:\\\/\\\/balufy.com\\\/es\\\/?s={search_term_string}\"},\"query-input\":{\"@type\":\"PropertyValueSpecification\",\"valueRequired\":true,\"valueName\":\"search_term_string\"}}],\"inLanguage\":\"es\"},{\"@type\":\"Organization\",\"@id\":\"https:\\\/\\\/balufy.com\\\/es\\\/#organization\",\"name\":\"Balufy\",\"url\":\"https:\\\/\\\/balufy.com\\\/es\\\/\",\"logo\":{\"@type\":\"ImageObject\",\"inLanguage\":\"es\",\"@id\":\"https:\\\/\\\/balufy.com\\\/es\\\/#\\\/schema\\\/logo\\\/image\\\/\",\"url\":\"https:\\\/\\\/balufy.com\\\/wp-content\\\/uploads\\\/2022\\\/06\\\/LOGO_PNG.png\",\"contentUrl\":\"https:\\\/\\\/balufy.com\\\/wp-content\\\/uploads\\\/2022\\\/06\\\/LOGO_PNG.png\",\"width\":1366,\"height\":768,\"caption\":\"Balufy\"},\"image\":{\"@id\":\"https:\\\/\\\/balufy.com\\\/es\\\/#\\\/schema\\\/logo\\\/image\\\/\"},\"sameAs\":[\"https:\\\/\\\/www.facebook.com\\\/Balufy-102705001596047\",\"https:\\\/\\\/www.instagram.com\\\/balufy_oficial\\\/\"]}]}<\/script>\n<!-- \/ Yoast SEO plugin. -->","yoast_head_json":{"title":"Apartamento Dreta de l'Eixample - Balufy - The taste of Experience","robots":{"index":"index","follow":"follow","max-snippet":"max-snippet:-1","max-image-preview":"max-image-preview:large","max-video-preview":"max-video-preview:-1"},"canonical":"https:\/\/balufy.com\/es\/producto\/apartamento-dreta-de-leixample\/","og_locale":"es_ES","og_type":"article","og_title":"Apartamento Dreta de l'Eixample - Balufy - The taste of Experience","og_description":"Cerca de este apartamento para familias podr\u00e1s disfrutar de la navegaci\u00f3n en lancha motora y del ciclismo, entre muchas otras cosas. Estar\u00e1s a 9\u00a0min a pie de Plaza de Catalu\u00f1a y a 10\u00a0min a pie de La Rambla. Descubre otras zonas y ad\u00e9ntrate m\u00e1s en Barcelona: puedes coger el metro en la Estaci\u00f3n de metro [&hellip;]","og_url":"https:\/\/balufy.com\/es\/producto\/apartamento-dreta-de-leixample\/","og_site_name":"Balufy - The taste of Experience","article_publisher":"https:\/\/www.facebook.com\/Balufy-102705001596047","article_modified_time":"2025-04-02T14:40:31+00:00","twitter_card":"summary_large_image","twitter_misc":{"Tiempo de lectura":"1 minuto"},"schema":{"@context":"https:\/\/schema.org","@graph":[{"@type":"WebPage","@id":"https:\/\/balufy.com\/en\/product\/flat-dreta-de-leixample\/","url":"https:\/\/balufy.com\/en\/product\/flat-dreta-de-leixample\/","name":"Apartamento Dreta de l'Eixample - Balufy - The taste of Experience","isPartOf":{"@id":"https:\/\/balufy.com\/es\/#website"},"datePublished":"2022-09-23T13:57:49+00:00","dateModified":"2025-04-02T14:40:31+00:00","breadcrumb":{"@id":"https:\/\/balufy.com\/en\/product\/flat-dreta-de-leixample\/#breadcrumb"},"inLanguage":"es","potentialAction":[{"@type":"ReadAction","target":["https:\/\/balufy.com\/en\/product\/flat-dreta-de-leixample\/"]}]},{"@type":"BreadcrumbList","@id":"https:\/\/balufy.com\/en\/product\/flat-dreta-de-leixample\/#breadcrumb","itemListElement":[{"@type":"ListItem","position":1,"name":"Portada","item":"https:\/\/balufy.com\/"},{"@type":"ListItem","position":2,"name":"Shop","item":"https:\/\/balufy.com\/es\/shop\/"},{"@type":"ListItem","position":3,"name":"Apartamento Dreta de l&#8217;Eixample"}]},{"@type":"WebSite","@id":"https:\/\/balufy.com\/es\/#website","url":"https:\/\/balufy.com\/es\/","name":"Balufy - Taste of experience","description":"Balufy","publisher":{"@id":"https:\/\/balufy.com\/es\/#organization"},"potentialAction":[{"@type":"SearchAction","target":{"@type":"EntryPoint","urlTemplate":"https:\/\/balufy.com\/es\/?s={search_term_string}"},"query-input":{"@type":"PropertyValueSpecification","valueRequired":true,"valueName":"search_term_string"}}],"inLanguage":"es"},{"@type":"Organization","@id":"https:\/\/balufy.com\/es\/#organization","name":"Balufy","url":"https:\/\/balufy.com\/es\/","logo":{"@type":"ImageObject","inLanguage":"es","@id":"https:\/\/balufy.com\/es\/#\/schema\/logo\/image\/","url":"https:\/\/balufy.com\/wp-content\/uploads\/2022\/06\/LOGO_PNG.png","contentUrl":"https:\/\/balufy.com\/wp-content\/uploads\/2022\/06\/LOGO_PNG.png","width":1366,"height":768,"caption":"Balufy"},"image":{"@id":"https:\/\/balufy.com\/es\/#\/schema\/logo\/image\/"},"sameAs":["https:\/\/www.facebook.com\/Balufy-102705001596047","https:\/\/www.instagram.com\/balufy_oficial\/"]}]}},"_links":{"self":[{"href":"https:\/\/balufy.com\/es\/wp-json\/wp\/v2\/product\/2603","targetHints":{"allow":["GET"]}}],"collection":[{"href":"https:\/\/balufy.com\/es\/wp-json\/wp\/v2\/product"}],"about":[{"href":"https:\/\/balufy.com\/es\/wp-json\/wp\/v2\/types\/product"}],"version-history":[{"count":0,"href":"https:\/\/balufy.com\/es\/wp-json\/wp\/v2\/product\/2603\/revisions"}],"wp:attachment":[{"href":"https:\/\/balufy.com\/es\/wp-json\/wp\/v2\/media?parent=2603"}],"wp:term":[{"taxonomy":"product_brand","embeddable":true,"href":"https:\/\/balufy.com\/es\/wp-json\/wp\/v2\/product_brand?post=2603"},{"taxonomy":"product_cat","embeddable":true,"href":"https:\/\/balufy.com\/es\/wp-json\/wp\/v2\/product_cat?post=2603"},{"taxonomy":"product_tag","embeddable":true,"href":"https:\/\/balufy.com\/es\/wp-json\/wp\/v2\/product_tag?post=2603"}],"curies":[{"name":"wp","href":"https:\/\/api.w.org\/{rel}","templated":true}]}}