{"id":2627,"date":"2022-09-23T20:04:45","date_gmt":"2022-09-23T18:04:45","guid":{"rendered":"https:\/\/balufy.com\/product\/can-bou-petit-finca-mallorquina\/"},"modified":"2025-07-01T16:12:45","modified_gmt":"2025-07-01T14:12:45","slug":"can-bou-petit-finca-mallorquina","status":"publish","type":"product","link":"https:\/\/balufy.com\/es\/producto\/can-bou-petit-finca-mallorquina\/","title":{"rendered":"Ca&#8217;n bou petit Finca mallorquina"},"content":{"rendered":"<p>5 HABITACIONES DOBLES PARA 10 PERSONAS. POSIBILIDAD HASTA 2 PERSONAS M\u00c1S CON 2 HABITACIONES INDIVIDUALES OPCIONALES NO INCLUIDAS EN EL PRECIO ORIGINAL. ESPECIAL PARA FAMILIAS NUMEROSAS O GRUPOS GRANDES. PREGUNTE AL PROPIETARIO DISPONIBILIDAD Y PRECIOS ADICIONALES. ALQUILER S\u00c1BADO A S\u00c1BADO EN JUNIO, JULIO, AGOSTO Y SEPTEMBRE.<\/p>\n<p>Con una nueva decoraci\u00f3n interior, con camas nuevas, sof\u00e1s nuevos y muebles completamente renovados, Ca&#8217;n Bou Petit se encuentra a solo 4 km de Puerto Pollen\u00e7a, a 6 km de Cala San Vicente y a 2 km de la ciudad de Pollen\u00e7a. Hay algunos lugares para visitar. En el norte hay un bonito pueblo con playas de arenas blancas para visitar y nadar. En Pollen\u00e7a hay un campo de golf a 4 km y otro a 12 km. Si prefieres los deportes n\u00e1uticos, en Puerto Pollen\u00e7a hay una escuela de vela y alquiler de barcos y vela. Tambi\u00e9n hay excursiones que exploran las hermosas playas y calas de la zona. Se recomiendan estos tours. Si quieres bucear, hay pocos centros de buceo. Tanto en la ciudad de Pollen\u00e7a, Puerto Pollensa o Cala San Vicente, hay muy buenos restaurantes para comer, por lo que pescado fresco de la bah\u00eda o carne a la parrilla. Los propietarios est\u00e1n encantados de recomendar algunos si lo desean. Los propietarios hablan ingl\u00e9s (un poco). A 50 metros de distancia, tenemos otra villa para 6 personas (REF: El reconet de n&#8217;Aina 448 266) es ideal para familias numerosas que pueden necesitar m\u00e1s habitaciones.<\/p>\n<p>Tambi\u00e9n tenemos otra villa a solo un kil\u00f3metro de ca&#8217;n bou petit, nombre CA NA POLIDA para 6 personas REF: 1067882<\/p>\n<p>Muy tranquilo y buenos vecinos: casa ideal para familias numerosas o grupos de amigos<\/p>\n<p>Totalmente cerrado al tr\u00e1fico de veh\u00edculos.<\/p>\n<p>Hay ventiladores de techo en todas las habitaciones, aire acondicionado.<\/p>\n<p>Muy tranquilo y con buenos vecinos. No hay actividad alrededor de molesto.<\/p>\n<p>Paquete de llegada a pedido (diferentes paquetes): Limpieza (entre semana y semanal) inc. Cuna yh \/ silla bajo petici\u00f3n. TV satelital con USB. M \/ ola. W \/ m\u00e1quina. D \/ lavadora. F \/ congelador. Jard\u00edn y terraza con muebles. Tumbonas. Barbacoa empotrada. Mesa de billar. Amplio aparcamiento. Piscina privada (9. 5m x 4. 5m; profundidad 1m &#8211; 2m). Agua dulce<\/p>\n<p>Distancia a Pollen\u00e7a 2 km<\/p>\n<p>Playa de Puerto Pollen\u00e7a 6 km<\/p>\n<p>Instalaciones m\u00e1s cercanas 2 km<\/p>\n<p><strong>Pol\u00edticas de cancelaci\u00f3n<\/strong><\/p>\n<p>Se te reembolsar\u00e1 el 100 % del importe pagado\u00a0si cancelas con un m\u00ednimo de 60 d\u00edas de antelaci\u00f3n al registro de entrada.<br \/>\nSe te reembolsar\u00e1 el 50 % del importe pagado\u00a0(sin incluir la tarifa de servicio) si cancelas con un m\u00ednimo de 30 d\u00edas de antelaci\u00f3n al registro de entrada.<br \/>\nSin reembolso\u00a0si cancelas con una antelaci\u00f3n inferior a 30\u00a0d\u00edas antes de la entrada.<\/p>\n","protected":false},"excerpt":{"rendered":"<p>5 HABITACIONES DOBLES PARA 10 PERSONAS. POSIBILIDAD HASTA 2 PERSONAS M\u00c1S CON 2 HABITACIONES INDIVIDUALES OPCIONALES NO INCLUIDAS EN EL PRECIO ORIGINAL. ESPECIAL PARA FAMILIAS NUMEROSAS O GRUPOS GRANDES. PREGUNTE AL PROPIETARIO DISPONIBILIDAD Y PRECIOS ADICIONALES. ALQUILER S\u00c1BADO A S\u00c1BADO EN JUNIO, JULIO, AGOSTO Y SEPTEMBRE. Con una nueva decoraci\u00f3n interior, con camas nuevas, sof\u00e1s [&hellip;]<\/p>\n","protected":false},"featured_media":0,"template":"","meta":[],"product_brand":[],"product_cat":[20],"product_tag":[],"class_list":{"0":"post-2627","1":"product","2":"type-product","3":"status-publish","5":"product_cat-listeo-booking","7":"first","8":"instock","9":"virtual","10":"sold-individually","11":"purchasable","12":"product-type-listing_booking"},"yoast_head":"<!-- This site is optimized with the Yoast SEO plugin v27.3 - https:\/\/yoast.com\/product\/yoast-seo-wordpress\/ -->\n<title>Ca&#039;n bou petit Finca mallorquina - Balufy - The taste of Experience<\/title>\n<meta name=\"robots\" content=\"index, follow, max-snippet:-1, max-image-preview:large, max-video-preview:-1\" \/>\n<link rel=\"canonical\" href=\"https:\/\/balufy.com\/es\/producto\/can-bou-petit-finca-mallorquina\/\" \/>\n<meta property=\"og:locale\" content=\"es_ES\" \/>\n<meta property=\"og:type\" content=\"article\" \/>\n<meta property=\"og:title\" content=\"Ca&#039;n bou petit Finca mallorquina - Balufy - The taste of Experience\" \/>\n<meta property=\"og:description\" content=\"5 HABITACIONES DOBLES PARA 10 PERSONAS. POSIBILIDAD HASTA 2 PERSONAS M\u00c1S CON 2 HABITACIONES INDIVIDUALES OPCIONALES NO INCLUIDAS EN EL PRECIO ORIGINAL. ESPECIAL PARA FAMILIAS NUMEROSAS O GRUPOS GRANDES. PREGUNTE AL PROPIETARIO DISPONIBILIDAD Y PRECIOS ADICIONALES. ALQUILER S\u00c1BADO A S\u00c1BADO EN JUNIO, JULIO, AGOSTO Y SEPTEMBRE. Con una nueva decoraci\u00f3n interior, con camas nuevas, sof\u00e1s [&hellip;]\" \/>\n<meta property=\"og:url\" content=\"https:\/\/balufy.com\/es\/producto\/can-bou-petit-finca-mallorquina\/\" \/>\n<meta property=\"og:site_name\" content=\"Balufy - The taste of Experience\" \/>\n<meta property=\"article:publisher\" content=\"https:\/\/www.facebook.com\/Balufy-102705001596047\" \/>\n<meta property=\"article:modified_time\" content=\"2025-07-01T14:12:45+00:00\" \/>\n<meta name=\"twitter:card\" content=\"summary_large_image\" \/>\n<meta name=\"twitter:label1\" content=\"Tiempo de lectura\" \/>\n\t<meta name=\"twitter:data1\" content=\"2 minutos\" \/>\n<script type=\"application\/ld+json\" class=\"yoast-schema-graph\">{\"@context\":\"https:\\\/\\\/schema.org\",\"@graph\":[{\"@type\":\"WebPage\",\"@id\":\"https:\\\/\\\/balufy.com\\\/en\\\/product\\\/can-bou-petit-finca-mallorquina\\\/\",\"url\":\"https:\\\/\\\/balufy.com\\\/en\\\/product\\\/can-bou-petit-finca-mallorquina\\\/\",\"name\":\"Ca'n bou petit Finca mallorquina - Balufy - The taste of Experience\",\"isPartOf\":{\"@id\":\"https:\\\/\\\/balufy.com\\\/es\\\/#website\"},\"datePublished\":\"2022-09-23T18:04:45+00:00\",\"dateModified\":\"2025-07-01T14:12:45+00:00\",\"breadcrumb\":{\"@id\":\"https:\\\/\\\/balufy.com\\\/en\\\/product\\\/can-bou-petit-finca-mallorquina\\\/#breadcrumb\"},\"inLanguage\":\"es\",\"potentialAction\":[{\"@type\":\"ReadAction\",\"target\":[\"https:\\\/\\\/balufy.com\\\/en\\\/product\\\/can-bou-petit-finca-mallorquina\\\/\"]}]},{\"@type\":\"BreadcrumbList\",\"@id\":\"https:\\\/\\\/balufy.com\\\/en\\\/product\\\/can-bou-petit-finca-mallorquina\\\/#breadcrumb\",\"itemListElement\":[{\"@type\":\"ListItem\",\"position\":1,\"name\":\"Portada\",\"item\":\"https:\\\/\\\/balufy.com\\\/\"},{\"@type\":\"ListItem\",\"position\":2,\"name\":\"Shop\",\"item\":\"https:\\\/\\\/balufy.com\\\/es\\\/shop\\\/\"},{\"@type\":\"ListItem\",\"position\":3,\"name\":\"Ca&#8217;n bou petit Finca mallorquina\"}]},{\"@type\":\"WebSite\",\"@id\":\"https:\\\/\\\/balufy.com\\\/es\\\/#website\",\"url\":\"https:\\\/\\\/balufy.com\\\/es\\\/\",\"name\":\"Balufy - Taste of experience\",\"description\":\"Balufy\",\"publisher\":{\"@id\":\"https:\\\/\\\/balufy.com\\\/es\\\/#organization\"},\"potentialAction\":[{\"@type\":\"SearchAction\",\"target\":{\"@type\":\"EntryPoint\",\"urlTemplate\":\"https:\\\/\\\/balufy.com\\\/es\\\/?s={search_term_string}\"},\"query-input\":{\"@type\":\"PropertyValueSpecification\",\"valueRequired\":true,\"valueName\":\"search_term_string\"}}],\"inLanguage\":\"es\"},{\"@type\":\"Organization\",\"@id\":\"https:\\\/\\\/balufy.com\\\/es\\\/#organization\",\"name\":\"Balufy\",\"url\":\"https:\\\/\\\/balufy.com\\\/es\\\/\",\"logo\":{\"@type\":\"ImageObject\",\"inLanguage\":\"es\",\"@id\":\"https:\\\/\\\/balufy.com\\\/es\\\/#\\\/schema\\\/logo\\\/image\\\/\",\"url\":\"https:\\\/\\\/balufy.com\\\/wp-content\\\/uploads\\\/2022\\\/06\\\/LOGO_PNG.png\",\"contentUrl\":\"https:\\\/\\\/balufy.com\\\/wp-content\\\/uploads\\\/2022\\\/06\\\/LOGO_PNG.png\",\"width\":1366,\"height\":768,\"caption\":\"Balufy\"},\"image\":{\"@id\":\"https:\\\/\\\/balufy.com\\\/es\\\/#\\\/schema\\\/logo\\\/image\\\/\"},\"sameAs\":[\"https:\\\/\\\/www.facebook.com\\\/Balufy-102705001596047\",\"https:\\\/\\\/www.instagram.com\\\/balufy_oficial\\\/\"]}]}<\/script>\n<!-- \/ Yoast SEO plugin. -->","yoast_head_json":{"title":"Ca'n bou petit Finca mallorquina - Balufy - The taste of Experience","robots":{"index":"index","follow":"follow","max-snippet":"max-snippet:-1","max-image-preview":"max-image-preview:large","max-video-preview":"max-video-preview:-1"},"canonical":"https:\/\/balufy.com\/es\/producto\/can-bou-petit-finca-mallorquina\/","og_locale":"es_ES","og_type":"article","og_title":"Ca'n bou petit Finca mallorquina - Balufy - The taste of Experience","og_description":"5 HABITACIONES DOBLES PARA 10 PERSONAS. POSIBILIDAD HASTA 2 PERSONAS M\u00c1S CON 2 HABITACIONES INDIVIDUALES OPCIONALES NO INCLUIDAS EN EL PRECIO ORIGINAL. ESPECIAL PARA FAMILIAS NUMEROSAS O GRUPOS GRANDES. PREGUNTE AL PROPIETARIO DISPONIBILIDAD Y PRECIOS ADICIONALES. ALQUILER S\u00c1BADO A S\u00c1BADO EN JUNIO, JULIO, AGOSTO Y SEPTEMBRE. Con una nueva decoraci\u00f3n interior, con camas nuevas, sof\u00e1s [&hellip;]","og_url":"https:\/\/balufy.com\/es\/producto\/can-bou-petit-finca-mallorquina\/","og_site_name":"Balufy - The taste of Experience","article_publisher":"https:\/\/www.facebook.com\/Balufy-102705001596047","article_modified_time":"2025-07-01T14:12:45+00:00","twitter_card":"summary_large_image","twitter_misc":{"Tiempo de lectura":"2 minutos"},"schema":{"@context":"https:\/\/schema.org","@graph":[{"@type":"WebPage","@id":"https:\/\/balufy.com\/en\/product\/can-bou-petit-finca-mallorquina\/","url":"https:\/\/balufy.com\/en\/product\/can-bou-petit-finca-mallorquina\/","name":"Ca'n bou petit Finca mallorquina - Balufy - The taste of Experience","isPartOf":{"@id":"https:\/\/balufy.com\/es\/#website"},"datePublished":"2022-09-23T18:04:45+00:00","dateModified":"2025-07-01T14:12:45+00:00","breadcrumb":{"@id":"https:\/\/balufy.com\/en\/product\/can-bou-petit-finca-mallorquina\/#breadcrumb"},"inLanguage":"es","potentialAction":[{"@type":"ReadAction","target":["https:\/\/balufy.com\/en\/product\/can-bou-petit-finca-mallorquina\/"]}]},{"@type":"BreadcrumbList","@id":"https:\/\/balufy.com\/en\/product\/can-bou-petit-finca-mallorquina\/#breadcrumb","itemListElement":[{"@type":"ListItem","position":1,"name":"Portada","item":"https:\/\/balufy.com\/"},{"@type":"ListItem","position":2,"name":"Shop","item":"https:\/\/balufy.com\/es\/shop\/"},{"@type":"ListItem","position":3,"name":"Ca&#8217;n bou petit Finca mallorquina"}]},{"@type":"WebSite","@id":"https:\/\/balufy.com\/es\/#website","url":"https:\/\/balufy.com\/es\/","name":"Balufy - Taste of experience","description":"Balufy","publisher":{"@id":"https:\/\/balufy.com\/es\/#organization"},"potentialAction":[{"@type":"SearchAction","target":{"@type":"EntryPoint","urlTemplate":"https:\/\/balufy.com\/es\/?s={search_term_string}"},"query-input":{"@type":"PropertyValueSpecification","valueRequired":true,"valueName":"search_term_string"}}],"inLanguage":"es"},{"@type":"Organization","@id":"https:\/\/balufy.com\/es\/#organization","name":"Balufy","url":"https:\/\/balufy.com\/es\/","logo":{"@type":"ImageObject","inLanguage":"es","@id":"https:\/\/balufy.com\/es\/#\/schema\/logo\/image\/","url":"https:\/\/balufy.com\/wp-content\/uploads\/2022\/06\/LOGO_PNG.png","contentUrl":"https:\/\/balufy.com\/wp-content\/uploads\/2022\/06\/LOGO_PNG.png","width":1366,"height":768,"caption":"Balufy"},"image":{"@id":"https:\/\/balufy.com\/es\/#\/schema\/logo\/image\/"},"sameAs":["https:\/\/www.facebook.com\/Balufy-102705001596047","https:\/\/www.instagram.com\/balufy_oficial\/"]}]}},"_links":{"self":[{"href":"https:\/\/balufy.com\/es\/wp-json\/wp\/v2\/product\/2627","targetHints":{"allow":["GET"]}}],"collection":[{"href":"https:\/\/balufy.com\/es\/wp-json\/wp\/v2\/product"}],"about":[{"href":"https:\/\/balufy.com\/es\/wp-json\/wp\/v2\/types\/product"}],"version-history":[{"count":0,"href":"https:\/\/balufy.com\/es\/wp-json\/wp\/v2\/product\/2627\/revisions"}],"wp:attachment":[{"href":"https:\/\/balufy.com\/es\/wp-json\/wp\/v2\/media?parent=2627"}],"wp:term":[{"taxonomy":"product_brand","embeddable":true,"href":"https:\/\/balufy.com\/es\/wp-json\/wp\/v2\/product_brand?post=2627"},{"taxonomy":"product_cat","embeddable":true,"href":"https:\/\/balufy.com\/es\/wp-json\/wp\/v2\/product_cat?post=2627"},{"taxonomy":"product_tag","embeddable":true,"href":"https:\/\/balufy.com\/es\/wp-json\/wp\/v2\/product_tag?post=2627"}],"curies":[{"name":"wp","href":"https:\/\/api.w.org\/{rel}","templated":true}]}}