{"id":2749,"date":"2024-04-11T15:08:56","date_gmt":"2024-04-11T13:08:56","guid":{"rendered":"https:\/\/balufy.com\/product\/lamborghini-urus-s\/"},"modified":"2024-04-11T18:02:10","modified_gmt":"2024-04-11T16:02:10","slug":"lamborghini-urus-s","status":"publish","type":"product","link":"https:\/\/balufy.com\/es\/producto\/lamborghini-urus-s\/","title":{"rendered":"LAMBORGHINI URUS S"},"content":{"rendered":"<p>\u00bfQuieres adentrarte en el mundo de los SUV deportivos de lujo? Con esencia de superdeportivo y la funcionalidad de un SUV, el Lamborghini Urus Sport combina la elegancia y el lujo del Lamborghini Urus con elementos deportivos que llevan la experiencia de conducci\u00f3n a otro nivel.<\/p>\n<p>Impulsado por un motor V8 biturbo de 650 caballos de fuerza que puede alcanzar los 306 km\/h, con las manos al volante del Lamborghini Urus Sport no solo sentir\u00e1s la adrenalina de la velocidad, sino que tambi\u00e9n podr\u00e1s disfrutar de la emoci\u00f3n de sentirte libre en la carretera. Su espectacular dise\u00f1o exterior, con detalles y acabados deportivos, reafirman su car\u00e1cter provocador y excepcional. Adem\u00e1s, su interior con asientos deportivos y detalles exclusivos, combina a la perfecci\u00f3n elegancia y deportividad para asegurar un viaje c\u00f3modo y seguro.<\/p>\n<p><strong>Un SUV deportivo para vivir una gran experiencia<\/strong><br \/>\nEl Lamborghini Urus Sport est\u00e1 meticulosamente dise\u00f1ado para ofrecer prestaciones altamente superiores a los dem\u00e1s SUVs. Su sistema de tracci\u00f3n integral y la suspensi\u00f3n neum\u00e1tica adaptativa ofrecen un control excepcional en todo tipo de condiciones, pudiendo as\u00ed, disfrutar de una conducci\u00f3n ligera y apasionante. Cada momento al volante del Lamborghini Urus Sport se convierte en un espect\u00e1culo de fuerza y rendimiento, donde la deportividad y el lujo se fusionan en un solo veh\u00edculo.<\/p>\n<p><strong>Nuestro servicio de alquiler del Lamborghini Urus Sport<\/strong><br \/>\n\u00bfQuieres alquilar un Lamborghini Urus Sport? Con <strong>BALUFY<\/strong> podr\u00e1s alquilarlo de manera r\u00e1pida, sencilla y c\u00f3moda. Nuestro servicio se caracteriza por ofrecer los precios m\u00e1s atractivos y flexibles del mercado y por contar con una flota propia de veh\u00edculos para que puedas disfrutar de las \u00faltimas novedades del sector. Adem\u00e1s, ofrecemos descuentos especiales para clientes habituales.<\/p>\n<p>Nuestra oferta incluye el kilometraje, el seguro, el alquiler diario y otros pagos, excepto la garant\u00eda. Asimismo, nuestro servicio de alquiler del Lamborghini Urus Sport tambi\u00e9n abarca la entrega del veh\u00edculo en la direcci\u00f3n pertinente y la posibilidad de devolverlo en otra ciudad, si es necesario. El alquiler solo requiere una licencia de conducir y cumplir con los requisitos m\u00ednimos de edad y experiencia al volante. Garantizamos el modelo propuesto, aunque los componentes internos o la potencia del motor pueden variar. En caso de existir alguna diferencia, enviaremos todas las especificaciones antes de confirmar la reserva.<\/p>\n<p>Al alquilar un Lamborghini Urus Sport con <strong>BALUFY<\/strong>, contar\u00e1s con soporte durante todo el d\u00eda para que puedas comunicarte con nosotros cuando lo necesites. Queremos que disfrutes de tu experiencia sin preocupaciones, por eso te lo facilitamos y puedes reservar en l\u00ednea, por correo electr\u00f3nico o a trav\u00e9s de WhatsApp. \u00a1No hay comisiones ni tarifas ocultas! Puedes consultar los t\u00e9rminos y condiciones del contrato de alquiler aqu\u00ed.<\/p>\n<p><strong>Tu coche donde quieras<\/strong><br \/>\nNo te preocupes por el proceso de alquiler y todos los detalles t\u00e9cnicos. Alquila un Lamborghini Urus Sport con <strong>BALUFY<\/strong> y nosotros nos encargamos de todo. Te entregamos el coche en el lugar y momento que desees con total confidencialidad. Adem\u00e1s, tendr\u00e1s la opci\u00f3n de devolver el veh\u00edculo en otra ciudad si es necesario. El alquiler solo requiere una licencia de conducir, tener 25 a\u00f1os y una experiencia de conducci\u00f3n m\u00ednima de 2 a\u00f1os. \u00a1T\u00fa sube al volante y disfruta del viaje!<\/p>\n<p>No pierdas esta oportunidad de hacer realidad tus sue\u00f1os. Alquila un Lamborghini Urus Sport y vive una experiencia que jam\u00e1s olvidar\u00e1s. Cont\u00e1ctanos y calcularemos el precio exacto del alquiler.<\/p>\n<p><strong>Condiciones de alquiler<\/strong><br \/>\nSi est\u00e1s pensando en alquilar con <strong>BALUFY<\/strong> debes conocer las condiciones de nuestro servicio de alquiler de coches de alta gama para asegurarte que las cumples antes de poder vivir una experiencia inolvidable en la carretera.<\/p>\n<p>Tener 25 a\u00f1os.<br \/>\nCarn\u00e9 de conducir con un m\u00ednimo de 2 a\u00f1os en vigor.<br \/>\nDisponer de tarjeta bancaria.<br \/>\nAceptamos distintos m\u00e9todos de pago FIAT Y CRYPTO.<br \/>\nConsulta la ubicaci\u00f3n del veh\u00edculo. Traslado no incluido en el precio.<br \/>\nConsulta el precio del traslado del veh\u00edculo a domicilio, hotel u otras ubicaciones.<br \/>\nConsulta la pol\u00edtica de cancelaci\u00f3n con el agente comercial.<br \/>\nNos reservamos el derecho a prestar el servicio.<br \/>\nEs necesario abonar el importe del alquiler y la fianza antes de la prestaci\u00f3n del servicio.<br \/>\nConsultar descuento por m\u00faltiples d\u00edas.<br \/>\nConsulta el periodo m\u00ednimo de d\u00edas requerido de reserva (seg\u00fan temporada) con el agente comercial.<\/p>\n<p>&nbsp;<\/p>\n","protected":false},"excerpt":{"rendered":"<p>\u00bfQuieres adentrarte en el mundo de los SUV deportivos de lujo? Con esencia de superdeportivo y la funcionalidad de un SUV, el Lamborghini Urus Sport combina la elegancia y el lujo del Lamborghini Urus con elementos deportivos que llevan la experiencia de conducci\u00f3n a otro nivel. Impulsado por un motor V8 biturbo de 650 caballos [&hellip;]<\/p>\n","protected":false},"featured_media":0,"template":"","meta":[],"product_brand":[],"product_cat":[20],"product_tag":[],"class_list":{"0":"post-2749","1":"product","2":"type-product","3":"status-publish","5":"product_cat-listeo-booking","7":"first","8":"instock","9":"virtual","10":"sold-individually","11":"purchasable","12":"product-type-listing_booking"},"yoast_head":"<!-- This site is optimized with the Yoast SEO plugin v27.3 - https:\/\/yoast.com\/product\/yoast-seo-wordpress\/ -->\n<title>LAMBORGHINI URUS S - Balufy - The taste of Experience<\/title>\n<meta name=\"robots\" content=\"index, follow, max-snippet:-1, max-image-preview:large, max-video-preview:-1\" \/>\n<link rel=\"canonical\" href=\"https:\/\/balufy.com\/es\/producto\/lamborghini-urus-s\/\" \/>\n<meta property=\"og:locale\" content=\"es_ES\" \/>\n<meta property=\"og:type\" content=\"article\" \/>\n<meta property=\"og:title\" content=\"LAMBORGHINI URUS S - Balufy - The taste of Experience\" \/>\n<meta property=\"og:description\" content=\"\u00bfQuieres adentrarte en el mundo de los SUV deportivos de lujo? Con esencia de superdeportivo y la funcionalidad de un SUV, el Lamborghini Urus Sport combina la elegancia y el lujo del Lamborghini Urus con elementos deportivos que llevan la experiencia de conducci\u00f3n a otro nivel. Impulsado por un motor V8 biturbo de 650 caballos [&hellip;]\" \/>\n<meta property=\"og:url\" content=\"https:\/\/balufy.com\/es\/producto\/lamborghini-urus-s\/\" \/>\n<meta property=\"og:site_name\" content=\"Balufy - The taste of Experience\" \/>\n<meta property=\"article:publisher\" content=\"https:\/\/www.facebook.com\/Balufy-102705001596047\" \/>\n<meta property=\"article:modified_time\" content=\"2024-04-11T16:02:10+00:00\" \/>\n<meta name=\"twitter:card\" content=\"summary_large_image\" \/>\n<meta name=\"twitter:label1\" content=\"Tiempo de lectura\" \/>\n\t<meta name=\"twitter:data1\" content=\"4 minutos\" \/>\n<script type=\"application\/ld+json\" class=\"yoast-schema-graph\">{\"@context\":\"https:\\\/\\\/schema.org\",\"@graph\":[{\"@type\":\"WebPage\",\"@id\":\"https:\\\/\\\/balufy.com\\\/es\\\/producto\\\/lamborghini-urus-s\\\/\",\"url\":\"https:\\\/\\\/balufy.com\\\/es\\\/producto\\\/lamborghini-urus-s\\\/\",\"name\":\"LAMBORGHINI URUS S - Balufy - The taste of Experience\",\"isPartOf\":{\"@id\":\"https:\\\/\\\/balufy.com\\\/es\\\/#website\"},\"datePublished\":\"2024-04-11T13:08:56+00:00\",\"dateModified\":\"2024-04-11T16:02:10+00:00\",\"breadcrumb\":{\"@id\":\"https:\\\/\\\/balufy.com\\\/es\\\/producto\\\/lamborghini-urus-s\\\/#breadcrumb\"},\"inLanguage\":\"es\",\"potentialAction\":[{\"@type\":\"ReadAction\",\"target\":[\"https:\\\/\\\/balufy.com\\\/es\\\/producto\\\/lamborghini-urus-s\\\/\"]}]},{\"@type\":\"BreadcrumbList\",\"@id\":\"https:\\\/\\\/balufy.com\\\/es\\\/producto\\\/lamborghini-urus-s\\\/#breadcrumb\",\"itemListElement\":[{\"@type\":\"ListItem\",\"position\":1,\"name\":\"Portada\",\"item\":\"https:\\\/\\\/balufy.com\\\/\"},{\"@type\":\"ListItem\",\"position\":2,\"name\":\"Shop\",\"item\":\"https:\\\/\\\/balufy.com\\\/es\\\/shop\\\/\"},{\"@type\":\"ListItem\",\"position\":3,\"name\":\"LAMBORGHINI URUS S\"}]},{\"@type\":\"WebSite\",\"@id\":\"https:\\\/\\\/balufy.com\\\/es\\\/#website\",\"url\":\"https:\\\/\\\/balufy.com\\\/es\\\/\",\"name\":\"Balufy - Taste of experience\",\"description\":\"Balufy\",\"publisher\":{\"@id\":\"https:\\\/\\\/balufy.com\\\/es\\\/#organization\"},\"potentialAction\":[{\"@type\":\"SearchAction\",\"target\":{\"@type\":\"EntryPoint\",\"urlTemplate\":\"https:\\\/\\\/balufy.com\\\/es\\\/?s={search_term_string}\"},\"query-input\":{\"@type\":\"PropertyValueSpecification\",\"valueRequired\":true,\"valueName\":\"search_term_string\"}}],\"inLanguage\":\"es\"},{\"@type\":\"Organization\",\"@id\":\"https:\\\/\\\/balufy.com\\\/es\\\/#organization\",\"name\":\"Balufy\",\"url\":\"https:\\\/\\\/balufy.com\\\/es\\\/\",\"logo\":{\"@type\":\"ImageObject\",\"inLanguage\":\"es\",\"@id\":\"https:\\\/\\\/balufy.com\\\/es\\\/#\\\/schema\\\/logo\\\/image\\\/\",\"url\":\"https:\\\/\\\/balufy.com\\\/wp-content\\\/uploads\\\/2022\\\/06\\\/LOGO_PNG.png\",\"contentUrl\":\"https:\\\/\\\/balufy.com\\\/wp-content\\\/uploads\\\/2022\\\/06\\\/LOGO_PNG.png\",\"width\":1366,\"height\":768,\"caption\":\"Balufy\"},\"image\":{\"@id\":\"https:\\\/\\\/balufy.com\\\/es\\\/#\\\/schema\\\/logo\\\/image\\\/\"},\"sameAs\":[\"https:\\\/\\\/www.facebook.com\\\/Balufy-102705001596047\",\"https:\\\/\\\/www.instagram.com\\\/balufy_oficial\\\/\"]}]}<\/script>\n<!-- \/ Yoast SEO plugin. -->","yoast_head_json":{"title":"LAMBORGHINI URUS S - Balufy - The taste of Experience","robots":{"index":"index","follow":"follow","max-snippet":"max-snippet:-1","max-image-preview":"max-image-preview:large","max-video-preview":"max-video-preview:-1"},"canonical":"https:\/\/balufy.com\/es\/producto\/lamborghini-urus-s\/","og_locale":"es_ES","og_type":"article","og_title":"LAMBORGHINI URUS S - Balufy - The taste of Experience","og_description":"\u00bfQuieres adentrarte en el mundo de los SUV deportivos de lujo? Con esencia de superdeportivo y la funcionalidad de un SUV, el Lamborghini Urus Sport combina la elegancia y el lujo del Lamborghini Urus con elementos deportivos que llevan la experiencia de conducci\u00f3n a otro nivel. Impulsado por un motor V8 biturbo de 650 caballos [&hellip;]","og_url":"https:\/\/balufy.com\/es\/producto\/lamborghini-urus-s\/","og_site_name":"Balufy - The taste of Experience","article_publisher":"https:\/\/www.facebook.com\/Balufy-102705001596047","article_modified_time":"2024-04-11T16:02:10+00:00","twitter_card":"summary_large_image","twitter_misc":{"Tiempo de lectura":"4 minutos"},"schema":{"@context":"https:\/\/schema.org","@graph":[{"@type":"WebPage","@id":"https:\/\/balufy.com\/es\/producto\/lamborghini-urus-s\/","url":"https:\/\/balufy.com\/es\/producto\/lamborghini-urus-s\/","name":"LAMBORGHINI URUS S - Balufy - The taste of Experience","isPartOf":{"@id":"https:\/\/balufy.com\/es\/#website"},"datePublished":"2024-04-11T13:08:56+00:00","dateModified":"2024-04-11T16:02:10+00:00","breadcrumb":{"@id":"https:\/\/balufy.com\/es\/producto\/lamborghini-urus-s\/#breadcrumb"},"inLanguage":"es","potentialAction":[{"@type":"ReadAction","target":["https:\/\/balufy.com\/es\/producto\/lamborghini-urus-s\/"]}]},{"@type":"BreadcrumbList","@id":"https:\/\/balufy.com\/es\/producto\/lamborghini-urus-s\/#breadcrumb","itemListElement":[{"@type":"ListItem","position":1,"name":"Portada","item":"https:\/\/balufy.com\/"},{"@type":"ListItem","position":2,"name":"Shop","item":"https:\/\/balufy.com\/es\/shop\/"},{"@type":"ListItem","position":3,"name":"LAMBORGHINI URUS S"}]},{"@type":"WebSite","@id":"https:\/\/balufy.com\/es\/#website","url":"https:\/\/balufy.com\/es\/","name":"Balufy - Taste of experience","description":"Balufy","publisher":{"@id":"https:\/\/balufy.com\/es\/#organization"},"potentialAction":[{"@type":"SearchAction","target":{"@type":"EntryPoint","urlTemplate":"https:\/\/balufy.com\/es\/?s={search_term_string}"},"query-input":{"@type":"PropertyValueSpecification","valueRequired":true,"valueName":"search_term_string"}}],"inLanguage":"es"},{"@type":"Organization","@id":"https:\/\/balufy.com\/es\/#organization","name":"Balufy","url":"https:\/\/balufy.com\/es\/","logo":{"@type":"ImageObject","inLanguage":"es","@id":"https:\/\/balufy.com\/es\/#\/schema\/logo\/image\/","url":"https:\/\/balufy.com\/wp-content\/uploads\/2022\/06\/LOGO_PNG.png","contentUrl":"https:\/\/balufy.com\/wp-content\/uploads\/2022\/06\/LOGO_PNG.png","width":1366,"height":768,"caption":"Balufy"},"image":{"@id":"https:\/\/balufy.com\/es\/#\/schema\/logo\/image\/"},"sameAs":["https:\/\/www.facebook.com\/Balufy-102705001596047","https:\/\/www.instagram.com\/balufy_oficial\/"]}]}},"_links":{"self":[{"href":"https:\/\/balufy.com\/es\/wp-json\/wp\/v2\/product\/2749","targetHints":{"allow":["GET"]}}],"collection":[{"href":"https:\/\/balufy.com\/es\/wp-json\/wp\/v2\/product"}],"about":[{"href":"https:\/\/balufy.com\/es\/wp-json\/wp\/v2\/types\/product"}],"version-history":[{"count":0,"href":"https:\/\/balufy.com\/es\/wp-json\/wp\/v2\/product\/2749\/revisions"}],"wp:attachment":[{"href":"https:\/\/balufy.com\/es\/wp-json\/wp\/v2\/media?parent=2749"}],"wp:term":[{"taxonomy":"product_brand","embeddable":true,"href":"https:\/\/balufy.com\/es\/wp-json\/wp\/v2\/product_brand?post=2749"},{"taxonomy":"product_cat","embeddable":true,"href":"https:\/\/balufy.com\/es\/wp-json\/wp\/v2\/product_cat?post=2749"},{"taxonomy":"product_tag","embeddable":true,"href":"https:\/\/balufy.com\/es\/wp-json\/wp\/v2\/product_tag?post=2749"}],"curies":[{"name":"wp","href":"https:\/\/api.w.org\/{rel}","templated":true}]}}