{"id":2770,"date":"2024-04-11T17:53:17","date_gmt":"2024-04-11T15:53:17","guid":{"rendered":"https:\/\/balufy.com\/product\/lamborghini-huracan-spyder\/"},"modified":"2024-04-11T18:02:14","modified_gmt":"2024-04-11T16:02:14","slug":"lamborghini-huracan-spyder","status":"publish","type":"product","link":"https:\/\/balufy.com\/es\/producto\/lamborghini-huracan-spyder\/","title":{"rendered":"LAMBORGHINI HURAC\u00c1N SPYDER"},"content":{"rendered":"<p>\u00bfQuieres vivir una experiencia de conducci\u00f3n emocionante y vibrante? Alquila un Lamborghini Hurac\u00e1n Spyder y siente como la velocidad y el dise\u00f1o van de la mano.<\/p>\n<p>Este superdeportivo descapotable combina una apariencia elegante con un rendimiento espectacular. Su motor V10 de 610 caballos y una aceleraci\u00f3n de 0 a 100 km\/h en solo 3.4 segundos te har\u00e1n sentir la velocidad y la adrenalina como nunca antes. La potencia, pero, no es lo \u00fanico que destaca del Lamborghini Hurac\u00e1n Spyder. Sus prestaciones y su dise\u00f1o aerodin\u00e1mico con l\u00edneas agresivas lo dotan de una est\u00e9tica \u00fanica que se convertir\u00e1 en el centro de todas las miradas. Adem\u00e1s, el techo retr\u00e1ctil te permitir\u00e1 disfrutar de las sinuosas carreteras de monta\u00f1a o de tu paseo por la gran ciudad con una sensaci\u00f3n de libertad inigualable.<\/p>\n<p><strong>Un superdeportivo descapotable para vivir una gran experiencia<\/strong><br \/>\nCon el Lamborghini Hurac\u00e1n Spyder descapotable vivir\u00e1s una experiencia de conducci\u00f3n sin igual. \u00bfListo para sentir una conexi\u00f3n instant\u00e1nea con la carretera? Con su direcci\u00f3n precisa y la suspensi\u00f3n deportiva que ofrece una conducci\u00f3n \u00e1gil y estable, cada curva se convierte en una ocasi\u00f3n \u00fanica para disfrutar de la estabilidad y el manejo excepcional de este superdeportivo.<\/p>\n<p><strong>Nuestro servicio de alquiler del Lamborghini Hurac\u00e1n Spyder<\/strong><br \/>\nAlquilar un Lamborghini Hurac\u00e1n Spyder con <strong>BALUFY<\/strong> es un proceso sin complicaciones, r\u00e1pido y c\u00f3modo. Trabajamos para ofrecer el mejor servicio a precios atractivos para que puedas conducir las \u00faltimas novedades del mercado. Garantizamos el modelo que te proponemos, aunque los componentes internos o la potencia del motor puedan variar. En caso de que esto ocurra, te enviaremos todas las especificaciones antes de confirmar la reserva.<\/p>\n<p>Nuestra oferta incluye el kilometraje, el seguro, el alquiler diario y todos los pagos adicionales, excepto la garant\u00eda. Adem\u00e1s, nuestro servicio de alquiler del Lamborghini Hurac\u00e1n Spyder tambi\u00e9n comprende la entrega del veh\u00edculo en la direcci\u00f3n indicada y la posibilidad de devolverlo en otra ciudad, si as\u00ed lo necesitas. Para alquilarlo, solo es preciso contar con una licencia de conducir v\u00e1lida y cumplir los requisitos m\u00ednimos de edad y experiencia al volante.<\/p>\n<p>Te brindamos los precios m\u00e1s flexibles del mercado y ofrecemos descuentos especiales a nuestros clientes habituales. Asimismo, al alquilar un Lamborghini Hurac\u00e1n Spyder con <strong>BALUFY<\/strong>, tendr\u00e1s acceso a nuestro servicio de soporte durante todo el d\u00eda para que puedas comunicarte con nosotros cuando lo necesites.<\/p>\n<p>Nuestro objetivo es que disfrutes sin preocupaciones, por eso, te facilitamos la reserva de tu veh\u00edculo de lujo a trav\u00e9s de nuestra p\u00e1gina web, correo electr\u00f3nico o WhatsApp. \u00a1No cobramos comisiones ni hay tarifas ocultas! Puedes consultar los t\u00e9rminos y condiciones del contrato de alquiler aqu\u00ed.<\/p>\n<p><strong>Tu coche donde quieras<\/strong><br \/>\nAlquila un Lamborghini Hurac\u00e1n Spyder con <strong>BALUFY<\/strong> sin preocupaciones, nosotros nos encargamos de todo. Entregaremos el veh\u00edculo en el lugar y momento que elijas, con todas las especificaciones y garantizando total confidencialidad. Adem\u00e1s, si es necesario, podr\u00e1s devolver el coche en otra ciudad sin ning\u00fan tipo de problema. El proceso de alquiler es sencillo, solo requiere una licencia de conducir, tener 25 a\u00f1os y contar con al menos 2 a\u00f1os de experiencia al volante. \u00a1Todo lo que tienes que hacer es disfrutar de la carretera!<\/p>\n<p>No dejes pasar esta oportunidad de hacer realidad tus sue\u00f1os. Alquila un Lamborghini Hurac\u00e1n Spyder y vive una experiencia inolvidable. Ponte en contacto con nosotros y calcularemos el precio exacto del alquiler.<\/p>\n<p><strong>Condiciones de alquiler<\/strong><br \/>\nSi est\u00e1s pensando en alquilar con BALUFY debes conocer las condiciones de nuestro servicio de alquiler de coches de alta gama para asegurarte que las cumples antes de poder vivir una experiencia inolvidable en la carretera.<\/p>\n<p>Tener 25 a\u00f1os.<br \/>\nCarn\u00e9 de conducir con un m\u00ednimo de 2 a\u00f1os en vigor.<br \/>\nDisponer de tarjeta bancaria.<br \/>\nAceptamos distintos m\u00e9todos de pago FIAT Y CRYPTO.<br \/>\nConsulta la ubicaci\u00f3n del veh\u00edculo. Traslado no incluido en el precio.<br \/>\nConsulta el precio del traslado del veh\u00edculo a domicilio, hotel u otras ubicaciones.<br \/>\nConsulta la pol\u00edtica de cancelaci\u00f3n con el agente comercial.<br \/>\nNos reservamos el derecho a prestar el servicio.<br \/>\nEs necesario abonar el importe del alquiler y la fianza antes de la prestaci\u00f3n del servicio.<br \/>\nConsultar descuento por m\u00faltiples d\u00edas.<br \/>\nConsulta el periodo m\u00ednimo de d\u00edas requerido de reserva (seg\u00fan temporada) con el agente comercial.<\/p>\n<p>&nbsp;<\/p>\n","protected":false},"excerpt":{"rendered":"<p>\u00bfQuieres vivir una experiencia de conducci\u00f3n emocionante y vibrante? Alquila un Lamborghini Hurac\u00e1n Spyder y siente como la velocidad y el dise\u00f1o van de la mano. Este superdeportivo descapotable combina una apariencia elegante con un rendimiento espectacular. Su motor V10 de 610 caballos y una aceleraci\u00f3n de 0 a 100 km\/h en solo 3.4 segundos [&hellip;]<\/p>\n","protected":false},"featured_media":0,"template":"","meta":[],"product_brand":[],"product_cat":[20],"product_tag":[],"class_list":{"0":"post-2770","1":"product","2":"type-product","3":"status-publish","5":"product_cat-listeo-booking","7":"first","8":"instock","9":"virtual","10":"sold-individually","11":"purchasable","12":"product-type-listing_booking"},"yoast_head":"<!-- This site is optimized with the Yoast SEO plugin v27.3 - https:\/\/yoast.com\/product\/yoast-seo-wordpress\/ -->\n<title>LAMBORGHINI HURAC\u00c1N SPYDER - Balufy - The taste of Experience<\/title>\n<meta name=\"robots\" content=\"index, follow, max-snippet:-1, max-image-preview:large, max-video-preview:-1\" \/>\n<link rel=\"canonical\" href=\"https:\/\/balufy.com\/es\/producto\/lamborghini-huracan-spyder\/\" \/>\n<meta property=\"og:locale\" content=\"es_ES\" \/>\n<meta property=\"og:type\" content=\"article\" \/>\n<meta property=\"og:title\" content=\"LAMBORGHINI HURAC\u00c1N SPYDER - Balufy - The taste of Experience\" \/>\n<meta property=\"og:description\" content=\"\u00bfQuieres vivir una experiencia de conducci\u00f3n emocionante y vibrante? Alquila un Lamborghini Hurac\u00e1n Spyder y siente como la velocidad y el dise\u00f1o van de la mano. Este superdeportivo descapotable combina una apariencia elegante con un rendimiento espectacular. Su motor V10 de 610 caballos y una aceleraci\u00f3n de 0 a 100 km\/h en solo 3.4 segundos [&hellip;]\" \/>\n<meta property=\"og:url\" content=\"https:\/\/balufy.com\/es\/producto\/lamborghini-huracan-spyder\/\" \/>\n<meta property=\"og:site_name\" content=\"Balufy - The taste of Experience\" \/>\n<meta property=\"article:publisher\" content=\"https:\/\/www.facebook.com\/Balufy-102705001596047\" \/>\n<meta property=\"article:modified_time\" content=\"2024-04-11T16:02:14+00:00\" \/>\n<meta name=\"twitter:card\" content=\"summary_large_image\" \/>\n<meta name=\"twitter:label1\" content=\"Tiempo de lectura\" \/>\n\t<meta name=\"twitter:data1\" content=\"4 minutos\" \/>\n<script type=\"application\/ld+json\" class=\"yoast-schema-graph\">{\"@context\":\"https:\\\/\\\/schema.org\",\"@graph\":[{\"@type\":\"WebPage\",\"@id\":\"https:\\\/\\\/balufy.com\\\/en\\\/product\\\/lamborghini-huracan-spyder\\\/\",\"url\":\"https:\\\/\\\/balufy.com\\\/en\\\/product\\\/lamborghini-huracan-spyder\\\/\",\"name\":\"LAMBORGHINI HURAC\u00c1N SPYDER - Balufy - The taste of Experience\",\"isPartOf\":{\"@id\":\"https:\\\/\\\/balufy.com\\\/es\\\/#website\"},\"datePublished\":\"2024-04-11T15:53:17+00:00\",\"dateModified\":\"2024-04-11T16:02:14+00:00\",\"breadcrumb\":{\"@id\":\"https:\\\/\\\/balufy.com\\\/en\\\/product\\\/lamborghini-huracan-spyder\\\/#breadcrumb\"},\"inLanguage\":\"es\",\"potentialAction\":[{\"@type\":\"ReadAction\",\"target\":[\"https:\\\/\\\/balufy.com\\\/en\\\/product\\\/lamborghini-huracan-spyder\\\/\"]}]},{\"@type\":\"BreadcrumbList\",\"@id\":\"https:\\\/\\\/balufy.com\\\/en\\\/product\\\/lamborghini-huracan-spyder\\\/#breadcrumb\",\"itemListElement\":[{\"@type\":\"ListItem\",\"position\":1,\"name\":\"Portada\",\"item\":\"https:\\\/\\\/balufy.com\\\/\"},{\"@type\":\"ListItem\",\"position\":2,\"name\":\"Shop\",\"item\":\"https:\\\/\\\/balufy.com\\\/es\\\/shop\\\/\"},{\"@type\":\"ListItem\",\"position\":3,\"name\":\"LAMBORGHINI HURAC\u00c1N SPYDER\"}]},{\"@type\":\"WebSite\",\"@id\":\"https:\\\/\\\/balufy.com\\\/es\\\/#website\",\"url\":\"https:\\\/\\\/balufy.com\\\/es\\\/\",\"name\":\"Balufy - Taste of experience\",\"description\":\"Balufy\",\"publisher\":{\"@id\":\"https:\\\/\\\/balufy.com\\\/es\\\/#organization\"},\"potentialAction\":[{\"@type\":\"SearchAction\",\"target\":{\"@type\":\"EntryPoint\",\"urlTemplate\":\"https:\\\/\\\/balufy.com\\\/es\\\/?s={search_term_string}\"},\"query-input\":{\"@type\":\"PropertyValueSpecification\",\"valueRequired\":true,\"valueName\":\"search_term_string\"}}],\"inLanguage\":\"es\"},{\"@type\":\"Organization\",\"@id\":\"https:\\\/\\\/balufy.com\\\/es\\\/#organization\",\"name\":\"Balufy\",\"url\":\"https:\\\/\\\/balufy.com\\\/es\\\/\",\"logo\":{\"@type\":\"ImageObject\",\"inLanguage\":\"es\",\"@id\":\"https:\\\/\\\/balufy.com\\\/es\\\/#\\\/schema\\\/logo\\\/image\\\/\",\"url\":\"https:\\\/\\\/balufy.com\\\/wp-content\\\/uploads\\\/2022\\\/06\\\/LOGO_PNG.png\",\"contentUrl\":\"https:\\\/\\\/balufy.com\\\/wp-content\\\/uploads\\\/2022\\\/06\\\/LOGO_PNG.png\",\"width\":1366,\"height\":768,\"caption\":\"Balufy\"},\"image\":{\"@id\":\"https:\\\/\\\/balufy.com\\\/es\\\/#\\\/schema\\\/logo\\\/image\\\/\"},\"sameAs\":[\"https:\\\/\\\/www.facebook.com\\\/Balufy-102705001596047\",\"https:\\\/\\\/www.instagram.com\\\/balufy_oficial\\\/\"]}]}<\/script>\n<!-- \/ Yoast SEO plugin. -->","yoast_head_json":{"title":"LAMBORGHINI HURAC\u00c1N SPYDER - Balufy - The taste of Experience","robots":{"index":"index","follow":"follow","max-snippet":"max-snippet:-1","max-image-preview":"max-image-preview:large","max-video-preview":"max-video-preview:-1"},"canonical":"https:\/\/balufy.com\/es\/producto\/lamborghini-huracan-spyder\/","og_locale":"es_ES","og_type":"article","og_title":"LAMBORGHINI HURAC\u00c1N SPYDER - Balufy - The taste of Experience","og_description":"\u00bfQuieres vivir una experiencia de conducci\u00f3n emocionante y vibrante? Alquila un Lamborghini Hurac\u00e1n Spyder y siente como la velocidad y el dise\u00f1o van de la mano. Este superdeportivo descapotable combina una apariencia elegante con un rendimiento espectacular. Su motor V10 de 610 caballos y una aceleraci\u00f3n de 0 a 100 km\/h en solo 3.4 segundos [&hellip;]","og_url":"https:\/\/balufy.com\/es\/producto\/lamborghini-huracan-spyder\/","og_site_name":"Balufy - The taste of Experience","article_publisher":"https:\/\/www.facebook.com\/Balufy-102705001596047","article_modified_time":"2024-04-11T16:02:14+00:00","twitter_card":"summary_large_image","twitter_misc":{"Tiempo de lectura":"4 minutos"},"schema":{"@context":"https:\/\/schema.org","@graph":[{"@type":"WebPage","@id":"https:\/\/balufy.com\/en\/product\/lamborghini-huracan-spyder\/","url":"https:\/\/balufy.com\/en\/product\/lamborghini-huracan-spyder\/","name":"LAMBORGHINI HURAC\u00c1N SPYDER - Balufy - The taste of Experience","isPartOf":{"@id":"https:\/\/balufy.com\/es\/#website"},"datePublished":"2024-04-11T15:53:17+00:00","dateModified":"2024-04-11T16:02:14+00:00","breadcrumb":{"@id":"https:\/\/balufy.com\/en\/product\/lamborghini-huracan-spyder\/#breadcrumb"},"inLanguage":"es","potentialAction":[{"@type":"ReadAction","target":["https:\/\/balufy.com\/en\/product\/lamborghini-huracan-spyder\/"]}]},{"@type":"BreadcrumbList","@id":"https:\/\/balufy.com\/en\/product\/lamborghini-huracan-spyder\/#breadcrumb","itemListElement":[{"@type":"ListItem","position":1,"name":"Portada","item":"https:\/\/balufy.com\/"},{"@type":"ListItem","position":2,"name":"Shop","item":"https:\/\/balufy.com\/es\/shop\/"},{"@type":"ListItem","position":3,"name":"LAMBORGHINI HURAC\u00c1N SPYDER"}]},{"@type":"WebSite","@id":"https:\/\/balufy.com\/es\/#website","url":"https:\/\/balufy.com\/es\/","name":"Balufy - Taste of experience","description":"Balufy","publisher":{"@id":"https:\/\/balufy.com\/es\/#organization"},"potentialAction":[{"@type":"SearchAction","target":{"@type":"EntryPoint","urlTemplate":"https:\/\/balufy.com\/es\/?s={search_term_string}"},"query-input":{"@type":"PropertyValueSpecification","valueRequired":true,"valueName":"search_term_string"}}],"inLanguage":"es"},{"@type":"Organization","@id":"https:\/\/balufy.com\/es\/#organization","name":"Balufy","url":"https:\/\/balufy.com\/es\/","logo":{"@type":"ImageObject","inLanguage":"es","@id":"https:\/\/balufy.com\/es\/#\/schema\/logo\/image\/","url":"https:\/\/balufy.com\/wp-content\/uploads\/2022\/06\/LOGO_PNG.png","contentUrl":"https:\/\/balufy.com\/wp-content\/uploads\/2022\/06\/LOGO_PNG.png","width":1366,"height":768,"caption":"Balufy"},"image":{"@id":"https:\/\/balufy.com\/es\/#\/schema\/logo\/image\/"},"sameAs":["https:\/\/www.facebook.com\/Balufy-102705001596047","https:\/\/www.instagram.com\/balufy_oficial\/"]}]}},"_links":{"self":[{"href":"https:\/\/balufy.com\/es\/wp-json\/wp\/v2\/product\/2770","targetHints":{"allow":["GET"]}}],"collection":[{"href":"https:\/\/balufy.com\/es\/wp-json\/wp\/v2\/product"}],"about":[{"href":"https:\/\/balufy.com\/es\/wp-json\/wp\/v2\/types\/product"}],"version-history":[{"count":0,"href":"https:\/\/balufy.com\/es\/wp-json\/wp\/v2\/product\/2770\/revisions"}],"wp:attachment":[{"href":"https:\/\/balufy.com\/es\/wp-json\/wp\/v2\/media?parent=2770"}],"wp:term":[{"taxonomy":"product_brand","embeddable":true,"href":"https:\/\/balufy.com\/es\/wp-json\/wp\/v2\/product_brand?post=2770"},{"taxonomy":"product_cat","embeddable":true,"href":"https:\/\/balufy.com\/es\/wp-json\/wp\/v2\/product_cat?post=2770"},{"taxonomy":"product_tag","embeddable":true,"href":"https:\/\/balufy.com\/es\/wp-json\/wp\/v2\/product_tag?post=2770"}],"curies":[{"name":"wp","href":"https:\/\/api.w.org\/{rel}","templated":true}]}}