{"id":3072,"date":"2024-04-24T13:44:35","date_gmt":"2024-04-24T11:44:35","guid":{"rendered":"https:\/\/balufy.com\/product\/villa-sol\/"},"modified":"2025-04-07T06:13:26","modified_gmt":"2025-04-07T04:13:26","slug":"villa-sol","status":"publish","type":"product","link":"https:\/\/balufy.com\/es\/producto\/villa-sol\/","title":{"rendered":"Villa Sol"},"content":{"rendered":"<p>La villa en Cala Santanyi posee 5 dormitorio(s) y capacidad para 10 personas.<br \/>\nAlojamiento de 200 m\u00b2 coqueto y totalmente equipado, con vistas al jard\u00edn y a la piscina.<\/p>\n<p>Dispone de jard\u00edn, mobiliario jard\u00edn, parcela vallada, terraza, barbacoa, plancha, acceso internet (wifi), secador, balc\u00f3n, calefacci\u00f3n bomba de calor, aire acondicionado, piscina privada, parking aire libre en mismo edificio, Televisi\u00f3n, tv satelite (Idiomas: Espa\u00f1ol, Alem\u00e1n), radio.<\/p>\n<p>La cocina americana, de vitrocer\u00e1mica, est\u00e1 equipada con nevera, horno, congelador, lavadora, lavavajillas, vajilla\/cuberter\u00eda, utensilios\/cocina, cafetera, tostadora, hervidor de agua y exprimidor.<\/p>\n<p><strong>\u00bfQu\u00e9 hay en la villa?<\/strong><br \/>\nLos hu\u00e9spedes disponen de ropa de cama, toallas y toallas de piscina. En la cocina hay un peque\u00f1o suministro b\u00e1sico de especias y aceite. Tambi\u00e9n se proporciona detergente para lavavajillas, pastillas para lavavajillas y 1-2 bolsas de basura. Si un art\u00edculo ya no est\u00e1 disponible, se entiende que si usted es autosuficiente, este art\u00edculo ser\u00e1 comprado. En los aseos hay jab\u00f3n de manos y 1-2 rollos de papel higi\u00e9nico para la llegada. Si necesita algo m\u00e1s para el equipamiento b\u00e1sico, p\u00f3ngase en contacto con nosotros.<\/p>\n<p><strong>Informaci\u00f3n \u00fatil:<\/strong><\/p>\n<p>Se encuentra a 800 m de la playa de arena \u00abCala Santany\u00ed\u00bb, 800 m de la ciudad \u00abCala Santany\u00ed\u00bb, 800 m del supermercado \u00abSpar Supermarkt Cala Santany\u00ed\u00bb, 800 m de la estaci\u00f3n de autobuses \u00abCala Santany\u00ed\u00bb, 800 m del restaurante \u00abRestaurants in Cala Santany\u00ed\u00bb, 3 km del restaurante \u00abRestaurants in Santany\u00ed\u00bb, 3 km del supermercado \u00abEroski, Lidel, Agromart in Santany\u00ed\u00bb, 3 km de la ciudad \u00abSantany\u00ed\u00bb, 4 km del restaurante \u00abRestaurants in Cala Figuera\u00bb, 6 km de la playa de arena \u00abCala S\u00b4Amarador\u00bb, 6 km del parque natural \u00abNaturpark Mondrag\u00f3\u00bb, 10 km de la playa de arena \u00abCala Llombards\u00bb, 14 km del campo de Golf \u00abVall D\u00b4Or Golf\u00bb, 18 km de la playa de roca \u00abCap de Ses Salines\u00bb, 19 km del supermercado \u00abAldi\u00bb, 20 km de la playa de arena \u00abEs Trenc\u00bb, 43 km del parque acu\u00e1tico \u00abAqualand El Arenal\u00bb, 50 km del aeropuerto \u00abPalma de Mallorca Airport (PMI)\u00bb y est\u00e1 ubicado en una zona ideal para familias y dentro de una urbanizaci\u00f3n.<\/p>\n<p><strong>\u00a1IMPORTANTE!<\/strong><br \/>\nTodos los hu\u00e9spedes que se alojen en una casa vacacional en Mallorca est\u00e1n obligados a pagar la tasa tur\u00edstica local. Algunos portales no lo cobran. En este caso recibir\u00e1 la informaci\u00f3n por separado con respecto a este pago. Adem\u00e1s, tenga en cuenta que la Agencia cobra un dep\u00f3sito reembolsable. Es posible reducir la fianza a 100\u20ac por estancia si el hu\u00e9sped contrata un seguro que cubra los posibles da\u00f1os a la casa de vacaciones. Todos los detalles se proporcionar\u00e1n en el correo electr\u00f3nico de confirmaci\u00f3n de la reserva.<\/p>\n<p><strong>Servicios obligatorios o incluidos<\/strong><\/p>\n<p>Acceso a Internet: Incluido<br \/>\nLimpieza final: 250,00 \u20ac \/reserva<br \/>\nRopa de cama: Incluida (cambio cada 7 d\u00edas)<br \/>\nToallas: Incluida (cambio cada 7 d\u00edas)<\/p>\n<p><strong>Servicios opcionales<\/strong><br \/>\nAire acondicionado: Seg\u00fan temporada\u00a0 Disponible:Desde el 1\/6 Hasta el 30\/9 Precio: Incluido<br \/>\nCalefacci\u00f3n: Incluida<br \/>\nCuna: Incluida<br \/>\nde la 2\u00aa cuna: 40,00 \u20ac \/reserva<br \/>\nEarly Check-in: 60,00 \u20ac \/reserva<br \/>\nLate Check-Out: 60,00 \u20ac \/reserva<br \/>\nSilla de beb\u00e9: Incluida<br \/>\nToallas de playa: Seg\u00fan temporada Disponible:Desde el 1\/5 Hasta el 31\/10. Precio: 15,00 \u20ac \/persona<br \/>\n<strong>Organiza tu horario<\/strong><br \/>\nHorario de entrada:Todos los d\u00edas de 16:00 a 0:00h<\/p>\n<p>Horario de salida:Antes de las 10:00h<\/p>\n<p>Fianza (reembolsable)<br \/>\nImporte: 400,00 \u20ac \/reserva.Forma de pago: Retenci\u00f3n en tarjeta.A pagar a la llegada.<br \/>\n<strong>\u00a0Observaciones<\/strong><\/p>\n<p>&#8211; Este alquiler no acepta los grupos de j\u00f3venes (Hasta 22 a\u00f1os)<br \/>\n&#8211; No se permite fumar<br \/>\n&#8211; No se admiten mascotas<\/p>\n<p><strong>Notas adicionales<\/strong><br \/>\nEn temporada baja la hora de entrada y de salida son flexibles. Contactar con la agencia para concretar las horas.<br \/>\nLlegada fuera de horario: Llaves en buz\u00f3n con c\u00f3digo. Se ha de abonar la totalidad de la reserva por adelantado.<\/p>\n<p>&nbsp;<\/p>\n<p>&nbsp;<\/p>\n","protected":false},"excerpt":{"rendered":"<p>La villa en Cala Santanyi posee 5 dormitorio(s) y capacidad para 10 personas. Alojamiento de 200 m\u00b2 coqueto y totalmente equipado, con vistas al jard\u00edn y a la piscina. Dispone de jard\u00edn, mobiliario jard\u00edn, parcela vallada, terraza, barbacoa, plancha, acceso internet (wifi), secador, balc\u00f3n, calefacci\u00f3n bomba de calor, aire acondicionado, piscina privada, parking aire libre [&hellip;]<\/p>\n","protected":false},"featured_media":0,"template":"","meta":[],"product_brand":[],"product_cat":[20],"product_tag":[],"class_list":{"0":"post-3072","1":"product","2":"type-product","3":"status-publish","5":"product_cat-listeo-booking","7":"first","8":"instock","9":"virtual","10":"sold-individually","11":"purchasable","12":"product-type-listing_booking"},"yoast_head":"<!-- This site is optimized with the Yoast SEO plugin v27.3 - https:\/\/yoast.com\/product\/yoast-seo-wordpress\/ -->\n<title>Villa Sol - Balufy - The taste of Experience<\/title>\n<meta name=\"robots\" content=\"index, follow, max-snippet:-1, max-image-preview:large, max-video-preview:-1\" \/>\n<link rel=\"canonical\" href=\"https:\/\/balufy.com\/es\/producto\/villa-sol\/\" \/>\n<meta property=\"og:locale\" content=\"es_ES\" \/>\n<meta property=\"og:type\" content=\"article\" \/>\n<meta property=\"og:title\" content=\"Villa Sol - Balufy - The taste of Experience\" \/>\n<meta property=\"og:description\" content=\"La villa en Cala Santanyi posee 5 dormitorio(s) y capacidad para 10 personas. Alojamiento de 200 m\u00b2 coqueto y totalmente equipado, con vistas al jard\u00edn y a la piscina. Dispone de jard\u00edn, mobiliario jard\u00edn, parcela vallada, terraza, barbacoa, plancha, acceso internet (wifi), secador, balc\u00f3n, calefacci\u00f3n bomba de calor, aire acondicionado, piscina privada, parking aire libre [&hellip;]\" \/>\n<meta property=\"og:url\" content=\"https:\/\/balufy.com\/es\/producto\/villa-sol\/\" \/>\n<meta property=\"og:site_name\" content=\"Balufy - The taste of Experience\" \/>\n<meta property=\"article:publisher\" content=\"https:\/\/www.facebook.com\/Balufy-102705001596047\" \/>\n<meta property=\"article:modified_time\" content=\"2025-04-07T04:13:26+00:00\" \/>\n<meta name=\"twitter:card\" content=\"summary_large_image\" \/>\n<meta name=\"twitter:label1\" content=\"Tiempo de lectura\" \/>\n\t<meta name=\"twitter:data1\" content=\"3 minutos\" \/>\n<script type=\"application\/ld+json\" class=\"yoast-schema-graph\">{\"@context\":\"https:\\\/\\\/schema.org\",\"@graph\":[{\"@type\":\"WebPage\",\"@id\":\"https:\\\/\\\/balufy.com\\\/producto\\\/villa-sol\\\/\",\"url\":\"https:\\\/\\\/balufy.com\\\/producto\\\/villa-sol\\\/\",\"name\":\"Villa Sol - Balufy - The taste of Experience\",\"isPartOf\":{\"@id\":\"https:\\\/\\\/balufy.com\\\/es\\\/#website\"},\"datePublished\":\"2024-04-24T11:44:35+00:00\",\"dateModified\":\"2025-04-07T04:13:26+00:00\",\"breadcrumb\":{\"@id\":\"https:\\\/\\\/balufy.com\\\/producto\\\/villa-sol\\\/#breadcrumb\"},\"inLanguage\":\"es\",\"potentialAction\":[{\"@type\":\"ReadAction\",\"target\":[\"https:\\\/\\\/balufy.com\\\/producto\\\/villa-sol\\\/\"]}]},{\"@type\":\"BreadcrumbList\",\"@id\":\"https:\\\/\\\/balufy.com\\\/producto\\\/villa-sol\\\/#breadcrumb\",\"itemListElement\":[{\"@type\":\"ListItem\",\"position\":1,\"name\":\"Portada\",\"item\":\"https:\\\/\\\/balufy.com\\\/\"},{\"@type\":\"ListItem\",\"position\":2,\"name\":\"Shop\",\"item\":\"https:\\\/\\\/balufy.com\\\/es\\\/shop\\\/\"},{\"@type\":\"ListItem\",\"position\":3,\"name\":\"Villa Sol\"}]},{\"@type\":\"WebSite\",\"@id\":\"https:\\\/\\\/balufy.com\\\/es\\\/#website\",\"url\":\"https:\\\/\\\/balufy.com\\\/es\\\/\",\"name\":\"Balufy - Taste of experience\",\"description\":\"Balufy\",\"publisher\":{\"@id\":\"https:\\\/\\\/balufy.com\\\/es\\\/#organization\"},\"potentialAction\":[{\"@type\":\"SearchAction\",\"target\":{\"@type\":\"EntryPoint\",\"urlTemplate\":\"https:\\\/\\\/balufy.com\\\/es\\\/?s={search_term_string}\"},\"query-input\":{\"@type\":\"PropertyValueSpecification\",\"valueRequired\":true,\"valueName\":\"search_term_string\"}}],\"inLanguage\":\"es\"},{\"@type\":\"Organization\",\"@id\":\"https:\\\/\\\/balufy.com\\\/es\\\/#organization\",\"name\":\"Balufy\",\"url\":\"https:\\\/\\\/balufy.com\\\/es\\\/\",\"logo\":{\"@type\":\"ImageObject\",\"inLanguage\":\"es\",\"@id\":\"https:\\\/\\\/balufy.com\\\/es\\\/#\\\/schema\\\/logo\\\/image\\\/\",\"url\":\"https:\\\/\\\/balufy.com\\\/wp-content\\\/uploads\\\/2022\\\/06\\\/LOGO_PNG.png\",\"contentUrl\":\"https:\\\/\\\/balufy.com\\\/wp-content\\\/uploads\\\/2022\\\/06\\\/LOGO_PNG.png\",\"width\":1366,\"height\":768,\"caption\":\"Balufy\"},\"image\":{\"@id\":\"https:\\\/\\\/balufy.com\\\/es\\\/#\\\/schema\\\/logo\\\/image\\\/\"},\"sameAs\":[\"https:\\\/\\\/www.facebook.com\\\/Balufy-102705001596047\",\"https:\\\/\\\/www.instagram.com\\\/balufy_oficial\\\/\"]}]}<\/script>\n<!-- \/ Yoast SEO plugin. -->","yoast_head_json":{"title":"Villa Sol - Balufy - The taste of Experience","robots":{"index":"index","follow":"follow","max-snippet":"max-snippet:-1","max-image-preview":"max-image-preview:large","max-video-preview":"max-video-preview:-1"},"canonical":"https:\/\/balufy.com\/es\/producto\/villa-sol\/","og_locale":"es_ES","og_type":"article","og_title":"Villa Sol - Balufy - The taste of Experience","og_description":"La villa en Cala Santanyi posee 5 dormitorio(s) y capacidad para 10 personas. Alojamiento de 200 m\u00b2 coqueto y totalmente equipado, con vistas al jard\u00edn y a la piscina. Dispone de jard\u00edn, mobiliario jard\u00edn, parcela vallada, terraza, barbacoa, plancha, acceso internet (wifi), secador, balc\u00f3n, calefacci\u00f3n bomba de calor, aire acondicionado, piscina privada, parking aire libre [&hellip;]","og_url":"https:\/\/balufy.com\/es\/producto\/villa-sol\/","og_site_name":"Balufy - The taste of Experience","article_publisher":"https:\/\/www.facebook.com\/Balufy-102705001596047","article_modified_time":"2025-04-07T04:13:26+00:00","twitter_card":"summary_large_image","twitter_misc":{"Tiempo de lectura":"3 minutos"},"schema":{"@context":"https:\/\/schema.org","@graph":[{"@type":"WebPage","@id":"https:\/\/balufy.com\/producto\/villa-sol\/","url":"https:\/\/balufy.com\/producto\/villa-sol\/","name":"Villa Sol - Balufy - The taste of Experience","isPartOf":{"@id":"https:\/\/balufy.com\/es\/#website"},"datePublished":"2024-04-24T11:44:35+00:00","dateModified":"2025-04-07T04:13:26+00:00","breadcrumb":{"@id":"https:\/\/balufy.com\/producto\/villa-sol\/#breadcrumb"},"inLanguage":"es","potentialAction":[{"@type":"ReadAction","target":["https:\/\/balufy.com\/producto\/villa-sol\/"]}]},{"@type":"BreadcrumbList","@id":"https:\/\/balufy.com\/producto\/villa-sol\/#breadcrumb","itemListElement":[{"@type":"ListItem","position":1,"name":"Portada","item":"https:\/\/balufy.com\/"},{"@type":"ListItem","position":2,"name":"Shop","item":"https:\/\/balufy.com\/es\/shop\/"},{"@type":"ListItem","position":3,"name":"Villa Sol"}]},{"@type":"WebSite","@id":"https:\/\/balufy.com\/es\/#website","url":"https:\/\/balufy.com\/es\/","name":"Balufy - Taste of experience","description":"Balufy","publisher":{"@id":"https:\/\/balufy.com\/es\/#organization"},"potentialAction":[{"@type":"SearchAction","target":{"@type":"EntryPoint","urlTemplate":"https:\/\/balufy.com\/es\/?s={search_term_string}"},"query-input":{"@type":"PropertyValueSpecification","valueRequired":true,"valueName":"search_term_string"}}],"inLanguage":"es"},{"@type":"Organization","@id":"https:\/\/balufy.com\/es\/#organization","name":"Balufy","url":"https:\/\/balufy.com\/es\/","logo":{"@type":"ImageObject","inLanguage":"es","@id":"https:\/\/balufy.com\/es\/#\/schema\/logo\/image\/","url":"https:\/\/balufy.com\/wp-content\/uploads\/2022\/06\/LOGO_PNG.png","contentUrl":"https:\/\/balufy.com\/wp-content\/uploads\/2022\/06\/LOGO_PNG.png","width":1366,"height":768,"caption":"Balufy"},"image":{"@id":"https:\/\/balufy.com\/es\/#\/schema\/logo\/image\/"},"sameAs":["https:\/\/www.facebook.com\/Balufy-102705001596047","https:\/\/www.instagram.com\/balufy_oficial\/"]}]}},"_links":{"self":[{"href":"https:\/\/balufy.com\/es\/wp-json\/wp\/v2\/product\/3072","targetHints":{"allow":["GET"]}}],"collection":[{"href":"https:\/\/balufy.com\/es\/wp-json\/wp\/v2\/product"}],"about":[{"href":"https:\/\/balufy.com\/es\/wp-json\/wp\/v2\/types\/product"}],"version-history":[{"count":0,"href":"https:\/\/balufy.com\/es\/wp-json\/wp\/v2\/product\/3072\/revisions"}],"wp:attachment":[{"href":"https:\/\/balufy.com\/es\/wp-json\/wp\/v2\/media?parent=3072"}],"wp:term":[{"taxonomy":"product_brand","embeddable":true,"href":"https:\/\/balufy.com\/es\/wp-json\/wp\/v2\/product_brand?post=3072"},{"taxonomy":"product_cat","embeddable":true,"href":"https:\/\/balufy.com\/es\/wp-json\/wp\/v2\/product_cat?post=3072"},{"taxonomy":"product_tag","embeddable":true,"href":"https:\/\/balufy.com\/es\/wp-json\/wp\/v2\/product_tag?post=3072"}],"curies":[{"name":"wp","href":"https:\/\/api.w.org\/{rel}","templated":true}]}}