{"id":3344,"date":"2024-04-28T20:56:07","date_gmt":"2024-04-28T18:56:07","guid":{"rendered":"https:\/\/balufy.com\/product\/finca-el-sueno\/"},"modified":"2025-04-02T16:29:38","modified_gmt":"2025-04-02T14:29:38","slug":"finca-el-sueno","status":"publish","type":"product","link":"https:\/\/balufy.com\/es\/producto\/finca-el-sueno\/","title":{"rendered":"Finca El Sue\u00f1o"},"content":{"rendered":"<p>Finca El Sue\u00f1o es una villa moderna con incre\u00edbles vistas situada en la zona de Santany\u00ed<br \/>\nVilla de 4 dormitorios y 4 ba\u00f1os con piscina privada, aire acondicionado y WiFi. Tiene capacidad para un m\u00e1ximo de 8 personas.<\/p>\n<p>Finca El Sue\u00f1o es una casa de campo original y equipada de alta calidad. Est\u00e1 situada a unos 2,5 km al suroeste de Santanyi, una de las zonas m\u00e1s bellas del sureste de la isla de Mallorca.<\/p>\n<p>El ambiente es \u00fanico, su estancia ser\u00e1 una experiencia inolvidable.<\/p>\n<p>La casa tiene cuatro grandes dormitorios, cada uno con acceso directo al \u00e1rea de ba\u00f1o. Dos de ellas est\u00e1n en la planta superior de la casa principal y dos habitaciones en la dependencia conectada a la casa principal.<\/p>\n<p>Hay una amplia cocina (totalmente equipada), un gran comedor y una gran sala de estar con TV y equipo de m\u00fasica. La televisi\u00f3n por cable y el Wifi est\u00e1n disponibles de forma gratuita.<\/p>\n<p>Directamente en la casa hay una gran zona de barbacoa con acceso directo a la cocina.<\/p>\n<p>En el camino a la piscina se puede admirar el excelente jard\u00edn. En la piscina hay una peque\u00f1a cocina y espacio suficiente para los \u00abadoradores del sol\u00bb. Tambi\u00e9n hay un gran toldo, que puede extenderse para protegerse del sol.<\/p>\n<p>Frente a la entrada principal de la finca, pero en la zona vallada de la propiedad, hay suficiente espacio de aparcamiento.<\/p>\n<p>La Finca El Sue\u00f1o es una experiencia \u00fanica y le garantiza unas vacaciones relajantes.<\/p>\n<p><strong>Por favor, tenga en cuenta:<\/strong><\/p>\n<p>&#8211; se cobrar\u00e1 una tasa de reserva de 150 EUR por cada reserva<br \/>\n&#8211; al hacer la reserva se pagar\u00e1 el impuesto ecol\u00f3gico de las Baleares de 2,20 EUR por noche y por persona<br \/>\n&#8211; un dep\u00f3sito reembolsable por rotura, cuyo importe est\u00e1 relacionado con la propiedad, tambi\u00e9n se requerir\u00e1 al reservar<br \/>\n&#8211; calefacci\u00f3n de la piscina: si est\u00e1 disponible y se desea en la propiedad se cobrar\u00e1 un adicional de 500 EUR<br \/>\n&#8211; calefacci\u00f3n central de gasoil disponible bajo petici\u00f3n entre noviembre y marzo a 30 EUR extra por d\u00eda<\/p>\n<p><strong>Servicios obligatorios o incluidos<\/strong><br \/>\nBooking Fee: 150,00 \u20ac \/reserva<br \/>\nRopa de cama: Incluida<br \/>\nToallas: Incluida<\/p>\n<p><strong>Servicios opcionales<\/strong><br \/>\nAcceso a Internet: Incluido<\/p>\n<p>Tasas<br \/>\nTasa tur\u00edstica: Incluido en el precio total<\/p>\n<p><strong>Organiza tu horario<\/strong><br \/>\nHorario de entrada:Todos los d\u00edas de 16:00 a 0:00<\/p>\n<p>Horario de salida:Antes de las 10:00<\/p>\n<p>Fianza (reembolsable)<br \/>\nImporte:\u00a0500,00 \u20ac \/reservaForma de pago:\u00a0Retenci\u00f3n en tarjetaCon el \u00faltimo pago.<br \/>\n<strong>\u00a0Observaciones<\/strong><\/p>\n<p>&#8211; No se permite fumar<br \/>\n&#8211; No se admiten mascotas<\/p>\n","protected":false},"excerpt":{"rendered":"<p>Finca El Sue\u00f1o es una villa moderna con incre\u00edbles vistas situada en la zona de Santany\u00ed Villa de 4 dormitorios y 4 ba\u00f1os con piscina privada, aire acondicionado y WiFi. Tiene capacidad para un m\u00e1ximo de 8 personas. Finca El Sue\u00f1o es una casa de campo original y equipada de alta calidad. Est\u00e1 situada a [&hellip;]<\/p>\n","protected":false},"featured_media":0,"template":"","meta":[],"product_brand":[],"product_cat":[20],"product_tag":[],"class_list":{"0":"post-3344","1":"product","2":"type-product","3":"status-publish","5":"product_cat-listeo-booking","7":"first","8":"instock","9":"virtual","10":"sold-individually","11":"purchasable","12":"product-type-listing_booking"},"yoast_head":"<!-- This site is optimized with the Yoast SEO plugin v27.3 - https:\/\/yoast.com\/product\/yoast-seo-wordpress\/ -->\n<title>Finca El Sue\u00f1o - Balufy - The taste of Experience<\/title>\n<meta name=\"robots\" content=\"index, follow, max-snippet:-1, max-image-preview:large, max-video-preview:-1\" \/>\n<link rel=\"canonical\" href=\"https:\/\/balufy.com\/es\/producto\/finca-el-sueno\/\" \/>\n<meta property=\"og:locale\" content=\"es_ES\" \/>\n<meta property=\"og:type\" content=\"article\" \/>\n<meta property=\"og:title\" content=\"Finca El Sue\u00f1o - Balufy - The taste of Experience\" \/>\n<meta property=\"og:description\" content=\"Finca El Sue\u00f1o es una villa moderna con incre\u00edbles vistas situada en la zona de Santany\u00ed Villa de 4 dormitorios y 4 ba\u00f1os con piscina privada, aire acondicionado y WiFi. Tiene capacidad para un m\u00e1ximo de 8 personas. Finca El Sue\u00f1o es una casa de campo original y equipada de alta calidad. Est\u00e1 situada a [&hellip;]\" \/>\n<meta property=\"og:url\" content=\"https:\/\/balufy.com\/es\/producto\/finca-el-sueno\/\" \/>\n<meta property=\"og:site_name\" content=\"Balufy - The taste of Experience\" \/>\n<meta property=\"article:publisher\" content=\"https:\/\/www.facebook.com\/Balufy-102705001596047\" \/>\n<meta property=\"article:modified_time\" content=\"2025-04-02T14:29:38+00:00\" \/>\n<meta name=\"twitter:card\" content=\"summary_large_image\" \/>\n<meta name=\"twitter:label1\" content=\"Tiempo de lectura\" \/>\n\t<meta name=\"twitter:data1\" content=\"2 minutos\" \/>\n<script type=\"application\/ld+json\" class=\"yoast-schema-graph\">{\"@context\":\"https:\\\/\\\/schema.org\",\"@graph\":[{\"@type\":\"WebPage\",\"@id\":\"https:\\\/\\\/balufy.com\\\/es\\\/producto\\\/finca-el-sueno\\\/\",\"url\":\"https:\\\/\\\/balufy.com\\\/es\\\/producto\\\/finca-el-sueno\\\/\",\"name\":\"Finca El Sue\u00f1o - Balufy - The taste of Experience\",\"isPartOf\":{\"@id\":\"https:\\\/\\\/balufy.com\\\/es\\\/#website\"},\"datePublished\":\"2024-04-28T18:56:07+00:00\",\"dateModified\":\"2025-04-02T14:29:38+00:00\",\"breadcrumb\":{\"@id\":\"https:\\\/\\\/balufy.com\\\/es\\\/producto\\\/finca-el-sueno\\\/#breadcrumb\"},\"inLanguage\":\"es\",\"potentialAction\":[{\"@type\":\"ReadAction\",\"target\":[\"https:\\\/\\\/balufy.com\\\/es\\\/producto\\\/finca-el-sueno\\\/\"]}]},{\"@type\":\"BreadcrumbList\",\"@id\":\"https:\\\/\\\/balufy.com\\\/es\\\/producto\\\/finca-el-sueno\\\/#breadcrumb\",\"itemListElement\":[{\"@type\":\"ListItem\",\"position\":1,\"name\":\"Portada\",\"item\":\"https:\\\/\\\/balufy.com\\\/\"},{\"@type\":\"ListItem\",\"position\":2,\"name\":\"Shop\",\"item\":\"https:\\\/\\\/balufy.com\\\/es\\\/shop\\\/\"},{\"@type\":\"ListItem\",\"position\":3,\"name\":\"Finca El Sue\u00f1o\"}]},{\"@type\":\"WebSite\",\"@id\":\"https:\\\/\\\/balufy.com\\\/es\\\/#website\",\"url\":\"https:\\\/\\\/balufy.com\\\/es\\\/\",\"name\":\"Balufy - Taste of experience\",\"description\":\"Balufy\",\"publisher\":{\"@id\":\"https:\\\/\\\/balufy.com\\\/es\\\/#organization\"},\"potentialAction\":[{\"@type\":\"SearchAction\",\"target\":{\"@type\":\"EntryPoint\",\"urlTemplate\":\"https:\\\/\\\/balufy.com\\\/es\\\/?s={search_term_string}\"},\"query-input\":{\"@type\":\"PropertyValueSpecification\",\"valueRequired\":true,\"valueName\":\"search_term_string\"}}],\"inLanguage\":\"es\"},{\"@type\":\"Organization\",\"@id\":\"https:\\\/\\\/balufy.com\\\/es\\\/#organization\",\"name\":\"Balufy\",\"url\":\"https:\\\/\\\/balufy.com\\\/es\\\/\",\"logo\":{\"@type\":\"ImageObject\",\"inLanguage\":\"es\",\"@id\":\"https:\\\/\\\/balufy.com\\\/es\\\/#\\\/schema\\\/logo\\\/image\\\/\",\"url\":\"https:\\\/\\\/balufy.com\\\/wp-content\\\/uploads\\\/2022\\\/06\\\/LOGO_PNG.png\",\"contentUrl\":\"https:\\\/\\\/balufy.com\\\/wp-content\\\/uploads\\\/2022\\\/06\\\/LOGO_PNG.png\",\"width\":1366,\"height\":768,\"caption\":\"Balufy\"},\"image\":{\"@id\":\"https:\\\/\\\/balufy.com\\\/es\\\/#\\\/schema\\\/logo\\\/image\\\/\"},\"sameAs\":[\"https:\\\/\\\/www.facebook.com\\\/Balufy-102705001596047\",\"https:\\\/\\\/www.instagram.com\\\/balufy_oficial\\\/\"]}]}<\/script>\n<!-- \/ Yoast SEO plugin. -->","yoast_head_json":{"title":"Finca El Sue\u00f1o - Balufy - The taste of Experience","robots":{"index":"index","follow":"follow","max-snippet":"max-snippet:-1","max-image-preview":"max-image-preview:large","max-video-preview":"max-video-preview:-1"},"canonical":"https:\/\/balufy.com\/es\/producto\/finca-el-sueno\/","og_locale":"es_ES","og_type":"article","og_title":"Finca El Sue\u00f1o - Balufy - The taste of Experience","og_description":"Finca El Sue\u00f1o es una villa moderna con incre\u00edbles vistas situada en la zona de Santany\u00ed Villa de 4 dormitorios y 4 ba\u00f1os con piscina privada, aire acondicionado y WiFi. Tiene capacidad para un m\u00e1ximo de 8 personas. Finca El Sue\u00f1o es una casa de campo original y equipada de alta calidad. Est\u00e1 situada a [&hellip;]","og_url":"https:\/\/balufy.com\/es\/producto\/finca-el-sueno\/","og_site_name":"Balufy - The taste of Experience","article_publisher":"https:\/\/www.facebook.com\/Balufy-102705001596047","article_modified_time":"2025-04-02T14:29:38+00:00","twitter_card":"summary_large_image","twitter_misc":{"Tiempo de lectura":"2 minutos"},"schema":{"@context":"https:\/\/schema.org","@graph":[{"@type":"WebPage","@id":"https:\/\/balufy.com\/es\/producto\/finca-el-sueno\/","url":"https:\/\/balufy.com\/es\/producto\/finca-el-sueno\/","name":"Finca El Sue\u00f1o - Balufy - The taste of Experience","isPartOf":{"@id":"https:\/\/balufy.com\/es\/#website"},"datePublished":"2024-04-28T18:56:07+00:00","dateModified":"2025-04-02T14:29:38+00:00","breadcrumb":{"@id":"https:\/\/balufy.com\/es\/producto\/finca-el-sueno\/#breadcrumb"},"inLanguage":"es","potentialAction":[{"@type":"ReadAction","target":["https:\/\/balufy.com\/es\/producto\/finca-el-sueno\/"]}]},{"@type":"BreadcrumbList","@id":"https:\/\/balufy.com\/es\/producto\/finca-el-sueno\/#breadcrumb","itemListElement":[{"@type":"ListItem","position":1,"name":"Portada","item":"https:\/\/balufy.com\/"},{"@type":"ListItem","position":2,"name":"Shop","item":"https:\/\/balufy.com\/es\/shop\/"},{"@type":"ListItem","position":3,"name":"Finca El Sue\u00f1o"}]},{"@type":"WebSite","@id":"https:\/\/balufy.com\/es\/#website","url":"https:\/\/balufy.com\/es\/","name":"Balufy - Taste of experience","description":"Balufy","publisher":{"@id":"https:\/\/balufy.com\/es\/#organization"},"potentialAction":[{"@type":"SearchAction","target":{"@type":"EntryPoint","urlTemplate":"https:\/\/balufy.com\/es\/?s={search_term_string}"},"query-input":{"@type":"PropertyValueSpecification","valueRequired":true,"valueName":"search_term_string"}}],"inLanguage":"es"},{"@type":"Organization","@id":"https:\/\/balufy.com\/es\/#organization","name":"Balufy","url":"https:\/\/balufy.com\/es\/","logo":{"@type":"ImageObject","inLanguage":"es","@id":"https:\/\/balufy.com\/es\/#\/schema\/logo\/image\/","url":"https:\/\/balufy.com\/wp-content\/uploads\/2022\/06\/LOGO_PNG.png","contentUrl":"https:\/\/balufy.com\/wp-content\/uploads\/2022\/06\/LOGO_PNG.png","width":1366,"height":768,"caption":"Balufy"},"image":{"@id":"https:\/\/balufy.com\/es\/#\/schema\/logo\/image\/"},"sameAs":["https:\/\/www.facebook.com\/Balufy-102705001596047","https:\/\/www.instagram.com\/balufy_oficial\/"]}]}},"_links":{"self":[{"href":"https:\/\/balufy.com\/es\/wp-json\/wp\/v2\/product\/3344","targetHints":{"allow":["GET"]}}],"collection":[{"href":"https:\/\/balufy.com\/es\/wp-json\/wp\/v2\/product"}],"about":[{"href":"https:\/\/balufy.com\/es\/wp-json\/wp\/v2\/types\/product"}],"version-history":[{"count":0,"href":"https:\/\/balufy.com\/es\/wp-json\/wp\/v2\/product\/3344\/revisions"}],"wp:attachment":[{"href":"https:\/\/balufy.com\/es\/wp-json\/wp\/v2\/media?parent=3344"}],"wp:term":[{"taxonomy":"product_brand","embeddable":true,"href":"https:\/\/balufy.com\/es\/wp-json\/wp\/v2\/product_brand?post=3344"},{"taxonomy":"product_cat","embeddable":true,"href":"https:\/\/balufy.com\/es\/wp-json\/wp\/v2\/product_cat?post=3344"},{"taxonomy":"product_tag","embeddable":true,"href":"https:\/\/balufy.com\/es\/wp-json\/wp\/v2\/product_tag?post=3344"}],"curies":[{"name":"wp","href":"https:\/\/api.w.org\/{rel}","templated":true}]}}