{"id":3389,"date":"2024-05-20T20:06:56","date_gmt":"2024-05-20T18:06:56","guid":{"rendered":"https:\/\/balufy.com\/product\/trimarchi-85-dylet-2\/"},"modified":"2025-04-07T06:10:36","modified_gmt":"2025-04-07T04:10:36","slug":"trimarchi-85-dylet-2","status":"publish","type":"product","link":"https:\/\/balufy.com\/es\/producto\/trimarchi-85-dylet-2\/","title":{"rendered":"TRIMARCHI 85 DYLET"},"content":{"rendered":"<p><strong>CARACTERISTICAS:<\/strong><\/p>\n<p>8,5m eslora<\/p>\n<p>9 plazas<\/p>\n<p>350 CV<\/p>\n<p><strong>PRECIO:<\/strong><br \/>\n<strong>ABRIL &#8211; OCTUBRE :<\/strong><br \/>\n<strong>4H: 400 \u20ac<\/strong><br \/>\n<strong>8H: 640\u20ac<\/strong><br \/>\n<strong>MAYO &#8211; SEPTIEMBRE:<\/strong><br \/>\n<strong>4H: 500\u20ac<\/strong><br \/>\n<strong>8H: 740\u20ac<\/strong><br \/>\n<strong>JUNIO:\u00a0<\/strong><br \/>\n<strong>4H: 550\u20ac<\/strong><br \/>\n<strong>8H: 750\u20ac<br \/>\nJULIO &#8211; AGOSTO<br \/>\n4H: 550\u20ac<br \/>\n8H: 800\u20ac<\/strong><\/p>\n<p><strong>*No incluye combustible*<\/strong><\/p>\n<p>Dispone de molinete el\u00e9ctrico, camarote amplio, WC el\u00e9ctrico, ducha, equipo m\u00fasica, amplio toldo, nevera, amplio sol\u00e1rium en proa muy amplia y c\u00f3moda. Ba\u00f1o el\u00e9ctrico camarote amplio sol\u00e1rium proa y popa ducha music amplio toldo doble sol\u00e1rium<\/p>\n<p>&nbsp;<\/p>\n<p><strong>\u00a1ATENCI\u00d3N A LA SELECCI\u00d3N DE HORARIOS!<\/strong><\/p>\n<p><strong>LA ELECCI\u00d3N DE 2H:<\/strong><\/p>\n<p><strong>La selecci\u00f3n de las 2h en temporada BAJA y MEDIA se podr\u00e1 realizar durante todo el d\u00eda, en temporada ALTA \u00a1SOLO SE PODR\u00c1 EN HORARIO SUNSET (ATARDECER)!<\/strong><br \/>\n<strong>440\u20ac Incluye patron y gasolina \u00a1SOLO EN \u00c1REA LOCAL!<\/strong><br \/>\n<strong>LA ELECCI\u00d3N DE 4H:<\/strong><\/p>\n<p><strong>El horario de ma\u00f1ana sera de 9:30 a 13:30<\/strong><br \/>\n<strong>El horario de tarde sera de 14:30 a 18:30<\/strong><br \/>\n<strong>LA ELECCI\u00d3N DE 8H:<\/strong><\/p>\n<p><strong>El horario\u00a0 sera de 9:00 a 17:00 \u2013 10:00 a 18:00<\/strong><br \/>\n<strong>*Para mas informaci\u00f3n, modificaci\u00f3n, disponibilidad y reservas\u00a0 llamar al +34 608 007 085*<\/strong><\/p>\n<p><strong>*Las reservas realizadas online SE HAN DE CONFIRMAR OBLIGATORIAMENTE V\u00cdA TELEF\u00d3NICA O WHATSAPP*<\/strong><\/p>\n","protected":false},"excerpt":{"rendered":"<p>CARACTERISTICAS: 8,5m eslora 9 plazas 350 CV PRECIO: ABRIL &#8211; OCTUBRE : 4H: 400 \u20ac 8H: 640\u20ac MAYO &#8211; SEPTIEMBRE: 4H: 500\u20ac 8H: 740\u20ac JUNIO:\u00a0 4H: 550\u20ac 8H: 750\u20ac JULIO &#8211; AGOSTO 4H: 550\u20ac 8H: 800\u20ac *No incluye combustible* Dispone de molinete el\u00e9ctrico, camarote amplio, WC el\u00e9ctrico, ducha, equipo m\u00fasica, amplio toldo, nevera, amplio sol\u00e1rium [&hellip;]<\/p>\n","protected":false},"featured_media":0,"template":"","meta":[],"product_brand":[],"product_cat":[20],"product_tag":[],"class_list":{"0":"post-3389","1":"product","2":"type-product","3":"status-publish","5":"product_cat-listeo-booking","7":"first","8":"instock","9":"virtual","10":"sold-individually","11":"purchasable","12":"product-type-listing_booking"},"yoast_head":"<!-- This site is optimized with the Yoast SEO plugin v27.3 - https:\/\/yoast.com\/product\/yoast-seo-wordpress\/ -->\n<title>TRIMARCHI 85 DYLET - Balufy - The taste of Experience<\/title>\n<meta name=\"robots\" content=\"index, follow, max-snippet:-1, max-image-preview:large, max-video-preview:-1\" \/>\n<link rel=\"canonical\" href=\"https:\/\/balufy.com\/es\/producto\/trimarchi-85-dylet-2\/\" \/>\n<meta property=\"og:locale\" content=\"es_ES\" \/>\n<meta property=\"og:type\" content=\"article\" \/>\n<meta property=\"og:title\" content=\"TRIMARCHI 85 DYLET - Balufy - The taste of Experience\" \/>\n<meta property=\"og:description\" content=\"CARACTERISTICAS: 8,5m eslora 9 plazas 350 CV PRECIO: ABRIL &#8211; OCTUBRE : 4H: 400 \u20ac 8H: 640\u20ac MAYO &#8211; SEPTIEMBRE: 4H: 500\u20ac 8H: 740\u20ac JUNIO:\u00a0 4H: 550\u20ac 8H: 750\u20ac JULIO &#8211; AGOSTO 4H: 550\u20ac 8H: 800\u20ac *No incluye combustible* Dispone de molinete el\u00e9ctrico, camarote amplio, WC el\u00e9ctrico, ducha, equipo m\u00fasica, amplio toldo, nevera, amplio sol\u00e1rium [&hellip;]\" \/>\n<meta property=\"og:url\" content=\"https:\/\/balufy.com\/es\/producto\/trimarchi-85-dylet-2\/\" \/>\n<meta property=\"og:site_name\" content=\"Balufy - The taste of Experience\" \/>\n<meta property=\"article:publisher\" content=\"https:\/\/www.facebook.com\/Balufy-102705001596047\" \/>\n<meta property=\"article:modified_time\" content=\"2025-04-07T04:10:36+00:00\" \/>\n<meta name=\"twitter:card\" content=\"summary_large_image\" \/>\n<meta name=\"twitter:label1\" content=\"Tiempo de lectura\" \/>\n\t<meta name=\"twitter:data1\" content=\"1 minuto\" \/>\n<script type=\"application\/ld+json\" class=\"yoast-schema-graph\">{\"@context\":\"https:\\\/\\\/schema.org\",\"@graph\":[{\"@type\":\"WebPage\",\"@id\":\"https:\\\/\\\/balufy.com\\\/producto\\\/trimarchi-85-dylet-2\\\/\",\"url\":\"https:\\\/\\\/balufy.com\\\/producto\\\/trimarchi-85-dylet-2\\\/\",\"name\":\"TRIMARCHI 85 DYLET - Balufy - The taste of Experience\",\"isPartOf\":{\"@id\":\"https:\\\/\\\/balufy.com\\\/es\\\/#website\"},\"datePublished\":\"2024-05-20T18:06:56+00:00\",\"dateModified\":\"2025-04-07T04:10:36+00:00\",\"breadcrumb\":{\"@id\":\"https:\\\/\\\/balufy.com\\\/producto\\\/trimarchi-85-dylet-2\\\/#breadcrumb\"},\"inLanguage\":\"es\",\"potentialAction\":[{\"@type\":\"ReadAction\",\"target\":[\"https:\\\/\\\/balufy.com\\\/producto\\\/trimarchi-85-dylet-2\\\/\"]}]},{\"@type\":\"BreadcrumbList\",\"@id\":\"https:\\\/\\\/balufy.com\\\/producto\\\/trimarchi-85-dylet-2\\\/#breadcrumb\",\"itemListElement\":[{\"@type\":\"ListItem\",\"position\":1,\"name\":\"Portada\",\"item\":\"https:\\\/\\\/balufy.com\\\/\"},{\"@type\":\"ListItem\",\"position\":2,\"name\":\"Shop\",\"item\":\"https:\\\/\\\/balufy.com\\\/es\\\/shop\\\/\"},{\"@type\":\"ListItem\",\"position\":3,\"name\":\"TRIMARCHI 85 DYLET\"}]},{\"@type\":\"WebSite\",\"@id\":\"https:\\\/\\\/balufy.com\\\/es\\\/#website\",\"url\":\"https:\\\/\\\/balufy.com\\\/es\\\/\",\"name\":\"Balufy - Taste of experience\",\"description\":\"Balufy\",\"publisher\":{\"@id\":\"https:\\\/\\\/balufy.com\\\/es\\\/#organization\"},\"potentialAction\":[{\"@type\":\"SearchAction\",\"target\":{\"@type\":\"EntryPoint\",\"urlTemplate\":\"https:\\\/\\\/balufy.com\\\/es\\\/?s={search_term_string}\"},\"query-input\":{\"@type\":\"PropertyValueSpecification\",\"valueRequired\":true,\"valueName\":\"search_term_string\"}}],\"inLanguage\":\"es\"},{\"@type\":\"Organization\",\"@id\":\"https:\\\/\\\/balufy.com\\\/es\\\/#organization\",\"name\":\"Balufy\",\"url\":\"https:\\\/\\\/balufy.com\\\/es\\\/\",\"logo\":{\"@type\":\"ImageObject\",\"inLanguage\":\"es\",\"@id\":\"https:\\\/\\\/balufy.com\\\/es\\\/#\\\/schema\\\/logo\\\/image\\\/\",\"url\":\"https:\\\/\\\/balufy.com\\\/wp-content\\\/uploads\\\/2022\\\/06\\\/LOGO_PNG.png\",\"contentUrl\":\"https:\\\/\\\/balufy.com\\\/wp-content\\\/uploads\\\/2022\\\/06\\\/LOGO_PNG.png\",\"width\":1366,\"height\":768,\"caption\":\"Balufy\"},\"image\":{\"@id\":\"https:\\\/\\\/balufy.com\\\/es\\\/#\\\/schema\\\/logo\\\/image\\\/\"},\"sameAs\":[\"https:\\\/\\\/www.facebook.com\\\/Balufy-102705001596047\",\"https:\\\/\\\/www.instagram.com\\\/balufy_oficial\\\/\"]}]}<\/script>\n<!-- \/ Yoast SEO plugin. -->","yoast_head_json":{"title":"TRIMARCHI 85 DYLET - Balufy - The taste of Experience","robots":{"index":"index","follow":"follow","max-snippet":"max-snippet:-1","max-image-preview":"max-image-preview:large","max-video-preview":"max-video-preview:-1"},"canonical":"https:\/\/balufy.com\/es\/producto\/trimarchi-85-dylet-2\/","og_locale":"es_ES","og_type":"article","og_title":"TRIMARCHI 85 DYLET - Balufy - The taste of Experience","og_description":"CARACTERISTICAS: 8,5m eslora 9 plazas 350 CV PRECIO: ABRIL &#8211; OCTUBRE : 4H: 400 \u20ac 8H: 640\u20ac MAYO &#8211; SEPTIEMBRE: 4H: 500\u20ac 8H: 740\u20ac JUNIO:\u00a0 4H: 550\u20ac 8H: 750\u20ac JULIO &#8211; AGOSTO 4H: 550\u20ac 8H: 800\u20ac *No incluye combustible* Dispone de molinete el\u00e9ctrico, camarote amplio, WC el\u00e9ctrico, ducha, equipo m\u00fasica, amplio toldo, nevera, amplio sol\u00e1rium [&hellip;]","og_url":"https:\/\/balufy.com\/es\/producto\/trimarchi-85-dylet-2\/","og_site_name":"Balufy - The taste of Experience","article_publisher":"https:\/\/www.facebook.com\/Balufy-102705001596047","article_modified_time":"2025-04-07T04:10:36+00:00","twitter_card":"summary_large_image","twitter_misc":{"Tiempo de lectura":"1 minuto"},"schema":{"@context":"https:\/\/schema.org","@graph":[{"@type":"WebPage","@id":"https:\/\/balufy.com\/producto\/trimarchi-85-dylet-2\/","url":"https:\/\/balufy.com\/producto\/trimarchi-85-dylet-2\/","name":"TRIMARCHI 85 DYLET - Balufy - The taste of Experience","isPartOf":{"@id":"https:\/\/balufy.com\/es\/#website"},"datePublished":"2024-05-20T18:06:56+00:00","dateModified":"2025-04-07T04:10:36+00:00","breadcrumb":{"@id":"https:\/\/balufy.com\/producto\/trimarchi-85-dylet-2\/#breadcrumb"},"inLanguage":"es","potentialAction":[{"@type":"ReadAction","target":["https:\/\/balufy.com\/producto\/trimarchi-85-dylet-2\/"]}]},{"@type":"BreadcrumbList","@id":"https:\/\/balufy.com\/producto\/trimarchi-85-dylet-2\/#breadcrumb","itemListElement":[{"@type":"ListItem","position":1,"name":"Portada","item":"https:\/\/balufy.com\/"},{"@type":"ListItem","position":2,"name":"Shop","item":"https:\/\/balufy.com\/es\/shop\/"},{"@type":"ListItem","position":3,"name":"TRIMARCHI 85 DYLET"}]},{"@type":"WebSite","@id":"https:\/\/balufy.com\/es\/#website","url":"https:\/\/balufy.com\/es\/","name":"Balufy - Taste of experience","description":"Balufy","publisher":{"@id":"https:\/\/balufy.com\/es\/#organization"},"potentialAction":[{"@type":"SearchAction","target":{"@type":"EntryPoint","urlTemplate":"https:\/\/balufy.com\/es\/?s={search_term_string}"},"query-input":{"@type":"PropertyValueSpecification","valueRequired":true,"valueName":"search_term_string"}}],"inLanguage":"es"},{"@type":"Organization","@id":"https:\/\/balufy.com\/es\/#organization","name":"Balufy","url":"https:\/\/balufy.com\/es\/","logo":{"@type":"ImageObject","inLanguage":"es","@id":"https:\/\/balufy.com\/es\/#\/schema\/logo\/image\/","url":"https:\/\/balufy.com\/wp-content\/uploads\/2022\/06\/LOGO_PNG.png","contentUrl":"https:\/\/balufy.com\/wp-content\/uploads\/2022\/06\/LOGO_PNG.png","width":1366,"height":768,"caption":"Balufy"},"image":{"@id":"https:\/\/balufy.com\/es\/#\/schema\/logo\/image\/"},"sameAs":["https:\/\/www.facebook.com\/Balufy-102705001596047","https:\/\/www.instagram.com\/balufy_oficial\/"]}]}},"_links":{"self":[{"href":"https:\/\/balufy.com\/es\/wp-json\/wp\/v2\/product\/3389","targetHints":{"allow":["GET"]}}],"collection":[{"href":"https:\/\/balufy.com\/es\/wp-json\/wp\/v2\/product"}],"about":[{"href":"https:\/\/balufy.com\/es\/wp-json\/wp\/v2\/types\/product"}],"version-history":[{"count":0,"href":"https:\/\/balufy.com\/es\/wp-json\/wp\/v2\/product\/3389\/revisions"}],"wp:attachment":[{"href":"https:\/\/balufy.com\/es\/wp-json\/wp\/v2\/media?parent=3389"}],"wp:term":[{"taxonomy":"product_brand","embeddable":true,"href":"https:\/\/balufy.com\/es\/wp-json\/wp\/v2\/product_brand?post=3389"},{"taxonomy":"product_cat","embeddable":true,"href":"https:\/\/balufy.com\/es\/wp-json\/wp\/v2\/product_cat?post=3389"},{"taxonomy":"product_tag","embeddable":true,"href":"https:\/\/balufy.com\/es\/wp-json\/wp\/v2\/product_tag?post=3389"}],"curies":[{"name":"wp","href":"https:\/\/api.w.org\/{rel}","templated":true}]}}