{"id":3431,"date":"2024-05-20T22:51:37","date_gmt":"2024-05-20T20:51:37","guid":{"rendered":"https:\/\/balufy.com\/product\/cattleya-6-5-open\/"},"modified":"2025-04-07T06:09:21","modified_gmt":"2025-04-07T04:09:21","slug":"cattleya-6-5-open","status":"publish","type":"product","link":"https:\/\/balufy.com\/es\/producto\/cattleya-6-5-open\/","title":{"rendered":"CATTLEYA 6.5 OPEN"},"content":{"rendered":"<p><strong>CARACTERISTICAS:<\/strong><\/p>\n<p>6,5m eslora<\/p>\n<p>8 plazas<\/p>\n<p>170 CV<\/p>\n<p><strong>PRECIO:<\/strong><br \/>\n<strong>TEMPORDA BAJA :<\/strong><br \/>\n<strong>2H: 150\u20ac<\/strong><br \/>\n<strong>4H: 260\u20ac<\/strong><br \/>\n<strong>8H:\u00a0 340\u20ac<\/strong><br \/>\n<strong>TEMPORADA MEDIA:<\/strong><br \/>\n<strong>2H: 175\u20ac<\/strong><br \/>\n<strong>4H: 270\u20ac<\/strong><br \/>\n<strong>8H: 370\u20ac<\/strong><br \/>\n<strong>TEMPORADA ALTA:<\/strong><br \/>\n<strong>2H: 190\u20ac<\/strong><br \/>\n<strong>4H: 340\u20ac<\/strong><br \/>\n<strong>8H: 490\u20ac<\/strong><\/p>\n<p>&nbsp;<\/p>\n<p><strong>*No incluye combustible*<\/strong><\/p>\n<p>Provista de toldo con zona de solarium, radio bluethoot,\u00a0 en proa y popa plataforma ba\u00f1o muy amplia y c\u00f3moda, con una seguridad interior gracias a su alto franco-bordo que ar\u00e1 de la navegaci\u00f3n segura y confortable.<\/p>\n<p>Gracias a su proa de dise\u00f1o que surcar\u00e1 las aguas excepcionalmente.<\/p>\n<p>&nbsp;<\/p>\n<p><strong>\u00a1ATENCI\u00d3N A LA SELECCI\u00d3N DE HORARIOS!<\/strong><\/p>\n<p><strong>LA ELECCI\u00d3N DE 2H:<\/strong><\/p>\n<p><strong>La selecci\u00f3n de las 2h en temporada BAJA y MEDIA se podr\u00e1 realizar durante todo el d\u00eda, en temporada ALTA \u00a1SOLO SE PODR\u00c1 EN HORARIO SUNSET (ATARDECER)!<\/strong><br \/>\n<strong>LA ELECCI\u00d3N DE 4H:<\/strong><\/p>\n<p><strong>El horario de ma\u00f1ana sera de 9:30 a 13:30<\/strong><br \/>\n<strong>El horario de tarde sera de 14:30 a 18:30<\/strong><br \/>\n<strong>LA ELECCI\u00d3N DE 8H:<\/strong><\/p>\n<p><strong>El horario\u00a0 sera de 9:00 a 17:00 \u2013 10:00 a 18:00<\/strong><br \/>\n<strong>*Para mas informaci\u00f3n, modificaci\u00f3n, disponibilidad y reservas\u00a0 llamar al +34 608 007 085*<\/strong><\/p>\n<p><strong>*Las reservas realizadas online SE HAN DE CONFIRMAR OBLIGATORIAMENTE V\u00cdA TELEF\u00d3NICA O WHATSAPP*<\/strong><\/p>\n","protected":false},"excerpt":{"rendered":"<p>CARACTERISTICAS: 6,5m eslora 8 plazas 170 CV PRECIO: TEMPORDA BAJA : 2H: 150\u20ac 4H: 260\u20ac 8H:\u00a0 340\u20ac TEMPORADA MEDIA: 2H: 175\u20ac 4H: 270\u20ac 8H: 370\u20ac TEMPORADA ALTA: 2H: 190\u20ac 4H: 340\u20ac 8H: 490\u20ac &nbsp; *No incluye combustible* Provista de toldo con zona de solarium, radio bluethoot,\u00a0 en proa y popa plataforma ba\u00f1o muy amplia y [&hellip;]<\/p>\n","protected":false},"featured_media":0,"template":"","meta":[],"product_brand":[],"product_cat":[20],"product_tag":[],"class_list":{"0":"post-3431","1":"product","2":"type-product","3":"status-publish","5":"product_cat-listeo-booking","7":"first","8":"instock","9":"virtual","10":"sold-individually","11":"purchasable","12":"product-type-listing_booking"},"yoast_head":"<!-- This site is optimized with the Yoast SEO plugin v27.3 - https:\/\/yoast.com\/product\/yoast-seo-wordpress\/ -->\n<title>CATTLEYA 6.5 OPEN - Balufy - The taste of Experience<\/title>\n<meta name=\"robots\" content=\"index, follow, max-snippet:-1, max-image-preview:large, max-video-preview:-1\" \/>\n<link rel=\"canonical\" href=\"https:\/\/balufy.com\/es\/producto\/cattleya-6-5-open\/\" \/>\n<meta property=\"og:locale\" content=\"es_ES\" \/>\n<meta property=\"og:type\" content=\"article\" \/>\n<meta property=\"og:title\" content=\"CATTLEYA 6.5 OPEN - Balufy - The taste of Experience\" \/>\n<meta property=\"og:description\" content=\"CARACTERISTICAS: 6,5m eslora 8 plazas 170 CV PRECIO: TEMPORDA BAJA : 2H: 150\u20ac 4H: 260\u20ac 8H:\u00a0 340\u20ac TEMPORADA MEDIA: 2H: 175\u20ac 4H: 270\u20ac 8H: 370\u20ac TEMPORADA ALTA: 2H: 190\u20ac 4H: 340\u20ac 8H: 490\u20ac &nbsp; *No incluye combustible* Provista de toldo con zona de solarium, radio bluethoot,\u00a0 en proa y popa plataforma ba\u00f1o muy amplia y [&hellip;]\" \/>\n<meta property=\"og:url\" content=\"https:\/\/balufy.com\/es\/producto\/cattleya-6-5-open\/\" \/>\n<meta property=\"og:site_name\" content=\"Balufy - The taste of Experience\" \/>\n<meta property=\"article:publisher\" content=\"https:\/\/www.facebook.com\/Balufy-102705001596047\" \/>\n<meta property=\"article:modified_time\" content=\"2025-04-07T04:09:21+00:00\" \/>\n<meta name=\"twitter:card\" content=\"summary_large_image\" \/>\n<meta name=\"twitter:label1\" content=\"Tiempo de lectura\" \/>\n\t<meta name=\"twitter:data1\" content=\"1 minuto\" \/>\n<script type=\"application\/ld+json\" class=\"yoast-schema-graph\">{\"@context\":\"https:\\\/\\\/schema.org\",\"@graph\":[{\"@type\":\"WebPage\",\"@id\":\"https:\\\/\\\/balufy.com\\\/producto\\\/cattleya-6-5-open\\\/\",\"url\":\"https:\\\/\\\/balufy.com\\\/producto\\\/cattleya-6-5-open\\\/\",\"name\":\"CATTLEYA 6.5 OPEN - Balufy - The taste of Experience\",\"isPartOf\":{\"@id\":\"https:\\\/\\\/balufy.com\\\/es\\\/#website\"},\"datePublished\":\"2024-05-20T20:51:37+00:00\",\"dateModified\":\"2025-04-07T04:09:21+00:00\",\"breadcrumb\":{\"@id\":\"https:\\\/\\\/balufy.com\\\/producto\\\/cattleya-6-5-open\\\/#breadcrumb\"},\"inLanguage\":\"es\",\"potentialAction\":[{\"@type\":\"ReadAction\",\"target\":[\"https:\\\/\\\/balufy.com\\\/producto\\\/cattleya-6-5-open\\\/\"]}]},{\"@type\":\"BreadcrumbList\",\"@id\":\"https:\\\/\\\/balufy.com\\\/producto\\\/cattleya-6-5-open\\\/#breadcrumb\",\"itemListElement\":[{\"@type\":\"ListItem\",\"position\":1,\"name\":\"Portada\",\"item\":\"https:\\\/\\\/balufy.com\\\/\"},{\"@type\":\"ListItem\",\"position\":2,\"name\":\"Shop\",\"item\":\"https:\\\/\\\/balufy.com\\\/es\\\/shop\\\/\"},{\"@type\":\"ListItem\",\"position\":3,\"name\":\"CATTLEYA 6.5 OPEN\"}]},{\"@type\":\"WebSite\",\"@id\":\"https:\\\/\\\/balufy.com\\\/es\\\/#website\",\"url\":\"https:\\\/\\\/balufy.com\\\/es\\\/\",\"name\":\"Balufy - Taste of experience\",\"description\":\"Balufy\",\"publisher\":{\"@id\":\"https:\\\/\\\/balufy.com\\\/es\\\/#organization\"},\"potentialAction\":[{\"@type\":\"SearchAction\",\"target\":{\"@type\":\"EntryPoint\",\"urlTemplate\":\"https:\\\/\\\/balufy.com\\\/es\\\/?s={search_term_string}\"},\"query-input\":{\"@type\":\"PropertyValueSpecification\",\"valueRequired\":true,\"valueName\":\"search_term_string\"}}],\"inLanguage\":\"es\"},{\"@type\":\"Organization\",\"@id\":\"https:\\\/\\\/balufy.com\\\/es\\\/#organization\",\"name\":\"Balufy\",\"url\":\"https:\\\/\\\/balufy.com\\\/es\\\/\",\"logo\":{\"@type\":\"ImageObject\",\"inLanguage\":\"es\",\"@id\":\"https:\\\/\\\/balufy.com\\\/es\\\/#\\\/schema\\\/logo\\\/image\\\/\",\"url\":\"https:\\\/\\\/balufy.com\\\/wp-content\\\/uploads\\\/2022\\\/06\\\/LOGO_PNG.png\",\"contentUrl\":\"https:\\\/\\\/balufy.com\\\/wp-content\\\/uploads\\\/2022\\\/06\\\/LOGO_PNG.png\",\"width\":1366,\"height\":768,\"caption\":\"Balufy\"},\"image\":{\"@id\":\"https:\\\/\\\/balufy.com\\\/es\\\/#\\\/schema\\\/logo\\\/image\\\/\"},\"sameAs\":[\"https:\\\/\\\/www.facebook.com\\\/Balufy-102705001596047\",\"https:\\\/\\\/www.instagram.com\\\/balufy_oficial\\\/\"]}]}<\/script>\n<!-- \/ Yoast SEO plugin. -->","yoast_head_json":{"title":"CATTLEYA 6.5 OPEN - Balufy - The taste of Experience","robots":{"index":"index","follow":"follow","max-snippet":"max-snippet:-1","max-image-preview":"max-image-preview:large","max-video-preview":"max-video-preview:-1"},"canonical":"https:\/\/balufy.com\/es\/producto\/cattleya-6-5-open\/","og_locale":"es_ES","og_type":"article","og_title":"CATTLEYA 6.5 OPEN - Balufy - The taste of Experience","og_description":"CARACTERISTICAS: 6,5m eslora 8 plazas 170 CV PRECIO: TEMPORDA BAJA : 2H: 150\u20ac 4H: 260\u20ac 8H:\u00a0 340\u20ac TEMPORADA MEDIA: 2H: 175\u20ac 4H: 270\u20ac 8H: 370\u20ac TEMPORADA ALTA: 2H: 190\u20ac 4H: 340\u20ac 8H: 490\u20ac &nbsp; *No incluye combustible* Provista de toldo con zona de solarium, radio bluethoot,\u00a0 en proa y popa plataforma ba\u00f1o muy amplia y [&hellip;]","og_url":"https:\/\/balufy.com\/es\/producto\/cattleya-6-5-open\/","og_site_name":"Balufy - The taste of Experience","article_publisher":"https:\/\/www.facebook.com\/Balufy-102705001596047","article_modified_time":"2025-04-07T04:09:21+00:00","twitter_card":"summary_large_image","twitter_misc":{"Tiempo de lectura":"1 minuto"},"schema":{"@context":"https:\/\/schema.org","@graph":[{"@type":"WebPage","@id":"https:\/\/balufy.com\/producto\/cattleya-6-5-open\/","url":"https:\/\/balufy.com\/producto\/cattleya-6-5-open\/","name":"CATTLEYA 6.5 OPEN - Balufy - The taste of Experience","isPartOf":{"@id":"https:\/\/balufy.com\/es\/#website"},"datePublished":"2024-05-20T20:51:37+00:00","dateModified":"2025-04-07T04:09:21+00:00","breadcrumb":{"@id":"https:\/\/balufy.com\/producto\/cattleya-6-5-open\/#breadcrumb"},"inLanguage":"es","potentialAction":[{"@type":"ReadAction","target":["https:\/\/balufy.com\/producto\/cattleya-6-5-open\/"]}]},{"@type":"BreadcrumbList","@id":"https:\/\/balufy.com\/producto\/cattleya-6-5-open\/#breadcrumb","itemListElement":[{"@type":"ListItem","position":1,"name":"Portada","item":"https:\/\/balufy.com\/"},{"@type":"ListItem","position":2,"name":"Shop","item":"https:\/\/balufy.com\/es\/shop\/"},{"@type":"ListItem","position":3,"name":"CATTLEYA 6.5 OPEN"}]},{"@type":"WebSite","@id":"https:\/\/balufy.com\/es\/#website","url":"https:\/\/balufy.com\/es\/","name":"Balufy - Taste of experience","description":"Balufy","publisher":{"@id":"https:\/\/balufy.com\/es\/#organization"},"potentialAction":[{"@type":"SearchAction","target":{"@type":"EntryPoint","urlTemplate":"https:\/\/balufy.com\/es\/?s={search_term_string}"},"query-input":{"@type":"PropertyValueSpecification","valueRequired":true,"valueName":"search_term_string"}}],"inLanguage":"es"},{"@type":"Organization","@id":"https:\/\/balufy.com\/es\/#organization","name":"Balufy","url":"https:\/\/balufy.com\/es\/","logo":{"@type":"ImageObject","inLanguage":"es","@id":"https:\/\/balufy.com\/es\/#\/schema\/logo\/image\/","url":"https:\/\/balufy.com\/wp-content\/uploads\/2022\/06\/LOGO_PNG.png","contentUrl":"https:\/\/balufy.com\/wp-content\/uploads\/2022\/06\/LOGO_PNG.png","width":1366,"height":768,"caption":"Balufy"},"image":{"@id":"https:\/\/balufy.com\/es\/#\/schema\/logo\/image\/"},"sameAs":["https:\/\/www.facebook.com\/Balufy-102705001596047","https:\/\/www.instagram.com\/balufy_oficial\/"]}]}},"_links":{"self":[{"href":"https:\/\/balufy.com\/es\/wp-json\/wp\/v2\/product\/3431","targetHints":{"allow":["GET"]}}],"collection":[{"href":"https:\/\/balufy.com\/es\/wp-json\/wp\/v2\/product"}],"about":[{"href":"https:\/\/balufy.com\/es\/wp-json\/wp\/v2\/types\/product"}],"version-history":[{"count":0,"href":"https:\/\/balufy.com\/es\/wp-json\/wp\/v2\/product\/3431\/revisions"}],"wp:attachment":[{"href":"https:\/\/balufy.com\/es\/wp-json\/wp\/v2\/media?parent=3431"}],"wp:term":[{"taxonomy":"product_brand","embeddable":true,"href":"https:\/\/balufy.com\/es\/wp-json\/wp\/v2\/product_brand?post=3431"},{"taxonomy":"product_cat","embeddable":true,"href":"https:\/\/balufy.com\/es\/wp-json\/wp\/v2\/product_cat?post=3431"},{"taxonomy":"product_tag","embeddable":true,"href":"https:\/\/balufy.com\/es\/wp-json\/wp\/v2\/product_tag?post=3431"}],"curies":[{"name":"wp","href":"https:\/\/api.w.org\/{rel}","templated":true}]}}