{"id":3803,"date":"2024-07-09T03:14:43","date_gmt":"2024-07-09T01:14:43","guid":{"rendered":"https:\/\/balufy.com\/product\/villa-mimosa\/"},"modified":"2025-04-07T05:51:12","modified_gmt":"2025-04-07T03:51:12","slug":"villa-mimosa","status":"publish","type":"product","link":"https:\/\/balufy.com\/es\/producto\/villa-mimosa\/","title":{"rendered":"Villa Mimosa"},"content":{"rendered":"<p>\u00bfEst\u00e1 buscando sus vacaciones perfectas? Villa Mimosa podr\u00eda ser justo lo que estaba buscando.<\/p>\n<p>Esta lujosa villa no s\u00f3lo ofrece unas vistas impresionantes sobre el puerto y el asombroso Puerto de Andratx, sino que tambi\u00e9n podr\u00e1 disfrutar del estilo de vida mediterr\u00e1neo directamente desde la espectacular Piscina.<\/p>\n<p>Villa Mimosa tiene un total de 6 dormitorios, todos ellos con ba\u00f1o en suite. Tambi\u00e9n tiene una hermosa y moderna cocina con todo lo necesario para preparar sus platos favoritos.<\/p>\n<p>Alrededor de esta maravillosa propiedad encontrar\u00e1 grandes terrazas de sol y zonas ajardinadas, listas para que usted se beneficie del sol mallorqu\u00edn desde la ma\u00f1ana hasta la noche. Villa Mimosa le ofrece las mejores puestas de sol de la isla.<\/p>\n<p>La villa tambi\u00e9n proporciona acceso a algunos extras sensacionales como una sauna, un gimnasio y un jacuzzi. \u00a1Definitivamente hay algo para todos!<\/p>\n<p>&nbsp;<\/p>\n<p><strong>Por favor, tenga en cuenta:<\/strong><br \/>\n&#8211; se cobrar\u00e1 una tasa de reserva de 150 EUR por cada reserva<br \/>\n&#8211; al hacer la reserva se pagar\u00e1 el impuesto ecol\u00f3gico de las Baleares de 2,20 EUR por noche y por persona<br \/>\n&#8211; un dep\u00f3sito reembolsable por rotura, cuyo importe est\u00e1 relacionado con la propiedad, tambi\u00e9n se requerir\u00e1 al reservar<br \/>\n&#8211; WIFI gratuito disponible<\/p>\n<p><strong>Distribuci\u00f3n de dormitorios<\/strong><\/p>\n<p>Dormitorio 1: 1 Cama king size<\/p>\n<p>Dormitorio 2: 1 Cama king size<\/p>\n<p>Dormitorio 3: 1 Cama king size<\/p>\n<p>Dormitorio 4: 1 Cama king size<\/p>\n<p>Dormitorio 5: 1 Cama king size<\/p>\n<p>Dormitorio 6: 1 Cama king size<\/p>\n<p>Servicios obligatorios o incluidos<br \/>\nAcceso a Internet: Incluido<br \/>\nBooking Fee: 150,00 \u20ac \/reserva<br \/>\nLimpieza final: Incluida<br \/>\nRopa de cama: Incluida<br \/>\nToallas: Incluida<\/p>\n<p><strong>Servicios opcionales<\/strong><br \/>\nPiscina Climatizada: 71,43 \u20ac \/noche<\/p>\n<p><strong>Tasas<\/strong><br \/>\nTasa tur\u00edstica: Incluido en el precio total<\/p>\n<p><strong>Organiza tu horario<\/strong><br \/>\nHorario de entrada:Todos los d\u00edas de 16:00 a 0:00<\/p>\n<p>Horario de salida:Antes de las 10:00<\/p>\n<p><strong>Fianza<\/strong> (reembolsable)<br \/>\nImporte: 10.000,00 \u20ac \/reserva. Forma de pago: Retenci\u00f3n en tarjeta.Con el \u00faltimo pago.<br \/>\n<strong>\u00a0Observaciones<\/strong><\/p>\n<p>&#8211; No se admiten mascotas<\/p>\n","protected":false},"excerpt":{"rendered":"<p>\u00bfEst\u00e1 buscando sus vacaciones perfectas? Villa Mimosa podr\u00eda ser justo lo que estaba buscando. Esta lujosa villa no s\u00f3lo ofrece unas vistas impresionantes sobre el puerto y el asombroso Puerto de Andratx, sino que tambi\u00e9n podr\u00e1 disfrutar del estilo de vida mediterr\u00e1neo directamente desde la espectacular Piscina. Villa Mimosa tiene un total de 6 dormitorios, [&hellip;]<\/p>\n","protected":false},"featured_media":0,"template":"","meta":[],"product_brand":[],"product_cat":[20],"product_tag":[],"class_list":{"0":"post-3803","1":"product","2":"type-product","3":"status-publish","5":"product_cat-listeo-booking","7":"first","8":"instock","9":"virtual","10":"sold-individually","11":"purchasable","12":"product-type-listing_booking"},"yoast_head":"<!-- This site is optimized with the Yoast SEO plugin v27.3 - https:\/\/yoast.com\/product\/yoast-seo-wordpress\/ -->\n<title>Villa Mimosa - Balufy - The taste of Experience<\/title>\n<meta name=\"robots\" content=\"index, follow, max-snippet:-1, max-image-preview:large, max-video-preview:-1\" \/>\n<link rel=\"canonical\" href=\"https:\/\/balufy.com\/es\/producto\/villa-mimosa\/\" \/>\n<meta property=\"og:locale\" content=\"es_ES\" \/>\n<meta property=\"og:type\" content=\"article\" \/>\n<meta property=\"og:title\" content=\"Villa Mimosa - Balufy - The taste of Experience\" \/>\n<meta property=\"og:description\" content=\"\u00bfEst\u00e1 buscando sus vacaciones perfectas? Villa Mimosa podr\u00eda ser justo lo que estaba buscando. Esta lujosa villa no s\u00f3lo ofrece unas vistas impresionantes sobre el puerto y el asombroso Puerto de Andratx, sino que tambi\u00e9n podr\u00e1 disfrutar del estilo de vida mediterr\u00e1neo directamente desde la espectacular Piscina. Villa Mimosa tiene un total de 6 dormitorios, [&hellip;]\" \/>\n<meta property=\"og:url\" content=\"https:\/\/balufy.com\/es\/producto\/villa-mimosa\/\" \/>\n<meta property=\"og:site_name\" content=\"Balufy - The taste of Experience\" \/>\n<meta property=\"article:publisher\" content=\"https:\/\/www.facebook.com\/Balufy-102705001596047\" \/>\n<meta property=\"article:modified_time\" content=\"2025-04-07T03:51:12+00:00\" \/>\n<meta name=\"twitter:card\" content=\"summary_large_image\" \/>\n<meta name=\"twitter:label1\" content=\"Tiempo de lectura\" \/>\n\t<meta name=\"twitter:data1\" content=\"2 minutos\" \/>\n<script type=\"application\/ld+json\" class=\"yoast-schema-graph\">{\"@context\":\"https:\\\/\\\/schema.org\",\"@graph\":[{\"@type\":\"WebPage\",\"@id\":\"https:\\\/\\\/balufy.com\\\/producto\\\/villa-mimosa\\\/\",\"url\":\"https:\\\/\\\/balufy.com\\\/producto\\\/villa-mimosa\\\/\",\"name\":\"Villa Mimosa - Balufy - The taste of Experience\",\"isPartOf\":{\"@id\":\"https:\\\/\\\/balufy.com\\\/es\\\/#website\"},\"datePublished\":\"2024-07-09T01:14:43+00:00\",\"dateModified\":\"2025-04-07T03:51:12+00:00\",\"breadcrumb\":{\"@id\":\"https:\\\/\\\/balufy.com\\\/producto\\\/villa-mimosa\\\/#breadcrumb\"},\"inLanguage\":\"es\",\"potentialAction\":[{\"@type\":\"ReadAction\",\"target\":[\"https:\\\/\\\/balufy.com\\\/producto\\\/villa-mimosa\\\/\"]}]},{\"@type\":\"BreadcrumbList\",\"@id\":\"https:\\\/\\\/balufy.com\\\/producto\\\/villa-mimosa\\\/#breadcrumb\",\"itemListElement\":[{\"@type\":\"ListItem\",\"position\":1,\"name\":\"Portada\",\"item\":\"https:\\\/\\\/balufy.com\\\/\"},{\"@type\":\"ListItem\",\"position\":2,\"name\":\"Shop\",\"item\":\"https:\\\/\\\/balufy.com\\\/es\\\/shop\\\/\"},{\"@type\":\"ListItem\",\"position\":3,\"name\":\"Villa Mimosa\"}]},{\"@type\":\"WebSite\",\"@id\":\"https:\\\/\\\/balufy.com\\\/es\\\/#website\",\"url\":\"https:\\\/\\\/balufy.com\\\/es\\\/\",\"name\":\"Balufy - Taste of experience\",\"description\":\"Balufy\",\"publisher\":{\"@id\":\"https:\\\/\\\/balufy.com\\\/es\\\/#organization\"},\"potentialAction\":[{\"@type\":\"SearchAction\",\"target\":{\"@type\":\"EntryPoint\",\"urlTemplate\":\"https:\\\/\\\/balufy.com\\\/es\\\/?s={search_term_string}\"},\"query-input\":{\"@type\":\"PropertyValueSpecification\",\"valueRequired\":true,\"valueName\":\"search_term_string\"}}],\"inLanguage\":\"es\"},{\"@type\":\"Organization\",\"@id\":\"https:\\\/\\\/balufy.com\\\/es\\\/#organization\",\"name\":\"Balufy\",\"url\":\"https:\\\/\\\/balufy.com\\\/es\\\/\",\"logo\":{\"@type\":\"ImageObject\",\"inLanguage\":\"es\",\"@id\":\"https:\\\/\\\/balufy.com\\\/es\\\/#\\\/schema\\\/logo\\\/image\\\/\",\"url\":\"https:\\\/\\\/balufy.com\\\/wp-content\\\/uploads\\\/2022\\\/06\\\/LOGO_PNG.png\",\"contentUrl\":\"https:\\\/\\\/balufy.com\\\/wp-content\\\/uploads\\\/2022\\\/06\\\/LOGO_PNG.png\",\"width\":1366,\"height\":768,\"caption\":\"Balufy\"},\"image\":{\"@id\":\"https:\\\/\\\/balufy.com\\\/es\\\/#\\\/schema\\\/logo\\\/image\\\/\"},\"sameAs\":[\"https:\\\/\\\/www.facebook.com\\\/Balufy-102705001596047\",\"https:\\\/\\\/www.instagram.com\\\/balufy_oficial\\\/\"]}]}<\/script>\n<!-- \/ Yoast SEO plugin. -->","yoast_head_json":{"title":"Villa Mimosa - Balufy - The taste of Experience","robots":{"index":"index","follow":"follow","max-snippet":"max-snippet:-1","max-image-preview":"max-image-preview:large","max-video-preview":"max-video-preview:-1"},"canonical":"https:\/\/balufy.com\/es\/producto\/villa-mimosa\/","og_locale":"es_ES","og_type":"article","og_title":"Villa Mimosa - Balufy - The taste of Experience","og_description":"\u00bfEst\u00e1 buscando sus vacaciones perfectas? Villa Mimosa podr\u00eda ser justo lo que estaba buscando. Esta lujosa villa no s\u00f3lo ofrece unas vistas impresionantes sobre el puerto y el asombroso Puerto de Andratx, sino que tambi\u00e9n podr\u00e1 disfrutar del estilo de vida mediterr\u00e1neo directamente desde la espectacular Piscina. Villa Mimosa tiene un total de 6 dormitorios, [&hellip;]","og_url":"https:\/\/balufy.com\/es\/producto\/villa-mimosa\/","og_site_name":"Balufy - The taste of Experience","article_publisher":"https:\/\/www.facebook.com\/Balufy-102705001596047","article_modified_time":"2025-04-07T03:51:12+00:00","twitter_card":"summary_large_image","twitter_misc":{"Tiempo de lectura":"2 minutos"},"schema":{"@context":"https:\/\/schema.org","@graph":[{"@type":"WebPage","@id":"https:\/\/balufy.com\/producto\/villa-mimosa\/","url":"https:\/\/balufy.com\/producto\/villa-mimosa\/","name":"Villa Mimosa - Balufy - The taste of Experience","isPartOf":{"@id":"https:\/\/balufy.com\/es\/#website"},"datePublished":"2024-07-09T01:14:43+00:00","dateModified":"2025-04-07T03:51:12+00:00","breadcrumb":{"@id":"https:\/\/balufy.com\/producto\/villa-mimosa\/#breadcrumb"},"inLanguage":"es","potentialAction":[{"@type":"ReadAction","target":["https:\/\/balufy.com\/producto\/villa-mimosa\/"]}]},{"@type":"BreadcrumbList","@id":"https:\/\/balufy.com\/producto\/villa-mimosa\/#breadcrumb","itemListElement":[{"@type":"ListItem","position":1,"name":"Portada","item":"https:\/\/balufy.com\/"},{"@type":"ListItem","position":2,"name":"Shop","item":"https:\/\/balufy.com\/es\/shop\/"},{"@type":"ListItem","position":3,"name":"Villa Mimosa"}]},{"@type":"WebSite","@id":"https:\/\/balufy.com\/es\/#website","url":"https:\/\/balufy.com\/es\/","name":"Balufy - Taste of experience","description":"Balufy","publisher":{"@id":"https:\/\/balufy.com\/es\/#organization"},"potentialAction":[{"@type":"SearchAction","target":{"@type":"EntryPoint","urlTemplate":"https:\/\/balufy.com\/es\/?s={search_term_string}"},"query-input":{"@type":"PropertyValueSpecification","valueRequired":true,"valueName":"search_term_string"}}],"inLanguage":"es"},{"@type":"Organization","@id":"https:\/\/balufy.com\/es\/#organization","name":"Balufy","url":"https:\/\/balufy.com\/es\/","logo":{"@type":"ImageObject","inLanguage":"es","@id":"https:\/\/balufy.com\/es\/#\/schema\/logo\/image\/","url":"https:\/\/balufy.com\/wp-content\/uploads\/2022\/06\/LOGO_PNG.png","contentUrl":"https:\/\/balufy.com\/wp-content\/uploads\/2022\/06\/LOGO_PNG.png","width":1366,"height":768,"caption":"Balufy"},"image":{"@id":"https:\/\/balufy.com\/es\/#\/schema\/logo\/image\/"},"sameAs":["https:\/\/www.facebook.com\/Balufy-102705001596047","https:\/\/www.instagram.com\/balufy_oficial\/"]}]}},"_links":{"self":[{"href":"https:\/\/balufy.com\/es\/wp-json\/wp\/v2\/product\/3803","targetHints":{"allow":["GET"]}}],"collection":[{"href":"https:\/\/balufy.com\/es\/wp-json\/wp\/v2\/product"}],"about":[{"href":"https:\/\/balufy.com\/es\/wp-json\/wp\/v2\/types\/product"}],"version-history":[{"count":0,"href":"https:\/\/balufy.com\/es\/wp-json\/wp\/v2\/product\/3803\/revisions"}],"wp:attachment":[{"href":"https:\/\/balufy.com\/es\/wp-json\/wp\/v2\/media?parent=3803"}],"wp:term":[{"taxonomy":"product_brand","embeddable":true,"href":"https:\/\/balufy.com\/es\/wp-json\/wp\/v2\/product_brand?post=3803"},{"taxonomy":"product_cat","embeddable":true,"href":"https:\/\/balufy.com\/es\/wp-json\/wp\/v2\/product_cat?post=3803"},{"taxonomy":"product_tag","embeddable":true,"href":"https:\/\/balufy.com\/es\/wp-json\/wp\/v2\/product_tag?post=3803"}],"curies":[{"name":"wp","href":"https:\/\/api.w.org\/{rel}","templated":true}]}}